{"id":14617,"date":"2022-01-22T10:22:36","date_gmt":"2022-01-22T09:22:36","guid":{"rendered":"https:\/\/demoweb.info\/sexshop001\/producto\/icicles-numero-44-masajeador-de-cristal\/"},"modified":"2022-01-22T10:22:45","modified_gmt":"2022-01-22T09:22:45","slug":"icicles-numero-44-masajeador-de-cristal","status":"publish","type":"product","link":"https:\/\/demoweb.info\/sexshop001\/producto\/icicles-numero-44-masajeador-de-cristal\/","title":{"rendered":"ICICLES NUMERO 44 MASAJEADOR DE CRISTAL"},"content":{"rendered":"<p><strong>ICICLES NUMBER 44 HAND BLOWN GLASS MASSAGER.<\/strong><\/p>\n<p>Perfecto para el<strong> juego anal<\/strong>, este tap\u00f3n de vidrio de lujo cuenta con una <strong>punta c\u00f3nica<\/strong> para facilitar la inserci\u00f3n, las bombillas que proporcionan sensaci\u00f3n extra, y un cuello estrecho que permite que sus m\u00fasculos se envuelven y sostienen plug. H\u00e1bilmente curvado para la estimulaci\u00f3n<strong> P-punto<\/strong>, este plug garant\u00edza los orgasmos m\u00e1s explosivos. El anillo en la base asegura no se pueda resbalar demasiado en el interior, y ofrece una extracci\u00f3n segura y f\u00e1cil.<\/p>\n<p>El vidrio es<strong> hipoalerg\u00e9nico<\/strong> y seguro para el cuerpo, y siempre que se use adecuadamente durar\u00e1 toda la vida. Recomendamos mojarlo con agua tibia o ponerlo en el microondas para una sensaci\u00f3n m\u00e1s c\u00e1lida. Tambi\u00e9n puedes enfriarlo con agua fr\u00eda o ponerlo en el congelador para una sensaci\u00f3n de frescor.<\/p>\n<p>Ya que el vidrio no es poroso, su limpieza es muy f\u00e1cil. Usa el limpiador <strong>Pipedream Toy Cleaner<\/strong> y agua tibia, o incluso puedes meterlo en el lavavajillas para mayor comodidad despu\u00e9s de la diversi\u00f3n.<\/p>\n<p>Medidas insertables: 6 x 3 cm<\/p>\n","protected":false},"excerpt":{"rendered":"<p>ICICLES NUMBER 44 HAND BLOWN GLASS MASSAGER. Perfecto para el juego anal, este tap\u00f3n de vidrio de lujo cuenta con<\/p>\n","protected":false},"featured_media":14618,"comment_status":"open","ping_status":"open","template":"","meta":[],"product_cat":[462],"product_tag":[793,259],"class_list":["post-14617","product","type-product","status-publish","has-post-thumbnail","hentry","product_cat-cristal","product_tag-icicles","product_tag-pipedream"],"bundled_by":[],"bundle_stock_status":"outofstock","bundle_stock_quantity":0,"bundle_virtual":false,"bundle_layout":"","bundle_add_to_cart_form_location":"","bundle_editable_in_cart":false,"bundle_sold_individually_context":"","bundle_item_grouping":"","bundle_min_size":"","bundle_max_size":"","bundled_items":[],"yoast_head":"<!-- This site is optimized with the Yoast SEO plugin v20.6 - https:\/\/yoast.com\/wordpress\/plugins\/seo\/ -->\n<title>ICICLES NUMERO 44 MASAJEADOR DE CRISTAL - Tienda Er\u00f3tica<\/title>\n<meta name=\"robots\" content=\"noindex, follow, max-snippet:-1, max-image-preview:large, max-video-preview:-1\" \/>\n<meta property=\"og:locale\" content=\"es_ES\" \/>\n<meta property=\"og:type\" content=\"article\" \/>\n<meta property=\"og:title\" content=\"ICICLES NUMERO 44 MASAJEADOR DE CRISTAL - Tienda Er\u00f3tica\" \/>\n<meta property=\"og:description\" content=\"ICICLES NUMBER 44 HAND BLOWN GLASS MASSAGER. Perfecto para el juego anal, este tap\u00f3n de vidrio de lujo cuenta con\" \/>\n<meta property=\"og:url\" content=\"https:\/\/demoweb.info\/sexshop001\/producto\/icicles-numero-44-masajeador-de-cristal\/\" \/>\n<meta property=\"og:site_name\" content=\"Tienda Er\u00f3tica\" \/>\n<meta property=\"article:modified_time\" content=\"2022-01-22T09:22:45+00:00\" \/>\n<meta property=\"og:image\" content=\"https:\/\/demoweb.info\/sexshop001\/wp-content\/uploads\/2022\/01\/ICICLES-NUMERO-44-MASAJEADOR-DE-CRISTAL.jpg\" \/>\n\t<meta property=\"og:image:width\" content=\"550\" \/>\n\t<meta property=\"og:image:height\" content=\"550\" \/>\n\t<meta property=\"og:image:type\" content=\"image\/jpeg\" \/>\n<meta name=\"twitter:card\" content=\"summary_large_image\" \/>\n<meta name=\"twitter:label1\" content=\"Tiempo de lectura\" \/>\n\t<meta name=\"twitter:data1\" content=\"1 minuto\" \/>\n<script type=\"application\/ld+json\" class=\"yoast-schema-graph\">{\"@context\":\"https:\/\/schema.org\",\"@graph\":[{\"@type\":\"WebPage\",\"@id\":\"https:\/\/demoweb.info\/sexshop001\/producto\/icicles-numero-44-masajeador-de-cristal\/\",\"url\":\"https:\/\/demoweb.info\/sexshop001\/producto\/icicles-numero-44-masajeador-de-cristal\/\",\"name\":\"ICICLES NUMERO 44 MASAJEADOR DE CRISTAL - Tienda Er\u00f3tica\",\"isPartOf\":{\"@id\":\"https:\/\/demoweb.info\/sexshop001\/#website\"},\"datePublished\":\"2022-01-22T09:22:36+00:00\",\"dateModified\":\"2022-01-22T09:22:45+00:00\",\"breadcrumb\":{\"@id\":\"https:\/\/demoweb.info\/sexshop001\/producto\/icicles-numero-44-masajeador-de-cristal\/#breadcrumb\"},\"inLanguage\":\"es\",\"potentialAction\":[{\"@type\":\"ReadAction\",\"target\":[\"https:\/\/demoweb.info\/sexshop001\/producto\/icicles-numero-44-masajeador-de-cristal\/\"]}]},{\"@type\":\"BreadcrumbList\",\"@id\":\"https:\/\/demoweb.info\/sexshop001\/producto\/icicles-numero-44-masajeador-de-cristal\/#breadcrumb\",\"itemListElement\":[{\"@type\":\"ListItem\",\"position\":1,\"name\":\"Portada\",\"item\":\"https:\/\/demoweb.info\/sexshop001\/\"},{\"@type\":\"ListItem\",\"position\":2,\"name\":\"Tienda\",\"item\":\"https:\/\/demoweb.info\/sexshop001\/tienda\/\"},{\"@type\":\"ListItem\",\"position\":3,\"name\":\"ICICLES NUMERO 44 MASAJEADOR DE CRISTAL\"}]},{\"@type\":\"WebSite\",\"@id\":\"https:\/\/demoweb.info\/sexshop001\/#website\",\"url\":\"https:\/\/demoweb.info\/sexshop001\/\",\"name\":\"Tienda Er\u00f3tica\",\"description\":\"DEMOWEB SL\",\"potentialAction\":[{\"@type\":\"SearchAction\",\"target\":{\"@type\":\"EntryPoint\",\"urlTemplate\":\"https:\/\/demoweb.info\/sexshop001\/?s={search_term_string}\"},\"query-input\":\"required name=search_term_string\"}],\"inLanguage\":\"es\"}]}<\/script>\n<!-- \/ Yoast SEO plugin. -->","yoast_head_json":{"title":"ICICLES NUMERO 44 MASAJEADOR DE CRISTAL - Tienda Er\u00f3tica","robots":{"index":"noindex","follow":"follow","max-snippet":"max-snippet:-1","max-image-preview":"max-image-preview:large","max-video-preview":"max-video-preview:-1"},"og_locale":"es_ES","og_type":"article","og_title":"ICICLES NUMERO 44 MASAJEADOR DE CRISTAL - Tienda Er\u00f3tica","og_description":"ICICLES NUMBER 44 HAND BLOWN GLASS MASSAGER. Perfecto para el juego anal, este tap\u00f3n de vidrio de lujo cuenta con","og_url":"https:\/\/demoweb.info\/sexshop001\/producto\/icicles-numero-44-masajeador-de-cristal\/","og_site_name":"Tienda Er\u00f3tica","article_modified_time":"2022-01-22T09:22:45+00:00","og_image":[{"width":550,"height":550,"url":"https:\/\/demoweb.info\/sexshop001\/wp-content\/uploads\/2022\/01\/ICICLES-NUMERO-44-MASAJEADOR-DE-CRISTAL.jpg","type":"image\/jpeg"}],"twitter_card":"summary_large_image","twitter_misc":{"Tiempo de lectura":"1 minuto"},"schema":{"@context":"https:\/\/schema.org","@graph":[{"@type":"WebPage","@id":"https:\/\/demoweb.info\/sexshop001\/producto\/icicles-numero-44-masajeador-de-cristal\/","url":"https:\/\/demoweb.info\/sexshop001\/producto\/icicles-numero-44-masajeador-de-cristal\/","name":"ICICLES NUMERO 44 MASAJEADOR DE CRISTAL - Tienda Er\u00f3tica","isPartOf":{"@id":"https:\/\/demoweb.info\/sexshop001\/#website"},"datePublished":"2022-01-22T09:22:36+00:00","dateModified":"2022-01-22T09:22:45+00:00","breadcrumb":{"@id":"https:\/\/demoweb.info\/sexshop001\/producto\/icicles-numero-44-masajeador-de-cristal\/#breadcrumb"},"inLanguage":"es","potentialAction":[{"@type":"ReadAction","target":["https:\/\/demoweb.info\/sexshop001\/producto\/icicles-numero-44-masajeador-de-cristal\/"]}]},{"@type":"BreadcrumbList","@id":"https:\/\/demoweb.info\/sexshop001\/producto\/icicles-numero-44-masajeador-de-cristal\/#breadcrumb","itemListElement":[{"@type":"ListItem","position":1,"name":"Portada","item":"https:\/\/demoweb.info\/sexshop001\/"},{"@type":"ListItem","position":2,"name":"Tienda","item":"https:\/\/demoweb.info\/sexshop001\/tienda\/"},{"@type":"ListItem","position":3,"name":"ICICLES NUMERO 44 MASAJEADOR DE CRISTAL"}]},{"@type":"WebSite","@id":"https:\/\/demoweb.info\/sexshop001\/#website","url":"https:\/\/demoweb.info\/sexshop001\/","name":"Tienda Er\u00f3tica","description":"DEMOWEB SL","potentialAction":[{"@type":"SearchAction","target":{"@type":"EntryPoint","urlTemplate":"https:\/\/demoweb.info\/sexshop001\/?s={search_term_string}"},"query-input":"required name=search_term_string"}],"inLanguage":"es"}]}},"_links":{"self":[{"href":"https:\/\/demoweb.info\/sexshop001\/wp-json\/wp\/v3\/product\/14617","targetHints":{"allow":["GET"]}}],"collection":[{"href":"https:\/\/demoweb.info\/sexshop001\/wp-json\/wp\/v3\/product"}],"about":[{"href":"https:\/\/demoweb.info\/sexshop001\/wp-json\/wp\/v2\/types\/product"}],"replies":[{"embeddable":true,"href":"https:\/\/demoweb.info\/sexshop001\/wp-json\/wp\/v2\/comments?post=14617"}],"wp:featuredmedia":[{"embeddable":true,"href":"https:\/\/demoweb.info\/sexshop001\/wp-json\/wp\/v2\/media\/14618"}],"wp:attachment":[{"href":"https:\/\/demoweb.info\/sexshop001\/wp-json\/wp\/v2\/media?parent=14617"}],"wp:term":[{"taxonomy":"product_cat","embeddable":true,"href":"https:\/\/demoweb.info\/sexshop001\/wp-json\/wp\/v2\/product_cat?post=14617"},{"taxonomy":"product_tag","embeddable":true,"href":"https:\/\/demoweb.info\/sexshop001\/wp-json\/wp\/v2\/product_tag?post=14617"}],"curies":[{"name":"wp","href":"https:\/\/api.w.org\/{rel}","templated":true}]}}