{"id":14540,"date":"2022-01-22T10:21:53","date_gmt":"2022-01-22T09:21:53","guid":{"rendered":"https:\/\/demoweb.info\/sexshop001\/producto\/mister-size-64-3-pack-preservativos-natural-latex\/"},"modified":"2022-01-22T10:22:08","modified_gmt":"2022-01-22T09:22:08","slug":"mister-size-64-3-pack-preservativos-natural-latex","status":"publish","type":"product","link":"https:\/\/demoweb.info\/sexshop001\/producto\/mister-size-64-3-pack-preservativos-natural-latex\/","title":{"rendered":"MISTER SIZE 64 (3 PACK) &#8211; PRESERVATIVOS NATURAL , LATEX"},"content":{"rendered":"<p><strong>MISTER SIZE 64 (3 PACK)<\/strong><\/p>\n<p>\u00a1Solo se siente bien, cuando encaja bien! Pi\u00e9nsalo: todo lo que te pones en el cuerpo, desde guantes hasta sombreros y chaquetas, est\u00e1 perfectamente dise\u00f1ado para tu talla.<\/p>\n<p>Y ahora tambi\u00e9n lo es tu cond\u00f3n. Con un cond\u00f3n MISTER SIZE a medida, \u00a1sentir\u00e1s todo y no temer\u00e1s a nada!<\/p>\n<p>Tama\u00f1o del cond\u00f3n, condones perfectos, eso no es realmente algo de lo que pensemos o hablemos. Muy a menudo los hombres no saben cu\u00e1l es el tama\u00f1o correcto de su cond\u00f3n.<\/p>\n<p>Tampoco se ofrece mucha ayuda en el mercado para informar a los hombres sobre el tama\u00f1o correcto del cond\u00f3n. Ponerse el tama\u00f1o incorrecto del cond\u00f3n puede causar deslizamiento, rotura, sensaci\u00f3n de aburrimiento y, sobre todo, falta de placer.<\/p>\n<p>Adem\u00e1s, los condones disponibles actualmente en el mercado var\u00edan considerablemente en textura, sabor y forma. Pero apenas fluct\u00faan en tama\u00f1o.<\/p>\n<p>El tama\u00f1o del cond\u00f3n no se menciona realmente tal vez porque el ancho var\u00eda entre 52 y 56 mm.<\/p>\n<p>Solo unos pocos condones est\u00e1n disponibles en tama\u00f1o de 57 mm, un tama\u00f1o de cond\u00f3n que ya se considera muy grande.<\/p>\n<p>Sin embargo, si observamos estudios recientes sobre el tama\u00f1o del pene erecto, se encontr\u00f3 que los anchos de 58 &#8211; 61 mm son en realidad los tama\u00f1os promedio.<\/p>\n<p>MISTER SIZE -7 tama\u00f1os de condones para un ajuste perfecto!<\/p>\n<p>\u00a1Ofreciendo mayor comodidad, seguridad y sensaci\u00f3n!<\/p>\n","protected":false},"excerpt":{"rendered":"<p>MISTER SIZE 64 (3 PACK) \u00a1Solo se siente bien, cuando encaja bien! Pi\u00e9nsalo: todo lo que te pones en el<\/p>\n","protected":false},"featured_media":14541,"comment_status":"open","ping_status":"open","template":"","meta":[],"product_cat":[621],"product_tag":[791],"class_list":["post-14540","product","type-product","status-publish","has-post-thumbnail","hentry","product_cat-naturales","product_tag-mister-size"],"bundled_by":[],"bundle_stock_status":"outofstock","bundle_stock_quantity":0,"bundle_virtual":false,"bundle_layout":"","bundle_add_to_cart_form_location":"","bundle_editable_in_cart":false,"bundle_sold_individually_context":"","bundle_item_grouping":"","bundle_min_size":"","bundle_max_size":"","bundled_items":[],"yoast_head":"<!-- This site is optimized with the Yoast SEO plugin v20.6 - https:\/\/yoast.com\/wordpress\/plugins\/seo\/ -->\n<title>MISTER SIZE 64 (3 PACK) - PRESERVATIVOS NATURAL , LATEX - Tienda Er\u00f3tica<\/title>\n<meta name=\"robots\" content=\"noindex, follow, max-snippet:-1, max-image-preview:large, max-video-preview:-1\" \/>\n<meta property=\"og:locale\" content=\"es_ES\" \/>\n<meta property=\"og:type\" content=\"article\" \/>\n<meta property=\"og:title\" content=\"MISTER SIZE 64 (3 PACK) - PRESERVATIVOS NATURAL , LATEX - Tienda Er\u00f3tica\" \/>\n<meta property=\"og:description\" content=\"MISTER SIZE 64 (3 PACK) \u00a1Solo se siente bien, cuando encaja bien! Pi\u00e9nsalo: todo lo que te pones en el\" \/>\n<meta property=\"og:url\" content=\"https:\/\/demoweb.info\/sexshop001\/producto\/mister-size-64-3-pack-preservativos-natural-latex\/\" \/>\n<meta property=\"og:site_name\" content=\"Tienda Er\u00f3tica\" \/>\n<meta property=\"article:modified_time\" content=\"2022-01-22T09:22:08+00:00\" \/>\n<meta property=\"og:image\" content=\"https:\/\/demoweb.info\/sexshop001\/wp-content\/uploads\/2022\/01\/MISTER-SIZE-64-3-PACK-PRESERVATIVOS-NATURAL-LATEX.jpg\" \/>\n\t<meta property=\"og:image:width\" content=\"550\" \/>\n\t<meta property=\"og:image:height\" content=\"550\" \/>\n\t<meta property=\"og:image:type\" content=\"image\/jpeg\" \/>\n<meta name=\"twitter:card\" content=\"summary_large_image\" \/>\n<meta name=\"twitter:label1\" content=\"Tiempo de lectura\" \/>\n\t<meta name=\"twitter:data1\" content=\"1 minuto\" \/>\n<script type=\"application\/ld+json\" class=\"yoast-schema-graph\">{\"@context\":\"https:\/\/schema.org\",\"@graph\":[{\"@type\":\"WebPage\",\"@id\":\"https:\/\/demoweb.info\/sexshop001\/producto\/mister-size-64-3-pack-preservativos-natural-latex\/\",\"url\":\"https:\/\/demoweb.info\/sexshop001\/producto\/mister-size-64-3-pack-preservativos-natural-latex\/\",\"name\":\"MISTER SIZE 64 (3 PACK) - PRESERVATIVOS NATURAL , LATEX - Tienda Er\u00f3tica\",\"isPartOf\":{\"@id\":\"https:\/\/demoweb.info\/sexshop001\/#website\"},\"datePublished\":\"2022-01-22T09:21:53+00:00\",\"dateModified\":\"2022-01-22T09:22:08+00:00\",\"breadcrumb\":{\"@id\":\"https:\/\/demoweb.info\/sexshop001\/producto\/mister-size-64-3-pack-preservativos-natural-latex\/#breadcrumb\"},\"inLanguage\":\"es\",\"potentialAction\":[{\"@type\":\"ReadAction\",\"target\":[\"https:\/\/demoweb.info\/sexshop001\/producto\/mister-size-64-3-pack-preservativos-natural-latex\/\"]}]},{\"@type\":\"BreadcrumbList\",\"@id\":\"https:\/\/demoweb.info\/sexshop001\/producto\/mister-size-64-3-pack-preservativos-natural-latex\/#breadcrumb\",\"itemListElement\":[{\"@type\":\"ListItem\",\"position\":1,\"name\":\"Portada\",\"item\":\"https:\/\/demoweb.info\/sexshop001\/\"},{\"@type\":\"ListItem\",\"position\":2,\"name\":\"Tienda\",\"item\":\"https:\/\/demoweb.info\/sexshop001\/tienda\/\"},{\"@type\":\"ListItem\",\"position\":3,\"name\":\"MISTER SIZE 64 (3 PACK) &#8211; PRESERVATIVOS NATURAL , LATEX\"}]},{\"@type\":\"WebSite\",\"@id\":\"https:\/\/demoweb.info\/sexshop001\/#website\",\"url\":\"https:\/\/demoweb.info\/sexshop001\/\",\"name\":\"Tienda Er\u00f3tica\",\"description\":\"DEMOWEB SL\",\"potentialAction\":[{\"@type\":\"SearchAction\",\"target\":{\"@type\":\"EntryPoint\",\"urlTemplate\":\"https:\/\/demoweb.info\/sexshop001\/?s={search_term_string}\"},\"query-input\":\"required name=search_term_string\"}],\"inLanguage\":\"es\"}]}<\/script>\n<!-- \/ Yoast SEO plugin. -->","yoast_head_json":{"title":"MISTER SIZE 64 (3 PACK) - PRESERVATIVOS NATURAL , LATEX - Tienda Er\u00f3tica","robots":{"index":"noindex","follow":"follow","max-snippet":"max-snippet:-1","max-image-preview":"max-image-preview:large","max-video-preview":"max-video-preview:-1"},"og_locale":"es_ES","og_type":"article","og_title":"MISTER SIZE 64 (3 PACK) - PRESERVATIVOS NATURAL , LATEX - Tienda Er\u00f3tica","og_description":"MISTER SIZE 64 (3 PACK) \u00a1Solo se siente bien, cuando encaja bien! Pi\u00e9nsalo: todo lo que te pones en el","og_url":"https:\/\/demoweb.info\/sexshop001\/producto\/mister-size-64-3-pack-preservativos-natural-latex\/","og_site_name":"Tienda Er\u00f3tica","article_modified_time":"2022-01-22T09:22:08+00:00","og_image":[{"width":550,"height":550,"url":"https:\/\/demoweb.info\/sexshop001\/wp-content\/uploads\/2022\/01\/MISTER-SIZE-64-3-PACK-PRESERVATIVOS-NATURAL-LATEX.jpg","type":"image\/jpeg"}],"twitter_card":"summary_large_image","twitter_misc":{"Tiempo de lectura":"1 minuto"},"schema":{"@context":"https:\/\/schema.org","@graph":[{"@type":"WebPage","@id":"https:\/\/demoweb.info\/sexshop001\/producto\/mister-size-64-3-pack-preservativos-natural-latex\/","url":"https:\/\/demoweb.info\/sexshop001\/producto\/mister-size-64-3-pack-preservativos-natural-latex\/","name":"MISTER SIZE 64 (3 PACK) - PRESERVATIVOS NATURAL , LATEX - Tienda Er\u00f3tica","isPartOf":{"@id":"https:\/\/demoweb.info\/sexshop001\/#website"},"datePublished":"2022-01-22T09:21:53+00:00","dateModified":"2022-01-22T09:22:08+00:00","breadcrumb":{"@id":"https:\/\/demoweb.info\/sexshop001\/producto\/mister-size-64-3-pack-preservativos-natural-latex\/#breadcrumb"},"inLanguage":"es","potentialAction":[{"@type":"ReadAction","target":["https:\/\/demoweb.info\/sexshop001\/producto\/mister-size-64-3-pack-preservativos-natural-latex\/"]}]},{"@type":"BreadcrumbList","@id":"https:\/\/demoweb.info\/sexshop001\/producto\/mister-size-64-3-pack-preservativos-natural-latex\/#breadcrumb","itemListElement":[{"@type":"ListItem","position":1,"name":"Portada","item":"https:\/\/demoweb.info\/sexshop001\/"},{"@type":"ListItem","position":2,"name":"Tienda","item":"https:\/\/demoweb.info\/sexshop001\/tienda\/"},{"@type":"ListItem","position":3,"name":"MISTER SIZE 64 (3 PACK) &#8211; PRESERVATIVOS NATURAL , LATEX"}]},{"@type":"WebSite","@id":"https:\/\/demoweb.info\/sexshop001\/#website","url":"https:\/\/demoweb.info\/sexshop001\/","name":"Tienda Er\u00f3tica","description":"DEMOWEB SL","potentialAction":[{"@type":"SearchAction","target":{"@type":"EntryPoint","urlTemplate":"https:\/\/demoweb.info\/sexshop001\/?s={search_term_string}"},"query-input":"required name=search_term_string"}],"inLanguage":"es"}]}},"_links":{"self":[{"href":"https:\/\/demoweb.info\/sexshop001\/wp-json\/wp\/v3\/product\/14540","targetHints":{"allow":["GET"]}}],"collection":[{"href":"https:\/\/demoweb.info\/sexshop001\/wp-json\/wp\/v3\/product"}],"about":[{"href":"https:\/\/demoweb.info\/sexshop001\/wp-json\/wp\/v2\/types\/product"}],"replies":[{"embeddable":true,"href":"https:\/\/demoweb.info\/sexshop001\/wp-json\/wp\/v2\/comments?post=14540"}],"wp:featuredmedia":[{"embeddable":true,"href":"https:\/\/demoweb.info\/sexshop001\/wp-json\/wp\/v2\/media\/14541"}],"wp:attachment":[{"href":"https:\/\/demoweb.info\/sexshop001\/wp-json\/wp\/v2\/media?parent=14540"}],"wp:term":[{"taxonomy":"product_cat","embeddable":true,"href":"https:\/\/demoweb.info\/sexshop001\/wp-json\/wp\/v2\/product_cat?post=14540"},{"taxonomy":"product_tag","embeddable":true,"href":"https:\/\/demoweb.info\/sexshop001\/wp-json\/wp\/v2\/product_tag?post=14540"}],"curies":[{"name":"wp","href":"https:\/\/api.w.org\/{rel}","templated":true}]}}