{"id":14442,"date":"2022-01-22T10:21:24","date_gmt":"2022-01-22T09:21:24","guid":{"rendered":"https:\/\/demoweb.info\/sexshop001\/producto\/10x-evoke-ergo-fit-vibrador-punto-g-y-p-strap-on-f\/"},"modified":"2022-01-22T10:21:25","modified_gmt":"2022-01-22T09:21:25","slug":"10x-evoke-ergo-fit-vibrador-punto-g-y-p-strap-on-f","status":"publish","type":"product","link":"https:\/\/demoweb.info\/sexshop001\/producto\/10x-evoke-ergo-fit-vibrador-punto-g-y-p-strap-on-f\/","title":{"rendered":"10X EVOKE ERGO-FIT- VIBRADOR PUNTO G Y P -STRAP-ON- F"},"content":{"rendered":"<p><strong>10X EVOKE ERGO-FIT INFLATABLE &#038; VIBRATING  STRAPLESS STRAP-ON- F<\/strong><\/p>\n<p>Perfecto para penetrar en un cuerpo masculino o femenino, este cintur\u00f3n sin tirantes con control remoto presenta vibraciones extremas y un bulbo vaginal inflable para crear el ajuste perfecto para su cuerpo.<\/p>\n<p>La forma le permite a un compa\u00f1ero insertar el extremo m\u00e1s peque\u00f1o por v\u00eda vaginal, sujet\u00e1ndolo con sus m\u00fasculos kegel o agregando un arn\u00e9s para soporte adicional.<\/p>\n<p>Sin embargo, este modelo \u00fanico de correa sin tirantes tambi\u00e9n tiene una bombilla inflable para bloquear en su lugar, as\u00ed como aplicar una mayor presi\u00f3n en el interior.<\/p>\n<p>Una almohadilla con crestas proporciona felicidad del cl\u00edtoris mientras se muelen contra ella.<\/p>\n<p>Mientras tanto, cada empuje enviar\u00e1 el eje largo y liso a su compa\u00f1ero.<\/p>\n<p>El extremo curvo apunta al punto G o al punto P para estimulaci\u00f3n directa. Para mayor comodidad, un control remoto inal\u00e1mbrico le permite operar la funci\u00f3n de inflado y los potentes motores duales.<\/p>\n<p>Explore 3 velocidades de zumbido y 7 patrones de pulsaci\u00f3n para cada compa\u00f1ero<\/p>\n<p>. Incluso es resistente al agua para la diversi\u00f3n h\u00fameda y caliente en el ba\u00f1o, la ducha o la piscina.<\/p>\n<p>Hecho de silicona premium, el Ergo-Fit no es poroso, no contiene ftalato y se desinfecta completamente con jab\u00f3n suave y agua tibia. Preserve el material evitando su uso con lubricante de silicona.<\/p>\n<ul>\n<li>Dimensiones del producto    24,1 x 10,5 x 4,4 cm<\/li>\n<li>Peso del producto    335 gram<\/li>\n<li>Longitud insertable    8,9 cm<\/li>\n<li>Se requieren bater\u00edas    2<\/li>\n<li>Tipo de bater\u00edas    AAA<\/li>\n<li>Bater\u00edas incluidas    S\u00ed<\/li>\n<li>Recargable    S\u00ed<\/li>\n<li>A prueba de agua    S\u00ed<\/li>\n<li>Materiales    Silicone, ABS plastic<\/li>\n<\/ul>\n","protected":false},"excerpt":{"rendered":"<p>10X EVOKE ERGO-FIT INFLATABLE &#038; VIBRATING STRAPLESS STRAP-ON- F Perfecto para penetrar en un cuerpo masculino o femenino, este cintur\u00f3n<\/p>\n","protected":false},"featured_media":14443,"comment_status":"open","ping_status":"open","template":"","meta":[],"product_cat":[639],"product_tag":[275,274],"class_list":["post-14442","product","type-product","status-publish","has-post-thumbnail","hentry","product_cat-punto-g","product_tag-strap-u","product_tag-xr-brands"],"bundled_by":[],"bundle_stock_status":"instock","bundle_stock_quantity":2,"bundle_virtual":false,"bundle_layout":"","bundle_add_to_cart_form_location":"","bundle_editable_in_cart":false,"bundle_sold_individually_context":"","bundle_item_grouping":"","bundle_min_size":"","bundle_max_size":"","bundled_items":[],"yoast_head":"<!-- This site is optimized with the Yoast SEO plugin v20.6 - https:\/\/yoast.com\/wordpress\/plugins\/seo\/ -->\n<title>10X EVOKE ERGO-FIT- VIBRADOR PUNTO G Y P -STRAP-ON- F - Tienda Er\u00f3tica<\/title>\n<meta name=\"robots\" content=\"noindex, follow, max-snippet:-1, max-image-preview:large, max-video-preview:-1\" \/>\n<meta property=\"og:locale\" content=\"es_ES\" \/>\n<meta property=\"og:type\" content=\"article\" \/>\n<meta property=\"og:title\" content=\"10X EVOKE ERGO-FIT- VIBRADOR PUNTO G Y P -STRAP-ON- F - Tienda Er\u00f3tica\" \/>\n<meta property=\"og:description\" content=\"10X EVOKE ERGO-FIT INFLATABLE &#038; VIBRATING STRAPLESS STRAP-ON- F Perfecto para penetrar en un cuerpo masculino o femenino, este cintur\u00f3n\" \/>\n<meta property=\"og:url\" content=\"https:\/\/demoweb.info\/sexshop001\/producto\/10x-evoke-ergo-fit-vibrador-punto-g-y-p-strap-on-f\/\" \/>\n<meta property=\"og:site_name\" content=\"Tienda Er\u00f3tica\" \/>\n<meta property=\"article:modified_time\" content=\"2022-01-22T09:21:25+00:00\" \/>\n<meta property=\"og:image\" content=\"https:\/\/demoweb.info\/sexshop001\/wp-content\/uploads\/2022\/01\/10X-EVOKE-ERGO-FIT-VIBRADOR-PUNTO-G-Y-P-STRAP-ON-F.jpg\" \/>\n\t<meta property=\"og:image:width\" content=\"550\" \/>\n\t<meta property=\"og:image:height\" content=\"550\" \/>\n\t<meta property=\"og:image:type\" content=\"image\/jpeg\" \/>\n<meta name=\"twitter:card\" content=\"summary_large_image\" \/>\n<meta name=\"twitter:label1\" content=\"Tiempo de lectura\" \/>\n\t<meta name=\"twitter:data1\" content=\"1 minuto\" \/>\n<script type=\"application\/ld+json\" class=\"yoast-schema-graph\">{\"@context\":\"https:\/\/schema.org\",\"@graph\":[{\"@type\":\"WebPage\",\"@id\":\"https:\/\/demoweb.info\/sexshop001\/producto\/10x-evoke-ergo-fit-vibrador-punto-g-y-p-strap-on-f\/\",\"url\":\"https:\/\/demoweb.info\/sexshop001\/producto\/10x-evoke-ergo-fit-vibrador-punto-g-y-p-strap-on-f\/\",\"name\":\"10X EVOKE ERGO-FIT- VIBRADOR PUNTO G Y P -STRAP-ON- F - Tienda Er\u00f3tica\",\"isPartOf\":{\"@id\":\"https:\/\/demoweb.info\/sexshop001\/#website\"},\"datePublished\":\"2022-01-22T09:21:24+00:00\",\"dateModified\":\"2022-01-22T09:21:25+00:00\",\"breadcrumb\":{\"@id\":\"https:\/\/demoweb.info\/sexshop001\/producto\/10x-evoke-ergo-fit-vibrador-punto-g-y-p-strap-on-f\/#breadcrumb\"},\"inLanguage\":\"es\",\"potentialAction\":[{\"@type\":\"ReadAction\",\"target\":[\"https:\/\/demoweb.info\/sexshop001\/producto\/10x-evoke-ergo-fit-vibrador-punto-g-y-p-strap-on-f\/\"]}]},{\"@type\":\"BreadcrumbList\",\"@id\":\"https:\/\/demoweb.info\/sexshop001\/producto\/10x-evoke-ergo-fit-vibrador-punto-g-y-p-strap-on-f\/#breadcrumb\",\"itemListElement\":[{\"@type\":\"ListItem\",\"position\":1,\"name\":\"Portada\",\"item\":\"https:\/\/demoweb.info\/sexshop001\/\"},{\"@type\":\"ListItem\",\"position\":2,\"name\":\"Tienda\",\"item\":\"https:\/\/demoweb.info\/sexshop001\/tienda\/\"},{\"@type\":\"ListItem\",\"position\":3,\"name\":\"10X EVOKE ERGO-FIT- VIBRADOR PUNTO G Y P -STRAP-ON- F\"}]},{\"@type\":\"WebSite\",\"@id\":\"https:\/\/demoweb.info\/sexshop001\/#website\",\"url\":\"https:\/\/demoweb.info\/sexshop001\/\",\"name\":\"Tienda Er\u00f3tica\",\"description\":\"DEMOWEB SL\",\"potentialAction\":[{\"@type\":\"SearchAction\",\"target\":{\"@type\":\"EntryPoint\",\"urlTemplate\":\"https:\/\/demoweb.info\/sexshop001\/?s={search_term_string}\"},\"query-input\":\"required name=search_term_string\"}],\"inLanguage\":\"es\"}]}<\/script>\n<!-- \/ Yoast SEO plugin. -->","yoast_head_json":{"title":"10X EVOKE ERGO-FIT- VIBRADOR PUNTO G Y P -STRAP-ON- F - Tienda Er\u00f3tica","robots":{"index":"noindex","follow":"follow","max-snippet":"max-snippet:-1","max-image-preview":"max-image-preview:large","max-video-preview":"max-video-preview:-1"},"og_locale":"es_ES","og_type":"article","og_title":"10X EVOKE ERGO-FIT- VIBRADOR PUNTO G Y P -STRAP-ON- F - Tienda Er\u00f3tica","og_description":"10X EVOKE ERGO-FIT INFLATABLE &#038; VIBRATING STRAPLESS STRAP-ON- F Perfecto para penetrar en un cuerpo masculino o femenino, este cintur\u00f3n","og_url":"https:\/\/demoweb.info\/sexshop001\/producto\/10x-evoke-ergo-fit-vibrador-punto-g-y-p-strap-on-f\/","og_site_name":"Tienda Er\u00f3tica","article_modified_time":"2022-01-22T09:21:25+00:00","og_image":[{"width":550,"height":550,"url":"https:\/\/demoweb.info\/sexshop001\/wp-content\/uploads\/2022\/01\/10X-EVOKE-ERGO-FIT-VIBRADOR-PUNTO-G-Y-P-STRAP-ON-F.jpg","type":"image\/jpeg"}],"twitter_card":"summary_large_image","twitter_misc":{"Tiempo de lectura":"1 minuto"},"schema":{"@context":"https:\/\/schema.org","@graph":[{"@type":"WebPage","@id":"https:\/\/demoweb.info\/sexshop001\/producto\/10x-evoke-ergo-fit-vibrador-punto-g-y-p-strap-on-f\/","url":"https:\/\/demoweb.info\/sexshop001\/producto\/10x-evoke-ergo-fit-vibrador-punto-g-y-p-strap-on-f\/","name":"10X EVOKE ERGO-FIT- VIBRADOR PUNTO G Y P -STRAP-ON- F - Tienda Er\u00f3tica","isPartOf":{"@id":"https:\/\/demoweb.info\/sexshop001\/#website"},"datePublished":"2022-01-22T09:21:24+00:00","dateModified":"2022-01-22T09:21:25+00:00","breadcrumb":{"@id":"https:\/\/demoweb.info\/sexshop001\/producto\/10x-evoke-ergo-fit-vibrador-punto-g-y-p-strap-on-f\/#breadcrumb"},"inLanguage":"es","potentialAction":[{"@type":"ReadAction","target":["https:\/\/demoweb.info\/sexshop001\/producto\/10x-evoke-ergo-fit-vibrador-punto-g-y-p-strap-on-f\/"]}]},{"@type":"BreadcrumbList","@id":"https:\/\/demoweb.info\/sexshop001\/producto\/10x-evoke-ergo-fit-vibrador-punto-g-y-p-strap-on-f\/#breadcrumb","itemListElement":[{"@type":"ListItem","position":1,"name":"Portada","item":"https:\/\/demoweb.info\/sexshop001\/"},{"@type":"ListItem","position":2,"name":"Tienda","item":"https:\/\/demoweb.info\/sexshop001\/tienda\/"},{"@type":"ListItem","position":3,"name":"10X EVOKE ERGO-FIT- VIBRADOR PUNTO G Y P -STRAP-ON- F"}]},{"@type":"WebSite","@id":"https:\/\/demoweb.info\/sexshop001\/#website","url":"https:\/\/demoweb.info\/sexshop001\/","name":"Tienda Er\u00f3tica","description":"DEMOWEB SL","potentialAction":[{"@type":"SearchAction","target":{"@type":"EntryPoint","urlTemplate":"https:\/\/demoweb.info\/sexshop001\/?s={search_term_string}"},"query-input":"required name=search_term_string"}],"inLanguage":"es"}]}},"_links":{"self":[{"href":"https:\/\/demoweb.info\/sexshop001\/wp-json\/wp\/v3\/product\/14442","targetHints":{"allow":["GET"]}}],"collection":[{"href":"https:\/\/demoweb.info\/sexshop001\/wp-json\/wp\/v3\/product"}],"about":[{"href":"https:\/\/demoweb.info\/sexshop001\/wp-json\/wp\/v2\/types\/product"}],"replies":[{"embeddable":true,"href":"https:\/\/demoweb.info\/sexshop001\/wp-json\/wp\/v2\/comments?post=14442"}],"wp:featuredmedia":[{"embeddable":true,"href":"https:\/\/demoweb.info\/sexshop001\/wp-json\/wp\/v2\/media\/14443"}],"wp:attachment":[{"href":"https:\/\/demoweb.info\/sexshop001\/wp-json\/wp\/v2\/media?parent=14442"}],"wp:term":[{"taxonomy":"product_cat","embeddable":true,"href":"https:\/\/demoweb.info\/sexshop001\/wp-json\/wp\/v2\/product_cat?post=14442"},{"taxonomy":"product_tag","embeddable":true,"href":"https:\/\/demoweb.info\/sexshop001\/wp-json\/wp\/v2\/product_tag?post=14442"}],"curies":[{"name":"wp","href":"https:\/\/api.w.org\/{rel}","templated":true}]}}