{"id":14410,"date":"2022-01-22T10:20:51","date_gmt":"2022-01-22T09:20:51","guid":{"rendered":"https:\/\/demoweb.info\/sexshop001\/producto\/silla-queening-negro-y-rojo\/"},"modified":"2022-01-22T10:21:08","modified_gmt":"2022-01-22T09:21:08","slug":"silla-queening-negro-y-rojo","status":"publish","type":"product","link":"https:\/\/demoweb.info\/sexshop001\/producto\/silla-queening-negro-y-rojo\/","title":{"rendered":"SILLA QUEENING &#8211; NEGRO Y ROJO"},"content":{"rendered":"<p><strong>QUEENING CHAIR &#8211; BLACK AND RED<\/strong><\/p>\n<p>\u00a1Es hora de tomarse el rostro en serio con una exquisita pieza de mobiliario BDSM que hace que el sexo oral sea m\u00e1s c\u00f3modo y, por lo tanto, m\u00e1s duradero!<\/p>\n<p>Los taburetes Queening, o los taburetes Kinging para los caballeros, le permiten tomar la posici\u00f3n que le corresponde en el trono de su cara de juguete.<\/p>\n<p>Este asiento en particular cuenta con una hamaca ajustable para la cabeza que los posiciona perfectamente para que su boca y nariz se inserten firmemente en su tren de aterrizaje.<\/p>\n<p>Perfecto para cunnilingus, analingus y bolsas de t\u00e9, esta caja sofocante est\u00e1 coronada por un c\u00f3modo coj\u00edn para que pueda sentarse y relajarse mientras se lame y chupa.<\/p>\n<p>Lee un libro, mant\u00e9n una conversaci\u00f3n o disfruta de una comida mientras tu sumiso disfruta una debajo de ti.<\/p>\n<p>Si te sientes m\u00e1s malvado y atento, puedes provocar y atormentar el cuerpo expuesto acostado en posici\u00f3n supina debajo de ti.<\/p>\n<p>Tu papel y el de ellos deben estar claros.<\/p>\n<p>Sin embargo, esta silla Queening refuerza su superioridad mientras cumple un prop\u00f3sito \u00fatil, haciendo que el sexo oral sea a\u00fan m\u00e1s agradable para los dos.<\/p>\n<p>\u00a1Cuanto mejor se sienta, m\u00e1s querr\u00e1n hacerlo!<\/p>\n<p>No es que tengan mucho que decir al respecto &#8230;\n <\/p>\n<ul>\n<li>Peso embalaje    12315,10 gram<\/li>\n<li>Dimensiones del producto    68,6 x 50,8 x 33 cm<\/li>\n<li>Peso del producto    12315,03 gram<\/li>\n<li>Materiales    Wood, PU leather and metal<\/li>\n<\/ul>\n","protected":false},"excerpt":{"rendered":"<p>QUEENING CHAIR &#8211; BLACK AND RED \u00a1Es hora de tomarse el rostro en serio con una exquisita pieza de mobiliario<\/p>\n","protected":false},"featured_media":14411,"comment_status":"open","ping_status":"open","template":"","meta":[],"product_cat":[680],"product_tag":[463,274],"class_list":["post-14410","product","type-product","status-publish","has-post-thumbnail","hentry","product_cat-maquinas-del-amor","product_tag-master-series","product_tag-xr-brands"],"bundled_by":[],"bundle_stock_status":"instock","bundle_stock_quantity":1,"bundle_virtual":false,"bundle_layout":"","bundle_add_to_cart_form_location":"","bundle_editable_in_cart":false,"bundle_sold_individually_context":"","bundle_item_grouping":"","bundle_min_size":"","bundle_max_size":"","bundled_items":[],"yoast_head":"<!-- This site is optimized with the Yoast SEO plugin v20.6 - https:\/\/yoast.com\/wordpress\/plugins\/seo\/ -->\n<title>SILLA QUEENING - NEGRO Y ROJO - Tienda Er\u00f3tica<\/title>\n<meta name=\"robots\" content=\"noindex, follow, max-snippet:-1, max-image-preview:large, max-video-preview:-1\" \/>\n<meta property=\"og:locale\" content=\"es_ES\" \/>\n<meta property=\"og:type\" content=\"article\" \/>\n<meta property=\"og:title\" content=\"SILLA QUEENING - NEGRO Y ROJO - Tienda Er\u00f3tica\" \/>\n<meta property=\"og:description\" content=\"QUEENING CHAIR &#8211; BLACK AND RED \u00a1Es hora de tomarse el rostro en serio con una exquisita pieza de mobiliario\" \/>\n<meta property=\"og:url\" content=\"https:\/\/demoweb.info\/sexshop001\/producto\/silla-queening-negro-y-rojo\/\" \/>\n<meta property=\"og:site_name\" content=\"Tienda Er\u00f3tica\" \/>\n<meta property=\"article:modified_time\" content=\"2022-01-22T09:21:08+00:00\" \/>\n<meta property=\"og:image\" content=\"https:\/\/demoweb.info\/sexshop001\/wp-content\/uploads\/2022\/01\/SILLA-QUEENING-NEGRO-Y-ROJO.jpg\" \/>\n\t<meta property=\"og:image:width\" content=\"550\" \/>\n\t<meta property=\"og:image:height\" content=\"550\" \/>\n\t<meta property=\"og:image:type\" content=\"image\/jpeg\" \/>\n<meta name=\"twitter:card\" content=\"summary_large_image\" \/>\n<meta name=\"twitter:label1\" content=\"Tiempo de lectura\" \/>\n\t<meta name=\"twitter:data1\" content=\"1 minuto\" \/>\n<script type=\"application\/ld+json\" class=\"yoast-schema-graph\">{\"@context\":\"https:\/\/schema.org\",\"@graph\":[{\"@type\":\"WebPage\",\"@id\":\"https:\/\/demoweb.info\/sexshop001\/producto\/silla-queening-negro-y-rojo\/\",\"url\":\"https:\/\/demoweb.info\/sexshop001\/producto\/silla-queening-negro-y-rojo\/\",\"name\":\"SILLA QUEENING - NEGRO Y ROJO - Tienda Er\u00f3tica\",\"isPartOf\":{\"@id\":\"https:\/\/demoweb.info\/sexshop001\/#website\"},\"datePublished\":\"2022-01-22T09:20:51+00:00\",\"dateModified\":\"2022-01-22T09:21:08+00:00\",\"breadcrumb\":{\"@id\":\"https:\/\/demoweb.info\/sexshop001\/producto\/silla-queening-negro-y-rojo\/#breadcrumb\"},\"inLanguage\":\"es\",\"potentialAction\":[{\"@type\":\"ReadAction\",\"target\":[\"https:\/\/demoweb.info\/sexshop001\/producto\/silla-queening-negro-y-rojo\/\"]}]},{\"@type\":\"BreadcrumbList\",\"@id\":\"https:\/\/demoweb.info\/sexshop001\/producto\/silla-queening-negro-y-rojo\/#breadcrumb\",\"itemListElement\":[{\"@type\":\"ListItem\",\"position\":1,\"name\":\"Portada\",\"item\":\"https:\/\/demoweb.info\/sexshop001\/\"},{\"@type\":\"ListItem\",\"position\":2,\"name\":\"Tienda\",\"item\":\"https:\/\/demoweb.info\/sexshop001\/tienda\/\"},{\"@type\":\"ListItem\",\"position\":3,\"name\":\"SILLA QUEENING &#8211; NEGRO Y ROJO\"}]},{\"@type\":\"WebSite\",\"@id\":\"https:\/\/demoweb.info\/sexshop001\/#website\",\"url\":\"https:\/\/demoweb.info\/sexshop001\/\",\"name\":\"Tienda Er\u00f3tica\",\"description\":\"DEMOWEB SL\",\"potentialAction\":[{\"@type\":\"SearchAction\",\"target\":{\"@type\":\"EntryPoint\",\"urlTemplate\":\"https:\/\/demoweb.info\/sexshop001\/?s={search_term_string}\"},\"query-input\":\"required name=search_term_string\"}],\"inLanguage\":\"es\"}]}<\/script>\n<!-- \/ Yoast SEO plugin. -->","yoast_head_json":{"title":"SILLA QUEENING - NEGRO Y ROJO - Tienda Er\u00f3tica","robots":{"index":"noindex","follow":"follow","max-snippet":"max-snippet:-1","max-image-preview":"max-image-preview:large","max-video-preview":"max-video-preview:-1"},"og_locale":"es_ES","og_type":"article","og_title":"SILLA QUEENING - NEGRO Y ROJO - Tienda Er\u00f3tica","og_description":"QUEENING CHAIR &#8211; BLACK AND RED \u00a1Es hora de tomarse el rostro en serio con una exquisita pieza de mobiliario","og_url":"https:\/\/demoweb.info\/sexshop001\/producto\/silla-queening-negro-y-rojo\/","og_site_name":"Tienda Er\u00f3tica","article_modified_time":"2022-01-22T09:21:08+00:00","og_image":[{"width":550,"height":550,"url":"https:\/\/demoweb.info\/sexshop001\/wp-content\/uploads\/2022\/01\/SILLA-QUEENING-NEGRO-Y-ROJO.jpg","type":"image\/jpeg"}],"twitter_card":"summary_large_image","twitter_misc":{"Tiempo de lectura":"1 minuto"},"schema":{"@context":"https:\/\/schema.org","@graph":[{"@type":"WebPage","@id":"https:\/\/demoweb.info\/sexshop001\/producto\/silla-queening-negro-y-rojo\/","url":"https:\/\/demoweb.info\/sexshop001\/producto\/silla-queening-negro-y-rojo\/","name":"SILLA QUEENING - NEGRO Y ROJO - Tienda Er\u00f3tica","isPartOf":{"@id":"https:\/\/demoweb.info\/sexshop001\/#website"},"datePublished":"2022-01-22T09:20:51+00:00","dateModified":"2022-01-22T09:21:08+00:00","breadcrumb":{"@id":"https:\/\/demoweb.info\/sexshop001\/producto\/silla-queening-negro-y-rojo\/#breadcrumb"},"inLanguage":"es","potentialAction":[{"@type":"ReadAction","target":["https:\/\/demoweb.info\/sexshop001\/producto\/silla-queening-negro-y-rojo\/"]}]},{"@type":"BreadcrumbList","@id":"https:\/\/demoweb.info\/sexshop001\/producto\/silla-queening-negro-y-rojo\/#breadcrumb","itemListElement":[{"@type":"ListItem","position":1,"name":"Portada","item":"https:\/\/demoweb.info\/sexshop001\/"},{"@type":"ListItem","position":2,"name":"Tienda","item":"https:\/\/demoweb.info\/sexshop001\/tienda\/"},{"@type":"ListItem","position":3,"name":"SILLA QUEENING &#8211; NEGRO Y ROJO"}]},{"@type":"WebSite","@id":"https:\/\/demoweb.info\/sexshop001\/#website","url":"https:\/\/demoweb.info\/sexshop001\/","name":"Tienda Er\u00f3tica","description":"DEMOWEB SL","potentialAction":[{"@type":"SearchAction","target":{"@type":"EntryPoint","urlTemplate":"https:\/\/demoweb.info\/sexshop001\/?s={search_term_string}"},"query-input":"required name=search_term_string"}],"inLanguage":"es"}]}},"_links":{"self":[{"href":"https:\/\/demoweb.info\/sexshop001\/wp-json\/wp\/v3\/product\/14410","targetHints":{"allow":["GET"]}}],"collection":[{"href":"https:\/\/demoweb.info\/sexshop001\/wp-json\/wp\/v3\/product"}],"about":[{"href":"https:\/\/demoweb.info\/sexshop001\/wp-json\/wp\/v2\/types\/product"}],"replies":[{"embeddable":true,"href":"https:\/\/demoweb.info\/sexshop001\/wp-json\/wp\/v2\/comments?post=14410"}],"wp:featuredmedia":[{"embeddable":true,"href":"https:\/\/demoweb.info\/sexshop001\/wp-json\/wp\/v2\/media\/14411"}],"wp:attachment":[{"href":"https:\/\/demoweb.info\/sexshop001\/wp-json\/wp\/v2\/media?parent=14410"}],"wp:term":[{"taxonomy":"product_cat","embeddable":true,"href":"https:\/\/demoweb.info\/sexshop001\/wp-json\/wp\/v2\/product_cat?post=14410"},{"taxonomy":"product_tag","embeddable":true,"href":"https:\/\/demoweb.info\/sexshop001\/wp-json\/wp\/v2\/product_tag?post=14410"}],"curies":[{"name":"wp","href":"https:\/\/api.w.org\/{rel}","templated":true}]}}