{"id":14257,"date":"2022-01-22T10:19:41","date_gmt":"2022-01-22T09:19:41","guid":{"rendered":"https:\/\/demoweb.info\/sexshop001\/producto\/ldz-7-pene-realistico-eyaculador-con-vibracion-17-78-cm\/"},"modified":"2022-01-22T10:19:58","modified_gmt":"2022-01-22T09:19:58","slug":"ldz-7-pene-realistico-eyaculador-con-vibracion-17-78-cm","status":"publish","type":"product","link":"https:\/\/demoweb.info\/sexshop001\/producto\/ldz-7-pene-realistico-eyaculador-con-vibracion-17-78-cm\/","title":{"rendered":"LDZ 7 &#8211; PENE REALISTICO EYACULADOR CON VIBRACI\u00d3N &#8211; 17.78 CM"},"content":{"rendered":"<p>L<strong>DZ 7 SQUIRTING DILDO &#8211; DARK <\/strong><\/p>\n<p>\u00a1Prep\u00e1rate para divertirte con Loadz con este vibrador consolador con eyaculaci\u00f3n!<\/p>\n<p>Este consolador viene con 10 modos de vibraci\u00f3n para adaptarse a cualquier estado de \u00e1nimo: zumba hasta el orgasmo y divi\u00e9rtete a ti mismo, a tu pareja o a tu audiencia con una inyecci\u00f3n de l\u00edquido de tu elecci\u00f3n donde quieras.<\/p>\n<p>Este consolador Loadz viene con una funci\u00f3n de chorro autom\u00e1tico (con una capacidad m\u00e1xima de 10 ml) que env\u00eda el l\u00edquido de su elecci\u00f3n donde sea que apunte el consolador. Use su lubricante de esperma favorito para obtener un olor, textura y apariencia realistas.<\/p>\n<p>Fabricado con TPR seguro para el cuerpo<\/p>\n<p>Funciones de vibraci\u00f3n y chorros controladas mediante control remoto para uso con manos libres.<\/p>\n<p>Recargable a trav\u00e9s del cable USB incluido para que puedas chorrear una y otra vez.<\/p>\n<p>Caracter\u00edsticas:<\/p>\n<ul>\n<li>Dimensiones del producto: 20,8 x 6,8 x 4,7 cm<\/li>\n<li>Peso del producto: 349 gr<\/li>\n<li>Longitud insertable: 17 cm<\/li>\n<\/ul><\/p>\n","protected":false},"excerpt":{"rendered":"<p>LDZ 7 SQUIRTING DILDO &#8211; DARK \u00a1Prep\u00e1rate para divertirte con Loadz con este vibrador consolador con eyaculaci\u00f3n! Este consolador viene<\/p>\n","protected":false},"featured_media":14258,"comment_status":"open","ping_status":"open","template":"","meta":[],"product_cat":[317],"product_tag":[777,274],"class_list":["post-14257","product","type-product","status-publish","has-post-thumbnail","hentry","product_cat-con-vibrador","product_tag-thump-it","product_tag-xr-brands"],"bundled_by":[],"bundle_stock_status":"outofstock","bundle_stock_quantity":0,"bundle_virtual":false,"bundle_layout":"","bundle_add_to_cart_form_location":"","bundle_editable_in_cart":false,"bundle_sold_individually_context":"","bundle_item_grouping":"","bundle_min_size":"","bundle_max_size":"","bundled_items":[],"yoast_head":"<!-- This site is optimized with the Yoast SEO plugin v20.6 - https:\/\/yoast.com\/wordpress\/plugins\/seo\/ -->\n<title>LDZ 7 - PENE REALISTICO EYACULADOR CON VIBRACI\u00d3N - 17.78 CM - Tienda Er\u00f3tica<\/title>\n<meta name=\"robots\" content=\"noindex, follow, max-snippet:-1, max-image-preview:large, max-video-preview:-1\" \/>\n<meta property=\"og:locale\" content=\"es_ES\" \/>\n<meta property=\"og:type\" content=\"article\" \/>\n<meta property=\"og:title\" content=\"LDZ 7 - PENE REALISTICO EYACULADOR CON VIBRACI\u00d3N - 17.78 CM - Tienda Er\u00f3tica\" \/>\n<meta property=\"og:description\" content=\"LDZ 7 SQUIRTING DILDO &#8211; DARK \u00a1Prep\u00e1rate para divertirte con Loadz con este vibrador consolador con eyaculaci\u00f3n! Este consolador viene\" \/>\n<meta property=\"og:url\" content=\"https:\/\/demoweb.info\/sexshop001\/producto\/ldz-7-pene-realistico-eyaculador-con-vibracion-17-78-cm\/\" \/>\n<meta property=\"og:site_name\" content=\"Tienda Er\u00f3tica\" \/>\n<meta property=\"article:modified_time\" content=\"2022-01-22T09:19:58+00:00\" \/>\n<meta property=\"og:image\" content=\"https:\/\/demoweb.info\/sexshop001\/wp-content\/uploads\/2022\/01\/LDZ-7-PENE-REALISTICO-EYACULADOR-CON-VIBRACION-17.78-CM.jpg\" \/>\n\t<meta property=\"og:image:width\" content=\"550\" \/>\n\t<meta property=\"og:image:height\" content=\"550\" \/>\n\t<meta property=\"og:image:type\" content=\"image\/jpeg\" \/>\n<meta name=\"twitter:card\" content=\"summary_large_image\" \/>\n<meta name=\"twitter:label1\" content=\"Tiempo de lectura\" \/>\n\t<meta name=\"twitter:data1\" content=\"1 minuto\" \/>\n<script type=\"application\/ld+json\" class=\"yoast-schema-graph\">{\"@context\":\"https:\/\/schema.org\",\"@graph\":[{\"@type\":\"WebPage\",\"@id\":\"https:\/\/demoweb.info\/sexshop001\/producto\/ldz-7-pene-realistico-eyaculador-con-vibracion-17-78-cm\/\",\"url\":\"https:\/\/demoweb.info\/sexshop001\/producto\/ldz-7-pene-realistico-eyaculador-con-vibracion-17-78-cm\/\",\"name\":\"LDZ 7 - PENE REALISTICO EYACULADOR CON VIBRACI\u00d3N - 17.78 CM - Tienda Er\u00f3tica\",\"isPartOf\":{\"@id\":\"https:\/\/demoweb.info\/sexshop001\/#website\"},\"datePublished\":\"2022-01-22T09:19:41+00:00\",\"dateModified\":\"2022-01-22T09:19:58+00:00\",\"breadcrumb\":{\"@id\":\"https:\/\/demoweb.info\/sexshop001\/producto\/ldz-7-pene-realistico-eyaculador-con-vibracion-17-78-cm\/#breadcrumb\"},\"inLanguage\":\"es\",\"potentialAction\":[{\"@type\":\"ReadAction\",\"target\":[\"https:\/\/demoweb.info\/sexshop001\/producto\/ldz-7-pene-realistico-eyaculador-con-vibracion-17-78-cm\/\"]}]},{\"@type\":\"BreadcrumbList\",\"@id\":\"https:\/\/demoweb.info\/sexshop001\/producto\/ldz-7-pene-realistico-eyaculador-con-vibracion-17-78-cm\/#breadcrumb\",\"itemListElement\":[{\"@type\":\"ListItem\",\"position\":1,\"name\":\"Portada\",\"item\":\"https:\/\/demoweb.info\/sexshop001\/\"},{\"@type\":\"ListItem\",\"position\":2,\"name\":\"Tienda\",\"item\":\"https:\/\/demoweb.info\/sexshop001\/tienda\/\"},{\"@type\":\"ListItem\",\"position\":3,\"name\":\"LDZ 7 &#8211; PENE REALISTICO EYACULADOR CON VIBRACI\u00d3N &#8211; 17.78 CM\"}]},{\"@type\":\"WebSite\",\"@id\":\"https:\/\/demoweb.info\/sexshop001\/#website\",\"url\":\"https:\/\/demoweb.info\/sexshop001\/\",\"name\":\"Tienda Er\u00f3tica\",\"description\":\"DEMOWEB SL\",\"potentialAction\":[{\"@type\":\"SearchAction\",\"target\":{\"@type\":\"EntryPoint\",\"urlTemplate\":\"https:\/\/demoweb.info\/sexshop001\/?s={search_term_string}\"},\"query-input\":\"required name=search_term_string\"}],\"inLanguage\":\"es\"}]}<\/script>\n<!-- \/ Yoast SEO plugin. -->","yoast_head_json":{"title":"LDZ 7 - PENE REALISTICO EYACULADOR CON VIBRACI\u00d3N - 17.78 CM - Tienda Er\u00f3tica","robots":{"index":"noindex","follow":"follow","max-snippet":"max-snippet:-1","max-image-preview":"max-image-preview:large","max-video-preview":"max-video-preview:-1"},"og_locale":"es_ES","og_type":"article","og_title":"LDZ 7 - PENE REALISTICO EYACULADOR CON VIBRACI\u00d3N - 17.78 CM - Tienda Er\u00f3tica","og_description":"LDZ 7 SQUIRTING DILDO &#8211; DARK \u00a1Prep\u00e1rate para divertirte con Loadz con este vibrador consolador con eyaculaci\u00f3n! Este consolador viene","og_url":"https:\/\/demoweb.info\/sexshop001\/producto\/ldz-7-pene-realistico-eyaculador-con-vibracion-17-78-cm\/","og_site_name":"Tienda Er\u00f3tica","article_modified_time":"2022-01-22T09:19:58+00:00","og_image":[{"width":550,"height":550,"url":"https:\/\/demoweb.info\/sexshop001\/wp-content\/uploads\/2022\/01\/LDZ-7-PENE-REALISTICO-EYACULADOR-CON-VIBRACION-17.78-CM.jpg","type":"image\/jpeg"}],"twitter_card":"summary_large_image","twitter_misc":{"Tiempo de lectura":"1 minuto"},"schema":{"@context":"https:\/\/schema.org","@graph":[{"@type":"WebPage","@id":"https:\/\/demoweb.info\/sexshop001\/producto\/ldz-7-pene-realistico-eyaculador-con-vibracion-17-78-cm\/","url":"https:\/\/demoweb.info\/sexshop001\/producto\/ldz-7-pene-realistico-eyaculador-con-vibracion-17-78-cm\/","name":"LDZ 7 - PENE REALISTICO EYACULADOR CON VIBRACI\u00d3N - 17.78 CM - Tienda Er\u00f3tica","isPartOf":{"@id":"https:\/\/demoweb.info\/sexshop001\/#website"},"datePublished":"2022-01-22T09:19:41+00:00","dateModified":"2022-01-22T09:19:58+00:00","breadcrumb":{"@id":"https:\/\/demoweb.info\/sexshop001\/producto\/ldz-7-pene-realistico-eyaculador-con-vibracion-17-78-cm\/#breadcrumb"},"inLanguage":"es","potentialAction":[{"@type":"ReadAction","target":["https:\/\/demoweb.info\/sexshop001\/producto\/ldz-7-pene-realistico-eyaculador-con-vibracion-17-78-cm\/"]}]},{"@type":"BreadcrumbList","@id":"https:\/\/demoweb.info\/sexshop001\/producto\/ldz-7-pene-realistico-eyaculador-con-vibracion-17-78-cm\/#breadcrumb","itemListElement":[{"@type":"ListItem","position":1,"name":"Portada","item":"https:\/\/demoweb.info\/sexshop001\/"},{"@type":"ListItem","position":2,"name":"Tienda","item":"https:\/\/demoweb.info\/sexshop001\/tienda\/"},{"@type":"ListItem","position":3,"name":"LDZ 7 &#8211; PENE REALISTICO EYACULADOR CON VIBRACI\u00d3N &#8211; 17.78 CM"}]},{"@type":"WebSite","@id":"https:\/\/demoweb.info\/sexshop001\/#website","url":"https:\/\/demoweb.info\/sexshop001\/","name":"Tienda Er\u00f3tica","description":"DEMOWEB SL","potentialAction":[{"@type":"SearchAction","target":{"@type":"EntryPoint","urlTemplate":"https:\/\/demoweb.info\/sexshop001\/?s={search_term_string}"},"query-input":"required name=search_term_string"}],"inLanguage":"es"}]}},"_links":{"self":[{"href":"https:\/\/demoweb.info\/sexshop001\/wp-json\/wp\/v3\/product\/14257","targetHints":{"allow":["GET"]}}],"collection":[{"href":"https:\/\/demoweb.info\/sexshop001\/wp-json\/wp\/v3\/product"}],"about":[{"href":"https:\/\/demoweb.info\/sexshop001\/wp-json\/wp\/v2\/types\/product"}],"replies":[{"embeddable":true,"href":"https:\/\/demoweb.info\/sexshop001\/wp-json\/wp\/v2\/comments?post=14257"}],"wp:featuredmedia":[{"embeddable":true,"href":"https:\/\/demoweb.info\/sexshop001\/wp-json\/wp\/v2\/media\/14258"}],"wp:attachment":[{"href":"https:\/\/demoweb.info\/sexshop001\/wp-json\/wp\/v2\/media?parent=14257"}],"wp:term":[{"taxonomy":"product_cat","embeddable":true,"href":"https:\/\/demoweb.info\/sexshop001\/wp-json\/wp\/v2\/product_cat?post=14257"},{"taxonomy":"product_tag","embeddable":true,"href":"https:\/\/demoweb.info\/sexshop001\/wp-json\/wp\/v2\/product_tag?post=14257"}],"curies":[{"name":"wp","href":"https:\/\/api.w.org\/{rel}","templated":true}]}}