{"id":14249,"date":"2022-01-22T10:19:41","date_gmt":"2022-01-22T09:19:41","guid":{"rendered":"https:\/\/demoweb.info\/sexshop001\/producto\/plug-curvado-inflable-de-silicona-con-vibracion-de-10x\/"},"modified":"2022-01-22T10:19:54","modified_gmt":"2022-01-22T09:19:54","slug":"plug-curvado-inflable-de-silicona-con-vibracion-de-10x","status":"publish","type":"product","link":"https:\/\/demoweb.info\/sexshop001\/producto\/plug-curvado-inflable-de-silicona-con-vibracion-de-10x\/","title":{"rendered":"PLUG CURVADO INFLABLE DE SILICONA CON VIBRACI\u00d3N DE 10X"},"content":{"rendered":"<p><strong>10X INFLATABLE + VIBRATING CURVED SILICONE ANAL PLUG<\/strong><\/p>\n<p>\u00a1Anhela la curva, suplica el bulto y saborea el oleaje! Expande tu placer con este juguete anal inflable y vibrante como ning\u00fan otro.<\/p>\n<p>Este tap\u00f3n de silicona suave como la seda se hinchar\u00e1 suavemente dentro de ti para una incre\u00edble sensaci\u00f3n de plenitud. Date un capricho o el de tu pareja con 7 modos de vibraci\u00f3n, que incluyen 3 velocidades y 4 patrones.<\/p>\n<p>El control remoto lo hace todo, enviando zumbidos a su bot\u00edn, adem\u00e1s de permitirte encontrar el punto de inflado perfecto. Simplemente mant\u00e9n presionado el bot\u00f3n de la izquierda para comenzar a inflarse o presiona con m\u00e1s cuidado para un crecimiento lento y gradual. El bot\u00f3n de la derecha lo desinflar\u00e1 instant\u00e1neamente a su tama\u00f1o original para una extracci\u00f3n c\u00f3moda.<\/p>\n<p>Hecho de silicona premium, este Swell Plug no es poroso y no contiene ftalatos para la seguridad del cuerpo. Limpia esta herramienta de placer a prueba de salpicaduras con agua tibia y limpiador de juguetes o jab\u00f3n suave despu\u00e9s de su uso. Evita el uso con lubricantes de silicona para preservar este material.<\/p>\n<p>Medidas: 15 cmde longitud total, 13,4 cmde longitud insertable, 12,8 cm de di\u00e1metro en el tallo, 4 cm en el di\u00e1metro m\u00e1s ancho desinflado, 5 cm en el di\u00e1metro m\u00e1s ancho inflado<\/p>\n<p>Material: silicona<\/p>\n<p>De color negro<\/p>\n<p>Nota: se carga a trav\u00e9s de USB. El control remoto requiere 2 bater\u00edas AAA, no incluidas.<\/p><\/p>\n","protected":false},"excerpt":{"rendered":"<p>10X INFLATABLE + VIBRATING CURVED SILICONE ANAL PLUG \u00a1Anhela la curva, suplica el bulto y saborea el oleaje! Expande tu<\/p>\n","protected":false},"featured_media":14250,"comment_status":"open","ping_status":"open","template":"","meta":[],"product_cat":[280],"product_tag":[274],"class_list":["post-14249","product","type-product","status-publish","has-post-thumbnail","hentry","product_cat-hinchables","product_tag-xr-brands"],"bundled_by":[],"bundle_stock_status":"instock","bundle_stock_quantity":1,"bundle_virtual":false,"bundle_layout":"","bundle_add_to_cart_form_location":"","bundle_editable_in_cart":false,"bundle_sold_individually_context":"","bundle_item_grouping":"","bundle_min_size":"","bundle_max_size":"","bundled_items":[],"yoast_head":"<!-- This site is optimized with the Yoast SEO plugin v20.6 - https:\/\/yoast.com\/wordpress\/plugins\/seo\/ -->\n<title>PLUG CURVADO INFLABLE DE SILICONA CON VIBRACI\u00d3N DE 10X - Tienda Er\u00f3tica<\/title>\n<meta name=\"robots\" content=\"noindex, follow, max-snippet:-1, max-image-preview:large, max-video-preview:-1\" \/>\n<meta property=\"og:locale\" content=\"es_ES\" \/>\n<meta property=\"og:type\" content=\"article\" \/>\n<meta property=\"og:title\" content=\"PLUG CURVADO INFLABLE DE SILICONA CON VIBRACI\u00d3N DE 10X - Tienda Er\u00f3tica\" \/>\n<meta property=\"og:description\" content=\"10X INFLATABLE + VIBRATING CURVED SILICONE ANAL PLUG \u00a1Anhela la curva, suplica el bulto y saborea el oleaje! Expande tu\" \/>\n<meta property=\"og:url\" content=\"https:\/\/demoweb.info\/sexshop001\/producto\/plug-curvado-inflable-de-silicona-con-vibracion-de-10x\/\" \/>\n<meta property=\"og:site_name\" content=\"Tienda Er\u00f3tica\" \/>\n<meta property=\"article:modified_time\" content=\"2022-01-22T09:19:54+00:00\" \/>\n<meta property=\"og:image\" content=\"https:\/\/demoweb.info\/sexshop001\/wp-content\/uploads\/2022\/01\/PLUG-CURVADO-INFLABLE-DE-SILICONA-CON-VIBRACION-DE-10X.jpg\" \/>\n\t<meta property=\"og:image:width\" content=\"550\" \/>\n\t<meta property=\"og:image:height\" content=\"550\" \/>\n\t<meta property=\"og:image:type\" content=\"image\/jpeg\" \/>\n<meta name=\"twitter:card\" content=\"summary_large_image\" \/>\n<meta name=\"twitter:label1\" content=\"Tiempo de lectura\" \/>\n\t<meta name=\"twitter:data1\" content=\"1 minuto\" \/>\n<script type=\"application\/ld+json\" class=\"yoast-schema-graph\">{\"@context\":\"https:\/\/schema.org\",\"@graph\":[{\"@type\":\"WebPage\",\"@id\":\"https:\/\/demoweb.info\/sexshop001\/producto\/plug-curvado-inflable-de-silicona-con-vibracion-de-10x\/\",\"url\":\"https:\/\/demoweb.info\/sexshop001\/producto\/plug-curvado-inflable-de-silicona-con-vibracion-de-10x\/\",\"name\":\"PLUG CURVADO INFLABLE DE SILICONA CON VIBRACI\u00d3N DE 10X - Tienda Er\u00f3tica\",\"isPartOf\":{\"@id\":\"https:\/\/demoweb.info\/sexshop001\/#website\"},\"datePublished\":\"2022-01-22T09:19:41+00:00\",\"dateModified\":\"2022-01-22T09:19:54+00:00\",\"breadcrumb\":{\"@id\":\"https:\/\/demoweb.info\/sexshop001\/producto\/plug-curvado-inflable-de-silicona-con-vibracion-de-10x\/#breadcrumb\"},\"inLanguage\":\"es\",\"potentialAction\":[{\"@type\":\"ReadAction\",\"target\":[\"https:\/\/demoweb.info\/sexshop001\/producto\/plug-curvado-inflable-de-silicona-con-vibracion-de-10x\/\"]}]},{\"@type\":\"BreadcrumbList\",\"@id\":\"https:\/\/demoweb.info\/sexshop001\/producto\/plug-curvado-inflable-de-silicona-con-vibracion-de-10x\/#breadcrumb\",\"itemListElement\":[{\"@type\":\"ListItem\",\"position\":1,\"name\":\"Portada\",\"item\":\"https:\/\/demoweb.info\/sexshop001\/\"},{\"@type\":\"ListItem\",\"position\":2,\"name\":\"Tienda\",\"item\":\"https:\/\/demoweb.info\/sexshop001\/tienda\/\"},{\"@type\":\"ListItem\",\"position\":3,\"name\":\"PLUG CURVADO INFLABLE DE SILICONA CON VIBRACI\u00d3N DE 10X\"}]},{\"@type\":\"WebSite\",\"@id\":\"https:\/\/demoweb.info\/sexshop001\/#website\",\"url\":\"https:\/\/demoweb.info\/sexshop001\/\",\"name\":\"Tienda Er\u00f3tica\",\"description\":\"DEMOWEB SL\",\"potentialAction\":[{\"@type\":\"SearchAction\",\"target\":{\"@type\":\"EntryPoint\",\"urlTemplate\":\"https:\/\/demoweb.info\/sexshop001\/?s={search_term_string}\"},\"query-input\":\"required name=search_term_string\"}],\"inLanguage\":\"es\"}]}<\/script>\n<!-- \/ Yoast SEO plugin. -->","yoast_head_json":{"title":"PLUG CURVADO INFLABLE DE SILICONA CON VIBRACI\u00d3N DE 10X - Tienda Er\u00f3tica","robots":{"index":"noindex","follow":"follow","max-snippet":"max-snippet:-1","max-image-preview":"max-image-preview:large","max-video-preview":"max-video-preview:-1"},"og_locale":"es_ES","og_type":"article","og_title":"PLUG CURVADO INFLABLE DE SILICONA CON VIBRACI\u00d3N DE 10X - Tienda Er\u00f3tica","og_description":"10X INFLATABLE + VIBRATING CURVED SILICONE ANAL PLUG \u00a1Anhela la curva, suplica el bulto y saborea el oleaje! Expande tu","og_url":"https:\/\/demoweb.info\/sexshop001\/producto\/plug-curvado-inflable-de-silicona-con-vibracion-de-10x\/","og_site_name":"Tienda Er\u00f3tica","article_modified_time":"2022-01-22T09:19:54+00:00","og_image":[{"width":550,"height":550,"url":"https:\/\/demoweb.info\/sexshop001\/wp-content\/uploads\/2022\/01\/PLUG-CURVADO-INFLABLE-DE-SILICONA-CON-VIBRACION-DE-10X.jpg","type":"image\/jpeg"}],"twitter_card":"summary_large_image","twitter_misc":{"Tiempo de lectura":"1 minuto"},"schema":{"@context":"https:\/\/schema.org","@graph":[{"@type":"WebPage","@id":"https:\/\/demoweb.info\/sexshop001\/producto\/plug-curvado-inflable-de-silicona-con-vibracion-de-10x\/","url":"https:\/\/demoweb.info\/sexshop001\/producto\/plug-curvado-inflable-de-silicona-con-vibracion-de-10x\/","name":"PLUG CURVADO INFLABLE DE SILICONA CON VIBRACI\u00d3N DE 10X - Tienda Er\u00f3tica","isPartOf":{"@id":"https:\/\/demoweb.info\/sexshop001\/#website"},"datePublished":"2022-01-22T09:19:41+00:00","dateModified":"2022-01-22T09:19:54+00:00","breadcrumb":{"@id":"https:\/\/demoweb.info\/sexshop001\/producto\/plug-curvado-inflable-de-silicona-con-vibracion-de-10x\/#breadcrumb"},"inLanguage":"es","potentialAction":[{"@type":"ReadAction","target":["https:\/\/demoweb.info\/sexshop001\/producto\/plug-curvado-inflable-de-silicona-con-vibracion-de-10x\/"]}]},{"@type":"BreadcrumbList","@id":"https:\/\/demoweb.info\/sexshop001\/producto\/plug-curvado-inflable-de-silicona-con-vibracion-de-10x\/#breadcrumb","itemListElement":[{"@type":"ListItem","position":1,"name":"Portada","item":"https:\/\/demoweb.info\/sexshop001\/"},{"@type":"ListItem","position":2,"name":"Tienda","item":"https:\/\/demoweb.info\/sexshop001\/tienda\/"},{"@type":"ListItem","position":3,"name":"PLUG CURVADO INFLABLE DE SILICONA CON VIBRACI\u00d3N DE 10X"}]},{"@type":"WebSite","@id":"https:\/\/demoweb.info\/sexshop001\/#website","url":"https:\/\/demoweb.info\/sexshop001\/","name":"Tienda Er\u00f3tica","description":"DEMOWEB SL","potentialAction":[{"@type":"SearchAction","target":{"@type":"EntryPoint","urlTemplate":"https:\/\/demoweb.info\/sexshop001\/?s={search_term_string}"},"query-input":"required name=search_term_string"}],"inLanguage":"es"}]}},"_links":{"self":[{"href":"https:\/\/demoweb.info\/sexshop001\/wp-json\/wp\/v3\/product\/14249","targetHints":{"allow":["GET"]}}],"collection":[{"href":"https:\/\/demoweb.info\/sexshop001\/wp-json\/wp\/v3\/product"}],"about":[{"href":"https:\/\/demoweb.info\/sexshop001\/wp-json\/wp\/v2\/types\/product"}],"replies":[{"embeddable":true,"href":"https:\/\/demoweb.info\/sexshop001\/wp-json\/wp\/v2\/comments?post=14249"}],"wp:featuredmedia":[{"embeddable":true,"href":"https:\/\/demoweb.info\/sexshop001\/wp-json\/wp\/v2\/media\/14250"}],"wp:attachment":[{"href":"https:\/\/demoweb.info\/sexshop001\/wp-json\/wp\/v2\/media?parent=14249"}],"wp:term":[{"taxonomy":"product_cat","embeddable":true,"href":"https:\/\/demoweb.info\/sexshop001\/wp-json\/wp\/v2\/product_cat?post=14249"},{"taxonomy":"product_tag","embeddable":true,"href":"https:\/\/demoweb.info\/sexshop001\/wp-json\/wp\/v2\/product_tag?post=14249"}],"curies":[{"name":"wp","href":"https:\/\/api.w.org\/{rel}","templated":true}]}}