{"id":14213,"date":"2022-01-22T10:19:06","date_gmt":"2022-01-22T09:19:06","guid":{"rendered":"https:\/\/demoweb.info\/sexshop001\/producto\/capucha-neopreno-spike-puppy-negro-y-azul\/"},"modified":"2022-01-22T10:19:36","modified_gmt":"2022-01-22T09:19:36","slug":"capucha-neopreno-spike-puppy-negro-y-azul","status":"publish","type":"product","link":"https:\/\/demoweb.info\/sexshop001\/producto\/capucha-neopreno-spike-puppy-negro-y-azul\/","title":{"rendered":"CAPUCHA NEOPRENO SPIKE PUPPY &#8211; NEGRO Y AZUL"},"content":{"rendered":"<p><strong>NEOPRENE PUPPY HOOD &#8211; BLACK AND BLUE<\/strong><\/p>\n<p>Transf\u00f3rmate en tu alter ego K9 con la capucha perfecta para cachorros.<\/p>\n<p>Hecho de neopreno s\u00faper suave y el\u00e1stico, esta m\u00e1scara se ve y se siente premium.<\/p>\n<p>Se adapta de forma atractiva alrededor de la cabeza, dejando solo los ojos, la boca y la nariz expuestos.<\/p>\n<p>El hocico se enciende y se quita f\u00e1cilmente para dos formas diferentes de usar, con el mismo patr\u00f3n acolchado que la frente y los o\u00eddos internos.<\/p>\n<p>Las orejas flexibles se pueden colocar para simular varias razas diferentes.<\/p>\n<p>Si eres un perro malo o una mascota bien entrenada, esta capucha de juego para cachorros te ayudar\u00e1 a aceptar tu papel a los pies de tus due\u00f1os.<\/p>\n<ul>\n<li>Peso embalaje 318 gram<\/li>\n<li>Dimensiones del producto 23,3 x 14,1 x 27,1 cm<\/li>\n<li>Peso del producto 143,gram<\/li>\n<li>Materiales Neopreno<\/li>\n<\/ul>\n","protected":false},"excerpt":{"rendered":"<p>NEOPRENE PUPPY HOOD &#8211; BLACK AND BLUE Transf\u00f3rmate en tu alter ego K9 con la capucha perfecta para cachorros. Hecho<\/p>\n","protected":false},"featured_media":14214,"comment_status":"open","ping_status":"open","template":"","meta":[],"product_cat":[287],"product_tag":[463,274],"class_list":["post-14213","product","type-product","status-publish","has-post-thumbnail","hentry","product_cat-extreme-bdsm","product_tag-master-series","product_tag-xr-brands"],"bundled_by":[],"bundle_stock_status":"instock","bundle_stock_quantity":1,"bundle_virtual":false,"bundle_layout":"","bundle_add_to_cart_form_location":"","bundle_editable_in_cart":false,"bundle_sold_individually_context":"","bundle_item_grouping":"","bundle_min_size":"","bundle_max_size":"","bundled_items":[],"yoast_head":"<!-- This site is optimized with the Yoast SEO plugin v20.6 - https:\/\/yoast.com\/wordpress\/plugins\/seo\/ -->\n<title>CAPUCHA NEOPRENO SPIKE PUPPY - NEGRO Y AZUL - Tienda Er\u00f3tica<\/title>\n<meta name=\"robots\" content=\"noindex, follow, max-snippet:-1, max-image-preview:large, max-video-preview:-1\" \/>\n<meta property=\"og:locale\" content=\"es_ES\" \/>\n<meta property=\"og:type\" content=\"article\" \/>\n<meta property=\"og:title\" content=\"CAPUCHA NEOPRENO SPIKE PUPPY - NEGRO Y AZUL - Tienda Er\u00f3tica\" \/>\n<meta property=\"og:description\" content=\"NEOPRENE PUPPY HOOD &#8211; BLACK AND BLUE Transf\u00f3rmate en tu alter ego K9 con la capucha perfecta para cachorros. Hecho\" \/>\n<meta property=\"og:url\" content=\"https:\/\/demoweb.info\/sexshop001\/producto\/capucha-neopreno-spike-puppy-negro-y-azul\/\" \/>\n<meta property=\"og:site_name\" content=\"Tienda Er\u00f3tica\" \/>\n<meta property=\"article:modified_time\" content=\"2022-01-22T09:19:36+00:00\" \/>\n<meta property=\"og:image\" content=\"https:\/\/demoweb.info\/sexshop001\/wp-content\/uploads\/2022\/01\/CAPUCHA-NEOPRENO-SPIKE-PUPPY-NEGRO-Y-AZUL.jpg\" \/>\n\t<meta property=\"og:image:width\" content=\"550\" \/>\n\t<meta property=\"og:image:height\" content=\"550\" \/>\n\t<meta property=\"og:image:type\" content=\"image\/jpeg\" \/>\n<meta name=\"twitter:card\" content=\"summary_large_image\" \/>\n<meta name=\"twitter:label1\" content=\"Tiempo de lectura\" \/>\n\t<meta name=\"twitter:data1\" content=\"1 minuto\" \/>\n<script type=\"application\/ld+json\" class=\"yoast-schema-graph\">{\"@context\":\"https:\/\/schema.org\",\"@graph\":[{\"@type\":\"WebPage\",\"@id\":\"https:\/\/demoweb.info\/sexshop001\/producto\/capucha-neopreno-spike-puppy-negro-y-azul\/\",\"url\":\"https:\/\/demoweb.info\/sexshop001\/producto\/capucha-neopreno-spike-puppy-negro-y-azul\/\",\"name\":\"CAPUCHA NEOPRENO SPIKE PUPPY - NEGRO Y AZUL - Tienda Er\u00f3tica\",\"isPartOf\":{\"@id\":\"https:\/\/demoweb.info\/sexshop001\/#website\"},\"datePublished\":\"2022-01-22T09:19:06+00:00\",\"dateModified\":\"2022-01-22T09:19:36+00:00\",\"breadcrumb\":{\"@id\":\"https:\/\/demoweb.info\/sexshop001\/producto\/capucha-neopreno-spike-puppy-negro-y-azul\/#breadcrumb\"},\"inLanguage\":\"es\",\"potentialAction\":[{\"@type\":\"ReadAction\",\"target\":[\"https:\/\/demoweb.info\/sexshop001\/producto\/capucha-neopreno-spike-puppy-negro-y-azul\/\"]}]},{\"@type\":\"BreadcrumbList\",\"@id\":\"https:\/\/demoweb.info\/sexshop001\/producto\/capucha-neopreno-spike-puppy-negro-y-azul\/#breadcrumb\",\"itemListElement\":[{\"@type\":\"ListItem\",\"position\":1,\"name\":\"Portada\",\"item\":\"https:\/\/demoweb.info\/sexshop001\/\"},{\"@type\":\"ListItem\",\"position\":2,\"name\":\"Tienda\",\"item\":\"https:\/\/demoweb.info\/sexshop001\/tienda\/\"},{\"@type\":\"ListItem\",\"position\":3,\"name\":\"CAPUCHA NEOPRENO SPIKE PUPPY &#8211; NEGRO Y AZUL\"}]},{\"@type\":\"WebSite\",\"@id\":\"https:\/\/demoweb.info\/sexshop001\/#website\",\"url\":\"https:\/\/demoweb.info\/sexshop001\/\",\"name\":\"Tienda Er\u00f3tica\",\"description\":\"DEMOWEB SL\",\"potentialAction\":[{\"@type\":\"SearchAction\",\"target\":{\"@type\":\"EntryPoint\",\"urlTemplate\":\"https:\/\/demoweb.info\/sexshop001\/?s={search_term_string}\"},\"query-input\":\"required name=search_term_string\"}],\"inLanguage\":\"es\"}]}<\/script>\n<!-- \/ Yoast SEO plugin. -->","yoast_head_json":{"title":"CAPUCHA NEOPRENO SPIKE PUPPY - NEGRO Y AZUL - Tienda Er\u00f3tica","robots":{"index":"noindex","follow":"follow","max-snippet":"max-snippet:-1","max-image-preview":"max-image-preview:large","max-video-preview":"max-video-preview:-1"},"og_locale":"es_ES","og_type":"article","og_title":"CAPUCHA NEOPRENO SPIKE PUPPY - NEGRO Y AZUL - Tienda Er\u00f3tica","og_description":"NEOPRENE PUPPY HOOD &#8211; BLACK AND BLUE Transf\u00f3rmate en tu alter ego K9 con la capucha perfecta para cachorros. Hecho","og_url":"https:\/\/demoweb.info\/sexshop001\/producto\/capucha-neopreno-spike-puppy-negro-y-azul\/","og_site_name":"Tienda Er\u00f3tica","article_modified_time":"2022-01-22T09:19:36+00:00","og_image":[{"width":550,"height":550,"url":"https:\/\/demoweb.info\/sexshop001\/wp-content\/uploads\/2022\/01\/CAPUCHA-NEOPRENO-SPIKE-PUPPY-NEGRO-Y-AZUL.jpg","type":"image\/jpeg"}],"twitter_card":"summary_large_image","twitter_misc":{"Tiempo de lectura":"1 minuto"},"schema":{"@context":"https:\/\/schema.org","@graph":[{"@type":"WebPage","@id":"https:\/\/demoweb.info\/sexshop001\/producto\/capucha-neopreno-spike-puppy-negro-y-azul\/","url":"https:\/\/demoweb.info\/sexshop001\/producto\/capucha-neopreno-spike-puppy-negro-y-azul\/","name":"CAPUCHA NEOPRENO SPIKE PUPPY - NEGRO Y AZUL - Tienda Er\u00f3tica","isPartOf":{"@id":"https:\/\/demoweb.info\/sexshop001\/#website"},"datePublished":"2022-01-22T09:19:06+00:00","dateModified":"2022-01-22T09:19:36+00:00","breadcrumb":{"@id":"https:\/\/demoweb.info\/sexshop001\/producto\/capucha-neopreno-spike-puppy-negro-y-azul\/#breadcrumb"},"inLanguage":"es","potentialAction":[{"@type":"ReadAction","target":["https:\/\/demoweb.info\/sexshop001\/producto\/capucha-neopreno-spike-puppy-negro-y-azul\/"]}]},{"@type":"BreadcrumbList","@id":"https:\/\/demoweb.info\/sexshop001\/producto\/capucha-neopreno-spike-puppy-negro-y-azul\/#breadcrumb","itemListElement":[{"@type":"ListItem","position":1,"name":"Portada","item":"https:\/\/demoweb.info\/sexshop001\/"},{"@type":"ListItem","position":2,"name":"Tienda","item":"https:\/\/demoweb.info\/sexshop001\/tienda\/"},{"@type":"ListItem","position":3,"name":"CAPUCHA NEOPRENO SPIKE PUPPY &#8211; NEGRO Y AZUL"}]},{"@type":"WebSite","@id":"https:\/\/demoweb.info\/sexshop001\/#website","url":"https:\/\/demoweb.info\/sexshop001\/","name":"Tienda Er\u00f3tica","description":"DEMOWEB SL","potentialAction":[{"@type":"SearchAction","target":{"@type":"EntryPoint","urlTemplate":"https:\/\/demoweb.info\/sexshop001\/?s={search_term_string}"},"query-input":"required name=search_term_string"}],"inLanguage":"es"}]}},"_links":{"self":[{"href":"https:\/\/demoweb.info\/sexshop001\/wp-json\/wp\/v3\/product\/14213","targetHints":{"allow":["GET"]}}],"collection":[{"href":"https:\/\/demoweb.info\/sexshop001\/wp-json\/wp\/v3\/product"}],"about":[{"href":"https:\/\/demoweb.info\/sexshop001\/wp-json\/wp\/v2\/types\/product"}],"replies":[{"embeddable":true,"href":"https:\/\/demoweb.info\/sexshop001\/wp-json\/wp\/v2\/comments?post=14213"}],"wp:featuredmedia":[{"embeddable":true,"href":"https:\/\/demoweb.info\/sexshop001\/wp-json\/wp\/v2\/media\/14214"}],"wp:attachment":[{"href":"https:\/\/demoweb.info\/sexshop001\/wp-json\/wp\/v2\/media?parent=14213"}],"wp:term":[{"taxonomy":"product_cat","embeddable":true,"href":"https:\/\/demoweb.info\/sexshop001\/wp-json\/wp\/v2\/product_cat?post=14213"},{"taxonomy":"product_tag","embeddable":true,"href":"https:\/\/demoweb.info\/sexshop001\/wp-json\/wp\/v2\/product_tag?post=14213"}],"curies":[{"name":"wp","href":"https:\/\/api.w.org\/{rel}","templated":true}]}}