{"id":14203,"date":"2022-01-22T10:19:06","date_gmt":"2022-01-22T09:19:06","guid":{"rendered":"https:\/\/demoweb.info\/sexshop001\/producto\/10-x-vibrador-rabbit-con-vibrador-black\/"},"modified":"2022-01-22T10:19:31","modified_gmt":"2022-01-22T09:19:31","slug":"10-x-vibrador-rabbit-con-vibrador-black","status":"publish","type":"product","link":"https:\/\/demoweb.info\/sexshop001\/producto\/10-x-vibrador-rabbit-con-vibrador-black\/","title":{"rendered":"10 X VIBRADOR RABBIT CON VIBRADOR &#8211; BLACK"},"content":{"rendered":"<p><strong>ROYAL RABBITS 10X DANCING BEAD RABBIT VIBRATOR &#8211; BLACK<\/strong><\/p>\n<p>Saborea las sensaciones de un conejito zumbido y el eje suave como la seda mientras dos sensaciones muy diferentes se combinan para un incre\u00edble orgasmo combinado.<\/p>\n<p>Este vibrador de silicona premium presenta 3 velocidades de vibraci\u00f3n y 7 patrones de latidos, as\u00ed como un amplio eje que lo masajear\u00e1 con perlas ondulantes y 3 velocidades de vibraci\u00f3n propias.<\/p>\n<p>El elegante panel de control adornado con gemas es f\u00e1cil de usar. Una nariz de conejo sobresaliente se\u00f1alar\u00e1 su cl\u00edtoris para vibraci\u00f3n, mientras que las orejas revolotear\u00e1n alrededor de \u00e9l para una sensaci\u00f3n completamente diferente.<\/p>\n<p>Esta herramienta de placer es magn\u00e9ticamente recargable e impermeable para que pueda darse un ba\u00f1o en la ba\u00f1era o la ducha.<\/p>\n<p>El material libre de ftalatos no es poroso para una f\u00e1cil limpieza con jab\u00f3n suave o limpiador de juguetes.<\/p>\n<p>Evite su uso con lubricantes de silicona.<\/p>\n<ul>\n<li>Dimensiones del producto    23,8 x 4 x 4 cm<\/li>\n<li>Peso del producto    299 gram<\/li>\n<li>Longitud insertable    14,2 cm<\/li>\n<li>Recargable    S\u00ed<\/li>\n<li>A prueba de agua    S\u00ed<\/li>\n<li>Materiales    Silicone, ABS plastic<\/li>\n<\/ul>\n","protected":false},"excerpt":{"rendered":"<p>ROYAL RABBITS 10X DANCING BEAD RABBIT VIBRATOR &#8211; BLACK Saborea las sensaciones de un conejito zumbido y el eje suave<\/p>\n","protected":false},"featured_media":14204,"comment_status":"open","ping_status":"open","template":"","meta":[],"product_cat":[434],"product_tag":[491,274],"class_list":["post-14203","product","type-product","status-publish","has-post-thumbnail","hentry","product_cat-doble-estimulacion-vibradores-juguetes-xxx","product_tag-inmi","product_tag-xr-brands"],"bundled_by":[],"bundle_stock_status":"instock","bundle_stock_quantity":1,"bundle_virtual":false,"bundle_layout":"","bundle_add_to_cart_form_location":"","bundle_editable_in_cart":false,"bundle_sold_individually_context":"","bundle_item_grouping":"","bundle_min_size":"","bundle_max_size":"","bundled_items":[],"yoast_head":"<!-- This site is optimized with the Yoast SEO plugin v20.6 - https:\/\/yoast.com\/wordpress\/plugins\/seo\/ -->\n<title>10 X VIBRADOR RABBIT CON VIBRADOR - BLACK - Tienda Er\u00f3tica<\/title>\n<meta name=\"robots\" content=\"noindex, follow, max-snippet:-1, max-image-preview:large, max-video-preview:-1\" \/>\n<meta property=\"og:locale\" content=\"es_ES\" \/>\n<meta property=\"og:type\" content=\"article\" \/>\n<meta property=\"og:title\" content=\"10 X VIBRADOR RABBIT CON VIBRADOR - BLACK - Tienda Er\u00f3tica\" \/>\n<meta property=\"og:description\" content=\"ROYAL RABBITS 10X DANCING BEAD RABBIT VIBRATOR &#8211; BLACK Saborea las sensaciones de un conejito zumbido y el eje suave\" \/>\n<meta property=\"og:url\" content=\"https:\/\/demoweb.info\/sexshop001\/producto\/10-x-vibrador-rabbit-con-vibrador-black\/\" \/>\n<meta property=\"og:site_name\" content=\"Tienda Er\u00f3tica\" \/>\n<meta property=\"article:modified_time\" content=\"2022-01-22T09:19:31+00:00\" \/>\n<meta property=\"og:image\" content=\"https:\/\/demoweb.info\/sexshop001\/wp-content\/uploads\/2022\/01\/10-X-VIBRADOR-RABBIT-CON-VIBRADOR-BLACK.jpg\" \/>\n\t<meta property=\"og:image:width\" content=\"550\" \/>\n\t<meta property=\"og:image:height\" content=\"550\" \/>\n\t<meta property=\"og:image:type\" content=\"image\/jpeg\" \/>\n<meta name=\"twitter:card\" content=\"summary_large_image\" \/>\n<meta name=\"twitter:label1\" content=\"Tiempo de lectura\" \/>\n\t<meta name=\"twitter:data1\" content=\"1 minuto\" \/>\n<script type=\"application\/ld+json\" class=\"yoast-schema-graph\">{\"@context\":\"https:\/\/schema.org\",\"@graph\":[{\"@type\":\"WebPage\",\"@id\":\"https:\/\/demoweb.info\/sexshop001\/producto\/10-x-vibrador-rabbit-con-vibrador-black\/\",\"url\":\"https:\/\/demoweb.info\/sexshop001\/producto\/10-x-vibrador-rabbit-con-vibrador-black\/\",\"name\":\"10 X VIBRADOR RABBIT CON VIBRADOR - BLACK - Tienda Er\u00f3tica\",\"isPartOf\":{\"@id\":\"https:\/\/demoweb.info\/sexshop001\/#website\"},\"datePublished\":\"2022-01-22T09:19:06+00:00\",\"dateModified\":\"2022-01-22T09:19:31+00:00\",\"breadcrumb\":{\"@id\":\"https:\/\/demoweb.info\/sexshop001\/producto\/10-x-vibrador-rabbit-con-vibrador-black\/#breadcrumb\"},\"inLanguage\":\"es\",\"potentialAction\":[{\"@type\":\"ReadAction\",\"target\":[\"https:\/\/demoweb.info\/sexshop001\/producto\/10-x-vibrador-rabbit-con-vibrador-black\/\"]}]},{\"@type\":\"BreadcrumbList\",\"@id\":\"https:\/\/demoweb.info\/sexshop001\/producto\/10-x-vibrador-rabbit-con-vibrador-black\/#breadcrumb\",\"itemListElement\":[{\"@type\":\"ListItem\",\"position\":1,\"name\":\"Portada\",\"item\":\"https:\/\/demoweb.info\/sexshop001\/\"},{\"@type\":\"ListItem\",\"position\":2,\"name\":\"Tienda\",\"item\":\"https:\/\/demoweb.info\/sexshop001\/tienda\/\"},{\"@type\":\"ListItem\",\"position\":3,\"name\":\"10 X VIBRADOR RABBIT CON VIBRADOR &#8211; BLACK\"}]},{\"@type\":\"WebSite\",\"@id\":\"https:\/\/demoweb.info\/sexshop001\/#website\",\"url\":\"https:\/\/demoweb.info\/sexshop001\/\",\"name\":\"Tienda Er\u00f3tica\",\"description\":\"DEMOWEB SL\",\"potentialAction\":[{\"@type\":\"SearchAction\",\"target\":{\"@type\":\"EntryPoint\",\"urlTemplate\":\"https:\/\/demoweb.info\/sexshop001\/?s={search_term_string}\"},\"query-input\":\"required name=search_term_string\"}],\"inLanguage\":\"es\"}]}<\/script>\n<!-- \/ Yoast SEO plugin. -->","yoast_head_json":{"title":"10 X VIBRADOR RABBIT CON VIBRADOR - BLACK - Tienda Er\u00f3tica","robots":{"index":"noindex","follow":"follow","max-snippet":"max-snippet:-1","max-image-preview":"max-image-preview:large","max-video-preview":"max-video-preview:-1"},"og_locale":"es_ES","og_type":"article","og_title":"10 X VIBRADOR RABBIT CON VIBRADOR - BLACK - Tienda Er\u00f3tica","og_description":"ROYAL RABBITS 10X DANCING BEAD RABBIT VIBRATOR &#8211; BLACK Saborea las sensaciones de un conejito zumbido y el eje suave","og_url":"https:\/\/demoweb.info\/sexshop001\/producto\/10-x-vibrador-rabbit-con-vibrador-black\/","og_site_name":"Tienda Er\u00f3tica","article_modified_time":"2022-01-22T09:19:31+00:00","og_image":[{"width":550,"height":550,"url":"https:\/\/demoweb.info\/sexshop001\/wp-content\/uploads\/2022\/01\/10-X-VIBRADOR-RABBIT-CON-VIBRADOR-BLACK.jpg","type":"image\/jpeg"}],"twitter_card":"summary_large_image","twitter_misc":{"Tiempo de lectura":"1 minuto"},"schema":{"@context":"https:\/\/schema.org","@graph":[{"@type":"WebPage","@id":"https:\/\/demoweb.info\/sexshop001\/producto\/10-x-vibrador-rabbit-con-vibrador-black\/","url":"https:\/\/demoweb.info\/sexshop001\/producto\/10-x-vibrador-rabbit-con-vibrador-black\/","name":"10 X VIBRADOR RABBIT CON VIBRADOR - BLACK - Tienda Er\u00f3tica","isPartOf":{"@id":"https:\/\/demoweb.info\/sexshop001\/#website"},"datePublished":"2022-01-22T09:19:06+00:00","dateModified":"2022-01-22T09:19:31+00:00","breadcrumb":{"@id":"https:\/\/demoweb.info\/sexshop001\/producto\/10-x-vibrador-rabbit-con-vibrador-black\/#breadcrumb"},"inLanguage":"es","potentialAction":[{"@type":"ReadAction","target":["https:\/\/demoweb.info\/sexshop001\/producto\/10-x-vibrador-rabbit-con-vibrador-black\/"]}]},{"@type":"BreadcrumbList","@id":"https:\/\/demoweb.info\/sexshop001\/producto\/10-x-vibrador-rabbit-con-vibrador-black\/#breadcrumb","itemListElement":[{"@type":"ListItem","position":1,"name":"Portada","item":"https:\/\/demoweb.info\/sexshop001\/"},{"@type":"ListItem","position":2,"name":"Tienda","item":"https:\/\/demoweb.info\/sexshop001\/tienda\/"},{"@type":"ListItem","position":3,"name":"10 X VIBRADOR RABBIT CON VIBRADOR &#8211; BLACK"}]},{"@type":"WebSite","@id":"https:\/\/demoweb.info\/sexshop001\/#website","url":"https:\/\/demoweb.info\/sexshop001\/","name":"Tienda Er\u00f3tica","description":"DEMOWEB SL","potentialAction":[{"@type":"SearchAction","target":{"@type":"EntryPoint","urlTemplate":"https:\/\/demoweb.info\/sexshop001\/?s={search_term_string}"},"query-input":"required name=search_term_string"}],"inLanguage":"es"}]}},"_links":{"self":[{"href":"https:\/\/demoweb.info\/sexshop001\/wp-json\/wp\/v3\/product\/14203","targetHints":{"allow":["GET"]}}],"collection":[{"href":"https:\/\/demoweb.info\/sexshop001\/wp-json\/wp\/v3\/product"}],"about":[{"href":"https:\/\/demoweb.info\/sexshop001\/wp-json\/wp\/v2\/types\/product"}],"replies":[{"embeddable":true,"href":"https:\/\/demoweb.info\/sexshop001\/wp-json\/wp\/v2\/comments?post=14203"}],"wp:featuredmedia":[{"embeddable":true,"href":"https:\/\/demoweb.info\/sexshop001\/wp-json\/wp\/v2\/media\/14204"}],"wp:attachment":[{"href":"https:\/\/demoweb.info\/sexshop001\/wp-json\/wp\/v2\/media?parent=14203"}],"wp:term":[{"taxonomy":"product_cat","embeddable":true,"href":"https:\/\/demoweb.info\/sexshop001\/wp-json\/wp\/v2\/product_cat?post=14203"},{"taxonomy":"product_tag","embeddable":true,"href":"https:\/\/demoweb.info\/sexshop001\/wp-json\/wp\/v2\/product_tag?post=14203"}],"curies":[{"name":"wp","href":"https:\/\/api.w.org\/{rel}","templated":true}]}}