{"id":14193,"date":"2022-01-22T10:19:06","date_gmt":"2022-01-22T09:19:06","guid":{"rendered":"https:\/\/demoweb.info\/sexshop001\/producto\/wonder-vibe-vibrador-flexible-con-estimulador-de-clitoris-negro\/"},"modified":"2022-01-22T10:19:28","modified_gmt":"2022-01-22T09:19:28","slug":"wonder-vibe-vibrador-flexible-con-estimulador-de-clitoris-negro","status":"publish","type":"product","link":"https:\/\/demoweb.info\/sexshop001\/producto\/wonder-vibe-vibrador-flexible-con-estimulador-de-clitoris-negro\/","title":{"rendered":"WONDER VIBE &#8211; VIBRADOR FLEXIBLE CON ESTIMULADOR DE CL\u00cdTORIS &#8211; NEGRO"},"content":{"rendered":"<p><strong>7X BENDABLE SILICONE VIBE CLIT STIM <\/strong><\/p>\n<p>Usa este Wonder Vibe como quieras: coloca el eje en tu forma preferida para obtener el m\u00e1ximo placer interno y disfruta del poderoso estimulador del cl\u00edtoris para el intenso orgasmo combinado que te mereces.<\/p>\n<p>Estimula el cl\u00edtoris y el punto G con los potentes ajustes de vibraci\u00f3n: cambia entre 3 velocidades y 4 patrones de felicidad con los controles ergon\u00f3micos y f\u00e1ciles de alcanzar en la base del eje para elegir la mejor manera de jugar con tus entra\u00f1as y tus exteriores.<\/p>\n<p>La construcci\u00f3n resistente al agua IPX7 hace que jugar en la ducha sea f\u00e1cil y sin complicaciones. Termina tus d\u00edas con una ducha caliente y tu nuevo amigo flexible y desp\u00eddete del peso del d\u00eda.<\/p>\n<p>Hecho con silicona ultrafelpa, segura para el cuerpo, sin ftalatos, que es suave, exprimible y combina muy bien con la naturaleza flexible de este juguete. Recargable a trav\u00e9s del cable USB incluido para que puedas jugar sin preocuparte por las bater\u00edas. \u00dasalo solo con lubricantes a base de agua, evita usar lubricantes a base de silicona para prolongar la vida \u00fatil de tu nuevo Wonder Vibe.<\/p>\n<ul>\n<li>Materiales: silicona, pl\u00e1stico ABS<\/li>\n<li>Medidas: longitud total 21 cm, longitud insertable 12,7 cm, di\u00e1metro m\u00e1s ancho 3,3 cm.<\/li>\n<li>De color negro<\/li>\n<\/ul>\n","protected":false},"excerpt":{"rendered":"<p>7X BENDABLE SILICONE VIBE CLIT STIM Usa este Wonder Vibe como quieras: coloca el eje en tu forma preferida para<\/p>\n","protected":false},"featured_media":14194,"comment_status":"open","ping_status":"open","template":"","meta":[],"product_cat":[434],"product_tag":[274],"class_list":["post-14193","product","type-product","status-publish","has-post-thumbnail","hentry","product_cat-doble-estimulacion-vibradores-juguetes-xxx","product_tag-xr-brands"],"bundled_by":[],"bundle_stock_status":"outofstock","bundle_stock_quantity":0,"bundle_virtual":false,"bundle_layout":"","bundle_add_to_cart_form_location":"","bundle_editable_in_cart":false,"bundle_sold_individually_context":"","bundle_item_grouping":"","bundle_min_size":"","bundle_max_size":"","bundled_items":[],"yoast_head":"<!-- This site is optimized with the Yoast SEO plugin v20.6 - https:\/\/yoast.com\/wordpress\/plugins\/seo\/ -->\n<title>WONDER VIBE - VIBRADOR FLEXIBLE CON ESTIMULADOR DE CL\u00cdTORIS - NEGRO - Tienda Er\u00f3tica<\/title>\n<meta name=\"robots\" content=\"noindex, follow, max-snippet:-1, max-image-preview:large, max-video-preview:-1\" \/>\n<meta property=\"og:locale\" content=\"es_ES\" \/>\n<meta property=\"og:type\" content=\"article\" \/>\n<meta property=\"og:title\" content=\"WONDER VIBE - VIBRADOR FLEXIBLE CON ESTIMULADOR DE CL\u00cdTORIS - NEGRO - Tienda Er\u00f3tica\" \/>\n<meta property=\"og:description\" content=\"7X BENDABLE SILICONE VIBE CLIT STIM Usa este Wonder Vibe como quieras: coloca el eje en tu forma preferida para\" \/>\n<meta property=\"og:url\" content=\"https:\/\/demoweb.info\/sexshop001\/producto\/wonder-vibe-vibrador-flexible-con-estimulador-de-clitoris-negro\/\" \/>\n<meta property=\"og:site_name\" content=\"Tienda Er\u00f3tica\" \/>\n<meta property=\"article:modified_time\" content=\"2022-01-22T09:19:28+00:00\" \/>\n<meta property=\"og:image\" content=\"https:\/\/demoweb.info\/sexshop001\/wp-content\/uploads\/2022\/01\/WONDER-VIBE-VIBRADOR-FLEXIBLE-CON-ESTIMULADOR-DE-CLITORIS-NEGRO.jpg\" \/>\n\t<meta property=\"og:image:width\" content=\"550\" \/>\n\t<meta property=\"og:image:height\" content=\"550\" \/>\n\t<meta property=\"og:image:type\" content=\"image\/jpeg\" \/>\n<meta name=\"twitter:card\" content=\"summary_large_image\" \/>\n<meta name=\"twitter:label1\" content=\"Tiempo de lectura\" \/>\n\t<meta name=\"twitter:data1\" content=\"1 minuto\" \/>\n<script type=\"application\/ld+json\" class=\"yoast-schema-graph\">{\"@context\":\"https:\/\/schema.org\",\"@graph\":[{\"@type\":\"WebPage\",\"@id\":\"https:\/\/demoweb.info\/sexshop001\/producto\/wonder-vibe-vibrador-flexible-con-estimulador-de-clitoris-negro\/\",\"url\":\"https:\/\/demoweb.info\/sexshop001\/producto\/wonder-vibe-vibrador-flexible-con-estimulador-de-clitoris-negro\/\",\"name\":\"WONDER VIBE - VIBRADOR FLEXIBLE CON ESTIMULADOR DE CL\u00cdTORIS - NEGRO - Tienda Er\u00f3tica\",\"isPartOf\":{\"@id\":\"https:\/\/demoweb.info\/sexshop001\/#website\"},\"datePublished\":\"2022-01-22T09:19:06+00:00\",\"dateModified\":\"2022-01-22T09:19:28+00:00\",\"breadcrumb\":{\"@id\":\"https:\/\/demoweb.info\/sexshop001\/producto\/wonder-vibe-vibrador-flexible-con-estimulador-de-clitoris-negro\/#breadcrumb\"},\"inLanguage\":\"es\",\"potentialAction\":[{\"@type\":\"ReadAction\",\"target\":[\"https:\/\/demoweb.info\/sexshop001\/producto\/wonder-vibe-vibrador-flexible-con-estimulador-de-clitoris-negro\/\"]}]},{\"@type\":\"BreadcrumbList\",\"@id\":\"https:\/\/demoweb.info\/sexshop001\/producto\/wonder-vibe-vibrador-flexible-con-estimulador-de-clitoris-negro\/#breadcrumb\",\"itemListElement\":[{\"@type\":\"ListItem\",\"position\":1,\"name\":\"Portada\",\"item\":\"https:\/\/demoweb.info\/sexshop001\/\"},{\"@type\":\"ListItem\",\"position\":2,\"name\":\"Tienda\",\"item\":\"https:\/\/demoweb.info\/sexshop001\/tienda\/\"},{\"@type\":\"ListItem\",\"position\":3,\"name\":\"WONDER VIBE &#8211; VIBRADOR FLEXIBLE CON ESTIMULADOR DE CL\u00cdTORIS &#8211; NEGRO\"}]},{\"@type\":\"WebSite\",\"@id\":\"https:\/\/demoweb.info\/sexshop001\/#website\",\"url\":\"https:\/\/demoweb.info\/sexshop001\/\",\"name\":\"Tienda Er\u00f3tica\",\"description\":\"DEMOWEB SL\",\"potentialAction\":[{\"@type\":\"SearchAction\",\"target\":{\"@type\":\"EntryPoint\",\"urlTemplate\":\"https:\/\/demoweb.info\/sexshop001\/?s={search_term_string}\"},\"query-input\":\"required name=search_term_string\"}],\"inLanguage\":\"es\"}]}<\/script>\n<!-- \/ Yoast SEO plugin. -->","yoast_head_json":{"title":"WONDER VIBE - VIBRADOR FLEXIBLE CON ESTIMULADOR DE CL\u00cdTORIS - NEGRO - Tienda Er\u00f3tica","robots":{"index":"noindex","follow":"follow","max-snippet":"max-snippet:-1","max-image-preview":"max-image-preview:large","max-video-preview":"max-video-preview:-1"},"og_locale":"es_ES","og_type":"article","og_title":"WONDER VIBE - VIBRADOR FLEXIBLE CON ESTIMULADOR DE CL\u00cdTORIS - NEGRO - Tienda Er\u00f3tica","og_description":"7X BENDABLE SILICONE VIBE CLIT STIM Usa este Wonder Vibe como quieras: coloca el eje en tu forma preferida para","og_url":"https:\/\/demoweb.info\/sexshop001\/producto\/wonder-vibe-vibrador-flexible-con-estimulador-de-clitoris-negro\/","og_site_name":"Tienda Er\u00f3tica","article_modified_time":"2022-01-22T09:19:28+00:00","og_image":[{"width":550,"height":550,"url":"https:\/\/demoweb.info\/sexshop001\/wp-content\/uploads\/2022\/01\/WONDER-VIBE-VIBRADOR-FLEXIBLE-CON-ESTIMULADOR-DE-CLITORIS-NEGRO.jpg","type":"image\/jpeg"}],"twitter_card":"summary_large_image","twitter_misc":{"Tiempo de lectura":"1 minuto"},"schema":{"@context":"https:\/\/schema.org","@graph":[{"@type":"WebPage","@id":"https:\/\/demoweb.info\/sexshop001\/producto\/wonder-vibe-vibrador-flexible-con-estimulador-de-clitoris-negro\/","url":"https:\/\/demoweb.info\/sexshop001\/producto\/wonder-vibe-vibrador-flexible-con-estimulador-de-clitoris-negro\/","name":"WONDER VIBE - VIBRADOR FLEXIBLE CON ESTIMULADOR DE CL\u00cdTORIS - NEGRO - Tienda Er\u00f3tica","isPartOf":{"@id":"https:\/\/demoweb.info\/sexshop001\/#website"},"datePublished":"2022-01-22T09:19:06+00:00","dateModified":"2022-01-22T09:19:28+00:00","breadcrumb":{"@id":"https:\/\/demoweb.info\/sexshop001\/producto\/wonder-vibe-vibrador-flexible-con-estimulador-de-clitoris-negro\/#breadcrumb"},"inLanguage":"es","potentialAction":[{"@type":"ReadAction","target":["https:\/\/demoweb.info\/sexshop001\/producto\/wonder-vibe-vibrador-flexible-con-estimulador-de-clitoris-negro\/"]}]},{"@type":"BreadcrumbList","@id":"https:\/\/demoweb.info\/sexshop001\/producto\/wonder-vibe-vibrador-flexible-con-estimulador-de-clitoris-negro\/#breadcrumb","itemListElement":[{"@type":"ListItem","position":1,"name":"Portada","item":"https:\/\/demoweb.info\/sexshop001\/"},{"@type":"ListItem","position":2,"name":"Tienda","item":"https:\/\/demoweb.info\/sexshop001\/tienda\/"},{"@type":"ListItem","position":3,"name":"WONDER VIBE &#8211; VIBRADOR FLEXIBLE CON ESTIMULADOR DE CL\u00cdTORIS &#8211; NEGRO"}]},{"@type":"WebSite","@id":"https:\/\/demoweb.info\/sexshop001\/#website","url":"https:\/\/demoweb.info\/sexshop001\/","name":"Tienda Er\u00f3tica","description":"DEMOWEB SL","potentialAction":[{"@type":"SearchAction","target":{"@type":"EntryPoint","urlTemplate":"https:\/\/demoweb.info\/sexshop001\/?s={search_term_string}"},"query-input":"required name=search_term_string"}],"inLanguage":"es"}]}},"_links":{"self":[{"href":"https:\/\/demoweb.info\/sexshop001\/wp-json\/wp\/v3\/product\/14193","targetHints":{"allow":["GET"]}}],"collection":[{"href":"https:\/\/demoweb.info\/sexshop001\/wp-json\/wp\/v3\/product"}],"about":[{"href":"https:\/\/demoweb.info\/sexshop001\/wp-json\/wp\/v2\/types\/product"}],"replies":[{"embeddable":true,"href":"https:\/\/demoweb.info\/sexshop001\/wp-json\/wp\/v2\/comments?post=14193"}],"wp:featuredmedia":[{"embeddable":true,"href":"https:\/\/demoweb.info\/sexshop001\/wp-json\/wp\/v2\/media\/14194"}],"wp:attachment":[{"href":"https:\/\/demoweb.info\/sexshop001\/wp-json\/wp\/v2\/media?parent=14193"}],"wp:term":[{"taxonomy":"product_cat","embeddable":true,"href":"https:\/\/demoweb.info\/sexshop001\/wp-json\/wp\/v2\/product_cat?post=14193"},{"taxonomy":"product_tag","embeddable":true,"href":"https:\/\/demoweb.info\/sexshop001\/wp-json\/wp\/v2\/product_tag?post=14193"}],"curies":[{"name":"wp","href":"https:\/\/api.w.org\/{rel}","templated":true}]}}