{"id":14183,"date":"2022-01-22T10:19:06","date_gmt":"2022-01-22T09:19:06","guid":{"rendered":"https:\/\/demoweb.info\/sexshop001\/producto\/gyro-m-10x-curved-rimming-plug-vibrador-con-mando-negro\/"},"modified":"2022-01-22T10:19:23","modified_gmt":"2022-01-22T09:19:23","slug":"gyro-m-10x-curved-rimming-plug-vibrador-con-mando-negro","status":"publish","type":"product","link":"https:\/\/demoweb.info\/sexshop001\/producto\/gyro-m-10x-curved-rimming-plug-vibrador-con-mando-negro\/","title":{"rendered":"GYRO M 10X CURVED RIMMING &#8211; PLUG VIBRADOR CON MANDO &#8211; NEGRO"},"content":{"rendered":"<p><strong>GYRO M 10X CURVED RIMMING PLUG WITH RC <\/strong><\/p>\n<p>Este plug est\u00e1 dise\u00f1ado para entusiastas de todas las variedades. La punta curva est\u00e1 dise\u00f1ada para apuntar a los puntos P de los hombres o los puntos G de las mujeres y su forma c\u00f3nica facilita su inserci\u00f3n. Los 6 patrones y las 4 velocidades de vibraci\u00f3n, junto con las bolas giratorias en el eje del tap\u00f3n, m\u00e1s el movimiento giratorio de la cabeza se combinan en el juego anal m\u00e1s estimulante que puedes encontrar.<\/p>\n<p>El control remoto inal\u00e1mbrico incluido tiene un alcance de 7 metros y permite un uso emocionante con un compa\u00f1ero o un uso sencillo en casa. No te preocupes, el plug se puede usar con o sin el control remoto con el bot\u00f3n de encendido iluminado en la base del juguete. \u00dasalo en la ducha o en la ba\u00f1era ya que es impermeable y seguro cuando est\u00e1 mojado.<\/p>\n<p>Juega con confianza: este vers\u00e1til tap\u00f3n trasero est\u00e1 hecho con silicona premium, segura para el cuerpo y libre de ftalatos. Recargable a trav\u00e9s de USB. Compatible solo con lubricantes a base de agua, no usar lubricantes de silicona.<\/p>\n<ul>\n<li>Dimensiones del producto: 13,8 x 6,9 x 4,2 cm<\/li>\n<li>Peso del producto: 187 gr<\/li>\n<li>Longitud insertable: 11,2 cm<\/li>\n<\/ul><\/p>\n","protected":false},"excerpt":{"rendered":"<p>GYRO M 10X CURVED RIMMING PLUG WITH RC Este plug est\u00e1 dise\u00f1ado para entusiastas de todas las variedades. La punta<\/p>\n","protected":false},"featured_media":14184,"comment_status":"open","ping_status":"open","template":"","meta":[],"product_cat":[295],"product_tag":[784,274],"class_list":["post-14183","product","type-product","status-publish","has-post-thumbnail","hentry","product_cat-vibradores-plugs","product_tag-rimmers","product_tag-xr-brands"],"bundled_by":[],"bundle_stock_status":"outofstock","bundle_stock_quantity":0,"bundle_virtual":false,"bundle_layout":"","bundle_add_to_cart_form_location":"","bundle_editable_in_cart":false,"bundle_sold_individually_context":"","bundle_item_grouping":"","bundle_min_size":"","bundle_max_size":"","bundled_items":[],"yoast_head":"<!-- This site is optimized with the Yoast SEO plugin v20.6 - https:\/\/yoast.com\/wordpress\/plugins\/seo\/ -->\n<title>GYRO M 10X CURVED RIMMING - PLUG VIBRADOR CON MANDO - NEGRO - Tienda Er\u00f3tica<\/title>\n<meta name=\"robots\" content=\"noindex, follow, max-snippet:-1, max-image-preview:large, max-video-preview:-1\" \/>\n<meta property=\"og:locale\" content=\"es_ES\" \/>\n<meta property=\"og:type\" content=\"article\" \/>\n<meta property=\"og:title\" content=\"GYRO M 10X CURVED RIMMING - PLUG VIBRADOR CON MANDO - NEGRO - Tienda Er\u00f3tica\" \/>\n<meta property=\"og:description\" content=\"GYRO M 10X CURVED RIMMING PLUG WITH RC Este plug est\u00e1 dise\u00f1ado para entusiastas de todas las variedades. La punta\" \/>\n<meta property=\"og:url\" content=\"https:\/\/demoweb.info\/sexshop001\/producto\/gyro-m-10x-curved-rimming-plug-vibrador-con-mando-negro\/\" \/>\n<meta property=\"og:site_name\" content=\"Tienda Er\u00f3tica\" \/>\n<meta property=\"article:modified_time\" content=\"2022-01-22T09:19:23+00:00\" \/>\n<meta property=\"og:image\" content=\"https:\/\/demoweb.info\/sexshop001\/wp-content\/uploads\/2022\/01\/GYRO-M-10X-CURVED-RIMMING-PLUG-VIBRADOR-CON-MANDO-NEGRO.jpg\" \/>\n\t<meta property=\"og:image:width\" content=\"550\" \/>\n\t<meta property=\"og:image:height\" content=\"550\" \/>\n\t<meta property=\"og:image:type\" content=\"image\/jpeg\" \/>\n<meta name=\"twitter:card\" content=\"summary_large_image\" \/>\n<meta name=\"twitter:label1\" content=\"Tiempo de lectura\" \/>\n\t<meta name=\"twitter:data1\" content=\"1 minuto\" \/>\n<script type=\"application\/ld+json\" class=\"yoast-schema-graph\">{\"@context\":\"https:\/\/schema.org\",\"@graph\":[{\"@type\":\"WebPage\",\"@id\":\"https:\/\/demoweb.info\/sexshop001\/producto\/gyro-m-10x-curved-rimming-plug-vibrador-con-mando-negro\/\",\"url\":\"https:\/\/demoweb.info\/sexshop001\/producto\/gyro-m-10x-curved-rimming-plug-vibrador-con-mando-negro\/\",\"name\":\"GYRO M 10X CURVED RIMMING - PLUG VIBRADOR CON MANDO - NEGRO - Tienda Er\u00f3tica\",\"isPartOf\":{\"@id\":\"https:\/\/demoweb.info\/sexshop001\/#website\"},\"datePublished\":\"2022-01-22T09:19:06+00:00\",\"dateModified\":\"2022-01-22T09:19:23+00:00\",\"breadcrumb\":{\"@id\":\"https:\/\/demoweb.info\/sexshop001\/producto\/gyro-m-10x-curved-rimming-plug-vibrador-con-mando-negro\/#breadcrumb\"},\"inLanguage\":\"es\",\"potentialAction\":[{\"@type\":\"ReadAction\",\"target\":[\"https:\/\/demoweb.info\/sexshop001\/producto\/gyro-m-10x-curved-rimming-plug-vibrador-con-mando-negro\/\"]}]},{\"@type\":\"BreadcrumbList\",\"@id\":\"https:\/\/demoweb.info\/sexshop001\/producto\/gyro-m-10x-curved-rimming-plug-vibrador-con-mando-negro\/#breadcrumb\",\"itemListElement\":[{\"@type\":\"ListItem\",\"position\":1,\"name\":\"Portada\",\"item\":\"https:\/\/demoweb.info\/sexshop001\/\"},{\"@type\":\"ListItem\",\"position\":2,\"name\":\"Tienda\",\"item\":\"https:\/\/demoweb.info\/sexshop001\/tienda\/\"},{\"@type\":\"ListItem\",\"position\":3,\"name\":\"GYRO M 10X CURVED RIMMING &#8211; PLUG VIBRADOR CON MANDO &#8211; NEGRO\"}]},{\"@type\":\"WebSite\",\"@id\":\"https:\/\/demoweb.info\/sexshop001\/#website\",\"url\":\"https:\/\/demoweb.info\/sexshop001\/\",\"name\":\"Tienda Er\u00f3tica\",\"description\":\"DEMOWEB SL\",\"potentialAction\":[{\"@type\":\"SearchAction\",\"target\":{\"@type\":\"EntryPoint\",\"urlTemplate\":\"https:\/\/demoweb.info\/sexshop001\/?s={search_term_string}\"},\"query-input\":\"required name=search_term_string\"}],\"inLanguage\":\"es\"}]}<\/script>\n<!-- \/ Yoast SEO plugin. -->","yoast_head_json":{"title":"GYRO M 10X CURVED RIMMING - PLUG VIBRADOR CON MANDO - NEGRO - Tienda Er\u00f3tica","robots":{"index":"noindex","follow":"follow","max-snippet":"max-snippet:-1","max-image-preview":"max-image-preview:large","max-video-preview":"max-video-preview:-1"},"og_locale":"es_ES","og_type":"article","og_title":"GYRO M 10X CURVED RIMMING - PLUG VIBRADOR CON MANDO - NEGRO - Tienda Er\u00f3tica","og_description":"GYRO M 10X CURVED RIMMING PLUG WITH RC Este plug est\u00e1 dise\u00f1ado para entusiastas de todas las variedades. La punta","og_url":"https:\/\/demoweb.info\/sexshop001\/producto\/gyro-m-10x-curved-rimming-plug-vibrador-con-mando-negro\/","og_site_name":"Tienda Er\u00f3tica","article_modified_time":"2022-01-22T09:19:23+00:00","og_image":[{"width":550,"height":550,"url":"https:\/\/demoweb.info\/sexshop001\/wp-content\/uploads\/2022\/01\/GYRO-M-10X-CURVED-RIMMING-PLUG-VIBRADOR-CON-MANDO-NEGRO.jpg","type":"image\/jpeg"}],"twitter_card":"summary_large_image","twitter_misc":{"Tiempo de lectura":"1 minuto"},"schema":{"@context":"https:\/\/schema.org","@graph":[{"@type":"WebPage","@id":"https:\/\/demoweb.info\/sexshop001\/producto\/gyro-m-10x-curved-rimming-plug-vibrador-con-mando-negro\/","url":"https:\/\/demoweb.info\/sexshop001\/producto\/gyro-m-10x-curved-rimming-plug-vibrador-con-mando-negro\/","name":"GYRO M 10X CURVED RIMMING - PLUG VIBRADOR CON MANDO - NEGRO - Tienda Er\u00f3tica","isPartOf":{"@id":"https:\/\/demoweb.info\/sexshop001\/#website"},"datePublished":"2022-01-22T09:19:06+00:00","dateModified":"2022-01-22T09:19:23+00:00","breadcrumb":{"@id":"https:\/\/demoweb.info\/sexshop001\/producto\/gyro-m-10x-curved-rimming-plug-vibrador-con-mando-negro\/#breadcrumb"},"inLanguage":"es","potentialAction":[{"@type":"ReadAction","target":["https:\/\/demoweb.info\/sexshop001\/producto\/gyro-m-10x-curved-rimming-plug-vibrador-con-mando-negro\/"]}]},{"@type":"BreadcrumbList","@id":"https:\/\/demoweb.info\/sexshop001\/producto\/gyro-m-10x-curved-rimming-plug-vibrador-con-mando-negro\/#breadcrumb","itemListElement":[{"@type":"ListItem","position":1,"name":"Portada","item":"https:\/\/demoweb.info\/sexshop001\/"},{"@type":"ListItem","position":2,"name":"Tienda","item":"https:\/\/demoweb.info\/sexshop001\/tienda\/"},{"@type":"ListItem","position":3,"name":"GYRO M 10X CURVED RIMMING &#8211; PLUG VIBRADOR CON MANDO &#8211; NEGRO"}]},{"@type":"WebSite","@id":"https:\/\/demoweb.info\/sexshop001\/#website","url":"https:\/\/demoweb.info\/sexshop001\/","name":"Tienda Er\u00f3tica","description":"DEMOWEB SL","potentialAction":[{"@type":"SearchAction","target":{"@type":"EntryPoint","urlTemplate":"https:\/\/demoweb.info\/sexshop001\/?s={search_term_string}"},"query-input":"required name=search_term_string"}],"inLanguage":"es"}]}},"_links":{"self":[{"href":"https:\/\/demoweb.info\/sexshop001\/wp-json\/wp\/v3\/product\/14183","targetHints":{"allow":["GET"]}}],"collection":[{"href":"https:\/\/demoweb.info\/sexshop001\/wp-json\/wp\/v3\/product"}],"about":[{"href":"https:\/\/demoweb.info\/sexshop001\/wp-json\/wp\/v2\/types\/product"}],"replies":[{"embeddable":true,"href":"https:\/\/demoweb.info\/sexshop001\/wp-json\/wp\/v2\/comments?post=14183"}],"wp:featuredmedia":[{"embeddable":true,"href":"https:\/\/demoweb.info\/sexshop001\/wp-json\/wp\/v2\/media\/14184"}],"wp:attachment":[{"href":"https:\/\/demoweb.info\/sexshop001\/wp-json\/wp\/v2\/media?parent=14183"}],"wp:term":[{"taxonomy":"product_cat","embeddable":true,"href":"https:\/\/demoweb.info\/sexshop001\/wp-json\/wp\/v2\/product_cat?post=14183"},{"taxonomy":"product_tag","embeddable":true,"href":"https:\/\/demoweb.info\/sexshop001\/wp-json\/wp\/v2\/product_tag?post=14183"}],"curies":[{"name":"wp","href":"https:\/\/api.w.org\/{rel}","templated":true}]}}