{"id":14168,"date":"2022-01-22T10:19:06","date_gmt":"2022-01-22T09:19:06","guid":{"rendered":"https:\/\/demoweb.info\/sexshop001\/producto\/vibrador-10x-flexing-rabbit-vibrator-black\/"},"modified":"2022-01-22T10:19:17","modified_gmt":"2022-01-22T09:19:17","slug":"vibrador-10x-flexing-rabbit-vibrator-black","status":"publish","type":"product","link":"https:\/\/demoweb.info\/sexshop001\/producto\/vibrador-10x-flexing-rabbit-vibrator-black\/","title":{"rendered":"VIBRADOR 10X FLEXING RABBIT VIBRATOR &#8211; BLACK"},"content":{"rendered":"<p><strong>ROYAL RABBITS BLING BUNNY 10X FLEXING RABBIT VIBRATOR &#8211; BLACK<\/strong><\/p>\n<p>Experimenta un orgasmo combinado del conejito felizmente vibrante contra tu cl\u00edtoris y el eje liso como la seda que simula un movimiento Come-Hither contra tu punto dulce.<\/p>\n<p>Este vibrador de silicona premium presenta 3 velocidades de vibraci\u00f3n y 7 patrones de latidos, as\u00ed como un amplio eje que se flexiona hacia arriba y hacia abajo para acariciar su punto G con 3 velocidades propias.<\/p>\n<p>El elegante panel de control adornado con gemas es f\u00e1cil de usar.<\/p>\n<p>Una nariz de conejo sobresaliente se\u00f1alar\u00e1 su cl\u00edtoris para vibrar, mientras que las orejas revolotear\u00e1n alrededor de \u00e9l para una sensaci\u00f3n completamente diferente.<\/p>\n<p>Esta herramienta de placer es magn\u00e9ticamente recargable e impermeable para que pueda darse un ba\u00f1o en la ba\u00f1era o la ducha.<\/p>\n<p>El material libre de ftalatos no es poroso para una f\u00e1cil limpieza con jab\u00f3n suave o limpiador de juguetes.<\/p>\n<p>Evite su uso con lubricantes de silicona.<\/p>\n<ul>\n<li>Dimensiones del producto    23,5 x 3,9 x 3,7 cm<\/li>\n<li>Peso del producto    272gram<\/li>\n<li>Longitud insertable    13,7 cm<\/li>\n<li>Recargable    S\u00ed<\/li>\n<li>A prueba de agua    S\u00ed<\/li>\n<li>Materiales    Silicone, ABS plastic\n\t <\/li>\n<\/ul>\n","protected":false},"excerpt":{"rendered":"<p>ROYAL RABBITS BLING BUNNY 10X FLEXING RABBIT VIBRATOR &#8211; BLACK Experimenta un orgasmo combinado del conejito felizmente vibrante contra tu<\/p>\n","protected":false},"featured_media":14169,"comment_status":"open","ping_status":"open","template":"","meta":[],"product_cat":[434],"product_tag":[491,274],"class_list":["post-14168","product","type-product","status-publish","has-post-thumbnail","hentry","product_cat-doble-estimulacion-vibradores-juguetes-xxx","product_tag-inmi","product_tag-xr-brands"],"bundled_by":[],"bundle_stock_status":"instock","bundle_stock_quantity":1,"bundle_virtual":false,"bundle_layout":"","bundle_add_to_cart_form_location":"","bundle_editable_in_cart":false,"bundle_sold_individually_context":"","bundle_item_grouping":"","bundle_min_size":"","bundle_max_size":"","bundled_items":[],"yoast_head":"<!-- This site is optimized with the Yoast SEO plugin v20.6 - https:\/\/yoast.com\/wordpress\/plugins\/seo\/ -->\n<title>VIBRADOR 10X FLEXING RABBIT VIBRATOR - BLACK - Tienda Er\u00f3tica<\/title>\n<meta name=\"robots\" content=\"noindex, follow, max-snippet:-1, max-image-preview:large, max-video-preview:-1\" \/>\n<meta property=\"og:locale\" content=\"es_ES\" \/>\n<meta property=\"og:type\" content=\"article\" \/>\n<meta property=\"og:title\" content=\"VIBRADOR 10X FLEXING RABBIT VIBRATOR - BLACK - Tienda Er\u00f3tica\" \/>\n<meta property=\"og:description\" content=\"ROYAL RABBITS BLING BUNNY 10X FLEXING RABBIT VIBRATOR &#8211; BLACK Experimenta un orgasmo combinado del conejito felizmente vibrante contra tu\" \/>\n<meta property=\"og:url\" content=\"https:\/\/demoweb.info\/sexshop001\/producto\/vibrador-10x-flexing-rabbit-vibrator-black\/\" \/>\n<meta property=\"og:site_name\" content=\"Tienda Er\u00f3tica\" \/>\n<meta property=\"article:modified_time\" content=\"2022-01-22T09:19:17+00:00\" \/>\n<meta property=\"og:image\" content=\"https:\/\/demoweb.info\/sexshop001\/wp-content\/uploads\/2022\/01\/VIBRADOR-10X-FLEXING-RABBIT-VIBRATOR-BLACK.jpg\" \/>\n\t<meta property=\"og:image:width\" content=\"550\" \/>\n\t<meta property=\"og:image:height\" content=\"550\" \/>\n\t<meta property=\"og:image:type\" content=\"image\/jpeg\" \/>\n<meta name=\"twitter:card\" content=\"summary_large_image\" \/>\n<meta name=\"twitter:label1\" content=\"Tiempo de lectura\" \/>\n\t<meta name=\"twitter:data1\" content=\"1 minuto\" \/>\n<script type=\"application\/ld+json\" class=\"yoast-schema-graph\">{\"@context\":\"https:\/\/schema.org\",\"@graph\":[{\"@type\":\"WebPage\",\"@id\":\"https:\/\/demoweb.info\/sexshop001\/producto\/vibrador-10x-flexing-rabbit-vibrator-black\/\",\"url\":\"https:\/\/demoweb.info\/sexshop001\/producto\/vibrador-10x-flexing-rabbit-vibrator-black\/\",\"name\":\"VIBRADOR 10X FLEXING RABBIT VIBRATOR - BLACK - Tienda Er\u00f3tica\",\"isPartOf\":{\"@id\":\"https:\/\/demoweb.info\/sexshop001\/#website\"},\"datePublished\":\"2022-01-22T09:19:06+00:00\",\"dateModified\":\"2022-01-22T09:19:17+00:00\",\"breadcrumb\":{\"@id\":\"https:\/\/demoweb.info\/sexshop001\/producto\/vibrador-10x-flexing-rabbit-vibrator-black\/#breadcrumb\"},\"inLanguage\":\"es\",\"potentialAction\":[{\"@type\":\"ReadAction\",\"target\":[\"https:\/\/demoweb.info\/sexshop001\/producto\/vibrador-10x-flexing-rabbit-vibrator-black\/\"]}]},{\"@type\":\"BreadcrumbList\",\"@id\":\"https:\/\/demoweb.info\/sexshop001\/producto\/vibrador-10x-flexing-rabbit-vibrator-black\/#breadcrumb\",\"itemListElement\":[{\"@type\":\"ListItem\",\"position\":1,\"name\":\"Portada\",\"item\":\"https:\/\/demoweb.info\/sexshop001\/\"},{\"@type\":\"ListItem\",\"position\":2,\"name\":\"Tienda\",\"item\":\"https:\/\/demoweb.info\/sexshop001\/tienda\/\"},{\"@type\":\"ListItem\",\"position\":3,\"name\":\"VIBRADOR 10X FLEXING RABBIT VIBRATOR &#8211; BLACK\"}]},{\"@type\":\"WebSite\",\"@id\":\"https:\/\/demoweb.info\/sexshop001\/#website\",\"url\":\"https:\/\/demoweb.info\/sexshop001\/\",\"name\":\"Tienda Er\u00f3tica\",\"description\":\"DEMOWEB SL\",\"potentialAction\":[{\"@type\":\"SearchAction\",\"target\":{\"@type\":\"EntryPoint\",\"urlTemplate\":\"https:\/\/demoweb.info\/sexshop001\/?s={search_term_string}\"},\"query-input\":\"required name=search_term_string\"}],\"inLanguage\":\"es\"}]}<\/script>\n<!-- \/ Yoast SEO plugin. -->","yoast_head_json":{"title":"VIBRADOR 10X FLEXING RABBIT VIBRATOR - BLACK - Tienda Er\u00f3tica","robots":{"index":"noindex","follow":"follow","max-snippet":"max-snippet:-1","max-image-preview":"max-image-preview:large","max-video-preview":"max-video-preview:-1"},"og_locale":"es_ES","og_type":"article","og_title":"VIBRADOR 10X FLEXING RABBIT VIBRATOR - BLACK - Tienda Er\u00f3tica","og_description":"ROYAL RABBITS BLING BUNNY 10X FLEXING RABBIT VIBRATOR &#8211; BLACK Experimenta un orgasmo combinado del conejito felizmente vibrante contra tu","og_url":"https:\/\/demoweb.info\/sexshop001\/producto\/vibrador-10x-flexing-rabbit-vibrator-black\/","og_site_name":"Tienda Er\u00f3tica","article_modified_time":"2022-01-22T09:19:17+00:00","og_image":[{"width":550,"height":550,"url":"https:\/\/demoweb.info\/sexshop001\/wp-content\/uploads\/2022\/01\/VIBRADOR-10X-FLEXING-RABBIT-VIBRATOR-BLACK.jpg","type":"image\/jpeg"}],"twitter_card":"summary_large_image","twitter_misc":{"Tiempo de lectura":"1 minuto"},"schema":{"@context":"https:\/\/schema.org","@graph":[{"@type":"WebPage","@id":"https:\/\/demoweb.info\/sexshop001\/producto\/vibrador-10x-flexing-rabbit-vibrator-black\/","url":"https:\/\/demoweb.info\/sexshop001\/producto\/vibrador-10x-flexing-rabbit-vibrator-black\/","name":"VIBRADOR 10X FLEXING RABBIT VIBRATOR - BLACK - Tienda Er\u00f3tica","isPartOf":{"@id":"https:\/\/demoweb.info\/sexshop001\/#website"},"datePublished":"2022-01-22T09:19:06+00:00","dateModified":"2022-01-22T09:19:17+00:00","breadcrumb":{"@id":"https:\/\/demoweb.info\/sexshop001\/producto\/vibrador-10x-flexing-rabbit-vibrator-black\/#breadcrumb"},"inLanguage":"es","potentialAction":[{"@type":"ReadAction","target":["https:\/\/demoweb.info\/sexshop001\/producto\/vibrador-10x-flexing-rabbit-vibrator-black\/"]}]},{"@type":"BreadcrumbList","@id":"https:\/\/demoweb.info\/sexshop001\/producto\/vibrador-10x-flexing-rabbit-vibrator-black\/#breadcrumb","itemListElement":[{"@type":"ListItem","position":1,"name":"Portada","item":"https:\/\/demoweb.info\/sexshop001\/"},{"@type":"ListItem","position":2,"name":"Tienda","item":"https:\/\/demoweb.info\/sexshop001\/tienda\/"},{"@type":"ListItem","position":3,"name":"VIBRADOR 10X FLEXING RABBIT VIBRATOR &#8211; BLACK"}]},{"@type":"WebSite","@id":"https:\/\/demoweb.info\/sexshop001\/#website","url":"https:\/\/demoweb.info\/sexshop001\/","name":"Tienda Er\u00f3tica","description":"DEMOWEB SL","potentialAction":[{"@type":"SearchAction","target":{"@type":"EntryPoint","urlTemplate":"https:\/\/demoweb.info\/sexshop001\/?s={search_term_string}"},"query-input":"required name=search_term_string"}],"inLanguage":"es"}]}},"_links":{"self":[{"href":"https:\/\/demoweb.info\/sexshop001\/wp-json\/wp\/v3\/product\/14168","targetHints":{"allow":["GET"]}}],"collection":[{"href":"https:\/\/demoweb.info\/sexshop001\/wp-json\/wp\/v3\/product"}],"about":[{"href":"https:\/\/demoweb.info\/sexshop001\/wp-json\/wp\/v2\/types\/product"}],"replies":[{"embeddable":true,"href":"https:\/\/demoweb.info\/sexshop001\/wp-json\/wp\/v2\/comments?post=14168"}],"wp:featuredmedia":[{"embeddable":true,"href":"https:\/\/demoweb.info\/sexshop001\/wp-json\/wp\/v2\/media\/14169"}],"wp:attachment":[{"href":"https:\/\/demoweb.info\/sexshop001\/wp-json\/wp\/v2\/media?parent=14168"}],"wp:term":[{"taxonomy":"product_cat","embeddable":true,"href":"https:\/\/demoweb.info\/sexshop001\/wp-json\/wp\/v2\/product_cat?post=14168"},{"taxonomy":"product_tag","embeddable":true,"href":"https:\/\/demoweb.info\/sexshop001\/wp-json\/wp\/v2\/product_tag?post=14168"}],"curies":[{"name":"wp","href":"https:\/\/api.w.org\/{rel}","templated":true}]}}