{"id":14131,"date":"2022-01-22T10:18:30","date_gmt":"2022-01-22T09:18:30","guid":{"rendered":"https:\/\/demoweb.info\/sexshop001\/producto\/plug-anal-vibrador-de-silicona-pequeno-negro\/"},"modified":"2022-01-22T10:18:59","modified_gmt":"2022-01-22T09:18:59","slug":"plug-anal-vibrador-de-silicona-pequeno-negro","status":"publish","type":"product","link":"https:\/\/demoweb.info\/sexshop001\/producto\/plug-anal-vibrador-de-silicona-pequeno-negro\/","title":{"rendered":"PLUG ANAL VIBRADOR DE SILICONA &#8211; PEQUE\u00d1O -NEGRO"},"content":{"rendered":"<p><strong>SILICONE VIBRATING LED PLUG &#8211; SMALL &#8211; BLACK<\/strong><\/p>\n<p>\u00a1Organiza un espect\u00e1culo de luces de puerta trasera sexy!<\/p>\n<p>Este amplio enchufe se ubica entre sus mejillas y hace sonar su bot\u00edn con 7 modos de vibraci\u00f3n poderosa.<\/p>\n<p>Mientras tanto, 5 colores diferentes de luz LED destellar\u00e1n de su ano en una secuencia psicod\u00e9lica, con 3 velocidades de luz estrobosc\u00f3pica para elegir.<\/p>\n<p>Use el control remoto para recorrer c\u00f3modamente las configuraciones de ambas funciones, o dele el poder a su compa\u00f1ero.<\/p>\n<p>La punta c\u00f3nica y la silicona suave como la seda permiten una inserci\u00f3n c\u00f3moda.<\/p>\n<p>Este es un gran complemento para un raver rizado o cualquier persona que quiera agacharse en la oscuridad y sorprender a su pareja.<\/p>\n<p>Preserve el material de alto grado sin ftalatos evitando su uso con lubricantes de silicona y limpi\u00e1ndolo con jab\u00f3n suave o limpiador de juguetes.<\/p>\n<ul>\n<li>Peso del producto 91 gram<\/li>\n<li>Longitud insertable 7,5 cm<\/li>\n<li>Recargable S\u00ed<\/li>\n<li>A prueba de agua S\u00ed<\/li>\n<li>Materiales Silicona, ABS plastic<\/li>\n<\/ul>\n","protected":false},"excerpt":{"rendered":"<p>SILICONE VIBRATING LED PLUG &#8211; SMALL &#8211; BLACK \u00a1Organiza un espect\u00e1culo de luces de puerta trasera sexy! Este amplio enchufe<\/p>\n","protected":false},"featured_media":14132,"comment_status":"open","ping_status":"open","template":"","meta":[],"product_cat":[338],"product_tag":[465,274],"class_list":["post-14131","product","type-product","status-publish","has-post-thumbnail","hentry","product_cat-silicona-plugs","product_tag-booty-sparks","product_tag-xr-brands"],"bundled_by":[],"bundle_stock_status":"instock","bundle_stock_quantity":1,"bundle_virtual":false,"bundle_layout":"","bundle_add_to_cart_form_location":"","bundle_editable_in_cart":false,"bundle_sold_individually_context":"","bundle_item_grouping":"","bundle_min_size":"","bundle_max_size":"","bundled_items":[],"yoast_head":"<!-- This site is optimized with the Yoast SEO plugin v20.6 - https:\/\/yoast.com\/wordpress\/plugins\/seo\/ -->\n<title>PLUG ANAL VIBRADOR DE SILICONA - PEQUE\u00d1O -NEGRO - Tienda Er\u00f3tica<\/title>\n<meta name=\"robots\" content=\"noindex, follow, max-snippet:-1, max-image-preview:large, max-video-preview:-1\" \/>\n<meta property=\"og:locale\" content=\"es_ES\" \/>\n<meta property=\"og:type\" content=\"article\" \/>\n<meta property=\"og:title\" content=\"PLUG ANAL VIBRADOR DE SILICONA - PEQUE\u00d1O -NEGRO - Tienda Er\u00f3tica\" \/>\n<meta property=\"og:description\" content=\"SILICONE VIBRATING LED PLUG &#8211; SMALL &#8211; BLACK \u00a1Organiza un espect\u00e1culo de luces de puerta trasera sexy! Este amplio enchufe\" \/>\n<meta property=\"og:url\" content=\"https:\/\/demoweb.info\/sexshop001\/producto\/plug-anal-vibrador-de-silicona-pequeno-negro\/\" \/>\n<meta property=\"og:site_name\" content=\"Tienda Er\u00f3tica\" \/>\n<meta property=\"article:modified_time\" content=\"2022-01-22T09:18:59+00:00\" \/>\n<meta property=\"og:image\" content=\"https:\/\/demoweb.info\/sexshop001\/wp-content\/uploads\/2022\/01\/PLUG-ANAL-VIBRADOR-DE-SILICONA-PEQUENO-NEGRO.jpg\" \/>\n\t<meta property=\"og:image:width\" content=\"550\" \/>\n\t<meta property=\"og:image:height\" content=\"550\" \/>\n\t<meta property=\"og:image:type\" content=\"image\/jpeg\" \/>\n<meta name=\"twitter:card\" content=\"summary_large_image\" \/>\n<meta name=\"twitter:label1\" content=\"Tiempo de lectura\" \/>\n\t<meta name=\"twitter:data1\" content=\"1 minuto\" \/>\n<script type=\"application\/ld+json\" class=\"yoast-schema-graph\">{\"@context\":\"https:\/\/schema.org\",\"@graph\":[{\"@type\":\"WebPage\",\"@id\":\"https:\/\/demoweb.info\/sexshop001\/producto\/plug-anal-vibrador-de-silicona-pequeno-negro\/\",\"url\":\"https:\/\/demoweb.info\/sexshop001\/producto\/plug-anal-vibrador-de-silicona-pequeno-negro\/\",\"name\":\"PLUG ANAL VIBRADOR DE SILICONA - PEQUE\u00d1O -NEGRO - Tienda Er\u00f3tica\",\"isPartOf\":{\"@id\":\"https:\/\/demoweb.info\/sexshop001\/#website\"},\"datePublished\":\"2022-01-22T09:18:30+00:00\",\"dateModified\":\"2022-01-22T09:18:59+00:00\",\"breadcrumb\":{\"@id\":\"https:\/\/demoweb.info\/sexshop001\/producto\/plug-anal-vibrador-de-silicona-pequeno-negro\/#breadcrumb\"},\"inLanguage\":\"es\",\"potentialAction\":[{\"@type\":\"ReadAction\",\"target\":[\"https:\/\/demoweb.info\/sexshop001\/producto\/plug-anal-vibrador-de-silicona-pequeno-negro\/\"]}]},{\"@type\":\"BreadcrumbList\",\"@id\":\"https:\/\/demoweb.info\/sexshop001\/producto\/plug-anal-vibrador-de-silicona-pequeno-negro\/#breadcrumb\",\"itemListElement\":[{\"@type\":\"ListItem\",\"position\":1,\"name\":\"Portada\",\"item\":\"https:\/\/demoweb.info\/sexshop001\/\"},{\"@type\":\"ListItem\",\"position\":2,\"name\":\"Tienda\",\"item\":\"https:\/\/demoweb.info\/sexshop001\/tienda\/\"},{\"@type\":\"ListItem\",\"position\":3,\"name\":\"PLUG ANAL VIBRADOR DE SILICONA &#8211; PEQUE\u00d1O -NEGRO\"}]},{\"@type\":\"WebSite\",\"@id\":\"https:\/\/demoweb.info\/sexshop001\/#website\",\"url\":\"https:\/\/demoweb.info\/sexshop001\/\",\"name\":\"Tienda Er\u00f3tica\",\"description\":\"DEMOWEB SL\",\"potentialAction\":[{\"@type\":\"SearchAction\",\"target\":{\"@type\":\"EntryPoint\",\"urlTemplate\":\"https:\/\/demoweb.info\/sexshop001\/?s={search_term_string}\"},\"query-input\":\"required name=search_term_string\"}],\"inLanguage\":\"es\"}]}<\/script>\n<!-- \/ Yoast SEO plugin. -->","yoast_head_json":{"title":"PLUG ANAL VIBRADOR DE SILICONA - PEQUE\u00d1O -NEGRO - Tienda Er\u00f3tica","robots":{"index":"noindex","follow":"follow","max-snippet":"max-snippet:-1","max-image-preview":"max-image-preview:large","max-video-preview":"max-video-preview:-1"},"og_locale":"es_ES","og_type":"article","og_title":"PLUG ANAL VIBRADOR DE SILICONA - PEQUE\u00d1O -NEGRO - Tienda Er\u00f3tica","og_description":"SILICONE VIBRATING LED PLUG &#8211; SMALL &#8211; BLACK \u00a1Organiza un espect\u00e1culo de luces de puerta trasera sexy! Este amplio enchufe","og_url":"https:\/\/demoweb.info\/sexshop001\/producto\/plug-anal-vibrador-de-silicona-pequeno-negro\/","og_site_name":"Tienda Er\u00f3tica","article_modified_time":"2022-01-22T09:18:59+00:00","og_image":[{"width":550,"height":550,"url":"https:\/\/demoweb.info\/sexshop001\/wp-content\/uploads\/2022\/01\/PLUG-ANAL-VIBRADOR-DE-SILICONA-PEQUENO-NEGRO.jpg","type":"image\/jpeg"}],"twitter_card":"summary_large_image","twitter_misc":{"Tiempo de lectura":"1 minuto"},"schema":{"@context":"https:\/\/schema.org","@graph":[{"@type":"WebPage","@id":"https:\/\/demoweb.info\/sexshop001\/producto\/plug-anal-vibrador-de-silicona-pequeno-negro\/","url":"https:\/\/demoweb.info\/sexshop001\/producto\/plug-anal-vibrador-de-silicona-pequeno-negro\/","name":"PLUG ANAL VIBRADOR DE SILICONA - PEQUE\u00d1O -NEGRO - Tienda Er\u00f3tica","isPartOf":{"@id":"https:\/\/demoweb.info\/sexshop001\/#website"},"datePublished":"2022-01-22T09:18:30+00:00","dateModified":"2022-01-22T09:18:59+00:00","breadcrumb":{"@id":"https:\/\/demoweb.info\/sexshop001\/producto\/plug-anal-vibrador-de-silicona-pequeno-negro\/#breadcrumb"},"inLanguage":"es","potentialAction":[{"@type":"ReadAction","target":["https:\/\/demoweb.info\/sexshop001\/producto\/plug-anal-vibrador-de-silicona-pequeno-negro\/"]}]},{"@type":"BreadcrumbList","@id":"https:\/\/demoweb.info\/sexshop001\/producto\/plug-anal-vibrador-de-silicona-pequeno-negro\/#breadcrumb","itemListElement":[{"@type":"ListItem","position":1,"name":"Portada","item":"https:\/\/demoweb.info\/sexshop001\/"},{"@type":"ListItem","position":2,"name":"Tienda","item":"https:\/\/demoweb.info\/sexshop001\/tienda\/"},{"@type":"ListItem","position":3,"name":"PLUG ANAL VIBRADOR DE SILICONA &#8211; PEQUE\u00d1O -NEGRO"}]},{"@type":"WebSite","@id":"https:\/\/demoweb.info\/sexshop001\/#website","url":"https:\/\/demoweb.info\/sexshop001\/","name":"Tienda Er\u00f3tica","description":"DEMOWEB SL","potentialAction":[{"@type":"SearchAction","target":{"@type":"EntryPoint","urlTemplate":"https:\/\/demoweb.info\/sexshop001\/?s={search_term_string}"},"query-input":"required name=search_term_string"}],"inLanguage":"es"}]}},"_links":{"self":[{"href":"https:\/\/demoweb.info\/sexshop001\/wp-json\/wp\/v3\/product\/14131","targetHints":{"allow":["GET"]}}],"collection":[{"href":"https:\/\/demoweb.info\/sexshop001\/wp-json\/wp\/v3\/product"}],"about":[{"href":"https:\/\/demoweb.info\/sexshop001\/wp-json\/wp\/v2\/types\/product"}],"replies":[{"embeddable":true,"href":"https:\/\/demoweb.info\/sexshop001\/wp-json\/wp\/v2\/comments?post=14131"}],"wp:featuredmedia":[{"embeddable":true,"href":"https:\/\/demoweb.info\/sexshop001\/wp-json\/wp\/v2\/media\/14132"}],"wp:attachment":[{"href":"https:\/\/demoweb.info\/sexshop001\/wp-json\/wp\/v2\/media?parent=14131"}],"wp:term":[{"taxonomy":"product_cat","embeddable":true,"href":"https:\/\/demoweb.info\/sexshop001\/wp-json\/wp\/v2\/product_cat?post=14131"},{"taxonomy":"product_tag","embeddable":true,"href":"https:\/\/demoweb.info\/sexshop001\/wp-json\/wp\/v2\/product_tag?post=14131"}],"curies":[{"name":"wp","href":"https:\/\/api.w.org\/{rel}","templated":true}]}}