{"id":14121,"date":"2022-01-22T10:18:30","date_gmt":"2022-01-22T09:18:30","guid":{"rendered":"https:\/\/demoweb.info\/sexshop001\/producto\/vibrador-de-prostata-flexible-negro\/"},"modified":"2022-01-22T10:18:54","modified_gmt":"2022-01-22T09:18:54","slug":"vibrador-de-prostata-flexible-negro","status":"publish","type":"product","link":"https:\/\/demoweb.info\/sexshop001\/producto\/vibrador-de-prostata-flexible-negro\/","title":{"rendered":"VIBRADOR DE PROSTATA FLEXIBLE &#8211; NEGRO"},"content":{"rendered":"<p><strong>PRO-BEND BENDABLE PROSTATE VIBRATOR &#8211; BLACK<\/strong><\/p>\n<p>Personalice su experiencia de orde\u00f1o de pr\u00f3stata con un masajeador que se dobla en el \u00e1ngulo perfecto para alcanzar su punto \u00f3ptimo.<\/p>\n<p>Esta herramienta anal flexible presenta un cord\u00f3n debajo de su superficie de silicona sedosa que se deslizar\u00e1 suavemente hacia arriba y hacia abajo contra su punto P.<\/p>\n<p>Simplemente coloque el eje en su forma curva ideal y desl\u00edcelo hacia adentro, permitiendo que el v\u00e1stago externo descanse contra su perineo.<\/p>\n<p>Explore 3 velocidades y 4 patrones de vibraci\u00f3n poderosa por dentro y por fuera, mientras que el orde\u00f1ador de pr\u00f3stata lo trata a 3 velocidades y 2 patrones de movimiento de caricia.<\/p>\n<p>Esta herramienta de placer para hombres est\u00e1 hecha de silicona premium que no es porosa y no contiene ftalatos.<\/p>\n<p>Evite el uso con lubricantes de silicona y limpie despu\u00e9s de usar con jab\u00f3n suave o limpiador de juguetes.<\/p>\n<ul>\n<li>Peso del producto    109 gram<\/li>\n<li>Longitud insertable    10,1 cm<\/li>\n<li>Recargable    S\u00ed<\/li>\n<li>A prueba de agua    S\u00ed<\/li>\n<li>Materiales    Silicone, ABS plastic\n\t <\/li>\n<\/ul>\n","protected":false},"excerpt":{"rendered":"<p>PRO-BEND BENDABLE PROSTATE VIBRATOR &#8211; BLACK Personalice su experiencia de orde\u00f1o de pr\u00f3stata con un masajeador que se dobla en<\/p>\n","protected":false},"featured_media":14122,"comment_status":"open","ping_status":"open","template":"","meta":[],"product_cat":[338],"product_tag":[274],"class_list":["post-14121","product","type-product","status-publish","has-post-thumbnail","hentry","product_cat-silicona-plugs","product_tag-xr-brands"],"bundled_by":[],"bundle_stock_status":"instock","bundle_stock_quantity":2,"bundle_virtual":false,"bundle_layout":"","bundle_add_to_cart_form_location":"","bundle_editable_in_cart":false,"bundle_sold_individually_context":"","bundle_item_grouping":"","bundle_min_size":"","bundle_max_size":"","bundled_items":[],"yoast_head":"<!-- This site is optimized with the Yoast SEO plugin v20.6 - https:\/\/yoast.com\/wordpress\/plugins\/seo\/ -->\n<title>VIBRADOR DE PROSTATA FLEXIBLE - NEGRO - Tienda Er\u00f3tica<\/title>\n<meta name=\"robots\" content=\"noindex, follow, max-snippet:-1, max-image-preview:large, max-video-preview:-1\" \/>\n<meta property=\"og:locale\" content=\"es_ES\" \/>\n<meta property=\"og:type\" content=\"article\" \/>\n<meta property=\"og:title\" content=\"VIBRADOR DE PROSTATA FLEXIBLE - NEGRO - Tienda Er\u00f3tica\" \/>\n<meta property=\"og:description\" content=\"PRO-BEND BENDABLE PROSTATE VIBRATOR &#8211; BLACK Personalice su experiencia de orde\u00f1o de pr\u00f3stata con un masajeador que se dobla en\" \/>\n<meta property=\"og:url\" content=\"https:\/\/demoweb.info\/sexshop001\/producto\/vibrador-de-prostata-flexible-negro\/\" \/>\n<meta property=\"og:site_name\" content=\"Tienda Er\u00f3tica\" \/>\n<meta property=\"article:modified_time\" content=\"2022-01-22T09:18:54+00:00\" \/>\n<meta property=\"og:image\" content=\"https:\/\/demoweb.info\/sexshop001\/wp-content\/uploads\/2022\/01\/VIBRADOR-DE-PROSTATA-FLEXIBLE-NEGRO.jpg\" \/>\n\t<meta property=\"og:image:width\" content=\"550\" \/>\n\t<meta property=\"og:image:height\" content=\"550\" \/>\n\t<meta property=\"og:image:type\" content=\"image\/jpeg\" \/>\n<meta name=\"twitter:card\" content=\"summary_large_image\" \/>\n<meta name=\"twitter:label1\" content=\"Tiempo de lectura\" \/>\n\t<meta name=\"twitter:data1\" content=\"1 minuto\" \/>\n<script type=\"application\/ld+json\" class=\"yoast-schema-graph\">{\"@context\":\"https:\/\/schema.org\",\"@graph\":[{\"@type\":\"WebPage\",\"@id\":\"https:\/\/demoweb.info\/sexshop001\/producto\/vibrador-de-prostata-flexible-negro\/\",\"url\":\"https:\/\/demoweb.info\/sexshop001\/producto\/vibrador-de-prostata-flexible-negro\/\",\"name\":\"VIBRADOR DE PROSTATA FLEXIBLE - NEGRO - Tienda Er\u00f3tica\",\"isPartOf\":{\"@id\":\"https:\/\/demoweb.info\/sexshop001\/#website\"},\"datePublished\":\"2022-01-22T09:18:30+00:00\",\"dateModified\":\"2022-01-22T09:18:54+00:00\",\"breadcrumb\":{\"@id\":\"https:\/\/demoweb.info\/sexshop001\/producto\/vibrador-de-prostata-flexible-negro\/#breadcrumb\"},\"inLanguage\":\"es\",\"potentialAction\":[{\"@type\":\"ReadAction\",\"target\":[\"https:\/\/demoweb.info\/sexshop001\/producto\/vibrador-de-prostata-flexible-negro\/\"]}]},{\"@type\":\"BreadcrumbList\",\"@id\":\"https:\/\/demoweb.info\/sexshop001\/producto\/vibrador-de-prostata-flexible-negro\/#breadcrumb\",\"itemListElement\":[{\"@type\":\"ListItem\",\"position\":1,\"name\":\"Portada\",\"item\":\"https:\/\/demoweb.info\/sexshop001\/\"},{\"@type\":\"ListItem\",\"position\":2,\"name\":\"Tienda\",\"item\":\"https:\/\/demoweb.info\/sexshop001\/tienda\/\"},{\"@type\":\"ListItem\",\"position\":3,\"name\":\"VIBRADOR DE PROSTATA FLEXIBLE &#8211; NEGRO\"}]},{\"@type\":\"WebSite\",\"@id\":\"https:\/\/demoweb.info\/sexshop001\/#website\",\"url\":\"https:\/\/demoweb.info\/sexshop001\/\",\"name\":\"Tienda Er\u00f3tica\",\"description\":\"DEMOWEB SL\",\"potentialAction\":[{\"@type\":\"SearchAction\",\"target\":{\"@type\":\"EntryPoint\",\"urlTemplate\":\"https:\/\/demoweb.info\/sexshop001\/?s={search_term_string}\"},\"query-input\":\"required name=search_term_string\"}],\"inLanguage\":\"es\"}]}<\/script>\n<!-- \/ Yoast SEO plugin. -->","yoast_head_json":{"title":"VIBRADOR DE PROSTATA FLEXIBLE - NEGRO - Tienda Er\u00f3tica","robots":{"index":"noindex","follow":"follow","max-snippet":"max-snippet:-1","max-image-preview":"max-image-preview:large","max-video-preview":"max-video-preview:-1"},"og_locale":"es_ES","og_type":"article","og_title":"VIBRADOR DE PROSTATA FLEXIBLE - NEGRO - Tienda Er\u00f3tica","og_description":"PRO-BEND BENDABLE PROSTATE VIBRATOR &#8211; BLACK Personalice su experiencia de orde\u00f1o de pr\u00f3stata con un masajeador que se dobla en","og_url":"https:\/\/demoweb.info\/sexshop001\/producto\/vibrador-de-prostata-flexible-negro\/","og_site_name":"Tienda Er\u00f3tica","article_modified_time":"2022-01-22T09:18:54+00:00","og_image":[{"width":550,"height":550,"url":"https:\/\/demoweb.info\/sexshop001\/wp-content\/uploads\/2022\/01\/VIBRADOR-DE-PROSTATA-FLEXIBLE-NEGRO.jpg","type":"image\/jpeg"}],"twitter_card":"summary_large_image","twitter_misc":{"Tiempo de lectura":"1 minuto"},"schema":{"@context":"https:\/\/schema.org","@graph":[{"@type":"WebPage","@id":"https:\/\/demoweb.info\/sexshop001\/producto\/vibrador-de-prostata-flexible-negro\/","url":"https:\/\/demoweb.info\/sexshop001\/producto\/vibrador-de-prostata-flexible-negro\/","name":"VIBRADOR DE PROSTATA FLEXIBLE - NEGRO - Tienda Er\u00f3tica","isPartOf":{"@id":"https:\/\/demoweb.info\/sexshop001\/#website"},"datePublished":"2022-01-22T09:18:30+00:00","dateModified":"2022-01-22T09:18:54+00:00","breadcrumb":{"@id":"https:\/\/demoweb.info\/sexshop001\/producto\/vibrador-de-prostata-flexible-negro\/#breadcrumb"},"inLanguage":"es","potentialAction":[{"@type":"ReadAction","target":["https:\/\/demoweb.info\/sexshop001\/producto\/vibrador-de-prostata-flexible-negro\/"]}]},{"@type":"BreadcrumbList","@id":"https:\/\/demoweb.info\/sexshop001\/producto\/vibrador-de-prostata-flexible-negro\/#breadcrumb","itemListElement":[{"@type":"ListItem","position":1,"name":"Portada","item":"https:\/\/demoweb.info\/sexshop001\/"},{"@type":"ListItem","position":2,"name":"Tienda","item":"https:\/\/demoweb.info\/sexshop001\/tienda\/"},{"@type":"ListItem","position":3,"name":"VIBRADOR DE PROSTATA FLEXIBLE &#8211; NEGRO"}]},{"@type":"WebSite","@id":"https:\/\/demoweb.info\/sexshop001\/#website","url":"https:\/\/demoweb.info\/sexshop001\/","name":"Tienda Er\u00f3tica","description":"DEMOWEB SL","potentialAction":[{"@type":"SearchAction","target":{"@type":"EntryPoint","urlTemplate":"https:\/\/demoweb.info\/sexshop001\/?s={search_term_string}"},"query-input":"required name=search_term_string"}],"inLanguage":"es"}]}},"_links":{"self":[{"href":"https:\/\/demoweb.info\/sexshop001\/wp-json\/wp\/v3\/product\/14121","targetHints":{"allow":["GET"]}}],"collection":[{"href":"https:\/\/demoweb.info\/sexshop001\/wp-json\/wp\/v3\/product"}],"about":[{"href":"https:\/\/demoweb.info\/sexshop001\/wp-json\/wp\/v2\/types\/product"}],"replies":[{"embeddable":true,"href":"https:\/\/demoweb.info\/sexshop001\/wp-json\/wp\/v2\/comments?post=14121"}],"wp:featuredmedia":[{"embeddable":true,"href":"https:\/\/demoweb.info\/sexshop001\/wp-json\/wp\/v2\/media\/14122"}],"wp:attachment":[{"href":"https:\/\/demoweb.info\/sexshop001\/wp-json\/wp\/v2\/media?parent=14121"}],"wp:term":[{"taxonomy":"product_cat","embeddable":true,"href":"https:\/\/demoweb.info\/sexshop001\/wp-json\/wp\/v2\/product_cat?post=14121"},{"taxonomy":"product_tag","embeddable":true,"href":"https:\/\/demoweb.info\/sexshop001\/wp-json\/wp\/v2\/product_tag?post=14121"}],"curies":[{"name":"wp","href":"https:\/\/api.w.org\/{rel}","templated":true}]}}