{"id":14100,"date":"2022-01-22T10:18:30","date_gmt":"2022-01-22T09:18:30","guid":{"rendered":"https:\/\/demoweb.info\/sexshop001\/producto\/3-way-bomba-de-pezon-y-clitoris-rojo\/"},"modified":"2022-01-22T10:18:45","modified_gmt":"2022-01-22T09:18:45","slug":"3-way-bomba-de-pezon-y-clitoris-rojo","status":"publish","type":"product","link":"https:\/\/demoweb.info\/sexshop001\/producto\/3-way-bomba-de-pezon-y-clitoris-rojo\/","title":{"rendered":"3-WAY &#8211; BOMBA DE PEZON Y CLITORIS &#8211; ROJO"},"content":{"rendered":"<p><strong>3-WAY SUCK HER NIPPLE AND CLIT PUMP SYSTEM &#8211; RED<\/strong><\/p>\n<p>Observe c\u00f3mo sus pezones y cl\u00edtoris se hinchan dentro de los cilindros de esta bomba de 3 v\u00edas.<\/p>\n<p>La succi\u00f3n aumenta la sensibilidad y se hincha temporalmente, para darle dos pezones hinchados y sensibles y un cl\u00edtoris hinchado.<\/p>\n<p>\u00a1Imagina las intensas sensaciones sensuales que puedes experimentar, solo o en pareja!<\/p>\n<p>\u00a1Bombee 2 partes a la vez!<\/p>\n<p>Simplemente coloque los cilindros transparentes sobre sus peque\u00f1as protuberancias sensibles, usando lubricante si es necesario para que sean herm\u00e9ticos.<\/p>\n<p>La bomba manual de estilo gatillo es f\u00e1cil de usar: simplemente aprieta para generar presi\u00f3n dentro de los cilindros.<\/p>\n<p>El tubo incluye 2 v\u00e1lvulas de flujo de aire controladas individualmente para personalizar la experiencia de cada pez\u00f3n y su cl\u00edtoris.<\/p>\n<p>Cuando est\u00e9 satisfecho con sus brotes hinchados, una v\u00e1lvula de liberaci\u00f3n r\u00e1pida le permite disminuir r\u00e1pidamente la presi\u00f3n, liberando efectivamente sus pezones y cl\u00edtoris<\/p>\n<p>. Incluso puede separar los cilindros despu\u00e9s del bombeo y mantenerlos encendidos mientras juega.<\/p>\n<p>\u00a1Haz que tus partes m\u00e1s sensibles sean a\u00fan m\u00e1s sensibles!\n <\/p>\n<ul>\n<li>Peso embalaje    259 gram<\/li>\n<li>Peso del producto    184,00 gram<\/li>\n<li>Materiales    Silicone, ABS plastic<\/li>\n<\/ul>\n","protected":false},"excerpt":{"rendered":"<p>3-WAY SUCK HER NIPPLE AND CLIT PUMP SYSTEM &#8211; RED Observe c\u00f3mo sus pezones y cl\u00edtoris se hinchan dentro de<\/p>\n","protected":false},"featured_media":14101,"comment_status":"open","ping_status":"open","template":"","meta":[],"product_cat":[405],"product_tag":[463,274],"class_list":["post-14100","product","type-product","status-publish","has-post-thumbnail","hentry","product_cat-succionadores","product_tag-master-series","product_tag-xr-brands"],"bundled_by":[],"bundle_stock_status":"instock","bundle_stock_quantity":2,"bundle_virtual":false,"bundle_layout":"","bundle_add_to_cart_form_location":"","bundle_editable_in_cart":false,"bundle_sold_individually_context":"","bundle_item_grouping":"","bundle_min_size":"","bundle_max_size":"","bundled_items":[],"yoast_head":"<!-- This site is optimized with the Yoast SEO plugin v20.6 - https:\/\/yoast.com\/wordpress\/plugins\/seo\/ -->\n<title>3-WAY - BOMBA DE PEZON Y CLITORIS - ROJO - Tienda Er\u00f3tica<\/title>\n<meta name=\"robots\" content=\"noindex, follow, max-snippet:-1, max-image-preview:large, max-video-preview:-1\" \/>\n<meta property=\"og:locale\" content=\"es_ES\" \/>\n<meta property=\"og:type\" content=\"article\" \/>\n<meta property=\"og:title\" content=\"3-WAY - BOMBA DE PEZON Y CLITORIS - ROJO - Tienda Er\u00f3tica\" \/>\n<meta property=\"og:description\" content=\"3-WAY SUCK HER NIPPLE AND CLIT PUMP SYSTEM &#8211; RED Observe c\u00f3mo sus pezones y cl\u00edtoris se hinchan dentro de\" \/>\n<meta property=\"og:url\" content=\"https:\/\/demoweb.info\/sexshop001\/producto\/3-way-bomba-de-pezon-y-clitoris-rojo\/\" \/>\n<meta property=\"og:site_name\" content=\"Tienda Er\u00f3tica\" \/>\n<meta property=\"article:modified_time\" content=\"2022-01-22T09:18:45+00:00\" \/>\n<meta property=\"og:image\" content=\"https:\/\/demoweb.info\/sexshop001\/wp-content\/uploads\/2022\/01\/3-WAY-BOMBA-DE-PEZON-Y-CLITORIS-ROJO.jpg\" \/>\n\t<meta property=\"og:image:width\" content=\"550\" \/>\n\t<meta property=\"og:image:height\" content=\"550\" \/>\n\t<meta property=\"og:image:type\" content=\"image\/jpeg\" \/>\n<meta name=\"twitter:card\" content=\"summary_large_image\" \/>\n<meta name=\"twitter:label1\" content=\"Tiempo de lectura\" \/>\n\t<meta name=\"twitter:data1\" content=\"1 minuto\" \/>\n<script type=\"application\/ld+json\" class=\"yoast-schema-graph\">{\"@context\":\"https:\/\/schema.org\",\"@graph\":[{\"@type\":\"WebPage\",\"@id\":\"https:\/\/demoweb.info\/sexshop001\/producto\/3-way-bomba-de-pezon-y-clitoris-rojo\/\",\"url\":\"https:\/\/demoweb.info\/sexshop001\/producto\/3-way-bomba-de-pezon-y-clitoris-rojo\/\",\"name\":\"3-WAY - BOMBA DE PEZON Y CLITORIS - ROJO - Tienda Er\u00f3tica\",\"isPartOf\":{\"@id\":\"https:\/\/demoweb.info\/sexshop001\/#website\"},\"datePublished\":\"2022-01-22T09:18:30+00:00\",\"dateModified\":\"2022-01-22T09:18:45+00:00\",\"breadcrumb\":{\"@id\":\"https:\/\/demoweb.info\/sexshop001\/producto\/3-way-bomba-de-pezon-y-clitoris-rojo\/#breadcrumb\"},\"inLanguage\":\"es\",\"potentialAction\":[{\"@type\":\"ReadAction\",\"target\":[\"https:\/\/demoweb.info\/sexshop001\/producto\/3-way-bomba-de-pezon-y-clitoris-rojo\/\"]}]},{\"@type\":\"BreadcrumbList\",\"@id\":\"https:\/\/demoweb.info\/sexshop001\/producto\/3-way-bomba-de-pezon-y-clitoris-rojo\/#breadcrumb\",\"itemListElement\":[{\"@type\":\"ListItem\",\"position\":1,\"name\":\"Portada\",\"item\":\"https:\/\/demoweb.info\/sexshop001\/\"},{\"@type\":\"ListItem\",\"position\":2,\"name\":\"Tienda\",\"item\":\"https:\/\/demoweb.info\/sexshop001\/tienda\/\"},{\"@type\":\"ListItem\",\"position\":3,\"name\":\"3-WAY &#8211; BOMBA DE PEZON Y CLITORIS &#8211; ROJO\"}]},{\"@type\":\"WebSite\",\"@id\":\"https:\/\/demoweb.info\/sexshop001\/#website\",\"url\":\"https:\/\/demoweb.info\/sexshop001\/\",\"name\":\"Tienda Er\u00f3tica\",\"description\":\"DEMOWEB SL\",\"potentialAction\":[{\"@type\":\"SearchAction\",\"target\":{\"@type\":\"EntryPoint\",\"urlTemplate\":\"https:\/\/demoweb.info\/sexshop001\/?s={search_term_string}\"},\"query-input\":\"required name=search_term_string\"}],\"inLanguage\":\"es\"}]}<\/script>\n<!-- \/ Yoast SEO plugin. -->","yoast_head_json":{"title":"3-WAY - BOMBA DE PEZON Y CLITORIS - ROJO - Tienda Er\u00f3tica","robots":{"index":"noindex","follow":"follow","max-snippet":"max-snippet:-1","max-image-preview":"max-image-preview:large","max-video-preview":"max-video-preview:-1"},"og_locale":"es_ES","og_type":"article","og_title":"3-WAY - BOMBA DE PEZON Y CLITORIS - ROJO - Tienda Er\u00f3tica","og_description":"3-WAY SUCK HER NIPPLE AND CLIT PUMP SYSTEM &#8211; RED Observe c\u00f3mo sus pezones y cl\u00edtoris se hinchan dentro de","og_url":"https:\/\/demoweb.info\/sexshop001\/producto\/3-way-bomba-de-pezon-y-clitoris-rojo\/","og_site_name":"Tienda Er\u00f3tica","article_modified_time":"2022-01-22T09:18:45+00:00","og_image":[{"width":550,"height":550,"url":"https:\/\/demoweb.info\/sexshop001\/wp-content\/uploads\/2022\/01\/3-WAY-BOMBA-DE-PEZON-Y-CLITORIS-ROJO.jpg","type":"image\/jpeg"}],"twitter_card":"summary_large_image","twitter_misc":{"Tiempo de lectura":"1 minuto"},"schema":{"@context":"https:\/\/schema.org","@graph":[{"@type":"WebPage","@id":"https:\/\/demoweb.info\/sexshop001\/producto\/3-way-bomba-de-pezon-y-clitoris-rojo\/","url":"https:\/\/demoweb.info\/sexshop001\/producto\/3-way-bomba-de-pezon-y-clitoris-rojo\/","name":"3-WAY - BOMBA DE PEZON Y CLITORIS - ROJO - Tienda Er\u00f3tica","isPartOf":{"@id":"https:\/\/demoweb.info\/sexshop001\/#website"},"datePublished":"2022-01-22T09:18:30+00:00","dateModified":"2022-01-22T09:18:45+00:00","breadcrumb":{"@id":"https:\/\/demoweb.info\/sexshop001\/producto\/3-way-bomba-de-pezon-y-clitoris-rojo\/#breadcrumb"},"inLanguage":"es","potentialAction":[{"@type":"ReadAction","target":["https:\/\/demoweb.info\/sexshop001\/producto\/3-way-bomba-de-pezon-y-clitoris-rojo\/"]}]},{"@type":"BreadcrumbList","@id":"https:\/\/demoweb.info\/sexshop001\/producto\/3-way-bomba-de-pezon-y-clitoris-rojo\/#breadcrumb","itemListElement":[{"@type":"ListItem","position":1,"name":"Portada","item":"https:\/\/demoweb.info\/sexshop001\/"},{"@type":"ListItem","position":2,"name":"Tienda","item":"https:\/\/demoweb.info\/sexshop001\/tienda\/"},{"@type":"ListItem","position":3,"name":"3-WAY &#8211; BOMBA DE PEZON Y CLITORIS &#8211; ROJO"}]},{"@type":"WebSite","@id":"https:\/\/demoweb.info\/sexshop001\/#website","url":"https:\/\/demoweb.info\/sexshop001\/","name":"Tienda Er\u00f3tica","description":"DEMOWEB SL","potentialAction":[{"@type":"SearchAction","target":{"@type":"EntryPoint","urlTemplate":"https:\/\/demoweb.info\/sexshop001\/?s={search_term_string}"},"query-input":"required name=search_term_string"}],"inLanguage":"es"}]}},"_links":{"self":[{"href":"https:\/\/demoweb.info\/sexshop001\/wp-json\/wp\/v3\/product\/14100","targetHints":{"allow":["GET"]}}],"collection":[{"href":"https:\/\/demoweb.info\/sexshop001\/wp-json\/wp\/v3\/product"}],"about":[{"href":"https:\/\/demoweb.info\/sexshop001\/wp-json\/wp\/v2\/types\/product"}],"replies":[{"embeddable":true,"href":"https:\/\/demoweb.info\/sexshop001\/wp-json\/wp\/v2\/comments?post=14100"}],"wp:featuredmedia":[{"embeddable":true,"href":"https:\/\/demoweb.info\/sexshop001\/wp-json\/wp\/v2\/media\/14101"}],"wp:attachment":[{"href":"https:\/\/demoweb.info\/sexshop001\/wp-json\/wp\/v2\/media?parent=14100"}],"wp:term":[{"taxonomy":"product_cat","embeddable":true,"href":"https:\/\/demoweb.info\/sexshop001\/wp-json\/wp\/v2\/product_cat?post=14100"},{"taxonomy":"product_tag","embeddable":true,"href":"https:\/\/demoweb.info\/sexshop001\/wp-json\/wp\/v2\/product_tag?post=14100"}],"curies":[{"name":"wp","href":"https:\/\/api.w.org\/{rel}","templated":true}]}}