{"id":14095,"date":"2022-01-22T10:18:30","date_gmt":"2022-01-22T09:18:30","guid":{"rendered":"https:\/\/demoweb.info\/sexshop001\/producto\/bomba-de-pezon-doble-roja\/"},"modified":"2022-01-22T10:18:43","modified_gmt":"2022-01-22T09:18:43","slug":"bomba-de-pezon-doble-roja","status":"publish","type":"product","link":"https:\/\/demoweb.info\/sexshop001\/producto\/bomba-de-pezon-doble-roja\/","title":{"rendered":"BOMBA DE PEZON DOBLE &#8211; ROJA"},"content":{"rendered":"<p><strong>DOUBLE SUCK NIPPLE PUMP SYSTEM &#8211; RED<\/strong><\/p>\n<p>\u00a1Este sistema de bombeo de pezones todo en uno incluso tiene un medidor para observar la presi\u00f3n acumulada a medida que sus pezones son succionados simult\u00e1neamente!<\/p>\n<p>La succi\u00f3n del pez\u00f3n aumenta la sensibilidad y se hincha temporalmente a medida que aumenta la circulaci\u00f3n en el \u00e1rea.<\/p>\n<p>La sensaci\u00f3n aumenta las experiencias sexuales tanto en pareja como en solitario.<\/p>\n<p>Simplemente coloque los cilindros transparentes sobre sus peque\u00f1as protuberancias sensibles, usando lubricante si es necesario para que sean herm\u00e9ticos.<\/p>\n<p>Apriete el gatillo para iniciar la succi\u00f3n, observando su progreso en el man\u00f3metro.<\/p>\n<p>El tubo incluye 2 v\u00e1lvulas de flujo de aire controladas individualmente para personalizar la experiencia de cada pez\u00f3n.<\/p>\n<p>Cuando est\u00e9 satisfecho con sus brotes hinchados, una v\u00e1lvula de liberaci\u00f3n r\u00e1pida le permite disminuir r\u00e1pidamente la presi\u00f3n, liberando efectivamente sus pezones.<\/p>\n<p>Incluso puede separar los cilindros despu\u00e9s del bombeo y mantenerlos encendidos mientras juega.<\/p>\n<p>\u00a1Experimenta el placer del pez\u00f3n de una manera completamente nueva!<\/p>\n<ul>\n<li>Peso embalaje    369 gram<\/li>\n<li>Peso del producto    273 gram<\/li>\n<li>Materiales    Silicone, ABS plastic\n\t <\/li>\n<\/ul>\n","protected":false},"excerpt":{"rendered":"<p>DOUBLE SUCK NIPPLE PUMP SYSTEM &#8211; RED \u00a1Este sistema de bombeo de pezones todo en uno incluso tiene un medidor<\/p>\n","protected":false},"featured_media":14096,"comment_status":"open","ping_status":"open","template":"","meta":[],"product_cat":[405],"product_tag":[463,274],"class_list":["post-14095","product","type-product","status-publish","has-post-thumbnail","hentry","product_cat-succionadores","product_tag-master-series","product_tag-xr-brands"],"bundled_by":[],"bundle_stock_status":"instock","bundle_stock_quantity":1,"bundle_virtual":false,"bundle_layout":"","bundle_add_to_cart_form_location":"","bundle_editable_in_cart":false,"bundle_sold_individually_context":"","bundle_item_grouping":"","bundle_min_size":"","bundle_max_size":"","bundled_items":[],"yoast_head":"<!-- This site is optimized with the Yoast SEO plugin v20.6 - https:\/\/yoast.com\/wordpress\/plugins\/seo\/ -->\n<title>BOMBA DE PEZON DOBLE - ROJA - Tienda Er\u00f3tica<\/title>\n<meta name=\"robots\" content=\"noindex, follow, max-snippet:-1, max-image-preview:large, max-video-preview:-1\" \/>\n<meta property=\"og:locale\" content=\"es_ES\" \/>\n<meta property=\"og:type\" content=\"article\" \/>\n<meta property=\"og:title\" content=\"BOMBA DE PEZON DOBLE - ROJA - Tienda Er\u00f3tica\" \/>\n<meta property=\"og:description\" content=\"DOUBLE SUCK NIPPLE PUMP SYSTEM &#8211; RED \u00a1Este sistema de bombeo de pezones todo en uno incluso tiene un medidor\" \/>\n<meta property=\"og:url\" content=\"https:\/\/demoweb.info\/sexshop001\/producto\/bomba-de-pezon-doble-roja\/\" \/>\n<meta property=\"og:site_name\" content=\"Tienda Er\u00f3tica\" \/>\n<meta property=\"article:modified_time\" content=\"2022-01-22T09:18:43+00:00\" \/>\n<meta property=\"og:image\" content=\"https:\/\/demoweb.info\/sexshop001\/wp-content\/uploads\/2022\/01\/BOMBA-DE-PEZON-DOBLE-ROJA.jpg\" \/>\n\t<meta property=\"og:image:width\" content=\"550\" \/>\n\t<meta property=\"og:image:height\" content=\"550\" \/>\n\t<meta property=\"og:image:type\" content=\"image\/jpeg\" \/>\n<meta name=\"twitter:card\" content=\"summary_large_image\" \/>\n<meta name=\"twitter:label1\" content=\"Tiempo de lectura\" \/>\n\t<meta name=\"twitter:data1\" content=\"1 minuto\" \/>\n<script type=\"application\/ld+json\" class=\"yoast-schema-graph\">{\"@context\":\"https:\/\/schema.org\",\"@graph\":[{\"@type\":\"WebPage\",\"@id\":\"https:\/\/demoweb.info\/sexshop001\/producto\/bomba-de-pezon-doble-roja\/\",\"url\":\"https:\/\/demoweb.info\/sexshop001\/producto\/bomba-de-pezon-doble-roja\/\",\"name\":\"BOMBA DE PEZON DOBLE - ROJA - Tienda Er\u00f3tica\",\"isPartOf\":{\"@id\":\"https:\/\/demoweb.info\/sexshop001\/#website\"},\"datePublished\":\"2022-01-22T09:18:30+00:00\",\"dateModified\":\"2022-01-22T09:18:43+00:00\",\"breadcrumb\":{\"@id\":\"https:\/\/demoweb.info\/sexshop001\/producto\/bomba-de-pezon-doble-roja\/#breadcrumb\"},\"inLanguage\":\"es\",\"potentialAction\":[{\"@type\":\"ReadAction\",\"target\":[\"https:\/\/demoweb.info\/sexshop001\/producto\/bomba-de-pezon-doble-roja\/\"]}]},{\"@type\":\"BreadcrumbList\",\"@id\":\"https:\/\/demoweb.info\/sexshop001\/producto\/bomba-de-pezon-doble-roja\/#breadcrumb\",\"itemListElement\":[{\"@type\":\"ListItem\",\"position\":1,\"name\":\"Portada\",\"item\":\"https:\/\/demoweb.info\/sexshop001\/\"},{\"@type\":\"ListItem\",\"position\":2,\"name\":\"Tienda\",\"item\":\"https:\/\/demoweb.info\/sexshop001\/tienda\/\"},{\"@type\":\"ListItem\",\"position\":3,\"name\":\"BOMBA DE PEZON DOBLE &#8211; ROJA\"}]},{\"@type\":\"WebSite\",\"@id\":\"https:\/\/demoweb.info\/sexshop001\/#website\",\"url\":\"https:\/\/demoweb.info\/sexshop001\/\",\"name\":\"Tienda Er\u00f3tica\",\"description\":\"DEMOWEB SL\",\"potentialAction\":[{\"@type\":\"SearchAction\",\"target\":{\"@type\":\"EntryPoint\",\"urlTemplate\":\"https:\/\/demoweb.info\/sexshop001\/?s={search_term_string}\"},\"query-input\":\"required name=search_term_string\"}],\"inLanguage\":\"es\"}]}<\/script>\n<!-- \/ Yoast SEO plugin. -->","yoast_head_json":{"title":"BOMBA DE PEZON DOBLE - ROJA - Tienda Er\u00f3tica","robots":{"index":"noindex","follow":"follow","max-snippet":"max-snippet:-1","max-image-preview":"max-image-preview:large","max-video-preview":"max-video-preview:-1"},"og_locale":"es_ES","og_type":"article","og_title":"BOMBA DE PEZON DOBLE - ROJA - Tienda Er\u00f3tica","og_description":"DOUBLE SUCK NIPPLE PUMP SYSTEM &#8211; RED \u00a1Este sistema de bombeo de pezones todo en uno incluso tiene un medidor","og_url":"https:\/\/demoweb.info\/sexshop001\/producto\/bomba-de-pezon-doble-roja\/","og_site_name":"Tienda Er\u00f3tica","article_modified_time":"2022-01-22T09:18:43+00:00","og_image":[{"width":550,"height":550,"url":"https:\/\/demoweb.info\/sexshop001\/wp-content\/uploads\/2022\/01\/BOMBA-DE-PEZON-DOBLE-ROJA.jpg","type":"image\/jpeg"}],"twitter_card":"summary_large_image","twitter_misc":{"Tiempo de lectura":"1 minuto"},"schema":{"@context":"https:\/\/schema.org","@graph":[{"@type":"WebPage","@id":"https:\/\/demoweb.info\/sexshop001\/producto\/bomba-de-pezon-doble-roja\/","url":"https:\/\/demoweb.info\/sexshop001\/producto\/bomba-de-pezon-doble-roja\/","name":"BOMBA DE PEZON DOBLE - ROJA - Tienda Er\u00f3tica","isPartOf":{"@id":"https:\/\/demoweb.info\/sexshop001\/#website"},"datePublished":"2022-01-22T09:18:30+00:00","dateModified":"2022-01-22T09:18:43+00:00","breadcrumb":{"@id":"https:\/\/demoweb.info\/sexshop001\/producto\/bomba-de-pezon-doble-roja\/#breadcrumb"},"inLanguage":"es","potentialAction":[{"@type":"ReadAction","target":["https:\/\/demoweb.info\/sexshop001\/producto\/bomba-de-pezon-doble-roja\/"]}]},{"@type":"BreadcrumbList","@id":"https:\/\/demoweb.info\/sexshop001\/producto\/bomba-de-pezon-doble-roja\/#breadcrumb","itemListElement":[{"@type":"ListItem","position":1,"name":"Portada","item":"https:\/\/demoweb.info\/sexshop001\/"},{"@type":"ListItem","position":2,"name":"Tienda","item":"https:\/\/demoweb.info\/sexshop001\/tienda\/"},{"@type":"ListItem","position":3,"name":"BOMBA DE PEZON DOBLE &#8211; ROJA"}]},{"@type":"WebSite","@id":"https:\/\/demoweb.info\/sexshop001\/#website","url":"https:\/\/demoweb.info\/sexshop001\/","name":"Tienda Er\u00f3tica","description":"DEMOWEB SL","potentialAction":[{"@type":"SearchAction","target":{"@type":"EntryPoint","urlTemplate":"https:\/\/demoweb.info\/sexshop001\/?s={search_term_string}"},"query-input":"required name=search_term_string"}],"inLanguage":"es"}]}},"_links":{"self":[{"href":"https:\/\/demoweb.info\/sexshop001\/wp-json\/wp\/v3\/product\/14095","targetHints":{"allow":["GET"]}}],"collection":[{"href":"https:\/\/demoweb.info\/sexshop001\/wp-json\/wp\/v3\/product"}],"about":[{"href":"https:\/\/demoweb.info\/sexshop001\/wp-json\/wp\/v2\/types\/product"}],"replies":[{"embeddable":true,"href":"https:\/\/demoweb.info\/sexshop001\/wp-json\/wp\/v2\/comments?post=14095"}],"wp:featuredmedia":[{"embeddable":true,"href":"https:\/\/demoweb.info\/sexshop001\/wp-json\/wp\/v2\/media\/14096"}],"wp:attachment":[{"href":"https:\/\/demoweb.info\/sexshop001\/wp-json\/wp\/v2\/media?parent=14095"}],"wp:term":[{"taxonomy":"product_cat","embeddable":true,"href":"https:\/\/demoweb.info\/sexshop001\/wp-json\/wp\/v2\/product_cat?post=14095"},{"taxonomy":"product_tag","embeddable":true,"href":"https:\/\/demoweb.info\/sexshop001\/wp-json\/wp\/v2\/product_tag?post=14095"}],"curies":[{"name":"wp","href":"https:\/\/api.w.org\/{rel}","templated":true}]}}