{"id":14085,"date":"2022-01-22T10:18:30","date_gmt":"2022-01-22T09:18:30","guid":{"rendered":"https:\/\/demoweb.info\/sexshop001\/producto\/4-en-1-maquina-del-amor-negro\/"},"modified":"2022-01-22T10:18:39","modified_gmt":"2022-01-22T09:18:39","slug":"4-en-1-maquina-del-amor-negro","status":"publish","type":"product","link":"https:\/\/demoweb.info\/sexshop001\/producto\/4-en-1-maquina-del-amor-negro\/","title":{"rendered":"4 EN 1 MAQUINA DEL AMOR &#8211; NEGRO"},"content":{"rendered":"<p><strong>4-IN-1 BANGIN BENCH W\/ SEX MACHINE &#8211; BLACK<\/strong><\/p>\n<p>Elija entre un asiento hinchable o un asiento resistente y acolchado &#8230;<\/p>\n<p>\u00a1luego elija entre una m\u00e1quina sexual, su consolador favorito o la cara de su pareja!<\/p>\n<p>El nuevo 4 en 1 Bangin Bench es m\u00e1s vers\u00e1til que nunca, con una nueva forma de sentirse c\u00f3modo y una nueva forma de ser golpeado.<\/p>\n<p>\u00a1Disfruta del \u00e9xtasis manos libres con una m\u00e1quina de sexo extra\u00edble que incluso se puede usar sola!<\/p>\n<p>Encaje los cojines acolchados en su lugar y luego asegure la base de la m\u00e1quina con las ventosas incluidas para que el consolador sobresalga en la ubicaci\u00f3n deseada.<\/p>\n<p>La barra de extensi\u00f3n opcional es incluso flexible para que pueda apuntar el dong a su \u00e1ngulo ideal.<\/p>\n<p>El consolador incluido es firme de la manera que lo desea, pero suave y parecido a la carne con una textura venosa y una cabeza audaz.<\/p>\n<p>El accesorio de agarre al vac\u00edo se puede usar con otros consoladores compatibles para que pueda personalizar su viaje.<\/p>\n<p>Use el dial de varias velocidades con cable para explorar la penetraci\u00f3n a una velocidad de hasta 150 empujes por minuto. Tambi\u00e9n puede ajustar la longitud de empuje de 1 pulgada a 3.5 pulgadas.<\/p>\n<p>\u00bfTienes ganas de tomar a\u00fan m\u00e1s control?<\/p>\n<p>Conecte su consolador de ventosa favorito al elevador de metal rojo, o use el arn\u00e9s incluido para asegurar un dong de base ancha y rebote hacia arriba y hacia abajo en las correas el\u00e1sticas del asiento para atornillarse.<\/p>\n<p>\u00daselo por su cuenta para penetrar la intensidad en sus t\u00e9rminos, o haga un espect\u00e1culo para su pareja para mostrarle lo que lo lleva al l\u00edmite.<\/p>\n<p>\u00a1Incluso puedes quitar la barra elevadora y la m\u00e1quina sexual y usarla como un taburete Queening, a horcajadas sobre la cara de tus amantes mientras te complacen desde abajo!<\/p>\n<p>El banco Bangin es f\u00e1cil de instalar y discreto para almacenar, con un marco de acero duradero dise\u00f1ado para durar.<\/p>\n<p>El consolador incluido es compatible con silicona y lubricantes a base de agua.<\/p>\n<p>Limpie despu\u00e9s de usar con jab\u00f3n suave o limpiador de juguetes.\n <\/p>\n<ul>\n<li>Peso embalaje    8262 gram<\/li>\n<li>Dimensiones del producto    36,8 x 48,3 x 45,7 cm<\/li>\n<li>Peso del producto    7399,42 gram<\/li>\n<li>Materiales    Metal, ABS, elastic, PU leather, foam, wood, TPE<\/li>\n<\/ul>\n","protected":false},"excerpt":{"rendered":"<p>4-IN-1 BANGIN BENCH W\/ SEX MACHINE &#8211; BLACK Elija entre un asiento hinchable o un asiento resistente y acolchado &#8230;<\/p>\n","protected":false},"featured_media":14086,"comment_status":"open","ping_status":"open","template":"","meta":[],"product_cat":[680],"product_tag":[778,274],"class_list":["post-14085","product","type-product","status-publish","has-post-thumbnail","hentry","product_cat-maquinas-del-amor","product_tag-lovebotz","product_tag-xr-brands"],"bundled_by":[],"bundle_stock_status":"instock","bundle_stock_quantity":1,"bundle_virtual":false,"bundle_layout":"","bundle_add_to_cart_form_location":"","bundle_editable_in_cart":false,"bundle_sold_individually_context":"","bundle_item_grouping":"","bundle_min_size":"","bundle_max_size":"","bundled_items":[],"yoast_head":"<!-- This site is optimized with the Yoast SEO plugin v20.6 - https:\/\/yoast.com\/wordpress\/plugins\/seo\/ -->\n<title>4 EN 1 MAQUINA DEL AMOR - NEGRO - Tienda Er\u00f3tica<\/title>\n<meta name=\"robots\" content=\"noindex, follow, max-snippet:-1, max-image-preview:large, max-video-preview:-1\" \/>\n<meta property=\"og:locale\" content=\"es_ES\" \/>\n<meta property=\"og:type\" content=\"article\" \/>\n<meta property=\"og:title\" content=\"4 EN 1 MAQUINA DEL AMOR - NEGRO - Tienda Er\u00f3tica\" \/>\n<meta property=\"og:description\" content=\"4-IN-1 BANGIN BENCH W\/ SEX MACHINE &#8211; BLACK Elija entre un asiento hinchable o un asiento resistente y acolchado &#8230;\" \/>\n<meta property=\"og:url\" content=\"https:\/\/demoweb.info\/sexshop001\/producto\/4-en-1-maquina-del-amor-negro\/\" \/>\n<meta property=\"og:site_name\" content=\"Tienda Er\u00f3tica\" \/>\n<meta property=\"article:modified_time\" content=\"2022-01-22T09:18:39+00:00\" \/>\n<meta property=\"og:image\" content=\"https:\/\/demoweb.info\/sexshop001\/wp-content\/uploads\/2022\/01\/4-EN-1-MAQUINA-DEL-AMOR-NEGRO.jpg\" \/>\n\t<meta property=\"og:image:width\" content=\"550\" \/>\n\t<meta property=\"og:image:height\" content=\"550\" \/>\n\t<meta property=\"og:image:type\" content=\"image\/jpeg\" \/>\n<meta name=\"twitter:card\" content=\"summary_large_image\" \/>\n<meta name=\"twitter:label1\" content=\"Tiempo de lectura\" \/>\n\t<meta name=\"twitter:data1\" content=\"2 minutos\" \/>\n<script type=\"application\/ld+json\" class=\"yoast-schema-graph\">{\"@context\":\"https:\/\/schema.org\",\"@graph\":[{\"@type\":\"WebPage\",\"@id\":\"https:\/\/demoweb.info\/sexshop001\/producto\/4-en-1-maquina-del-amor-negro\/\",\"url\":\"https:\/\/demoweb.info\/sexshop001\/producto\/4-en-1-maquina-del-amor-negro\/\",\"name\":\"4 EN 1 MAQUINA DEL AMOR - NEGRO - Tienda Er\u00f3tica\",\"isPartOf\":{\"@id\":\"https:\/\/demoweb.info\/sexshop001\/#website\"},\"datePublished\":\"2022-01-22T09:18:30+00:00\",\"dateModified\":\"2022-01-22T09:18:39+00:00\",\"breadcrumb\":{\"@id\":\"https:\/\/demoweb.info\/sexshop001\/producto\/4-en-1-maquina-del-amor-negro\/#breadcrumb\"},\"inLanguage\":\"es\",\"potentialAction\":[{\"@type\":\"ReadAction\",\"target\":[\"https:\/\/demoweb.info\/sexshop001\/producto\/4-en-1-maquina-del-amor-negro\/\"]}]},{\"@type\":\"BreadcrumbList\",\"@id\":\"https:\/\/demoweb.info\/sexshop001\/producto\/4-en-1-maquina-del-amor-negro\/#breadcrumb\",\"itemListElement\":[{\"@type\":\"ListItem\",\"position\":1,\"name\":\"Portada\",\"item\":\"https:\/\/demoweb.info\/sexshop001\/\"},{\"@type\":\"ListItem\",\"position\":2,\"name\":\"Tienda\",\"item\":\"https:\/\/demoweb.info\/sexshop001\/tienda\/\"},{\"@type\":\"ListItem\",\"position\":3,\"name\":\"4 EN 1 MAQUINA DEL AMOR &#8211; NEGRO\"}]},{\"@type\":\"WebSite\",\"@id\":\"https:\/\/demoweb.info\/sexshop001\/#website\",\"url\":\"https:\/\/demoweb.info\/sexshop001\/\",\"name\":\"Tienda Er\u00f3tica\",\"description\":\"DEMOWEB SL\",\"potentialAction\":[{\"@type\":\"SearchAction\",\"target\":{\"@type\":\"EntryPoint\",\"urlTemplate\":\"https:\/\/demoweb.info\/sexshop001\/?s={search_term_string}\"},\"query-input\":\"required name=search_term_string\"}],\"inLanguage\":\"es\"}]}<\/script>\n<!-- \/ Yoast SEO plugin. -->","yoast_head_json":{"title":"4 EN 1 MAQUINA DEL AMOR - NEGRO - Tienda Er\u00f3tica","robots":{"index":"noindex","follow":"follow","max-snippet":"max-snippet:-1","max-image-preview":"max-image-preview:large","max-video-preview":"max-video-preview:-1"},"og_locale":"es_ES","og_type":"article","og_title":"4 EN 1 MAQUINA DEL AMOR - NEGRO - Tienda Er\u00f3tica","og_description":"4-IN-1 BANGIN BENCH W\/ SEX MACHINE &#8211; BLACK Elija entre un asiento hinchable o un asiento resistente y acolchado &#8230;","og_url":"https:\/\/demoweb.info\/sexshop001\/producto\/4-en-1-maquina-del-amor-negro\/","og_site_name":"Tienda Er\u00f3tica","article_modified_time":"2022-01-22T09:18:39+00:00","og_image":[{"width":550,"height":550,"url":"https:\/\/demoweb.info\/sexshop001\/wp-content\/uploads\/2022\/01\/4-EN-1-MAQUINA-DEL-AMOR-NEGRO.jpg","type":"image\/jpeg"}],"twitter_card":"summary_large_image","twitter_misc":{"Tiempo de lectura":"2 minutos"},"schema":{"@context":"https:\/\/schema.org","@graph":[{"@type":"WebPage","@id":"https:\/\/demoweb.info\/sexshop001\/producto\/4-en-1-maquina-del-amor-negro\/","url":"https:\/\/demoweb.info\/sexshop001\/producto\/4-en-1-maquina-del-amor-negro\/","name":"4 EN 1 MAQUINA DEL AMOR - NEGRO - Tienda Er\u00f3tica","isPartOf":{"@id":"https:\/\/demoweb.info\/sexshop001\/#website"},"datePublished":"2022-01-22T09:18:30+00:00","dateModified":"2022-01-22T09:18:39+00:00","breadcrumb":{"@id":"https:\/\/demoweb.info\/sexshop001\/producto\/4-en-1-maquina-del-amor-negro\/#breadcrumb"},"inLanguage":"es","potentialAction":[{"@type":"ReadAction","target":["https:\/\/demoweb.info\/sexshop001\/producto\/4-en-1-maquina-del-amor-negro\/"]}]},{"@type":"BreadcrumbList","@id":"https:\/\/demoweb.info\/sexshop001\/producto\/4-en-1-maquina-del-amor-negro\/#breadcrumb","itemListElement":[{"@type":"ListItem","position":1,"name":"Portada","item":"https:\/\/demoweb.info\/sexshop001\/"},{"@type":"ListItem","position":2,"name":"Tienda","item":"https:\/\/demoweb.info\/sexshop001\/tienda\/"},{"@type":"ListItem","position":3,"name":"4 EN 1 MAQUINA DEL AMOR &#8211; NEGRO"}]},{"@type":"WebSite","@id":"https:\/\/demoweb.info\/sexshop001\/#website","url":"https:\/\/demoweb.info\/sexshop001\/","name":"Tienda Er\u00f3tica","description":"DEMOWEB SL","potentialAction":[{"@type":"SearchAction","target":{"@type":"EntryPoint","urlTemplate":"https:\/\/demoweb.info\/sexshop001\/?s={search_term_string}"},"query-input":"required name=search_term_string"}],"inLanguage":"es"}]}},"_links":{"self":[{"href":"https:\/\/demoweb.info\/sexshop001\/wp-json\/wp\/v3\/product\/14085","targetHints":{"allow":["GET"]}}],"collection":[{"href":"https:\/\/demoweb.info\/sexshop001\/wp-json\/wp\/v3\/product"}],"about":[{"href":"https:\/\/demoweb.info\/sexshop001\/wp-json\/wp\/v2\/types\/product"}],"replies":[{"embeddable":true,"href":"https:\/\/demoweb.info\/sexshop001\/wp-json\/wp\/v2\/comments?post=14085"}],"wp:featuredmedia":[{"embeddable":true,"href":"https:\/\/demoweb.info\/sexshop001\/wp-json\/wp\/v2\/media\/14086"}],"wp:attachment":[{"href":"https:\/\/demoweb.info\/sexshop001\/wp-json\/wp\/v2\/media?parent=14085"}],"wp:term":[{"taxonomy":"product_cat","embeddable":true,"href":"https:\/\/demoweb.info\/sexshop001\/wp-json\/wp\/v2\/product_cat?post=14085"},{"taxonomy":"product_tag","embeddable":true,"href":"https:\/\/demoweb.info\/sexshop001\/wp-json\/wp\/v2\/product_tag?post=14085"}],"curies":[{"name":"wp","href":"https:\/\/api.w.org\/{rel}","templated":true}]}}