{"id":14080,"date":"2022-01-22T10:18:30","date_gmt":"2022-01-22T09:18:30","guid":{"rendered":"https:\/\/demoweb.info\/sexshop001\/producto\/trump-it-7x-dildo-control-remoto-20-32-cm\/"},"modified":"2022-01-22T10:18:37","modified_gmt":"2022-01-22T09:18:37","slug":"trump-it-7x-dildo-control-remoto-20-32-cm","status":"publish","type":"product","link":"https:\/\/demoweb.info\/sexshop001\/producto\/trump-it-7x-dildo-control-remoto-20-32-cm\/","title":{"rendered":"TRUMP IT &#8211; 7X DILDO CONTROL REMOTO- 20.32 CM"},"content":{"rendered":"<p><strong>7X REMOTE CONTROL THUMPING DILDO 8.7<\/strong><\/p>\n<p>\u00a1D\u00e9jate golpear por los emocionantes golpes de un consolador impulsado por imanes!<\/p>\n<p>Largo y grueso para estirarte, este dong te ofrece 20.32CM de eje venoso, acanalado y realista para jugar.<\/p>\n<p>El peso interno utiliza la tecnolog\u00eda cin\u00e9tica para crear un movimiento de golpe ultra potente.<\/p>\n<p>\u00a1Explore 7 funciones, incluidas 3 velocidades y 4 patrones, de incre\u00edbles movimientos de arriba hacia abajo!<\/p>\n<p>\u00a1Un control remoto hace que el uso individual sea m\u00e1s conveniente, y el uso en pareja sea m\u00e1s emocionante!<\/p>\n<p>Ideal para montar un espect\u00e1culo y jugar con correa, este consolador con golpes cuenta con una base de ventosa fuerte que tambi\u00e9n es compatible con la mayor\u00eda de los arneses.<\/p>\n<p>Hechos de silicona premium, Thump-Its no son porosos y no contienen ftalatos.<\/p>\n<p>Limpie esta herramienta de placer resistente al agua y recargable con limpiador de juguetes o un jab\u00f3n suave despu\u00e9s del uso, y nunca la use con lubricantes de silicona para preservar el material.<\/p>\n<ul>\n<li>Peso embalaje    12 gram<\/li>\n<li>Dimensiones del producto    35,6 x 30,5 cm<\/li>\n<li>Peso del producto    1200 gram<\/li>\n<\/ul>\n","protected":false},"excerpt":{"rendered":"<p>7X REMOTE CONTROL THUMPING DILDO 8.7 \u00a1D\u00e9jate golpear por los emocionantes golpes de un consolador impulsado por imanes! Largo y<\/p>\n","protected":false},"featured_media":14081,"comment_status":"open","ping_status":"open","template":"","meta":[],"product_cat":[776],"product_tag":[777,274],"class_list":["post-14080","product","type-product","status-publish","has-post-thumbnail","hentry","product_cat-vibradores-dildos","product_tag-thump-it","product_tag-xr-brands"],"bundled_by":[],"bundle_stock_status":"outofstock","bundle_stock_quantity":0,"bundle_virtual":false,"bundle_layout":"","bundle_add_to_cart_form_location":"","bundle_editable_in_cart":false,"bundle_sold_individually_context":"","bundle_item_grouping":"","bundle_min_size":"","bundle_max_size":"","bundled_items":[],"yoast_head":"<!-- This site is optimized with the Yoast SEO plugin v20.6 - https:\/\/yoast.com\/wordpress\/plugins\/seo\/ -->\n<title>TRUMP IT - 7X DILDO CONTROL REMOTO- 20.32 CM - Tienda Er\u00f3tica<\/title>\n<meta name=\"robots\" content=\"noindex, follow, max-snippet:-1, max-image-preview:large, max-video-preview:-1\" \/>\n<meta property=\"og:locale\" content=\"es_ES\" \/>\n<meta property=\"og:type\" content=\"article\" \/>\n<meta property=\"og:title\" content=\"TRUMP IT - 7X DILDO CONTROL REMOTO- 20.32 CM - Tienda Er\u00f3tica\" \/>\n<meta property=\"og:description\" content=\"7X REMOTE CONTROL THUMPING DILDO 8.7 \u00a1D\u00e9jate golpear por los emocionantes golpes de un consolador impulsado por imanes! Largo y\" \/>\n<meta property=\"og:url\" content=\"https:\/\/demoweb.info\/sexshop001\/producto\/trump-it-7x-dildo-control-remoto-20-32-cm\/\" \/>\n<meta property=\"og:site_name\" content=\"Tienda Er\u00f3tica\" \/>\n<meta property=\"article:modified_time\" content=\"2022-01-22T09:18:37+00:00\" \/>\n<meta property=\"og:image\" content=\"https:\/\/demoweb.info\/sexshop001\/wp-content\/uploads\/2022\/01\/TRUMP-IT-7X-DILDO-CONTROL-REMOTO-20.32-CM.jpg\" \/>\n\t<meta property=\"og:image:width\" content=\"550\" \/>\n\t<meta property=\"og:image:height\" content=\"550\" \/>\n\t<meta property=\"og:image:type\" content=\"image\/jpeg\" \/>\n<meta name=\"twitter:card\" content=\"summary_large_image\" \/>\n<meta name=\"twitter:label1\" content=\"Tiempo de lectura\" \/>\n\t<meta name=\"twitter:data1\" content=\"1 minuto\" \/>\n<script type=\"application\/ld+json\" class=\"yoast-schema-graph\">{\"@context\":\"https:\/\/schema.org\",\"@graph\":[{\"@type\":\"WebPage\",\"@id\":\"https:\/\/demoweb.info\/sexshop001\/producto\/trump-it-7x-dildo-control-remoto-20-32-cm\/\",\"url\":\"https:\/\/demoweb.info\/sexshop001\/producto\/trump-it-7x-dildo-control-remoto-20-32-cm\/\",\"name\":\"TRUMP IT - 7X DILDO CONTROL REMOTO- 20.32 CM - Tienda Er\u00f3tica\",\"isPartOf\":{\"@id\":\"https:\/\/demoweb.info\/sexshop001\/#website\"},\"datePublished\":\"2022-01-22T09:18:30+00:00\",\"dateModified\":\"2022-01-22T09:18:37+00:00\",\"breadcrumb\":{\"@id\":\"https:\/\/demoweb.info\/sexshop001\/producto\/trump-it-7x-dildo-control-remoto-20-32-cm\/#breadcrumb\"},\"inLanguage\":\"es\",\"potentialAction\":[{\"@type\":\"ReadAction\",\"target\":[\"https:\/\/demoweb.info\/sexshop001\/producto\/trump-it-7x-dildo-control-remoto-20-32-cm\/\"]}]},{\"@type\":\"BreadcrumbList\",\"@id\":\"https:\/\/demoweb.info\/sexshop001\/producto\/trump-it-7x-dildo-control-remoto-20-32-cm\/#breadcrumb\",\"itemListElement\":[{\"@type\":\"ListItem\",\"position\":1,\"name\":\"Portada\",\"item\":\"https:\/\/demoweb.info\/sexshop001\/\"},{\"@type\":\"ListItem\",\"position\":2,\"name\":\"Tienda\",\"item\":\"https:\/\/demoweb.info\/sexshop001\/tienda\/\"},{\"@type\":\"ListItem\",\"position\":3,\"name\":\"TRUMP IT &#8211; 7X DILDO CONTROL REMOTO- 20.32 CM\"}]},{\"@type\":\"WebSite\",\"@id\":\"https:\/\/demoweb.info\/sexshop001\/#website\",\"url\":\"https:\/\/demoweb.info\/sexshop001\/\",\"name\":\"Tienda Er\u00f3tica\",\"description\":\"DEMOWEB SL\",\"potentialAction\":[{\"@type\":\"SearchAction\",\"target\":{\"@type\":\"EntryPoint\",\"urlTemplate\":\"https:\/\/demoweb.info\/sexshop001\/?s={search_term_string}\"},\"query-input\":\"required name=search_term_string\"}],\"inLanguage\":\"es\"}]}<\/script>\n<!-- \/ Yoast SEO plugin. -->","yoast_head_json":{"title":"TRUMP IT - 7X DILDO CONTROL REMOTO- 20.32 CM - Tienda Er\u00f3tica","robots":{"index":"noindex","follow":"follow","max-snippet":"max-snippet:-1","max-image-preview":"max-image-preview:large","max-video-preview":"max-video-preview:-1"},"og_locale":"es_ES","og_type":"article","og_title":"TRUMP IT - 7X DILDO CONTROL REMOTO- 20.32 CM - Tienda Er\u00f3tica","og_description":"7X REMOTE CONTROL THUMPING DILDO 8.7 \u00a1D\u00e9jate golpear por los emocionantes golpes de un consolador impulsado por imanes! Largo y","og_url":"https:\/\/demoweb.info\/sexshop001\/producto\/trump-it-7x-dildo-control-remoto-20-32-cm\/","og_site_name":"Tienda Er\u00f3tica","article_modified_time":"2022-01-22T09:18:37+00:00","og_image":[{"width":550,"height":550,"url":"https:\/\/demoweb.info\/sexshop001\/wp-content\/uploads\/2022\/01\/TRUMP-IT-7X-DILDO-CONTROL-REMOTO-20.32-CM.jpg","type":"image\/jpeg"}],"twitter_card":"summary_large_image","twitter_misc":{"Tiempo de lectura":"1 minuto"},"schema":{"@context":"https:\/\/schema.org","@graph":[{"@type":"WebPage","@id":"https:\/\/demoweb.info\/sexshop001\/producto\/trump-it-7x-dildo-control-remoto-20-32-cm\/","url":"https:\/\/demoweb.info\/sexshop001\/producto\/trump-it-7x-dildo-control-remoto-20-32-cm\/","name":"TRUMP IT - 7X DILDO CONTROL REMOTO- 20.32 CM - Tienda Er\u00f3tica","isPartOf":{"@id":"https:\/\/demoweb.info\/sexshop001\/#website"},"datePublished":"2022-01-22T09:18:30+00:00","dateModified":"2022-01-22T09:18:37+00:00","breadcrumb":{"@id":"https:\/\/demoweb.info\/sexshop001\/producto\/trump-it-7x-dildo-control-remoto-20-32-cm\/#breadcrumb"},"inLanguage":"es","potentialAction":[{"@type":"ReadAction","target":["https:\/\/demoweb.info\/sexshop001\/producto\/trump-it-7x-dildo-control-remoto-20-32-cm\/"]}]},{"@type":"BreadcrumbList","@id":"https:\/\/demoweb.info\/sexshop001\/producto\/trump-it-7x-dildo-control-remoto-20-32-cm\/#breadcrumb","itemListElement":[{"@type":"ListItem","position":1,"name":"Portada","item":"https:\/\/demoweb.info\/sexshop001\/"},{"@type":"ListItem","position":2,"name":"Tienda","item":"https:\/\/demoweb.info\/sexshop001\/tienda\/"},{"@type":"ListItem","position":3,"name":"TRUMP IT &#8211; 7X DILDO CONTROL REMOTO- 20.32 CM"}]},{"@type":"WebSite","@id":"https:\/\/demoweb.info\/sexshop001\/#website","url":"https:\/\/demoweb.info\/sexshop001\/","name":"Tienda Er\u00f3tica","description":"DEMOWEB SL","potentialAction":[{"@type":"SearchAction","target":{"@type":"EntryPoint","urlTemplate":"https:\/\/demoweb.info\/sexshop001\/?s={search_term_string}"},"query-input":"required name=search_term_string"}],"inLanguage":"es"}]}},"_links":{"self":[{"href":"https:\/\/demoweb.info\/sexshop001\/wp-json\/wp\/v3\/product\/14080","targetHints":{"allow":["GET"]}}],"collection":[{"href":"https:\/\/demoweb.info\/sexshop001\/wp-json\/wp\/v3\/product"}],"about":[{"href":"https:\/\/demoweb.info\/sexshop001\/wp-json\/wp\/v2\/types\/product"}],"replies":[{"embeddable":true,"href":"https:\/\/demoweb.info\/sexshop001\/wp-json\/wp\/v2\/comments?post=14080"}],"wp:featuredmedia":[{"embeddable":true,"href":"https:\/\/demoweb.info\/sexshop001\/wp-json\/wp\/v2\/media\/14081"}],"wp:attachment":[{"href":"https:\/\/demoweb.info\/sexshop001\/wp-json\/wp\/v2\/media?parent=14080"}],"wp:term":[{"taxonomy":"product_cat","embeddable":true,"href":"https:\/\/demoweb.info\/sexshop001\/wp-json\/wp\/v2\/product_cat?post=14080"},{"taxonomy":"product_tag","embeddable":true,"href":"https:\/\/demoweb.info\/sexshop001\/wp-json\/wp\/v2\/product_tag?post=14080"}],"curies":[{"name":"wp","href":"https:\/\/api.w.org\/{rel}","templated":true}]}}