{"id":14036,"date":"2022-01-22T10:18:05","date_gmt":"2022-01-22T09:18:05","guid":{"rendered":"https:\/\/demoweb.info\/sexshop001\/producto\/pjur-backdoor-panthenol-100ml\/"},"modified":"2022-01-22T10:18:16","modified_gmt":"2022-01-22T09:18:16","slug":"pjur-backdoor-panthenol-100ml","status":"publish","type":"product","link":"https:\/\/demoweb.info\/sexshop001\/producto\/pjur-backdoor-panthenol-100ml\/","title":{"rendered":"PJUR BACKDOOR PANTHENOL &#8211; 100ML"},"content":{"rendered":"<p><strong>PJUR BACKDOOR PANTHENOL &#8211; 100ML<\/strong><\/p>\n<p>El lubricante a base de agua con el extra para una sensaci\u00f3n agradable en la piel de la zona anal. El pantenol que contiene favorece la hidrataci\u00f3n natural y protege las mucosas estresadas.<\/p>\n<p>La camomila que contiene calma la zona \u00edntima.<\/p>\n<p>Pjur BACK DOOR Regenerating Anal Glide convence por su lubricaci\u00f3n prolongada, por lo que est\u00e1 especialmente indicado para el sexo anal con sensaciones intensas. Tambi\u00e9n est\u00e1 indicado para utilizarse con juguetes er\u00f3ticos.<\/p>\n<p>Contiene: 100 ml<\/p>\n","protected":false},"excerpt":{"rendered":"<p>PJUR BACKDOOR PANTHENOL &#8211; 100ML El lubricante a base de agua con el extra para una sensaci\u00f3n agradable en la<\/p>\n","protected":false},"featured_media":14037,"comment_status":"open","ping_status":"open","template":"","meta":[],"product_cat":[265],"product_tag":[255],"class_list":["post-14036","product","type-product","status-publish","has-post-thumbnail","hentry","product_cat-base-agua-lubricantes","product_tag-pjur"],"bundled_by":[],"bundle_stock_status":"instock","bundle_stock_quantity":2,"bundle_virtual":false,"bundle_layout":"","bundle_add_to_cart_form_location":"","bundle_editable_in_cart":false,"bundle_sold_individually_context":"","bundle_item_grouping":"","bundle_min_size":"","bundle_max_size":"","bundled_items":[],"yoast_head":"<!-- This site is optimized with the Yoast SEO plugin v20.6 - https:\/\/yoast.com\/wordpress\/plugins\/seo\/ -->\n<title>PJUR BACKDOOR PANTHENOL - 100ML - Tienda Er\u00f3tica<\/title>\n<meta name=\"robots\" content=\"noindex, follow, max-snippet:-1, max-image-preview:large, max-video-preview:-1\" \/>\n<meta property=\"og:locale\" content=\"es_ES\" \/>\n<meta property=\"og:type\" content=\"article\" \/>\n<meta property=\"og:title\" content=\"PJUR BACKDOOR PANTHENOL - 100ML - Tienda Er\u00f3tica\" \/>\n<meta property=\"og:description\" content=\"PJUR BACKDOOR PANTHENOL &#8211; 100ML El lubricante a base de agua con el extra para una sensaci\u00f3n agradable en la\" \/>\n<meta property=\"og:url\" content=\"https:\/\/demoweb.info\/sexshop001\/producto\/pjur-backdoor-panthenol-100ml\/\" \/>\n<meta property=\"og:site_name\" content=\"Tienda Er\u00f3tica\" \/>\n<meta property=\"article:modified_time\" content=\"2022-01-22T09:18:16+00:00\" \/>\n<meta property=\"og:image\" content=\"https:\/\/demoweb.info\/sexshop001\/wp-content\/uploads\/2022\/01\/PJUR-BACKDOOR-PANTHENOL-100ML.jpg\" \/>\n\t<meta property=\"og:image:width\" content=\"550\" \/>\n\t<meta property=\"og:image:height\" content=\"550\" \/>\n\t<meta property=\"og:image:type\" content=\"image\/jpeg\" \/>\n<meta name=\"twitter:card\" content=\"summary_large_image\" \/>\n<script type=\"application\/ld+json\" class=\"yoast-schema-graph\">{\"@context\":\"https:\/\/schema.org\",\"@graph\":[{\"@type\":\"WebPage\",\"@id\":\"https:\/\/demoweb.info\/sexshop001\/producto\/pjur-backdoor-panthenol-100ml\/\",\"url\":\"https:\/\/demoweb.info\/sexshop001\/producto\/pjur-backdoor-panthenol-100ml\/\",\"name\":\"PJUR BACKDOOR PANTHENOL - 100ML - Tienda Er\u00f3tica\",\"isPartOf\":{\"@id\":\"https:\/\/demoweb.info\/sexshop001\/#website\"},\"datePublished\":\"2022-01-22T09:18:05+00:00\",\"dateModified\":\"2022-01-22T09:18:16+00:00\",\"breadcrumb\":{\"@id\":\"https:\/\/demoweb.info\/sexshop001\/producto\/pjur-backdoor-panthenol-100ml\/#breadcrumb\"},\"inLanguage\":\"es\",\"potentialAction\":[{\"@type\":\"ReadAction\",\"target\":[\"https:\/\/demoweb.info\/sexshop001\/producto\/pjur-backdoor-panthenol-100ml\/\"]}]},{\"@type\":\"BreadcrumbList\",\"@id\":\"https:\/\/demoweb.info\/sexshop001\/producto\/pjur-backdoor-panthenol-100ml\/#breadcrumb\",\"itemListElement\":[{\"@type\":\"ListItem\",\"position\":1,\"name\":\"Portada\",\"item\":\"https:\/\/demoweb.info\/sexshop001\/\"},{\"@type\":\"ListItem\",\"position\":2,\"name\":\"Tienda\",\"item\":\"https:\/\/demoweb.info\/sexshop001\/tienda\/\"},{\"@type\":\"ListItem\",\"position\":3,\"name\":\"PJUR BACKDOOR PANTHENOL &#8211; 100ML\"}]},{\"@type\":\"WebSite\",\"@id\":\"https:\/\/demoweb.info\/sexshop001\/#website\",\"url\":\"https:\/\/demoweb.info\/sexshop001\/\",\"name\":\"Tienda Er\u00f3tica\",\"description\":\"DEMOWEB SL\",\"potentialAction\":[{\"@type\":\"SearchAction\",\"target\":{\"@type\":\"EntryPoint\",\"urlTemplate\":\"https:\/\/demoweb.info\/sexshop001\/?s={search_term_string}\"},\"query-input\":\"required name=search_term_string\"}],\"inLanguage\":\"es\"}]}<\/script>\n<!-- \/ Yoast SEO plugin. -->","yoast_head_json":{"title":"PJUR BACKDOOR PANTHENOL - 100ML - Tienda Er\u00f3tica","robots":{"index":"noindex","follow":"follow","max-snippet":"max-snippet:-1","max-image-preview":"max-image-preview:large","max-video-preview":"max-video-preview:-1"},"og_locale":"es_ES","og_type":"article","og_title":"PJUR BACKDOOR PANTHENOL - 100ML - Tienda Er\u00f3tica","og_description":"PJUR BACKDOOR PANTHENOL &#8211; 100ML El lubricante a base de agua con el extra para una sensaci\u00f3n agradable en la","og_url":"https:\/\/demoweb.info\/sexshop001\/producto\/pjur-backdoor-panthenol-100ml\/","og_site_name":"Tienda Er\u00f3tica","article_modified_time":"2022-01-22T09:18:16+00:00","og_image":[{"width":550,"height":550,"url":"https:\/\/demoweb.info\/sexshop001\/wp-content\/uploads\/2022\/01\/PJUR-BACKDOOR-PANTHENOL-100ML.jpg","type":"image\/jpeg"}],"twitter_card":"summary_large_image","schema":{"@context":"https:\/\/schema.org","@graph":[{"@type":"WebPage","@id":"https:\/\/demoweb.info\/sexshop001\/producto\/pjur-backdoor-panthenol-100ml\/","url":"https:\/\/demoweb.info\/sexshop001\/producto\/pjur-backdoor-panthenol-100ml\/","name":"PJUR BACKDOOR PANTHENOL - 100ML - Tienda Er\u00f3tica","isPartOf":{"@id":"https:\/\/demoweb.info\/sexshop001\/#website"},"datePublished":"2022-01-22T09:18:05+00:00","dateModified":"2022-01-22T09:18:16+00:00","breadcrumb":{"@id":"https:\/\/demoweb.info\/sexshop001\/producto\/pjur-backdoor-panthenol-100ml\/#breadcrumb"},"inLanguage":"es","potentialAction":[{"@type":"ReadAction","target":["https:\/\/demoweb.info\/sexshop001\/producto\/pjur-backdoor-panthenol-100ml\/"]}]},{"@type":"BreadcrumbList","@id":"https:\/\/demoweb.info\/sexshop001\/producto\/pjur-backdoor-panthenol-100ml\/#breadcrumb","itemListElement":[{"@type":"ListItem","position":1,"name":"Portada","item":"https:\/\/demoweb.info\/sexshop001\/"},{"@type":"ListItem","position":2,"name":"Tienda","item":"https:\/\/demoweb.info\/sexshop001\/tienda\/"},{"@type":"ListItem","position":3,"name":"PJUR BACKDOOR PANTHENOL &#8211; 100ML"}]},{"@type":"WebSite","@id":"https:\/\/demoweb.info\/sexshop001\/#website","url":"https:\/\/demoweb.info\/sexshop001\/","name":"Tienda Er\u00f3tica","description":"DEMOWEB SL","potentialAction":[{"@type":"SearchAction","target":{"@type":"EntryPoint","urlTemplate":"https:\/\/demoweb.info\/sexshop001\/?s={search_term_string}"},"query-input":"required name=search_term_string"}],"inLanguage":"es"}]}},"_links":{"self":[{"href":"https:\/\/demoweb.info\/sexshop001\/wp-json\/wp\/v3\/product\/14036","targetHints":{"allow":["GET"]}}],"collection":[{"href":"https:\/\/demoweb.info\/sexshop001\/wp-json\/wp\/v3\/product"}],"about":[{"href":"https:\/\/demoweb.info\/sexshop001\/wp-json\/wp\/v2\/types\/product"}],"replies":[{"embeddable":true,"href":"https:\/\/demoweb.info\/sexshop001\/wp-json\/wp\/v2\/comments?post=14036"}],"wp:featuredmedia":[{"embeddable":true,"href":"https:\/\/demoweb.info\/sexshop001\/wp-json\/wp\/v2\/media\/14037"}],"wp:attachment":[{"href":"https:\/\/demoweb.info\/sexshop001\/wp-json\/wp\/v2\/media?parent=14036"}],"wp:term":[{"taxonomy":"product_cat","embeddable":true,"href":"https:\/\/demoweb.info\/sexshop001\/wp-json\/wp\/v2\/product_cat?post=14036"},{"taxonomy":"product_tag","embeddable":true,"href":"https:\/\/demoweb.info\/sexshop001\/wp-json\/wp\/v2\/product_tag?post=14036"}],"curies":[{"name":"wp","href":"https:\/\/api.w.org\/{rel}","templated":true}]}}