{"id":13921,"date":"2022-01-22T10:17:13","date_gmt":"2022-01-22T09:17:13","guid":{"rendered":"https:\/\/demoweb.info\/sexshop001\/producto\/bomba-femenina-rosa\/"},"modified":"2022-01-22T10:17:25","modified_gmt":"2022-01-22T09:17:25","slug":"bomba-femenina-rosa","status":"publish","type":"product","link":"https:\/\/demoweb.info\/sexshop001\/producto\/bomba-femenina-rosa\/","title":{"rendered":"BOMBA FEMENINA &#8211; ROSA"},"content":{"rendered":"<p><strong>RECHARGEABLE PUSSY PUMP &#8211; PINK<\/strong><\/p>\n<p>Utiliza esta bomba para aumentar el flujo de sangre a tus regiones m\u00e1s sensibles.<\/p>\n<p>Simplemente ajusta el cilindro para que puedas obtener un sello justo alrededor de tu \u00e1rea vaginal.<\/p>\n<p>Se requerir\u00e1 un alto nivel de presi\u00f3n para que obtengas un buen sello.<\/p>\n<p>Tambi\u00e9n recomendamos un lubricante a base de agua para ayudarte a crear ese sello necesario para obtener un bombeo exitoso.<\/p>\n<p>Cilindro f\u00e1cil de ubicar sobre la zona er\u00f3gena deseada y luego aprieta la bomba para llevar la sangre hacia el \u00e1rea.<\/p>\n<p>Sentir\u00e1s succi\u00f3n a medida que tu cl\u00edtoris aumente temporalmente en tama\u00f1o y sensibilidad.<\/p>\n<p>Puedes liberar la presi\u00f3n en el cilindro presionando la v\u00e1lvula de liberaci\u00f3n f\u00e1cil en la bombilla.<\/p>\n<p>Tambi\u00e9n puede separar el cilindro de acr\u00edlico de grado industrial de la bomba con un sencillo sistema de clip, dejando su cl\u00edtoris aspirado en el cilindro.<\/p>\n<p>El juego viene con 1 copa para la vagina, 1 manguera y 1 bomba recargable.<\/p>\n<p>Compatible con todo tipo de lubricante<\/p>\n<\/p>\n<ul>\n<li>Di\u00e1metro del producto    8,5 cm<\/li>\n<li>Di\u00e1metro interno    6,0 cm<\/li>\n<li>Rotaciones    3700 RPM<\/li>\n<li>Tipos de velocidad    3<\/li>\n<li>Nivel de ruido    55 dB<\/li>\n<li>Recargable    S\u00ed<\/li>\n<li>Tiempo de recarga    120 min<\/li>\n<li>Vida de la recarga de las bater\u00edas    120 min<\/li>\n<li>Libre de ftalato    S\u00ed<\/li>\n<li>Presupuesto    Hose length between pump and cup is 25,5cm<\/li>\n<li>Pump Size: L: 10,8cm x B: 6,3cm x H: 6,3cm<\/li>\n<\/ul>\n","protected":false},"excerpt":{"rendered":"<p>RECHARGEABLE PUSSY PUMP &#8211; PINK Utiliza esta bomba para aumentar el flujo de sangre a tus regiones m\u00e1s sensibles. Simplemente<\/p>\n","protected":false},"featured_media":13922,"comment_status":"open","ping_status":"open","template":"","meta":[],"product_cat":[298],"product_tag":[768,302],"class_list":["post-13921","product","type-product","status-publish","has-post-thumbnail","hentry","product_cat-hidrobombas","product_tag-pumped","product_tag-shots"],"bundled_by":[],"bundle_stock_status":"instock","bundle_stock_quantity":1,"bundle_virtual":false,"bundle_layout":"","bundle_add_to_cart_form_location":"","bundle_editable_in_cart":false,"bundle_sold_individually_context":"","bundle_item_grouping":"","bundle_min_size":"","bundle_max_size":"","bundled_items":[],"yoast_head":"<!-- This site is optimized with the Yoast SEO plugin v20.6 - https:\/\/yoast.com\/wordpress\/plugins\/seo\/ -->\n<title>BOMBA FEMENINA - ROSA - Tienda Er\u00f3tica<\/title>\n<meta name=\"robots\" content=\"noindex, follow, max-snippet:-1, max-image-preview:large, max-video-preview:-1\" \/>\n<meta property=\"og:locale\" content=\"es_ES\" \/>\n<meta property=\"og:type\" content=\"article\" \/>\n<meta property=\"og:title\" content=\"BOMBA FEMENINA - ROSA - Tienda Er\u00f3tica\" \/>\n<meta property=\"og:description\" content=\"RECHARGEABLE PUSSY PUMP &#8211; PINK Utiliza esta bomba para aumentar el flujo de sangre a tus regiones m\u00e1s sensibles. Simplemente\" \/>\n<meta property=\"og:url\" content=\"https:\/\/demoweb.info\/sexshop001\/producto\/bomba-femenina-rosa\/\" \/>\n<meta property=\"og:site_name\" content=\"Tienda Er\u00f3tica\" \/>\n<meta property=\"article:modified_time\" content=\"2022-01-22T09:17:25+00:00\" \/>\n<meta property=\"og:image\" content=\"https:\/\/demoweb.info\/sexshop001\/wp-content\/uploads\/2022\/01\/BOMBA-FEMENINA-ROSA.jpg\" \/>\n\t<meta property=\"og:image:width\" content=\"550\" \/>\n\t<meta property=\"og:image:height\" content=\"550\" \/>\n\t<meta property=\"og:image:type\" content=\"image\/jpeg\" \/>\n<meta name=\"twitter:card\" content=\"summary_large_image\" \/>\n<meta name=\"twitter:label1\" content=\"Tiempo de lectura\" \/>\n\t<meta name=\"twitter:data1\" content=\"1 minuto\" \/>\n<script type=\"application\/ld+json\" class=\"yoast-schema-graph\">{\"@context\":\"https:\/\/schema.org\",\"@graph\":[{\"@type\":\"WebPage\",\"@id\":\"https:\/\/demoweb.info\/sexshop001\/producto\/bomba-femenina-rosa\/\",\"url\":\"https:\/\/demoweb.info\/sexshop001\/producto\/bomba-femenina-rosa\/\",\"name\":\"BOMBA FEMENINA - ROSA - Tienda Er\u00f3tica\",\"isPartOf\":{\"@id\":\"https:\/\/demoweb.info\/sexshop001\/#website\"},\"datePublished\":\"2022-01-22T09:17:13+00:00\",\"dateModified\":\"2022-01-22T09:17:25+00:00\",\"breadcrumb\":{\"@id\":\"https:\/\/demoweb.info\/sexshop001\/producto\/bomba-femenina-rosa\/#breadcrumb\"},\"inLanguage\":\"es\",\"potentialAction\":[{\"@type\":\"ReadAction\",\"target\":[\"https:\/\/demoweb.info\/sexshop001\/producto\/bomba-femenina-rosa\/\"]}]},{\"@type\":\"BreadcrumbList\",\"@id\":\"https:\/\/demoweb.info\/sexshop001\/producto\/bomba-femenina-rosa\/#breadcrumb\",\"itemListElement\":[{\"@type\":\"ListItem\",\"position\":1,\"name\":\"Portada\",\"item\":\"https:\/\/demoweb.info\/sexshop001\/\"},{\"@type\":\"ListItem\",\"position\":2,\"name\":\"Tienda\",\"item\":\"https:\/\/demoweb.info\/sexshop001\/tienda\/\"},{\"@type\":\"ListItem\",\"position\":3,\"name\":\"BOMBA FEMENINA &#8211; ROSA\"}]},{\"@type\":\"WebSite\",\"@id\":\"https:\/\/demoweb.info\/sexshop001\/#website\",\"url\":\"https:\/\/demoweb.info\/sexshop001\/\",\"name\":\"Tienda Er\u00f3tica\",\"description\":\"DEMOWEB SL\",\"potentialAction\":[{\"@type\":\"SearchAction\",\"target\":{\"@type\":\"EntryPoint\",\"urlTemplate\":\"https:\/\/demoweb.info\/sexshop001\/?s={search_term_string}\"},\"query-input\":\"required name=search_term_string\"}],\"inLanguage\":\"es\"}]}<\/script>\n<!-- \/ Yoast SEO plugin. -->","yoast_head_json":{"title":"BOMBA FEMENINA - ROSA - Tienda Er\u00f3tica","robots":{"index":"noindex","follow":"follow","max-snippet":"max-snippet:-1","max-image-preview":"max-image-preview:large","max-video-preview":"max-video-preview:-1"},"og_locale":"es_ES","og_type":"article","og_title":"BOMBA FEMENINA - ROSA - Tienda Er\u00f3tica","og_description":"RECHARGEABLE PUSSY PUMP &#8211; PINK Utiliza esta bomba para aumentar el flujo de sangre a tus regiones m\u00e1s sensibles. Simplemente","og_url":"https:\/\/demoweb.info\/sexshop001\/producto\/bomba-femenina-rosa\/","og_site_name":"Tienda Er\u00f3tica","article_modified_time":"2022-01-22T09:17:25+00:00","og_image":[{"width":550,"height":550,"url":"https:\/\/demoweb.info\/sexshop001\/wp-content\/uploads\/2022\/01\/BOMBA-FEMENINA-ROSA.jpg","type":"image\/jpeg"}],"twitter_card":"summary_large_image","twitter_misc":{"Tiempo de lectura":"1 minuto"},"schema":{"@context":"https:\/\/schema.org","@graph":[{"@type":"WebPage","@id":"https:\/\/demoweb.info\/sexshop001\/producto\/bomba-femenina-rosa\/","url":"https:\/\/demoweb.info\/sexshop001\/producto\/bomba-femenina-rosa\/","name":"BOMBA FEMENINA - ROSA - Tienda Er\u00f3tica","isPartOf":{"@id":"https:\/\/demoweb.info\/sexshop001\/#website"},"datePublished":"2022-01-22T09:17:13+00:00","dateModified":"2022-01-22T09:17:25+00:00","breadcrumb":{"@id":"https:\/\/demoweb.info\/sexshop001\/producto\/bomba-femenina-rosa\/#breadcrumb"},"inLanguage":"es","potentialAction":[{"@type":"ReadAction","target":["https:\/\/demoweb.info\/sexshop001\/producto\/bomba-femenina-rosa\/"]}]},{"@type":"BreadcrumbList","@id":"https:\/\/demoweb.info\/sexshop001\/producto\/bomba-femenina-rosa\/#breadcrumb","itemListElement":[{"@type":"ListItem","position":1,"name":"Portada","item":"https:\/\/demoweb.info\/sexshop001\/"},{"@type":"ListItem","position":2,"name":"Tienda","item":"https:\/\/demoweb.info\/sexshop001\/tienda\/"},{"@type":"ListItem","position":3,"name":"BOMBA FEMENINA &#8211; ROSA"}]},{"@type":"WebSite","@id":"https:\/\/demoweb.info\/sexshop001\/#website","url":"https:\/\/demoweb.info\/sexshop001\/","name":"Tienda Er\u00f3tica","description":"DEMOWEB SL","potentialAction":[{"@type":"SearchAction","target":{"@type":"EntryPoint","urlTemplate":"https:\/\/demoweb.info\/sexshop001\/?s={search_term_string}"},"query-input":"required name=search_term_string"}],"inLanguage":"es"}]}},"_links":{"self":[{"href":"https:\/\/demoweb.info\/sexshop001\/wp-json\/wp\/v3\/product\/13921","targetHints":{"allow":["GET"]}}],"collection":[{"href":"https:\/\/demoweb.info\/sexshop001\/wp-json\/wp\/v3\/product"}],"about":[{"href":"https:\/\/demoweb.info\/sexshop001\/wp-json\/wp\/v2\/types\/product"}],"replies":[{"embeddable":true,"href":"https:\/\/demoweb.info\/sexshop001\/wp-json\/wp\/v2\/comments?post=13921"}],"wp:featuredmedia":[{"embeddable":true,"href":"https:\/\/demoweb.info\/sexshop001\/wp-json\/wp\/v2\/media\/13922"}],"wp:attachment":[{"href":"https:\/\/demoweb.info\/sexshop001\/wp-json\/wp\/v2\/media?parent=13921"}],"wp:term":[{"taxonomy":"product_cat","embeddable":true,"href":"https:\/\/demoweb.info\/sexshop001\/wp-json\/wp\/v2\/product_cat?post=13921"},{"taxonomy":"product_tag","embeddable":true,"href":"https:\/\/demoweb.info\/sexshop001\/wp-json\/wp\/v2\/product_tag?post=13921"}],"curies":[{"name":"wp","href":"https:\/\/api.w.org\/{rel}","templated":true}]}}