{"id":13911,"date":"2022-01-22T10:17:13","date_gmt":"2022-01-22T09:17:13","guid":{"rendered":"https:\/\/demoweb.info\/sexshop001\/producto\/bomba-automatica-para-senos-mediana-rosa\/"},"modified":"2022-01-22T10:17:20","modified_gmt":"2022-01-22T09:17:20","slug":"bomba-automatica-para-senos-mediana-rosa","status":"publish","type":"product","link":"https:\/\/demoweb.info\/sexshop001\/producto\/bomba-automatica-para-senos-mediana-rosa\/","title":{"rendered":"BOMBA AUTOMATICA PARA SENOS &#8211; MEDIANA &#8211; ROSA"},"content":{"rendered":"<p><strong>BOMBA AUTOMATICA PARA SENOS &#8211; MEDIUM &#8211; ROSA<\/strong><\/p>\n<p>Bombea para hinchar y asegurarte de que tus senos se vean mejor con esta bomba para los senos de Shots.<\/p>\n<p>Esta incre\u00edble bomba para los senos de alta calidad ayuda a afirmar e incrementar el tama\u00f1o y afirmar tus senos.<\/p>\n<p>Al usar la succi\u00f3n aspiradora f\u00e1cil y eficiente, tus senos se sentir\u00e1n m\u00e1s llenos y sensibles, es el perfecto complemento para la preparaci\u00f3n previa en el dormitorio.<\/p>\n<p>La copa est\u00e1 dise\u00f1ada con un sello de silicona suave, as\u00ed que es incre\u00edblemente c\u00f3moda mientras previene que el aire y la humedad entren.<\/p>\n<p>Muy f\u00e1cil de usar, simplemente anexa la manguera a la bomba y ubica la copa sobre tus senos.<\/p>\n<p>Entonces, bombea hasta que hayas conseguido el efecto deseado.<\/p>\n<p>Funciona con diferentes tama\u00f1os de senos.<\/p>\n<p>Compatibles con todo tipo de lubricantes.<\/p>\n<p>No la use por m\u00e1s de 20 a 30 minutos para ambos senos y s\u00f3lo bombee hasta un punto con el que te sientas c\u00f3moda.<\/p>\n<p>Este juego contiene 2 copas para los senos, una manguera y 1 bomba recargable v\u00eda USB<\/p>\n","protected":false},"excerpt":{"rendered":"<p>BOMBA AUTOMATICA PARA SENOS &#8211; MEDIUM &#8211; ROSA Bombea para hinchar y asegurarte de que tus senos se vean mejor<\/p>\n","protected":false},"featured_media":13912,"comment_status":"open","ping_status":"open","template":"","meta":[],"product_cat":[405],"product_tag":[768,302],"class_list":["post-13911","product","type-product","status-publish","has-post-thumbnail","hentry","product_cat-succionadores","product_tag-pumped","product_tag-shots"],"bundled_by":[],"bundle_stock_status":"instock","bundle_stock_quantity":1,"bundle_virtual":false,"bundle_layout":"","bundle_add_to_cart_form_location":"","bundle_editable_in_cart":false,"bundle_sold_individually_context":"","bundle_item_grouping":"","bundle_min_size":"","bundle_max_size":"","bundled_items":[],"yoast_head":"<!-- This site is optimized with the Yoast SEO plugin v20.6 - https:\/\/yoast.com\/wordpress\/plugins\/seo\/ -->\n<title>BOMBA AUTOMATICA PARA SENOS - MEDIANA - ROSA - Tienda Er\u00f3tica<\/title>\n<meta name=\"robots\" content=\"noindex, follow, max-snippet:-1, max-image-preview:large, max-video-preview:-1\" \/>\n<meta property=\"og:locale\" content=\"es_ES\" \/>\n<meta property=\"og:type\" content=\"article\" \/>\n<meta property=\"og:title\" content=\"BOMBA AUTOMATICA PARA SENOS - MEDIANA - ROSA - Tienda Er\u00f3tica\" \/>\n<meta property=\"og:description\" content=\"BOMBA AUTOMATICA PARA SENOS &#8211; MEDIUM &#8211; ROSA Bombea para hinchar y asegurarte de que tus senos se vean mejor\" \/>\n<meta property=\"og:url\" content=\"https:\/\/demoweb.info\/sexshop001\/producto\/bomba-automatica-para-senos-mediana-rosa\/\" \/>\n<meta property=\"og:site_name\" content=\"Tienda Er\u00f3tica\" \/>\n<meta property=\"article:modified_time\" content=\"2022-01-22T09:17:20+00:00\" \/>\n<meta property=\"og:image\" content=\"https:\/\/demoweb.info\/sexshop001\/wp-content\/uploads\/2022\/01\/BOMBA-AUTOMATICA-PARA-SENOS-MEDIANA-ROSA.jpg\" \/>\n\t<meta property=\"og:image:width\" content=\"550\" \/>\n\t<meta property=\"og:image:height\" content=\"550\" \/>\n\t<meta property=\"og:image:type\" content=\"image\/jpeg\" \/>\n<meta name=\"twitter:card\" content=\"summary_large_image\" \/>\n<meta name=\"twitter:label1\" content=\"Tiempo de lectura\" \/>\n\t<meta name=\"twitter:data1\" content=\"1 minuto\" \/>\n<script type=\"application\/ld+json\" class=\"yoast-schema-graph\">{\"@context\":\"https:\/\/schema.org\",\"@graph\":[{\"@type\":\"WebPage\",\"@id\":\"https:\/\/demoweb.info\/sexshop001\/producto\/bomba-automatica-para-senos-mediana-rosa\/\",\"url\":\"https:\/\/demoweb.info\/sexshop001\/producto\/bomba-automatica-para-senos-mediana-rosa\/\",\"name\":\"BOMBA AUTOMATICA PARA SENOS - MEDIANA - ROSA - Tienda Er\u00f3tica\",\"isPartOf\":{\"@id\":\"https:\/\/demoweb.info\/sexshop001\/#website\"},\"datePublished\":\"2022-01-22T09:17:13+00:00\",\"dateModified\":\"2022-01-22T09:17:20+00:00\",\"breadcrumb\":{\"@id\":\"https:\/\/demoweb.info\/sexshop001\/producto\/bomba-automatica-para-senos-mediana-rosa\/#breadcrumb\"},\"inLanguage\":\"es\",\"potentialAction\":[{\"@type\":\"ReadAction\",\"target\":[\"https:\/\/demoweb.info\/sexshop001\/producto\/bomba-automatica-para-senos-mediana-rosa\/\"]}]},{\"@type\":\"BreadcrumbList\",\"@id\":\"https:\/\/demoweb.info\/sexshop001\/producto\/bomba-automatica-para-senos-mediana-rosa\/#breadcrumb\",\"itemListElement\":[{\"@type\":\"ListItem\",\"position\":1,\"name\":\"Portada\",\"item\":\"https:\/\/demoweb.info\/sexshop001\/\"},{\"@type\":\"ListItem\",\"position\":2,\"name\":\"Tienda\",\"item\":\"https:\/\/demoweb.info\/sexshop001\/tienda\/\"},{\"@type\":\"ListItem\",\"position\":3,\"name\":\"BOMBA AUTOMATICA PARA SENOS &#8211; MEDIANA &#8211; ROSA\"}]},{\"@type\":\"WebSite\",\"@id\":\"https:\/\/demoweb.info\/sexshop001\/#website\",\"url\":\"https:\/\/demoweb.info\/sexshop001\/\",\"name\":\"Tienda Er\u00f3tica\",\"description\":\"DEMOWEB SL\",\"potentialAction\":[{\"@type\":\"SearchAction\",\"target\":{\"@type\":\"EntryPoint\",\"urlTemplate\":\"https:\/\/demoweb.info\/sexshop001\/?s={search_term_string}\"},\"query-input\":\"required name=search_term_string\"}],\"inLanguage\":\"es\"}]}<\/script>\n<!-- \/ Yoast SEO plugin. -->","yoast_head_json":{"title":"BOMBA AUTOMATICA PARA SENOS - MEDIANA - ROSA - Tienda Er\u00f3tica","robots":{"index":"noindex","follow":"follow","max-snippet":"max-snippet:-1","max-image-preview":"max-image-preview:large","max-video-preview":"max-video-preview:-1"},"og_locale":"es_ES","og_type":"article","og_title":"BOMBA AUTOMATICA PARA SENOS - MEDIANA - ROSA - Tienda Er\u00f3tica","og_description":"BOMBA AUTOMATICA PARA SENOS &#8211; MEDIUM &#8211; ROSA Bombea para hinchar y asegurarte de que tus senos se vean mejor","og_url":"https:\/\/demoweb.info\/sexshop001\/producto\/bomba-automatica-para-senos-mediana-rosa\/","og_site_name":"Tienda Er\u00f3tica","article_modified_time":"2022-01-22T09:17:20+00:00","og_image":[{"width":550,"height":550,"url":"https:\/\/demoweb.info\/sexshop001\/wp-content\/uploads\/2022\/01\/BOMBA-AUTOMATICA-PARA-SENOS-MEDIANA-ROSA.jpg","type":"image\/jpeg"}],"twitter_card":"summary_large_image","twitter_misc":{"Tiempo de lectura":"1 minuto"},"schema":{"@context":"https:\/\/schema.org","@graph":[{"@type":"WebPage","@id":"https:\/\/demoweb.info\/sexshop001\/producto\/bomba-automatica-para-senos-mediana-rosa\/","url":"https:\/\/demoweb.info\/sexshop001\/producto\/bomba-automatica-para-senos-mediana-rosa\/","name":"BOMBA AUTOMATICA PARA SENOS - MEDIANA - ROSA - Tienda Er\u00f3tica","isPartOf":{"@id":"https:\/\/demoweb.info\/sexshop001\/#website"},"datePublished":"2022-01-22T09:17:13+00:00","dateModified":"2022-01-22T09:17:20+00:00","breadcrumb":{"@id":"https:\/\/demoweb.info\/sexshop001\/producto\/bomba-automatica-para-senos-mediana-rosa\/#breadcrumb"},"inLanguage":"es","potentialAction":[{"@type":"ReadAction","target":["https:\/\/demoweb.info\/sexshop001\/producto\/bomba-automatica-para-senos-mediana-rosa\/"]}]},{"@type":"BreadcrumbList","@id":"https:\/\/demoweb.info\/sexshop001\/producto\/bomba-automatica-para-senos-mediana-rosa\/#breadcrumb","itemListElement":[{"@type":"ListItem","position":1,"name":"Portada","item":"https:\/\/demoweb.info\/sexshop001\/"},{"@type":"ListItem","position":2,"name":"Tienda","item":"https:\/\/demoweb.info\/sexshop001\/tienda\/"},{"@type":"ListItem","position":3,"name":"BOMBA AUTOMATICA PARA SENOS &#8211; MEDIANA &#8211; ROSA"}]},{"@type":"WebSite","@id":"https:\/\/demoweb.info\/sexshop001\/#website","url":"https:\/\/demoweb.info\/sexshop001\/","name":"Tienda Er\u00f3tica","description":"DEMOWEB SL","potentialAction":[{"@type":"SearchAction","target":{"@type":"EntryPoint","urlTemplate":"https:\/\/demoweb.info\/sexshop001\/?s={search_term_string}"},"query-input":"required name=search_term_string"}],"inLanguage":"es"}]}},"_links":{"self":[{"href":"https:\/\/demoweb.info\/sexshop001\/wp-json\/wp\/v3\/product\/13911","targetHints":{"allow":["GET"]}}],"collection":[{"href":"https:\/\/demoweb.info\/sexshop001\/wp-json\/wp\/v3\/product"}],"about":[{"href":"https:\/\/demoweb.info\/sexshop001\/wp-json\/wp\/v2\/types\/product"}],"replies":[{"embeddable":true,"href":"https:\/\/demoweb.info\/sexshop001\/wp-json\/wp\/v2\/comments?post=13911"}],"wp:featuredmedia":[{"embeddable":true,"href":"https:\/\/demoweb.info\/sexshop001\/wp-json\/wp\/v2\/media\/13912"}],"wp:attachment":[{"href":"https:\/\/demoweb.info\/sexshop001\/wp-json\/wp\/v2\/media?parent=13911"}],"wp:term":[{"taxonomy":"product_cat","embeddable":true,"href":"https:\/\/demoweb.info\/sexshop001\/wp-json\/wp\/v2\/product_cat?post=13911"},{"taxonomy":"product_tag","embeddable":true,"href":"https:\/\/demoweb.info\/sexshop001\/wp-json\/wp\/v2\/product_tag?post=13911"}],"curies":[{"name":"wp","href":"https:\/\/api.w.org\/{rel}","templated":true}]}}