{"id":13897,"date":"2022-01-22T10:17:13","date_gmt":"2022-01-22T09:17:13","guid":{"rendered":"https:\/\/demoweb.info\/sexshop001\/producto\/exs-preservativos-divertidos-100-pack\/"},"modified":"2022-01-22T10:17:13","modified_gmt":"2022-01-22T09:17:13","slug":"exs-preservativos-divertidos-100-pack","status":"publish","type":"product","link":"https:\/\/demoweb.info\/sexshop001\/producto\/exs-preservativos-divertidos-100-pack\/","title":{"rendered":"EXS -PRESERVATIVOS DIVERTIDOS &#8211; 100 PACK"},"content":{"rendered":"<p><strong>EXS USE IN CASE OF EMERGENCY! &#8211; 100 PACK<\/strong><\/p>\n<p>Los condones con l\u00e1minas circulares EXS contienen un cond\u00f3n de ajuste regular EXS, que es el original y la mayor venta de todos los condones EXS.<\/p>\n<p>Los condones EXS Regular son un cond\u00f3n de 54 mm de ancho con una tetilla acampanada y son adecuados para la mayor\u00eda de los hombres para usar con confianza.<\/p>\n<p>Los condones EXS regulares no tienen olor a l\u00e1tex y est\u00e1n hechos de un l\u00e1tex sedoso delgado pero fuerte.<\/p>\n<p>Vigorosamente probado seg\u00fan los est\u00e1ndares europeos y por el British Standards Institute (BSI).<\/p>\n<p>Este producto es extremadamente delgado pero tiene la fuerza de los condones de l\u00e1tex regulares m\u00e1s gruesos.<\/p>\n","protected":false},"excerpt":{"rendered":"<p>EXS USE IN CASE OF EMERGENCY! &#8211; 100 PACK Los condones con l\u00e1minas circulares EXS contienen un cond\u00f3n de ajuste<\/p>\n","protected":false},"featured_media":13898,"comment_status":"open","ping_status":"open","template":"","meta":[],"product_cat":[764],"product_tag":[763],"class_list":["post-13897","product","type-product","status-publish","has-post-thumbnail","hentry","product_cat-resistentes","product_tag-exs-condoms"],"bundled_by":[],"bundle_stock_status":"instock","bundle_stock_quantity":1,"bundle_virtual":false,"bundle_layout":"","bundle_add_to_cart_form_location":"","bundle_editable_in_cart":false,"bundle_sold_individually_context":"","bundle_item_grouping":"","bundle_min_size":"","bundle_max_size":"","bundled_items":[],"yoast_head":"<!-- This site is optimized with the Yoast SEO plugin v20.6 - https:\/\/yoast.com\/wordpress\/plugins\/seo\/ -->\n<title>EXS -PRESERVATIVOS DIVERTIDOS - 100 PACK - Tienda Er\u00f3tica<\/title>\n<meta name=\"robots\" content=\"noindex, follow, max-snippet:-1, max-image-preview:large, max-video-preview:-1\" \/>\n<meta property=\"og:locale\" content=\"es_ES\" \/>\n<meta property=\"og:type\" content=\"article\" \/>\n<meta property=\"og:title\" content=\"EXS -PRESERVATIVOS DIVERTIDOS - 100 PACK - Tienda Er\u00f3tica\" \/>\n<meta property=\"og:description\" content=\"EXS USE IN CASE OF EMERGENCY! &#8211; 100 PACK Los condones con l\u00e1minas circulares EXS contienen un cond\u00f3n de ajuste\" \/>\n<meta property=\"og:url\" content=\"https:\/\/demoweb.info\/sexshop001\/producto\/exs-preservativos-divertidos-100-pack\/\" \/>\n<meta property=\"og:site_name\" content=\"Tienda Er\u00f3tica\" \/>\n<meta property=\"og:image\" content=\"https:\/\/demoweb.info\/sexshop001\/wp-content\/uploads\/2022\/01\/EXS-PRESERVATIVOS-DIVERTIDOS-100-PACK.jpg\" \/>\n\t<meta property=\"og:image:width\" content=\"550\" \/>\n\t<meta property=\"og:image:height\" content=\"550\" \/>\n\t<meta property=\"og:image:type\" content=\"image\/jpeg\" \/>\n<meta name=\"twitter:card\" content=\"summary_large_image\" \/>\n<meta name=\"twitter:label1\" content=\"Tiempo de lectura\" \/>\n\t<meta name=\"twitter:data1\" content=\"1 minuto\" \/>\n<script type=\"application\/ld+json\" class=\"yoast-schema-graph\">{\"@context\":\"https:\/\/schema.org\",\"@graph\":[{\"@type\":\"WebPage\",\"@id\":\"https:\/\/demoweb.info\/sexshop001\/producto\/exs-preservativos-divertidos-100-pack\/\",\"url\":\"https:\/\/demoweb.info\/sexshop001\/producto\/exs-preservativos-divertidos-100-pack\/\",\"name\":\"EXS -PRESERVATIVOS DIVERTIDOS - 100 PACK - Tienda Er\u00f3tica\",\"isPartOf\":{\"@id\":\"https:\/\/demoweb.info\/sexshop001\/#website\"},\"datePublished\":\"2022-01-22T09:17:13+00:00\",\"dateModified\":\"2022-01-22T09:17:13+00:00\",\"breadcrumb\":{\"@id\":\"https:\/\/demoweb.info\/sexshop001\/producto\/exs-preservativos-divertidos-100-pack\/#breadcrumb\"},\"inLanguage\":\"es\",\"potentialAction\":[{\"@type\":\"ReadAction\",\"target\":[\"https:\/\/demoweb.info\/sexshop001\/producto\/exs-preservativos-divertidos-100-pack\/\"]}]},{\"@type\":\"BreadcrumbList\",\"@id\":\"https:\/\/demoweb.info\/sexshop001\/producto\/exs-preservativos-divertidos-100-pack\/#breadcrumb\",\"itemListElement\":[{\"@type\":\"ListItem\",\"position\":1,\"name\":\"Portada\",\"item\":\"https:\/\/demoweb.info\/sexshop001\/\"},{\"@type\":\"ListItem\",\"position\":2,\"name\":\"Tienda\",\"item\":\"https:\/\/demoweb.info\/sexshop001\/tienda\/\"},{\"@type\":\"ListItem\",\"position\":3,\"name\":\"EXS -PRESERVATIVOS DIVERTIDOS &#8211; 100 PACK\"}]},{\"@type\":\"WebSite\",\"@id\":\"https:\/\/demoweb.info\/sexshop001\/#website\",\"url\":\"https:\/\/demoweb.info\/sexshop001\/\",\"name\":\"Tienda Er\u00f3tica\",\"description\":\"DEMOWEB SL\",\"potentialAction\":[{\"@type\":\"SearchAction\",\"target\":{\"@type\":\"EntryPoint\",\"urlTemplate\":\"https:\/\/demoweb.info\/sexshop001\/?s={search_term_string}\"},\"query-input\":\"required name=search_term_string\"}],\"inLanguage\":\"es\"}]}<\/script>\n<!-- \/ Yoast SEO plugin. -->","yoast_head_json":{"title":"EXS -PRESERVATIVOS DIVERTIDOS - 100 PACK - Tienda Er\u00f3tica","robots":{"index":"noindex","follow":"follow","max-snippet":"max-snippet:-1","max-image-preview":"max-image-preview:large","max-video-preview":"max-video-preview:-1"},"og_locale":"es_ES","og_type":"article","og_title":"EXS -PRESERVATIVOS DIVERTIDOS - 100 PACK - Tienda Er\u00f3tica","og_description":"EXS USE IN CASE OF EMERGENCY! &#8211; 100 PACK Los condones con l\u00e1minas circulares EXS contienen un cond\u00f3n de ajuste","og_url":"https:\/\/demoweb.info\/sexshop001\/producto\/exs-preservativos-divertidos-100-pack\/","og_site_name":"Tienda Er\u00f3tica","og_image":[{"width":550,"height":550,"url":"https:\/\/demoweb.info\/sexshop001\/wp-content\/uploads\/2022\/01\/EXS-PRESERVATIVOS-DIVERTIDOS-100-PACK.jpg","type":"image\/jpeg"}],"twitter_card":"summary_large_image","twitter_misc":{"Tiempo de lectura":"1 minuto"},"schema":{"@context":"https:\/\/schema.org","@graph":[{"@type":"WebPage","@id":"https:\/\/demoweb.info\/sexshop001\/producto\/exs-preservativos-divertidos-100-pack\/","url":"https:\/\/demoweb.info\/sexshop001\/producto\/exs-preservativos-divertidos-100-pack\/","name":"EXS -PRESERVATIVOS DIVERTIDOS - 100 PACK - Tienda Er\u00f3tica","isPartOf":{"@id":"https:\/\/demoweb.info\/sexshop001\/#website"},"datePublished":"2022-01-22T09:17:13+00:00","dateModified":"2022-01-22T09:17:13+00:00","breadcrumb":{"@id":"https:\/\/demoweb.info\/sexshop001\/producto\/exs-preservativos-divertidos-100-pack\/#breadcrumb"},"inLanguage":"es","potentialAction":[{"@type":"ReadAction","target":["https:\/\/demoweb.info\/sexshop001\/producto\/exs-preservativos-divertidos-100-pack\/"]}]},{"@type":"BreadcrumbList","@id":"https:\/\/demoweb.info\/sexshop001\/producto\/exs-preservativos-divertidos-100-pack\/#breadcrumb","itemListElement":[{"@type":"ListItem","position":1,"name":"Portada","item":"https:\/\/demoweb.info\/sexshop001\/"},{"@type":"ListItem","position":2,"name":"Tienda","item":"https:\/\/demoweb.info\/sexshop001\/tienda\/"},{"@type":"ListItem","position":3,"name":"EXS -PRESERVATIVOS DIVERTIDOS &#8211; 100 PACK"}]},{"@type":"WebSite","@id":"https:\/\/demoweb.info\/sexshop001\/#website","url":"https:\/\/demoweb.info\/sexshop001\/","name":"Tienda Er\u00f3tica","description":"DEMOWEB SL","potentialAction":[{"@type":"SearchAction","target":{"@type":"EntryPoint","urlTemplate":"https:\/\/demoweb.info\/sexshop001\/?s={search_term_string}"},"query-input":"required name=search_term_string"}],"inLanguage":"es"}]}},"_links":{"self":[{"href":"https:\/\/demoweb.info\/sexshop001\/wp-json\/wp\/v3\/product\/13897","targetHints":{"allow":["GET"]}}],"collection":[{"href":"https:\/\/demoweb.info\/sexshop001\/wp-json\/wp\/v3\/product"}],"about":[{"href":"https:\/\/demoweb.info\/sexshop001\/wp-json\/wp\/v2\/types\/product"}],"replies":[{"embeddable":true,"href":"https:\/\/demoweb.info\/sexshop001\/wp-json\/wp\/v2\/comments?post=13897"}],"wp:featuredmedia":[{"embeddable":true,"href":"https:\/\/demoweb.info\/sexshop001\/wp-json\/wp\/v2\/media\/13898"}],"wp:attachment":[{"href":"https:\/\/demoweb.info\/sexshop001\/wp-json\/wp\/v2\/media?parent=13897"}],"wp:term":[{"taxonomy":"product_cat","embeddable":true,"href":"https:\/\/demoweb.info\/sexshop001\/wp-json\/wp\/v2\/product_cat?post=13897"},{"taxonomy":"product_tag","embeddable":true,"href":"https:\/\/demoweb.info\/sexshop001\/wp-json\/wp\/v2\/product_tag?post=13897"}],"curies":[{"name":"wp","href":"https:\/\/api.w.org\/{rel}","templated":true}]}}