{"id":13863,"date":"2022-01-22T10:16:53","date_gmt":"2022-01-22T09:16:53","guid":{"rendered":"https:\/\/demoweb.info\/sexshop001\/producto\/exs-extra-safe-extra-grueso-144-pack\/"},"modified":"2022-01-22T10:16:57","modified_gmt":"2022-01-22T09:16:57","slug":"exs-extra-safe-extra-grueso-144-pack","status":"publish","type":"product","link":"https:\/\/demoweb.info\/sexshop001\/producto\/exs-extra-safe-extra-grueso-144-pack\/","title":{"rendered":"EXS EXTRA SAFE &#8211; EXTRA GRUESO -144 PACK"},"content":{"rendered":"<p><strong>EXS EXTRA SAFE &#8211; 144 PACK<\/strong><\/p>\n<p>Los condones EXS Extra Safe est\u00e1n hechos para ser un l\u00e1tex ligeramente m\u00e1s grueso con un grosor de 0.082 mm en comparaci\u00f3n con los condones normales que tienen en promedio un espesor de pared de 0.07 mm.<\/p>\n<p>Los condones EXS Extra Safe son para cuando se requiere una sensaci\u00f3n de protecci\u00f3n adicional. EXS Extra Safe no tiene olor a l\u00e1tex y est\u00e1 hecho de un l\u00e1tex sedoso fino pero fuerte.<\/p>\n<p>Los condones EXS Extra Safe se prueban en\u00e9rgicamente seg\u00fan los est\u00e1ndares europeos y por el British Standards Institute (BSI)<\/p><\/p>\n","protected":false},"excerpt":{"rendered":"<p>EXS EXTRA SAFE &#8211; 144 PACK Los condones EXS Extra Safe est\u00e1n hechos para ser un l\u00e1tex ligeramente m\u00e1s grueso<\/p>\n","protected":false},"featured_media":13864,"comment_status":"open","ping_status":"open","template":"","meta":[],"product_cat":[621],"product_tag":[763],"class_list":["post-13863","product","type-product","status-publish","has-post-thumbnail","hentry","product_cat-naturales","product_tag-exs-condoms"],"bundled_by":[],"bundle_stock_status":"instock","bundle_stock_quantity":3,"bundle_virtual":false,"bundle_layout":"","bundle_add_to_cart_form_location":"","bundle_editable_in_cart":false,"bundle_sold_individually_context":"","bundle_item_grouping":"","bundle_min_size":"","bundle_max_size":"","bundled_items":[],"yoast_head":"<!-- This site is optimized with the Yoast SEO plugin v20.6 - https:\/\/yoast.com\/wordpress\/plugins\/seo\/ -->\n<title>EXS EXTRA SAFE - EXTRA GRUESO -144 PACK - Tienda Er\u00f3tica<\/title>\n<meta name=\"robots\" content=\"noindex, follow, max-snippet:-1, max-image-preview:large, max-video-preview:-1\" \/>\n<meta property=\"og:locale\" content=\"es_ES\" \/>\n<meta property=\"og:type\" content=\"article\" \/>\n<meta property=\"og:title\" content=\"EXS EXTRA SAFE - EXTRA GRUESO -144 PACK - Tienda Er\u00f3tica\" \/>\n<meta property=\"og:description\" content=\"EXS EXTRA SAFE &#8211; 144 PACK Los condones EXS Extra Safe est\u00e1n hechos para ser un l\u00e1tex ligeramente m\u00e1s grueso\" \/>\n<meta property=\"og:url\" content=\"https:\/\/demoweb.info\/sexshop001\/producto\/exs-extra-safe-extra-grueso-144-pack\/\" \/>\n<meta property=\"og:site_name\" content=\"Tienda Er\u00f3tica\" \/>\n<meta property=\"article:modified_time\" content=\"2022-01-22T09:16:57+00:00\" \/>\n<meta property=\"og:image\" content=\"https:\/\/demoweb.info\/sexshop001\/wp-content\/uploads\/2022\/01\/EXS-EXTRA-SAFE-EXTRA-GRUESO-144-PACK.jpg\" \/>\n\t<meta property=\"og:image:width\" content=\"550\" \/>\n\t<meta property=\"og:image:height\" content=\"550\" \/>\n\t<meta property=\"og:image:type\" content=\"image\/jpeg\" \/>\n<meta name=\"twitter:card\" content=\"summary_large_image\" \/>\n<meta name=\"twitter:label1\" content=\"Tiempo de lectura\" \/>\n\t<meta name=\"twitter:data1\" content=\"1 minuto\" \/>\n<script type=\"application\/ld+json\" class=\"yoast-schema-graph\">{\"@context\":\"https:\/\/schema.org\",\"@graph\":[{\"@type\":\"WebPage\",\"@id\":\"https:\/\/demoweb.info\/sexshop001\/producto\/exs-extra-safe-extra-grueso-144-pack\/\",\"url\":\"https:\/\/demoweb.info\/sexshop001\/producto\/exs-extra-safe-extra-grueso-144-pack\/\",\"name\":\"EXS EXTRA SAFE - EXTRA GRUESO -144 PACK - Tienda Er\u00f3tica\",\"isPartOf\":{\"@id\":\"https:\/\/demoweb.info\/sexshop001\/#website\"},\"datePublished\":\"2022-01-22T09:16:53+00:00\",\"dateModified\":\"2022-01-22T09:16:57+00:00\",\"breadcrumb\":{\"@id\":\"https:\/\/demoweb.info\/sexshop001\/producto\/exs-extra-safe-extra-grueso-144-pack\/#breadcrumb\"},\"inLanguage\":\"es\",\"potentialAction\":[{\"@type\":\"ReadAction\",\"target\":[\"https:\/\/demoweb.info\/sexshop001\/producto\/exs-extra-safe-extra-grueso-144-pack\/\"]}]},{\"@type\":\"BreadcrumbList\",\"@id\":\"https:\/\/demoweb.info\/sexshop001\/producto\/exs-extra-safe-extra-grueso-144-pack\/#breadcrumb\",\"itemListElement\":[{\"@type\":\"ListItem\",\"position\":1,\"name\":\"Portada\",\"item\":\"https:\/\/demoweb.info\/sexshop001\/\"},{\"@type\":\"ListItem\",\"position\":2,\"name\":\"Tienda\",\"item\":\"https:\/\/demoweb.info\/sexshop001\/tienda\/\"},{\"@type\":\"ListItem\",\"position\":3,\"name\":\"EXS EXTRA SAFE &#8211; EXTRA GRUESO -144 PACK\"}]},{\"@type\":\"WebSite\",\"@id\":\"https:\/\/demoweb.info\/sexshop001\/#website\",\"url\":\"https:\/\/demoweb.info\/sexshop001\/\",\"name\":\"Tienda Er\u00f3tica\",\"description\":\"DEMOWEB SL\",\"potentialAction\":[{\"@type\":\"SearchAction\",\"target\":{\"@type\":\"EntryPoint\",\"urlTemplate\":\"https:\/\/demoweb.info\/sexshop001\/?s={search_term_string}\"},\"query-input\":\"required name=search_term_string\"}],\"inLanguage\":\"es\"}]}<\/script>\n<!-- \/ Yoast SEO plugin. -->","yoast_head_json":{"title":"EXS EXTRA SAFE - EXTRA GRUESO -144 PACK - Tienda Er\u00f3tica","robots":{"index":"noindex","follow":"follow","max-snippet":"max-snippet:-1","max-image-preview":"max-image-preview:large","max-video-preview":"max-video-preview:-1"},"og_locale":"es_ES","og_type":"article","og_title":"EXS EXTRA SAFE - EXTRA GRUESO -144 PACK - Tienda Er\u00f3tica","og_description":"EXS EXTRA SAFE &#8211; 144 PACK Los condones EXS Extra Safe est\u00e1n hechos para ser un l\u00e1tex ligeramente m\u00e1s grueso","og_url":"https:\/\/demoweb.info\/sexshop001\/producto\/exs-extra-safe-extra-grueso-144-pack\/","og_site_name":"Tienda Er\u00f3tica","article_modified_time":"2022-01-22T09:16:57+00:00","og_image":[{"width":550,"height":550,"url":"https:\/\/demoweb.info\/sexshop001\/wp-content\/uploads\/2022\/01\/EXS-EXTRA-SAFE-EXTRA-GRUESO-144-PACK.jpg","type":"image\/jpeg"}],"twitter_card":"summary_large_image","twitter_misc":{"Tiempo de lectura":"1 minuto"},"schema":{"@context":"https:\/\/schema.org","@graph":[{"@type":"WebPage","@id":"https:\/\/demoweb.info\/sexshop001\/producto\/exs-extra-safe-extra-grueso-144-pack\/","url":"https:\/\/demoweb.info\/sexshop001\/producto\/exs-extra-safe-extra-grueso-144-pack\/","name":"EXS EXTRA SAFE - EXTRA GRUESO -144 PACK - Tienda Er\u00f3tica","isPartOf":{"@id":"https:\/\/demoweb.info\/sexshop001\/#website"},"datePublished":"2022-01-22T09:16:53+00:00","dateModified":"2022-01-22T09:16:57+00:00","breadcrumb":{"@id":"https:\/\/demoweb.info\/sexshop001\/producto\/exs-extra-safe-extra-grueso-144-pack\/#breadcrumb"},"inLanguage":"es","potentialAction":[{"@type":"ReadAction","target":["https:\/\/demoweb.info\/sexshop001\/producto\/exs-extra-safe-extra-grueso-144-pack\/"]}]},{"@type":"BreadcrumbList","@id":"https:\/\/demoweb.info\/sexshop001\/producto\/exs-extra-safe-extra-grueso-144-pack\/#breadcrumb","itemListElement":[{"@type":"ListItem","position":1,"name":"Portada","item":"https:\/\/demoweb.info\/sexshop001\/"},{"@type":"ListItem","position":2,"name":"Tienda","item":"https:\/\/demoweb.info\/sexshop001\/tienda\/"},{"@type":"ListItem","position":3,"name":"EXS EXTRA SAFE &#8211; EXTRA GRUESO -144 PACK"}]},{"@type":"WebSite","@id":"https:\/\/demoweb.info\/sexshop001\/#website","url":"https:\/\/demoweb.info\/sexshop001\/","name":"Tienda Er\u00f3tica","description":"DEMOWEB SL","potentialAction":[{"@type":"SearchAction","target":{"@type":"EntryPoint","urlTemplate":"https:\/\/demoweb.info\/sexshop001\/?s={search_term_string}"},"query-input":"required name=search_term_string"}],"inLanguage":"es"}]}},"_links":{"self":[{"href":"https:\/\/demoweb.info\/sexshop001\/wp-json\/wp\/v3\/product\/13863","targetHints":{"allow":["GET"]}}],"collection":[{"href":"https:\/\/demoweb.info\/sexshop001\/wp-json\/wp\/v3\/product"}],"about":[{"href":"https:\/\/demoweb.info\/sexshop001\/wp-json\/wp\/v2\/types\/product"}],"replies":[{"embeddable":true,"href":"https:\/\/demoweb.info\/sexshop001\/wp-json\/wp\/v2\/comments?post=13863"}],"wp:featuredmedia":[{"embeddable":true,"href":"https:\/\/demoweb.info\/sexshop001\/wp-json\/wp\/v2\/media\/13864"}],"wp:attachment":[{"href":"https:\/\/demoweb.info\/sexshop001\/wp-json\/wp\/v2\/media?parent=13863"}],"wp:term":[{"taxonomy":"product_cat","embeddable":true,"href":"https:\/\/demoweb.info\/sexshop001\/wp-json\/wp\/v2\/product_cat?post=13863"},{"taxonomy":"product_tag","embeddable":true,"href":"https:\/\/demoweb.info\/sexshop001\/wp-json\/wp\/v2\/product_tag?post=13863"}],"curies":[{"name":"wp","href":"https:\/\/api.w.org\/{rel}","templated":true}]}}