{"id":13823,"date":"2022-01-22T10:16:27","date_gmt":"2022-01-22T09:16:27","guid":{"rendered":"https:\/\/demoweb.info\/sexshop001\/producto\/extreme-toyz-masturbador-pene-y-culo-todo-en-uno-xl\/"},"modified":"2022-01-22T10:16:38","modified_gmt":"2022-01-22T09:16:38","slug":"extreme-toyz-masturbador-pene-y-culo-todo-en-uno-xl","status":"publish","type":"product","link":"https:\/\/demoweb.info\/sexshop001\/producto\/extreme-toyz-masturbador-pene-y-culo-todo-en-uno-xl\/","title":{"rendered":"EXTREME TOYZ MASTURBADOR PENE Y CULO TODO EN UNO XL"},"content":{"rendered":"<p><strong>EXTREME TOYZ FUCK MY COCK MASTURBATOR<\/strong>.<\/p>\n<p>Ahora podr\u00e1s tener lo mejor de los dos sexos con este incre\u00edble masturbador.<\/p>\n<p>Siempre hab\u00edas so\u00f1ado con tener un affair anal, mientras masturbas un pene duro&#8230; El masturbador dispone de unas nalgas jugosas conectadas con un pene de 17,5cent\u00edmetros. Este chico malo te dejar\u00e1 que se lo hagas por detr\u00e1s mientras lo tocas por delante. Az\u00f3talo y escucha el sonido como si se tratase de un culo real, rell\u00e9nalo con toda tu virilidad y descarga tu masculinidad dentro de \u00e9l.<\/p>\n<p>Fabricado con <strong>Fanta Flesh<\/strong>, abrazar\u00e1 cada cent\u00edmetro de tu barra del placer como si fuese un ano real. Haz lo que m\u00e1s desees con \u00e9l. Puedes utilizar lubricante para un encuentro extra salvaje y luego limpiarlo con el <strong>Pipedream Cleaner<\/strong> y agua tibia.<\/p>\n<p>Medidas insertables: 17,5 x 5 cm<\/p>\n","protected":false},"excerpt":{"rendered":"<p>EXTREME TOYZ FUCK MY COCK MASTURBATOR. Ahora podr\u00e1s tener lo mejor de los dos sexos con este incre\u00edble masturbador. Siempre<\/p>\n","protected":false},"featured_media":13824,"comment_status":"open","ping_status":"open","template":"","meta":[],"product_cat":[468],"product_tag":[561,259],"class_list":["post-13823","product","type-product","status-publish","has-post-thumbnail","hentry","product_cat-anos","product_tag-extreme-toyz","product_tag-pipedream"],"bundled_by":[],"bundle_stock_status":"instock","bundle_stock_quantity":2,"bundle_virtual":false,"bundle_layout":"","bundle_add_to_cart_form_location":"","bundle_editable_in_cart":false,"bundle_sold_individually_context":"","bundle_item_grouping":"","bundle_min_size":"","bundle_max_size":"","bundled_items":[],"yoast_head":"<!-- This site is optimized with the Yoast SEO plugin v20.6 - https:\/\/yoast.com\/wordpress\/plugins\/seo\/ -->\n<title>EXTREME TOYZ MASTURBADOR PENE Y CULO TODO EN UNO XL - Tienda Er\u00f3tica<\/title>\n<meta name=\"robots\" content=\"noindex, follow, max-snippet:-1, max-image-preview:large, max-video-preview:-1\" \/>\n<meta property=\"og:locale\" content=\"es_ES\" \/>\n<meta property=\"og:type\" content=\"article\" \/>\n<meta property=\"og:title\" content=\"EXTREME TOYZ MASTURBADOR PENE Y CULO TODO EN UNO XL - Tienda Er\u00f3tica\" \/>\n<meta property=\"og:description\" content=\"EXTREME TOYZ FUCK MY COCK MASTURBATOR. Ahora podr\u00e1s tener lo mejor de los dos sexos con este incre\u00edble masturbador. Siempre\" \/>\n<meta property=\"og:url\" content=\"https:\/\/demoweb.info\/sexshop001\/producto\/extreme-toyz-masturbador-pene-y-culo-todo-en-uno-xl\/\" \/>\n<meta property=\"og:site_name\" content=\"Tienda Er\u00f3tica\" \/>\n<meta property=\"article:modified_time\" content=\"2022-01-22T09:16:38+00:00\" \/>\n<meta property=\"og:image\" content=\"https:\/\/demoweb.info\/sexshop001\/wp-content\/uploads\/2022\/01\/EXTREME-TOYZ-MASTURBADOR-PENE-Y-CULO-TODO-EN-UNO-XL.jpg\" \/>\n\t<meta property=\"og:image:width\" content=\"550\" \/>\n\t<meta property=\"og:image:height\" content=\"550\" \/>\n\t<meta property=\"og:image:type\" content=\"image\/jpeg\" \/>\n<meta name=\"twitter:card\" content=\"summary_large_image\" \/>\n<meta name=\"twitter:label1\" content=\"Tiempo de lectura\" \/>\n\t<meta name=\"twitter:data1\" content=\"1 minuto\" \/>\n<script type=\"application\/ld+json\" class=\"yoast-schema-graph\">{\"@context\":\"https:\/\/schema.org\",\"@graph\":[{\"@type\":\"WebPage\",\"@id\":\"https:\/\/demoweb.info\/sexshop001\/producto\/extreme-toyz-masturbador-pene-y-culo-todo-en-uno-xl\/\",\"url\":\"https:\/\/demoweb.info\/sexshop001\/producto\/extreme-toyz-masturbador-pene-y-culo-todo-en-uno-xl\/\",\"name\":\"EXTREME TOYZ MASTURBADOR PENE Y CULO TODO EN UNO XL - Tienda Er\u00f3tica\",\"isPartOf\":{\"@id\":\"https:\/\/demoweb.info\/sexshop001\/#website\"},\"datePublished\":\"2022-01-22T09:16:27+00:00\",\"dateModified\":\"2022-01-22T09:16:38+00:00\",\"breadcrumb\":{\"@id\":\"https:\/\/demoweb.info\/sexshop001\/producto\/extreme-toyz-masturbador-pene-y-culo-todo-en-uno-xl\/#breadcrumb\"},\"inLanguage\":\"es\",\"potentialAction\":[{\"@type\":\"ReadAction\",\"target\":[\"https:\/\/demoweb.info\/sexshop001\/producto\/extreme-toyz-masturbador-pene-y-culo-todo-en-uno-xl\/\"]}]},{\"@type\":\"BreadcrumbList\",\"@id\":\"https:\/\/demoweb.info\/sexshop001\/producto\/extreme-toyz-masturbador-pene-y-culo-todo-en-uno-xl\/#breadcrumb\",\"itemListElement\":[{\"@type\":\"ListItem\",\"position\":1,\"name\":\"Portada\",\"item\":\"https:\/\/demoweb.info\/sexshop001\/\"},{\"@type\":\"ListItem\",\"position\":2,\"name\":\"Tienda\",\"item\":\"https:\/\/demoweb.info\/sexshop001\/tienda\/\"},{\"@type\":\"ListItem\",\"position\":3,\"name\":\"EXTREME TOYZ MASTURBADOR PENE Y CULO TODO EN UNO XL\"}]},{\"@type\":\"WebSite\",\"@id\":\"https:\/\/demoweb.info\/sexshop001\/#website\",\"url\":\"https:\/\/demoweb.info\/sexshop001\/\",\"name\":\"Tienda Er\u00f3tica\",\"description\":\"DEMOWEB SL\",\"potentialAction\":[{\"@type\":\"SearchAction\",\"target\":{\"@type\":\"EntryPoint\",\"urlTemplate\":\"https:\/\/demoweb.info\/sexshop001\/?s={search_term_string}\"},\"query-input\":\"required name=search_term_string\"}],\"inLanguage\":\"es\"}]}<\/script>\n<!-- \/ Yoast SEO plugin. -->","yoast_head_json":{"title":"EXTREME TOYZ MASTURBADOR PENE Y CULO TODO EN UNO XL - Tienda Er\u00f3tica","robots":{"index":"noindex","follow":"follow","max-snippet":"max-snippet:-1","max-image-preview":"max-image-preview:large","max-video-preview":"max-video-preview:-1"},"og_locale":"es_ES","og_type":"article","og_title":"EXTREME TOYZ MASTURBADOR PENE Y CULO TODO EN UNO XL - Tienda Er\u00f3tica","og_description":"EXTREME TOYZ FUCK MY COCK MASTURBATOR. Ahora podr\u00e1s tener lo mejor de los dos sexos con este incre\u00edble masturbador. Siempre","og_url":"https:\/\/demoweb.info\/sexshop001\/producto\/extreme-toyz-masturbador-pene-y-culo-todo-en-uno-xl\/","og_site_name":"Tienda Er\u00f3tica","article_modified_time":"2022-01-22T09:16:38+00:00","og_image":[{"width":550,"height":550,"url":"https:\/\/demoweb.info\/sexshop001\/wp-content\/uploads\/2022\/01\/EXTREME-TOYZ-MASTURBADOR-PENE-Y-CULO-TODO-EN-UNO-XL.jpg","type":"image\/jpeg"}],"twitter_card":"summary_large_image","twitter_misc":{"Tiempo de lectura":"1 minuto"},"schema":{"@context":"https:\/\/schema.org","@graph":[{"@type":"WebPage","@id":"https:\/\/demoweb.info\/sexshop001\/producto\/extreme-toyz-masturbador-pene-y-culo-todo-en-uno-xl\/","url":"https:\/\/demoweb.info\/sexshop001\/producto\/extreme-toyz-masturbador-pene-y-culo-todo-en-uno-xl\/","name":"EXTREME TOYZ MASTURBADOR PENE Y CULO TODO EN UNO XL - Tienda Er\u00f3tica","isPartOf":{"@id":"https:\/\/demoweb.info\/sexshop001\/#website"},"datePublished":"2022-01-22T09:16:27+00:00","dateModified":"2022-01-22T09:16:38+00:00","breadcrumb":{"@id":"https:\/\/demoweb.info\/sexshop001\/producto\/extreme-toyz-masturbador-pene-y-culo-todo-en-uno-xl\/#breadcrumb"},"inLanguage":"es","potentialAction":[{"@type":"ReadAction","target":["https:\/\/demoweb.info\/sexshop001\/producto\/extreme-toyz-masturbador-pene-y-culo-todo-en-uno-xl\/"]}]},{"@type":"BreadcrumbList","@id":"https:\/\/demoweb.info\/sexshop001\/producto\/extreme-toyz-masturbador-pene-y-culo-todo-en-uno-xl\/#breadcrumb","itemListElement":[{"@type":"ListItem","position":1,"name":"Portada","item":"https:\/\/demoweb.info\/sexshop001\/"},{"@type":"ListItem","position":2,"name":"Tienda","item":"https:\/\/demoweb.info\/sexshop001\/tienda\/"},{"@type":"ListItem","position":3,"name":"EXTREME TOYZ MASTURBADOR PENE Y CULO TODO EN UNO XL"}]},{"@type":"WebSite","@id":"https:\/\/demoweb.info\/sexshop001\/#website","url":"https:\/\/demoweb.info\/sexshop001\/","name":"Tienda Er\u00f3tica","description":"DEMOWEB SL","potentialAction":[{"@type":"SearchAction","target":{"@type":"EntryPoint","urlTemplate":"https:\/\/demoweb.info\/sexshop001\/?s={search_term_string}"},"query-input":"required name=search_term_string"}],"inLanguage":"es"}]}},"_links":{"self":[{"href":"https:\/\/demoweb.info\/sexshop001\/wp-json\/wp\/v3\/product\/13823","targetHints":{"allow":["GET"]}}],"collection":[{"href":"https:\/\/demoweb.info\/sexshop001\/wp-json\/wp\/v3\/product"}],"about":[{"href":"https:\/\/demoweb.info\/sexshop001\/wp-json\/wp\/v2\/types\/product"}],"replies":[{"embeddable":true,"href":"https:\/\/demoweb.info\/sexshop001\/wp-json\/wp\/v2\/comments?post=13823"}],"wp:featuredmedia":[{"embeddable":true,"href":"https:\/\/demoweb.info\/sexshop001\/wp-json\/wp\/v2\/media\/13824"}],"wp:attachment":[{"href":"https:\/\/demoweb.info\/sexshop001\/wp-json\/wp\/v2\/media?parent=13823"}],"wp:term":[{"taxonomy":"product_cat","embeddable":true,"href":"https:\/\/demoweb.info\/sexshop001\/wp-json\/wp\/v2\/product_cat?post=13823"},{"taxonomy":"product_tag","embeddable":true,"href":"https:\/\/demoweb.info\/sexshop001\/wp-json\/wp\/v2\/product_tag?post=13823"}],"curies":[{"name":"wp","href":"https:\/\/api.w.org\/{rel}","templated":true}]}}