{"id":13807,"date":"2022-01-22T10:16:27","date_gmt":"2022-01-22T09:16:27","guid":{"rendered":"https:\/\/demoweb.info\/sexshop001\/producto\/punos-de-suspension-manos-y-pies-de-cuero-negro-2\/"},"modified":"2022-01-22T10:16:31","modified_gmt":"2022-01-22T09:16:31","slug":"punos-de-suspension-manos-y-pies-de-cuero-negro-2","status":"publish","type":"product","link":"https:\/\/demoweb.info\/sexshop001\/producto\/punos-de-suspension-manos-y-pies-de-cuero-negro-2\/","title":{"rendered":"PU\u00d1OS DE SUSPENSION MANOS Y PIES DE CUERO &#8211; NEGRO"},"content":{"rendered":"<p><strong>SUSPENSION CUFFS LEATHER HANDS &#038; FEET &#8211; BLACK<\/strong><\/p>\n<p>Suspenda su submarino con estas aut\u00e9nticas esposas de cuero de alta resistencia.<\/p>\n<p>Hecho de cuero genuino, estos pu\u00f1os de sujeci\u00f3n BDSM brindan una gran comodidad mientras dejan a su esclavo suspendido y anhelan m\u00e1s.<\/p>\n<p>Gracias a las hebillas ajustables, se deslizar\u00e1n alrededor de cualquier mu\u00f1eca para un ajuste ce\u00f1ido y restrictivo.<\/p>\n<p>Estos pu\u00f1os se pueden unir f\u00e1cilmente a cualquier perno o gancho grande con las 2 juntas t\u00f3ricas incorporadas.<\/p>\n<p>\u00a1Para burlarse, complacer y suspender incluso al esclavo m\u00e1s travieso!<\/p>\n<ul>\n<li>Peso embalaje    670 gram<\/li>\n<li>Dimensiones del producto    34,5 x 32,5 x 2 cm<\/li>\n<li>Peso del producto    650 gram<\/li>\n<li>Materiales    Leather, Metal\n\t <\/li>\n<\/ul>\n","protected":false},"excerpt":{"rendered":"<p>SUSPENSION CUFFS LEATHER HANDS &#038; FEET &#8211; BLACK Suspenda su submarino con estas aut\u00e9nticas esposas de cuero de alta resistencia.<\/p>\n","protected":false},"featured_media":13808,"comment_status":"open","ping_status":"open","template":"","meta":[],"product_cat":[508],"product_tag":[307,302],"class_list":["post-13807","product","type-product","status-publish","has-post-thumbnail","hentry","product_cat-cuero","product_tag-ouch","product_tag-shots"],"bundled_by":[],"bundle_stock_status":"instock","bundle_stock_quantity":1,"bundle_virtual":false,"bundle_layout":"","bundle_add_to_cart_form_location":"","bundle_editable_in_cart":false,"bundle_sold_individually_context":"","bundle_item_grouping":"","bundle_min_size":"","bundle_max_size":"","bundled_items":[],"yoast_head":"<!-- This site is optimized with the Yoast SEO plugin v20.6 - https:\/\/yoast.com\/wordpress\/plugins\/seo\/ -->\n<title>PU\u00d1OS DE SUSPENSION MANOS Y PIES DE CUERO - NEGRO - Tienda Er\u00f3tica<\/title>\n<meta name=\"robots\" content=\"noindex, follow, max-snippet:-1, max-image-preview:large, max-video-preview:-1\" \/>\n<meta property=\"og:locale\" content=\"es_ES\" \/>\n<meta property=\"og:type\" content=\"article\" \/>\n<meta property=\"og:title\" content=\"PU\u00d1OS DE SUSPENSION MANOS Y PIES DE CUERO - NEGRO - Tienda Er\u00f3tica\" \/>\n<meta property=\"og:description\" content=\"SUSPENSION CUFFS LEATHER HANDS &#038; FEET &#8211; BLACK Suspenda su submarino con estas aut\u00e9nticas esposas de cuero de alta resistencia.\" \/>\n<meta property=\"og:url\" content=\"https:\/\/demoweb.info\/sexshop001\/producto\/punos-de-suspension-manos-y-pies-de-cuero-negro-2\/\" \/>\n<meta property=\"og:site_name\" content=\"Tienda Er\u00f3tica\" \/>\n<meta property=\"article:modified_time\" content=\"2022-01-22T09:16:31+00:00\" \/>\n<meta property=\"og:image\" content=\"https:\/\/demoweb.info\/sexshop001\/wp-content\/uploads\/2022\/01\/PUNOS-DE-SUSPENSION-MANOS-Y-PIES-DE-CUERO-NEGRO-4.jpg\" \/>\n\t<meta property=\"og:image:width\" content=\"550\" \/>\n\t<meta property=\"og:image:height\" content=\"550\" \/>\n\t<meta property=\"og:image:type\" content=\"image\/jpeg\" \/>\n<meta name=\"twitter:card\" content=\"summary_large_image\" \/>\n<meta name=\"twitter:label1\" content=\"Tiempo de lectura\" \/>\n\t<meta name=\"twitter:data1\" content=\"1 minuto\" \/>\n<script type=\"application\/ld+json\" class=\"yoast-schema-graph\">{\"@context\":\"https:\/\/schema.org\",\"@graph\":[{\"@type\":\"WebPage\",\"@id\":\"https:\/\/demoweb.info\/sexshop001\/producto\/punos-de-suspension-manos-y-pies-de-cuero-negro-2\/\",\"url\":\"https:\/\/demoweb.info\/sexshop001\/producto\/punos-de-suspension-manos-y-pies-de-cuero-negro-2\/\",\"name\":\"PU\u00d1OS DE SUSPENSION MANOS Y PIES DE CUERO - NEGRO - Tienda Er\u00f3tica\",\"isPartOf\":{\"@id\":\"https:\/\/demoweb.info\/sexshop001\/#website\"},\"datePublished\":\"2022-01-22T09:16:27+00:00\",\"dateModified\":\"2022-01-22T09:16:31+00:00\",\"breadcrumb\":{\"@id\":\"https:\/\/demoweb.info\/sexshop001\/producto\/punos-de-suspension-manos-y-pies-de-cuero-negro-2\/#breadcrumb\"},\"inLanguage\":\"es\",\"potentialAction\":[{\"@type\":\"ReadAction\",\"target\":[\"https:\/\/demoweb.info\/sexshop001\/producto\/punos-de-suspension-manos-y-pies-de-cuero-negro-2\/\"]}]},{\"@type\":\"BreadcrumbList\",\"@id\":\"https:\/\/demoweb.info\/sexshop001\/producto\/punos-de-suspension-manos-y-pies-de-cuero-negro-2\/#breadcrumb\",\"itemListElement\":[{\"@type\":\"ListItem\",\"position\":1,\"name\":\"Portada\",\"item\":\"https:\/\/demoweb.info\/sexshop001\/\"},{\"@type\":\"ListItem\",\"position\":2,\"name\":\"Tienda\",\"item\":\"https:\/\/demoweb.info\/sexshop001\/tienda\/\"},{\"@type\":\"ListItem\",\"position\":3,\"name\":\"PU\u00d1OS DE SUSPENSION MANOS Y PIES DE CUERO &#8211; NEGRO\"}]},{\"@type\":\"WebSite\",\"@id\":\"https:\/\/demoweb.info\/sexshop001\/#website\",\"url\":\"https:\/\/demoweb.info\/sexshop001\/\",\"name\":\"Tienda Er\u00f3tica\",\"description\":\"DEMOWEB SL\",\"potentialAction\":[{\"@type\":\"SearchAction\",\"target\":{\"@type\":\"EntryPoint\",\"urlTemplate\":\"https:\/\/demoweb.info\/sexshop001\/?s={search_term_string}\"},\"query-input\":\"required name=search_term_string\"}],\"inLanguage\":\"es\"}]}<\/script>\n<!-- \/ Yoast SEO plugin. -->","yoast_head_json":{"title":"PU\u00d1OS DE SUSPENSION MANOS Y PIES DE CUERO - NEGRO - Tienda Er\u00f3tica","robots":{"index":"noindex","follow":"follow","max-snippet":"max-snippet:-1","max-image-preview":"max-image-preview:large","max-video-preview":"max-video-preview:-1"},"og_locale":"es_ES","og_type":"article","og_title":"PU\u00d1OS DE SUSPENSION MANOS Y PIES DE CUERO - NEGRO - Tienda Er\u00f3tica","og_description":"SUSPENSION CUFFS LEATHER HANDS &#038; FEET &#8211; BLACK Suspenda su submarino con estas aut\u00e9nticas esposas de cuero de alta resistencia.","og_url":"https:\/\/demoweb.info\/sexshop001\/producto\/punos-de-suspension-manos-y-pies-de-cuero-negro-2\/","og_site_name":"Tienda Er\u00f3tica","article_modified_time":"2022-01-22T09:16:31+00:00","og_image":[{"width":550,"height":550,"url":"https:\/\/demoweb.info\/sexshop001\/wp-content\/uploads\/2022\/01\/PUNOS-DE-SUSPENSION-MANOS-Y-PIES-DE-CUERO-NEGRO-4.jpg","type":"image\/jpeg"}],"twitter_card":"summary_large_image","twitter_misc":{"Tiempo de lectura":"1 minuto"},"schema":{"@context":"https:\/\/schema.org","@graph":[{"@type":"WebPage","@id":"https:\/\/demoweb.info\/sexshop001\/producto\/punos-de-suspension-manos-y-pies-de-cuero-negro-2\/","url":"https:\/\/demoweb.info\/sexshop001\/producto\/punos-de-suspension-manos-y-pies-de-cuero-negro-2\/","name":"PU\u00d1OS DE SUSPENSION MANOS Y PIES DE CUERO - NEGRO - Tienda Er\u00f3tica","isPartOf":{"@id":"https:\/\/demoweb.info\/sexshop001\/#website"},"datePublished":"2022-01-22T09:16:27+00:00","dateModified":"2022-01-22T09:16:31+00:00","breadcrumb":{"@id":"https:\/\/demoweb.info\/sexshop001\/producto\/punos-de-suspension-manos-y-pies-de-cuero-negro-2\/#breadcrumb"},"inLanguage":"es","potentialAction":[{"@type":"ReadAction","target":["https:\/\/demoweb.info\/sexshop001\/producto\/punos-de-suspension-manos-y-pies-de-cuero-negro-2\/"]}]},{"@type":"BreadcrumbList","@id":"https:\/\/demoweb.info\/sexshop001\/producto\/punos-de-suspension-manos-y-pies-de-cuero-negro-2\/#breadcrumb","itemListElement":[{"@type":"ListItem","position":1,"name":"Portada","item":"https:\/\/demoweb.info\/sexshop001\/"},{"@type":"ListItem","position":2,"name":"Tienda","item":"https:\/\/demoweb.info\/sexshop001\/tienda\/"},{"@type":"ListItem","position":3,"name":"PU\u00d1OS DE SUSPENSION MANOS Y PIES DE CUERO &#8211; NEGRO"}]},{"@type":"WebSite","@id":"https:\/\/demoweb.info\/sexshop001\/#website","url":"https:\/\/demoweb.info\/sexshop001\/","name":"Tienda Er\u00f3tica","description":"DEMOWEB SL","potentialAction":[{"@type":"SearchAction","target":{"@type":"EntryPoint","urlTemplate":"https:\/\/demoweb.info\/sexshop001\/?s={search_term_string}"},"query-input":"required name=search_term_string"}],"inLanguage":"es"}]}},"_links":{"self":[{"href":"https:\/\/demoweb.info\/sexshop001\/wp-json\/wp\/v3\/product\/13807","targetHints":{"allow":["GET"]}}],"collection":[{"href":"https:\/\/demoweb.info\/sexshop001\/wp-json\/wp\/v3\/product"}],"about":[{"href":"https:\/\/demoweb.info\/sexshop001\/wp-json\/wp\/v2\/types\/product"}],"replies":[{"embeddable":true,"href":"https:\/\/demoweb.info\/sexshop001\/wp-json\/wp\/v2\/comments?post=13807"}],"wp:featuredmedia":[{"embeddable":true,"href":"https:\/\/demoweb.info\/sexshop001\/wp-json\/wp\/v2\/media\/13808"}],"wp:attachment":[{"href":"https:\/\/demoweb.info\/sexshop001\/wp-json\/wp\/v2\/media?parent=13807"}],"wp:term":[{"taxonomy":"product_cat","embeddable":true,"href":"https:\/\/demoweb.info\/sexshop001\/wp-json\/wp\/v2\/product_cat?post=13807"},{"taxonomy":"product_tag","embeddable":true,"href":"https:\/\/demoweb.info\/sexshop001\/wp-json\/wp\/v2\/product_tag?post=13807"}],"curies":[{"name":"wp","href":"https:\/\/api.w.org\/{rel}","templated":true}]}}