{"id":13679,"date":"2022-01-22T10:15:09","date_gmt":"2022-01-22T09:15:09","guid":{"rendered":"https:\/\/demoweb.info\/sexshop001\/producto\/real-feel-deluxe-vibrador-num-4\/"},"modified":"2022-01-22T10:15:33","modified_gmt":"2022-01-22T09:15:33","slug":"real-feel-deluxe-vibrador-num-4","status":"publish","type":"product","link":"https:\/\/demoweb.info\/sexshop001\/producto\/real-feel-deluxe-vibrador-num-4\/","title":{"rendered":"REAL FEEL DELUXE VIBRADOR NUM 4"},"content":{"rendered":"<p><strong>REAL FEEL DELUXE NR 4<\/strong><\/p>\n<p>Disfruta del <strong>Real Feel<\/strong> de la super suave y real\u00edstica piel con este increiblemente real\u00edstico vibrador. Fabricado con la gelatina ultra real\u00edstica <strong>Fanta Flesh<\/strong>, el mullido material imita la suavidad y textura de la carne humana. Libre de Phatalatos y seguro para tu cuerpo.<\/p>\n<p>El ultra-fuerte<strong> base de ventosa <\/strong>se adhiere a cualquier superficie lisa y plana. Se adhieren al suelo, pared, azulejo o poste de la cama &#8230; , la super-fuerte ventosa se mantendr\u00e1 de forma segura en su lugar durante cada impulso apasionado, y cuenta con una pesta\u00f1a de liberaci\u00f3n r\u00e1pida para facilitar su extracci\u00f3n. La resistente ventosa funciona como una base compatible con arn\u00e9s que se mantiene c\u00f3modamente en su lugar. Use este consolador vibrante con cualquier arn\u00e9s <strong>Fetish Fantasy Series<\/strong> para la experiencia m\u00e1s c\u00f3moda y realista strap-on!<\/p>\n<p>Inserte las bater\u00edas requeridas, atornillar la base completamente hasta que quede bien ajustado. Para apagar, basta con desenroscar el tap\u00f3n y el ambiente se apagar\u00e1.<\/p>\n<p>Resistente al agua.Utiliza lubricante para un encuentro extra h\u00famedo. Se limpia facilmente con agua tibia y el limpiador <strong>Toy Cleaner de Pipedream<\/strong>.<\/p>\n<p>\nLongitud insertable: 16 cm<\/p>\n<p>Di\u00e1metro : 5,8 cm.<\/p>\n<p>Funciona con 2 pilas <strong>AA<\/strong> que puedes encontrar en la secci\u00f3n <strong>Pilas<\/strong>.<\/p>\n","protected":false},"excerpt":{"rendered":"<p>REAL FEEL DELUXE NR 4 Disfruta del Real Feel de la super suave y real\u00edstica piel con este increiblemente real\u00edstico<\/p>\n","protected":false},"featured_media":13680,"comment_status":"open","ping_status":"open","template":"","meta":[],"product_cat":[317],"product_tag":[259,756],"class_list":["post-13679","product","type-product","status-publish","has-post-thumbnail","hentry","product_cat-con-vibrador","product_tag-pipedream","product_tag-real-feel-deluxe"],"bundled_by":[],"bundle_stock_status":"instock","bundle_stock_quantity":3,"bundle_virtual":false,"bundle_layout":"","bundle_add_to_cart_form_location":"","bundle_editable_in_cart":false,"bundle_sold_individually_context":"","bundle_item_grouping":"","bundle_min_size":"","bundle_max_size":"","bundled_items":[],"yoast_head":"<!-- This site is optimized with the Yoast SEO plugin v20.6 - https:\/\/yoast.com\/wordpress\/plugins\/seo\/ -->\n<title>REAL FEEL DELUXE VIBRADOR NUM 4 - Tienda Er\u00f3tica<\/title>\n<meta name=\"robots\" content=\"noindex, follow, max-snippet:-1, max-image-preview:large, max-video-preview:-1\" \/>\n<meta property=\"og:locale\" content=\"es_ES\" \/>\n<meta property=\"og:type\" content=\"article\" \/>\n<meta property=\"og:title\" content=\"REAL FEEL DELUXE VIBRADOR NUM 4 - Tienda Er\u00f3tica\" \/>\n<meta property=\"og:description\" content=\"REAL FEEL DELUXE NR 4 Disfruta del Real Feel de la super suave y real\u00edstica piel con este increiblemente real\u00edstico\" \/>\n<meta property=\"og:url\" content=\"https:\/\/demoweb.info\/sexshop001\/producto\/real-feel-deluxe-vibrador-num-4\/\" \/>\n<meta property=\"og:site_name\" content=\"Tienda Er\u00f3tica\" \/>\n<meta property=\"article:modified_time\" content=\"2022-01-22T09:15:33+00:00\" \/>\n<meta property=\"og:image\" content=\"https:\/\/demoweb.info\/sexshop001\/wp-content\/uploads\/2022\/01\/REAL-FEEL-DELUXE-VIBRADOR-NUM-4.jpg\" \/>\n\t<meta property=\"og:image:width\" content=\"550\" \/>\n\t<meta property=\"og:image:height\" content=\"550\" \/>\n\t<meta property=\"og:image:type\" content=\"image\/jpeg\" \/>\n<meta name=\"twitter:card\" content=\"summary_large_image\" \/>\n<meta name=\"twitter:label1\" content=\"Tiempo de lectura\" \/>\n\t<meta name=\"twitter:data1\" content=\"1 minuto\" \/>\n<script type=\"application\/ld+json\" class=\"yoast-schema-graph\">{\"@context\":\"https:\/\/schema.org\",\"@graph\":[{\"@type\":\"WebPage\",\"@id\":\"https:\/\/demoweb.info\/sexshop001\/producto\/real-feel-deluxe-vibrador-num-4\/\",\"url\":\"https:\/\/demoweb.info\/sexshop001\/producto\/real-feel-deluxe-vibrador-num-4\/\",\"name\":\"REAL FEEL DELUXE VIBRADOR NUM 4 - Tienda Er\u00f3tica\",\"isPartOf\":{\"@id\":\"https:\/\/demoweb.info\/sexshop001\/#website\"},\"datePublished\":\"2022-01-22T09:15:09+00:00\",\"dateModified\":\"2022-01-22T09:15:33+00:00\",\"breadcrumb\":{\"@id\":\"https:\/\/demoweb.info\/sexshop001\/producto\/real-feel-deluxe-vibrador-num-4\/#breadcrumb\"},\"inLanguage\":\"es\",\"potentialAction\":[{\"@type\":\"ReadAction\",\"target\":[\"https:\/\/demoweb.info\/sexshop001\/producto\/real-feel-deluxe-vibrador-num-4\/\"]}]},{\"@type\":\"BreadcrumbList\",\"@id\":\"https:\/\/demoweb.info\/sexshop001\/producto\/real-feel-deluxe-vibrador-num-4\/#breadcrumb\",\"itemListElement\":[{\"@type\":\"ListItem\",\"position\":1,\"name\":\"Portada\",\"item\":\"https:\/\/demoweb.info\/sexshop001\/\"},{\"@type\":\"ListItem\",\"position\":2,\"name\":\"Tienda\",\"item\":\"https:\/\/demoweb.info\/sexshop001\/tienda\/\"},{\"@type\":\"ListItem\",\"position\":3,\"name\":\"REAL FEEL DELUXE VIBRADOR NUM 4\"}]},{\"@type\":\"WebSite\",\"@id\":\"https:\/\/demoweb.info\/sexshop001\/#website\",\"url\":\"https:\/\/demoweb.info\/sexshop001\/\",\"name\":\"Tienda Er\u00f3tica\",\"description\":\"DEMOWEB SL\",\"potentialAction\":[{\"@type\":\"SearchAction\",\"target\":{\"@type\":\"EntryPoint\",\"urlTemplate\":\"https:\/\/demoweb.info\/sexshop001\/?s={search_term_string}\"},\"query-input\":\"required name=search_term_string\"}],\"inLanguage\":\"es\"}]}<\/script>\n<!-- \/ Yoast SEO plugin. -->","yoast_head_json":{"title":"REAL FEEL DELUXE VIBRADOR NUM 4 - Tienda Er\u00f3tica","robots":{"index":"noindex","follow":"follow","max-snippet":"max-snippet:-1","max-image-preview":"max-image-preview:large","max-video-preview":"max-video-preview:-1"},"og_locale":"es_ES","og_type":"article","og_title":"REAL FEEL DELUXE VIBRADOR NUM 4 - Tienda Er\u00f3tica","og_description":"REAL FEEL DELUXE NR 4 Disfruta del Real Feel de la super suave y real\u00edstica piel con este increiblemente real\u00edstico","og_url":"https:\/\/demoweb.info\/sexshop001\/producto\/real-feel-deluxe-vibrador-num-4\/","og_site_name":"Tienda Er\u00f3tica","article_modified_time":"2022-01-22T09:15:33+00:00","og_image":[{"width":550,"height":550,"url":"https:\/\/demoweb.info\/sexshop001\/wp-content\/uploads\/2022\/01\/REAL-FEEL-DELUXE-VIBRADOR-NUM-4.jpg","type":"image\/jpeg"}],"twitter_card":"summary_large_image","twitter_misc":{"Tiempo de lectura":"1 minuto"},"schema":{"@context":"https:\/\/schema.org","@graph":[{"@type":"WebPage","@id":"https:\/\/demoweb.info\/sexshop001\/producto\/real-feel-deluxe-vibrador-num-4\/","url":"https:\/\/demoweb.info\/sexshop001\/producto\/real-feel-deluxe-vibrador-num-4\/","name":"REAL FEEL DELUXE VIBRADOR NUM 4 - Tienda Er\u00f3tica","isPartOf":{"@id":"https:\/\/demoweb.info\/sexshop001\/#website"},"datePublished":"2022-01-22T09:15:09+00:00","dateModified":"2022-01-22T09:15:33+00:00","breadcrumb":{"@id":"https:\/\/demoweb.info\/sexshop001\/producto\/real-feel-deluxe-vibrador-num-4\/#breadcrumb"},"inLanguage":"es","potentialAction":[{"@type":"ReadAction","target":["https:\/\/demoweb.info\/sexshop001\/producto\/real-feel-deluxe-vibrador-num-4\/"]}]},{"@type":"BreadcrumbList","@id":"https:\/\/demoweb.info\/sexshop001\/producto\/real-feel-deluxe-vibrador-num-4\/#breadcrumb","itemListElement":[{"@type":"ListItem","position":1,"name":"Portada","item":"https:\/\/demoweb.info\/sexshop001\/"},{"@type":"ListItem","position":2,"name":"Tienda","item":"https:\/\/demoweb.info\/sexshop001\/tienda\/"},{"@type":"ListItem","position":3,"name":"REAL FEEL DELUXE VIBRADOR NUM 4"}]},{"@type":"WebSite","@id":"https:\/\/demoweb.info\/sexshop001\/#website","url":"https:\/\/demoweb.info\/sexshop001\/","name":"Tienda Er\u00f3tica","description":"DEMOWEB SL","potentialAction":[{"@type":"SearchAction","target":{"@type":"EntryPoint","urlTemplate":"https:\/\/demoweb.info\/sexshop001\/?s={search_term_string}"},"query-input":"required name=search_term_string"}],"inLanguage":"es"}]}},"_links":{"self":[{"href":"https:\/\/demoweb.info\/sexshop001\/wp-json\/wp\/v3\/product\/13679","targetHints":{"allow":["GET"]}}],"collection":[{"href":"https:\/\/demoweb.info\/sexshop001\/wp-json\/wp\/v3\/product"}],"about":[{"href":"https:\/\/demoweb.info\/sexshop001\/wp-json\/wp\/v2\/types\/product"}],"replies":[{"embeddable":true,"href":"https:\/\/demoweb.info\/sexshop001\/wp-json\/wp\/v2\/comments?post=13679"}],"wp:featuredmedia":[{"embeddable":true,"href":"https:\/\/demoweb.info\/sexshop001\/wp-json\/wp\/v2\/media\/13680"}],"wp:attachment":[{"href":"https:\/\/demoweb.info\/sexshop001\/wp-json\/wp\/v2\/media?parent=13679"}],"wp:term":[{"taxonomy":"product_cat","embeddable":true,"href":"https:\/\/demoweb.info\/sexshop001\/wp-json\/wp\/v2\/product_cat?post=13679"},{"taxonomy":"product_tag","embeddable":true,"href":"https:\/\/demoweb.info\/sexshop001\/wp-json\/wp\/v2\/product_tag?post=13679"}],"curies":[{"name":"wp","href":"https:\/\/api.w.org\/{rel}","templated":true}]}}