{"id":13597,"date":"2022-01-22T10:14:39","date_gmt":"2022-01-22T09:14:39","guid":{"rendered":"https:\/\/demoweb.info\/sexshop001\/producto\/saninex-incienso-aromatico-deseo-20-sticks\/"},"modified":"2022-01-22T10:14:45","modified_gmt":"2022-01-22T09:14:45","slug":"saninex-incienso-aromatico-deseo-20-sticks","status":"publish","type":"product","link":"https:\/\/demoweb.info\/sexshop001\/producto\/saninex-incienso-aromatico-deseo-20-sticks\/","title":{"rendered":"SANINEX INCIENSO AROMATICO DESEO 20 STICKS"},"content":{"rendered":"<p><strong>SANINEX INCIENSO DESEO<\/strong><\/p>\n<p>Aroma que despertara la intensidad y profundidad del deseo de amar.<\/p>\n<p>Arom\u00e1ticos inciensos <strong>basados en feromonas<\/strong> de efectos placenteramente afrodisiacos, con los que crearas tu ideal clima ambiente intimo.<\/p>\n<p>Deja la sensualidad vuele libremente acompa\u00f1ada del aroma Caricia, Deseo, Pasi\u00f3n y Er\u00f3tico que \u00fanicamente Saniniex ha sabido crear para ti. Dise\u00f1ado y fabricado con las m\u00e1ximas calidades que mereces.<\/p>\n<p>La realidad del placer sentida en cada momento.<\/p>\n<p>Contiene 20 unidades.<\/p>\n","protected":false},"excerpt":{"rendered":"<p>SANINEX INCIENSO DESEO Aroma que despertara la intensidad y profundidad del deseo de amar. Arom\u00e1ticos inciensos basados en feromonas de<\/p>\n","protected":false},"featured_media":13598,"comment_status":"open","ping_status":"open","template":"","meta":[],"product_cat":[374],"product_tag":[673],"class_list":["post-13597","product","type-product","status-publish","has-post-thumbnail","hentry","product_cat-para-parejas","product_tag-saninex"],"bundled_by":[],"bundle_stock_status":"instock","bundle_stock_quantity":10,"bundle_virtual":false,"bundle_layout":"","bundle_add_to_cart_form_location":"","bundle_editable_in_cart":false,"bundle_sold_individually_context":"","bundle_item_grouping":"","bundle_min_size":"","bundle_max_size":"","bundled_items":[],"yoast_head":"<!-- This site is optimized with the Yoast SEO plugin v20.6 - https:\/\/yoast.com\/wordpress\/plugins\/seo\/ -->\n<title>SANINEX INCIENSO AROMATICO DESEO 20 STICKS - Tienda Er\u00f3tica<\/title>\n<meta name=\"robots\" content=\"noindex, follow, max-snippet:-1, max-image-preview:large, max-video-preview:-1\" \/>\n<meta property=\"og:locale\" content=\"es_ES\" \/>\n<meta property=\"og:type\" content=\"article\" \/>\n<meta property=\"og:title\" content=\"SANINEX INCIENSO AROMATICO DESEO 20 STICKS - Tienda Er\u00f3tica\" \/>\n<meta property=\"og:description\" content=\"SANINEX INCIENSO DESEO Aroma que despertara la intensidad y profundidad del deseo de amar. Arom\u00e1ticos inciensos basados en feromonas de\" \/>\n<meta property=\"og:url\" content=\"https:\/\/demoweb.info\/sexshop001\/producto\/saninex-incienso-aromatico-deseo-20-sticks\/\" \/>\n<meta property=\"og:site_name\" content=\"Tienda Er\u00f3tica\" \/>\n<meta property=\"article:modified_time\" content=\"2022-01-22T09:14:45+00:00\" \/>\n<meta property=\"og:image\" content=\"https:\/\/demoweb.info\/sexshop001\/wp-content\/uploads\/2022\/01\/SANINEX-INCIENSO-AROMATICO-DESEO-20-STICKS.jpg\" \/>\n\t<meta property=\"og:image:width\" content=\"550\" \/>\n\t<meta property=\"og:image:height\" content=\"550\" \/>\n\t<meta property=\"og:image:type\" content=\"image\/jpeg\" \/>\n<meta name=\"twitter:card\" content=\"summary_large_image\" \/>\n<script type=\"application\/ld+json\" class=\"yoast-schema-graph\">{\"@context\":\"https:\/\/schema.org\",\"@graph\":[{\"@type\":\"WebPage\",\"@id\":\"https:\/\/demoweb.info\/sexshop001\/producto\/saninex-incienso-aromatico-deseo-20-sticks\/\",\"url\":\"https:\/\/demoweb.info\/sexshop001\/producto\/saninex-incienso-aromatico-deseo-20-sticks\/\",\"name\":\"SANINEX INCIENSO AROMATICO DESEO 20 STICKS - Tienda Er\u00f3tica\",\"isPartOf\":{\"@id\":\"https:\/\/demoweb.info\/sexshop001\/#website\"},\"datePublished\":\"2022-01-22T09:14:39+00:00\",\"dateModified\":\"2022-01-22T09:14:45+00:00\",\"breadcrumb\":{\"@id\":\"https:\/\/demoweb.info\/sexshop001\/producto\/saninex-incienso-aromatico-deseo-20-sticks\/#breadcrumb\"},\"inLanguage\":\"es\",\"potentialAction\":[{\"@type\":\"ReadAction\",\"target\":[\"https:\/\/demoweb.info\/sexshop001\/producto\/saninex-incienso-aromatico-deseo-20-sticks\/\"]}]},{\"@type\":\"BreadcrumbList\",\"@id\":\"https:\/\/demoweb.info\/sexshop001\/producto\/saninex-incienso-aromatico-deseo-20-sticks\/#breadcrumb\",\"itemListElement\":[{\"@type\":\"ListItem\",\"position\":1,\"name\":\"Portada\",\"item\":\"https:\/\/demoweb.info\/sexshop001\/\"},{\"@type\":\"ListItem\",\"position\":2,\"name\":\"Tienda\",\"item\":\"https:\/\/demoweb.info\/sexshop001\/tienda\/\"},{\"@type\":\"ListItem\",\"position\":3,\"name\":\"SANINEX INCIENSO AROMATICO DESEO 20 STICKS\"}]},{\"@type\":\"WebSite\",\"@id\":\"https:\/\/demoweb.info\/sexshop001\/#website\",\"url\":\"https:\/\/demoweb.info\/sexshop001\/\",\"name\":\"Tienda Er\u00f3tica\",\"description\":\"DEMOWEB SL\",\"potentialAction\":[{\"@type\":\"SearchAction\",\"target\":{\"@type\":\"EntryPoint\",\"urlTemplate\":\"https:\/\/demoweb.info\/sexshop001\/?s={search_term_string}\"},\"query-input\":\"required name=search_term_string\"}],\"inLanguage\":\"es\"}]}<\/script>\n<!-- \/ Yoast SEO plugin. -->","yoast_head_json":{"title":"SANINEX INCIENSO AROMATICO DESEO 20 STICKS - Tienda Er\u00f3tica","robots":{"index":"noindex","follow":"follow","max-snippet":"max-snippet:-1","max-image-preview":"max-image-preview:large","max-video-preview":"max-video-preview:-1"},"og_locale":"es_ES","og_type":"article","og_title":"SANINEX INCIENSO AROMATICO DESEO 20 STICKS - Tienda Er\u00f3tica","og_description":"SANINEX INCIENSO DESEO Aroma que despertara la intensidad y profundidad del deseo de amar. Arom\u00e1ticos inciensos basados en feromonas de","og_url":"https:\/\/demoweb.info\/sexshop001\/producto\/saninex-incienso-aromatico-deseo-20-sticks\/","og_site_name":"Tienda Er\u00f3tica","article_modified_time":"2022-01-22T09:14:45+00:00","og_image":[{"width":550,"height":550,"url":"https:\/\/demoweb.info\/sexshop001\/wp-content\/uploads\/2022\/01\/SANINEX-INCIENSO-AROMATICO-DESEO-20-STICKS.jpg","type":"image\/jpeg"}],"twitter_card":"summary_large_image","schema":{"@context":"https:\/\/schema.org","@graph":[{"@type":"WebPage","@id":"https:\/\/demoweb.info\/sexshop001\/producto\/saninex-incienso-aromatico-deseo-20-sticks\/","url":"https:\/\/demoweb.info\/sexshop001\/producto\/saninex-incienso-aromatico-deseo-20-sticks\/","name":"SANINEX INCIENSO AROMATICO DESEO 20 STICKS - Tienda Er\u00f3tica","isPartOf":{"@id":"https:\/\/demoweb.info\/sexshop001\/#website"},"datePublished":"2022-01-22T09:14:39+00:00","dateModified":"2022-01-22T09:14:45+00:00","breadcrumb":{"@id":"https:\/\/demoweb.info\/sexshop001\/producto\/saninex-incienso-aromatico-deseo-20-sticks\/#breadcrumb"},"inLanguage":"es","potentialAction":[{"@type":"ReadAction","target":["https:\/\/demoweb.info\/sexshop001\/producto\/saninex-incienso-aromatico-deseo-20-sticks\/"]}]},{"@type":"BreadcrumbList","@id":"https:\/\/demoweb.info\/sexshop001\/producto\/saninex-incienso-aromatico-deseo-20-sticks\/#breadcrumb","itemListElement":[{"@type":"ListItem","position":1,"name":"Portada","item":"https:\/\/demoweb.info\/sexshop001\/"},{"@type":"ListItem","position":2,"name":"Tienda","item":"https:\/\/demoweb.info\/sexshop001\/tienda\/"},{"@type":"ListItem","position":3,"name":"SANINEX INCIENSO AROMATICO DESEO 20 STICKS"}]},{"@type":"WebSite","@id":"https:\/\/demoweb.info\/sexshop001\/#website","url":"https:\/\/demoweb.info\/sexshop001\/","name":"Tienda Er\u00f3tica","description":"DEMOWEB SL","potentialAction":[{"@type":"SearchAction","target":{"@type":"EntryPoint","urlTemplate":"https:\/\/demoweb.info\/sexshop001\/?s={search_term_string}"},"query-input":"required name=search_term_string"}],"inLanguage":"es"}]}},"_links":{"self":[{"href":"https:\/\/demoweb.info\/sexshop001\/wp-json\/wp\/v3\/product\/13597","targetHints":{"allow":["GET"]}}],"collection":[{"href":"https:\/\/demoweb.info\/sexshop001\/wp-json\/wp\/v3\/product"}],"about":[{"href":"https:\/\/demoweb.info\/sexshop001\/wp-json\/wp\/v2\/types\/product"}],"replies":[{"embeddable":true,"href":"https:\/\/demoweb.info\/sexshop001\/wp-json\/wp\/v2\/comments?post=13597"}],"wp:featuredmedia":[{"embeddable":true,"href":"https:\/\/demoweb.info\/sexshop001\/wp-json\/wp\/v2\/media\/13598"}],"wp:attachment":[{"href":"https:\/\/demoweb.info\/sexshop001\/wp-json\/wp\/v2\/media?parent=13597"}],"wp:term":[{"taxonomy":"product_cat","embeddable":true,"href":"https:\/\/demoweb.info\/sexshop001\/wp-json\/wp\/v2\/product_cat?post=13597"},{"taxonomy":"product_tag","embeddable":true,"href":"https:\/\/demoweb.info\/sexshop001\/wp-json\/wp\/v2\/product_tag?post=13597"}],"curies":[{"name":"wp","href":"https:\/\/api.w.org\/{rel}","templated":true}]}}