{"id":13521,"date":"2022-01-22T10:14:03","date_gmt":"2022-01-22T09:14:03","guid":{"rendered":"https:\/\/demoweb.info\/sexshop001\/producto\/embrace-body-wand-masajeador-gris\/"},"modified":"2022-01-22T10:14:11","modified_gmt":"2022-01-22T09:14:11","slug":"embrace-body-wand-masajeador-gris","status":"publish","type":"product","link":"https:\/\/demoweb.info\/sexshop001\/producto\/embrace-body-wand-masajeador-gris\/","title":{"rendered":"EMBRACE BODY WAND MASAJEADOR GRIS"},"content":{"rendered":"<p><strong>EMBRACE BODY WAND GREY<\/strong><\/p>\n<p>Rel\u00e1jate y dale un respiro a tu cuerpo con el mejor masajeador dentro de su categoria y sin cables que proporciona funcionalidad y dise\u00f1o en un nuevo nivel superior. El accesorio perfecto para disfrutar en cualquier lugar; desde la ducha o la ba\u00f1era, hasta los viajes de negocios o de placer&#8230;<\/p>\n<p>Su suave exterior con su cabeza flexible se adapta perfectamente a las situaciones m\u00e1s lujosamente placenteras que quepa imaginar, experimenta un masaje intuitivo con la innovadora tecnolog\u00eda sensible al tacto, la cual crea un un aumento en las vibraciones tras el contacto del masajeador con el cuerpo, aportando una t\u00e9cnica de masaje profesional. <\/p>\n<p>Fabricado con un n\u00facleo de ABS envuelto en la m\u00e1s suave silicona, <strong>Smart Wand <\/strong>es muy f\u00e1cil de usar, con su interfaz de 3 botones para un control perfecto de la intensidad de vibraci\u00f3n en sus 8 exclusivos modos de estimulaci\u00f3n. <\/p>\n<p>&#8211; Fabricado con silicona que respeta t\u00fa cuerpo.<br \/>\n&#8211; Motores duales.<br \/>\n&#8211; Mant\u00e9n el bot\u00f3n pulsado durante 3 segundos para encender y apagar.<br \/>\n&#8211; USB recargable.<br \/>\n&#8211; Resistente al agua.<\/p>\n<p>Es art\u00edculo viene con una elegante caja negra, f\u00e1cil para transportar.<\/p>\n","protected":false},"excerpt":{"rendered":"<p>EMBRACE BODY WAND GREY Rel\u00e1jate y dale un respiro a tu cuerpo con el mejor masajeador dentro de su categoria<\/p>\n","protected":false},"featured_media":13522,"comment_status":"open","ping_status":"open","template":"","meta":[],"product_cat":[370],"product_tag":[660,752],"class_list":["post-13521","product","type-product","status-publish","has-post-thumbnail","hentry","product_cat-clitoris","product_tag-calexotics","product_tag-embrace"],"bundled_by":[],"bundle_stock_status":"instock","bundle_stock_quantity":2,"bundle_virtual":false,"bundle_layout":"","bundle_add_to_cart_form_location":"","bundle_editable_in_cart":false,"bundle_sold_individually_context":"","bundle_item_grouping":"","bundle_min_size":"","bundle_max_size":"","bundled_items":[],"yoast_head":"<!-- This site is optimized with the Yoast SEO plugin v20.6 - https:\/\/yoast.com\/wordpress\/plugins\/seo\/ -->\n<title>EMBRACE BODY WAND MASAJEADOR GRIS - Tienda Er\u00f3tica<\/title>\n<meta name=\"robots\" content=\"noindex, follow, max-snippet:-1, max-image-preview:large, max-video-preview:-1\" \/>\n<meta property=\"og:locale\" content=\"es_ES\" \/>\n<meta property=\"og:type\" content=\"article\" \/>\n<meta property=\"og:title\" content=\"EMBRACE BODY WAND MASAJEADOR GRIS - Tienda Er\u00f3tica\" \/>\n<meta property=\"og:description\" content=\"EMBRACE BODY WAND GREY Rel\u00e1jate y dale un respiro a tu cuerpo con el mejor masajeador dentro de su categoria\" \/>\n<meta property=\"og:url\" content=\"https:\/\/demoweb.info\/sexshop001\/producto\/embrace-body-wand-masajeador-gris\/\" \/>\n<meta property=\"og:site_name\" content=\"Tienda Er\u00f3tica\" \/>\n<meta property=\"article:modified_time\" content=\"2022-01-22T09:14:11+00:00\" \/>\n<meta property=\"og:image\" content=\"https:\/\/demoweb.info\/sexshop001\/wp-content\/uploads\/2022\/01\/EMBRACE-BODY-WAND-MASAJEADOR-GRIS.jpg\" \/>\n\t<meta property=\"og:image:width\" content=\"550\" \/>\n\t<meta property=\"og:image:height\" content=\"550\" \/>\n\t<meta property=\"og:image:type\" content=\"image\/jpeg\" \/>\n<meta name=\"twitter:card\" content=\"summary_large_image\" \/>\n<meta name=\"twitter:label1\" content=\"Tiempo de lectura\" \/>\n\t<meta name=\"twitter:data1\" content=\"1 minuto\" \/>\n<script type=\"application\/ld+json\" class=\"yoast-schema-graph\">{\"@context\":\"https:\/\/schema.org\",\"@graph\":[{\"@type\":\"WebPage\",\"@id\":\"https:\/\/demoweb.info\/sexshop001\/producto\/embrace-body-wand-masajeador-gris\/\",\"url\":\"https:\/\/demoweb.info\/sexshop001\/producto\/embrace-body-wand-masajeador-gris\/\",\"name\":\"EMBRACE BODY WAND MASAJEADOR GRIS - Tienda Er\u00f3tica\",\"isPartOf\":{\"@id\":\"https:\/\/demoweb.info\/sexshop001\/#website\"},\"datePublished\":\"2022-01-22T09:14:03+00:00\",\"dateModified\":\"2022-01-22T09:14:11+00:00\",\"breadcrumb\":{\"@id\":\"https:\/\/demoweb.info\/sexshop001\/producto\/embrace-body-wand-masajeador-gris\/#breadcrumb\"},\"inLanguage\":\"es\",\"potentialAction\":[{\"@type\":\"ReadAction\",\"target\":[\"https:\/\/demoweb.info\/sexshop001\/producto\/embrace-body-wand-masajeador-gris\/\"]}]},{\"@type\":\"BreadcrumbList\",\"@id\":\"https:\/\/demoweb.info\/sexshop001\/producto\/embrace-body-wand-masajeador-gris\/#breadcrumb\",\"itemListElement\":[{\"@type\":\"ListItem\",\"position\":1,\"name\":\"Portada\",\"item\":\"https:\/\/demoweb.info\/sexshop001\/\"},{\"@type\":\"ListItem\",\"position\":2,\"name\":\"Tienda\",\"item\":\"https:\/\/demoweb.info\/sexshop001\/tienda\/\"},{\"@type\":\"ListItem\",\"position\":3,\"name\":\"EMBRACE BODY WAND MASAJEADOR GRIS\"}]},{\"@type\":\"WebSite\",\"@id\":\"https:\/\/demoweb.info\/sexshop001\/#website\",\"url\":\"https:\/\/demoweb.info\/sexshop001\/\",\"name\":\"Tienda Er\u00f3tica\",\"description\":\"DEMOWEB SL\",\"potentialAction\":[{\"@type\":\"SearchAction\",\"target\":{\"@type\":\"EntryPoint\",\"urlTemplate\":\"https:\/\/demoweb.info\/sexshop001\/?s={search_term_string}\"},\"query-input\":\"required name=search_term_string\"}],\"inLanguage\":\"es\"}]}<\/script>\n<!-- \/ Yoast SEO plugin. -->","yoast_head_json":{"title":"EMBRACE BODY WAND MASAJEADOR GRIS - Tienda Er\u00f3tica","robots":{"index":"noindex","follow":"follow","max-snippet":"max-snippet:-1","max-image-preview":"max-image-preview:large","max-video-preview":"max-video-preview:-1"},"og_locale":"es_ES","og_type":"article","og_title":"EMBRACE BODY WAND MASAJEADOR GRIS - Tienda Er\u00f3tica","og_description":"EMBRACE BODY WAND GREY Rel\u00e1jate y dale un respiro a tu cuerpo con el mejor masajeador dentro de su categoria","og_url":"https:\/\/demoweb.info\/sexshop001\/producto\/embrace-body-wand-masajeador-gris\/","og_site_name":"Tienda Er\u00f3tica","article_modified_time":"2022-01-22T09:14:11+00:00","og_image":[{"width":550,"height":550,"url":"https:\/\/demoweb.info\/sexshop001\/wp-content\/uploads\/2022\/01\/EMBRACE-BODY-WAND-MASAJEADOR-GRIS.jpg","type":"image\/jpeg"}],"twitter_card":"summary_large_image","twitter_misc":{"Tiempo de lectura":"1 minuto"},"schema":{"@context":"https:\/\/schema.org","@graph":[{"@type":"WebPage","@id":"https:\/\/demoweb.info\/sexshop001\/producto\/embrace-body-wand-masajeador-gris\/","url":"https:\/\/demoweb.info\/sexshop001\/producto\/embrace-body-wand-masajeador-gris\/","name":"EMBRACE BODY WAND MASAJEADOR GRIS - Tienda Er\u00f3tica","isPartOf":{"@id":"https:\/\/demoweb.info\/sexshop001\/#website"},"datePublished":"2022-01-22T09:14:03+00:00","dateModified":"2022-01-22T09:14:11+00:00","breadcrumb":{"@id":"https:\/\/demoweb.info\/sexshop001\/producto\/embrace-body-wand-masajeador-gris\/#breadcrumb"},"inLanguage":"es","potentialAction":[{"@type":"ReadAction","target":["https:\/\/demoweb.info\/sexshop001\/producto\/embrace-body-wand-masajeador-gris\/"]}]},{"@type":"BreadcrumbList","@id":"https:\/\/demoweb.info\/sexshop001\/producto\/embrace-body-wand-masajeador-gris\/#breadcrumb","itemListElement":[{"@type":"ListItem","position":1,"name":"Portada","item":"https:\/\/demoweb.info\/sexshop001\/"},{"@type":"ListItem","position":2,"name":"Tienda","item":"https:\/\/demoweb.info\/sexshop001\/tienda\/"},{"@type":"ListItem","position":3,"name":"EMBRACE BODY WAND MASAJEADOR GRIS"}]},{"@type":"WebSite","@id":"https:\/\/demoweb.info\/sexshop001\/#website","url":"https:\/\/demoweb.info\/sexshop001\/","name":"Tienda Er\u00f3tica","description":"DEMOWEB SL","potentialAction":[{"@type":"SearchAction","target":{"@type":"EntryPoint","urlTemplate":"https:\/\/demoweb.info\/sexshop001\/?s={search_term_string}"},"query-input":"required name=search_term_string"}],"inLanguage":"es"}]}},"_links":{"self":[{"href":"https:\/\/demoweb.info\/sexshop001\/wp-json\/wp\/v3\/product\/13521","targetHints":{"allow":["GET"]}}],"collection":[{"href":"https:\/\/demoweb.info\/sexshop001\/wp-json\/wp\/v3\/product"}],"about":[{"href":"https:\/\/demoweb.info\/sexshop001\/wp-json\/wp\/v2\/types\/product"}],"replies":[{"embeddable":true,"href":"https:\/\/demoweb.info\/sexshop001\/wp-json\/wp\/v2\/comments?post=13521"}],"wp:featuredmedia":[{"embeddable":true,"href":"https:\/\/demoweb.info\/sexshop001\/wp-json\/wp\/v2\/media\/13522"}],"wp:attachment":[{"href":"https:\/\/demoweb.info\/sexshop001\/wp-json\/wp\/v2\/media?parent=13521"}],"wp:term":[{"taxonomy":"product_cat","embeddable":true,"href":"https:\/\/demoweb.info\/sexshop001\/wp-json\/wp\/v2\/product_cat?post=13521"},{"taxonomy":"product_tag","embeddable":true,"href":"https:\/\/demoweb.info\/sexshop001\/wp-json\/wp\/v2\/product_tag?post=13521"}],"curies":[{"name":"wp","href":"https:\/\/api.w.org\/{rel}","templated":true}]}}