{"id":13502,"date":"2022-01-22T10:14:03","date_gmt":"2022-01-22T09:14:03","guid":{"rendered":"https:\/\/demoweb.info\/sexshop001\/producto\/tight-flip-doble-masturbador-vagina-boca\/"},"modified":"2022-01-22T10:14:04","modified_gmt":"2022-01-22T09:14:04","slug":"tight-flip-doble-masturbador-vagina-boca","status":"publish","type":"product","link":"https:\/\/demoweb.info\/sexshop001\/producto\/tight-flip-doble-masturbador-vagina-boca\/","title":{"rendered":"TIGHT FLIP DOBLE MASTURBADOR VAGINA\/BOCA"},"content":{"rendered":"<p><strong>TIGHT FLIP FUCKER PUSSY\/MOUTH<\/strong><\/p>\n<p>El TIGHT FLIP FUCKER PUSSY\/MOUTH ofrece el doble de diversi\u00f3n \u00edntima, \u00a1por el precio de uno!<\/p>\n<p>Este vers\u00e1til masturbador de la colecci\u00f3n Bangers de Hidden Desire tiene un orificio vaginal y oral.<\/p>\n<p>Permiti\u00e9ndote cambiar entre diferentes tipos de estimulaci\u00f3n, seg\u00fan el tipo de diversi\u00f3n traviesa que anhelas. Ambos apretados, placenteros y con una textura sensacional: cada hoyo complacer\u00e1 tu virilidad con una estimulaci\u00f3n alucinante.<\/p>\n<p>Hecho de TPR premium y realista y con una est\u00e9tica muy realista, el TIGHT FLIP FUCKER PUSSY\/MOUTH es una opci\u00f3n premium en el placer de masturbarse.<\/p>\n<p>Medidas: 7,5 x 18 cm \/ 3 x 7,1 cm<\/p><\/p>\n","protected":false},"excerpt":{"rendered":"<p>TIGHT FLIP FUCKER PUSSY\/MOUTH El TIGHT FLIP FUCKER PUSSY\/MOUTH ofrece el doble de diversi\u00f3n \u00edntima, \u00a1por el precio de uno!<\/p>\n","protected":false},"featured_media":13503,"comment_status":"open","ping_status":"open","template":"","meta":[],"product_cat":[687],"product_tag":[751],"class_list":["post-13502","product","type-product","status-publish","has-post-thumbnail","hentry","product_cat-dobles-masturbadores","product_tag-bangers"],"bundled_by":[],"bundle_stock_status":"instock","bundle_stock_quantity":5,"bundle_virtual":false,"bundle_layout":"","bundle_add_to_cart_form_location":"","bundle_editable_in_cart":false,"bundle_sold_individually_context":"","bundle_item_grouping":"","bundle_min_size":"","bundle_max_size":"","bundled_items":[],"yoast_head":"<!-- This site is optimized with the Yoast SEO plugin v20.6 - https:\/\/yoast.com\/wordpress\/plugins\/seo\/ -->\n<title>TIGHT FLIP DOBLE MASTURBADOR VAGINA\/BOCA - Tienda Er\u00f3tica<\/title>\n<meta name=\"robots\" content=\"noindex, follow, max-snippet:-1, max-image-preview:large, max-video-preview:-1\" \/>\n<meta property=\"og:locale\" content=\"es_ES\" \/>\n<meta property=\"og:type\" content=\"article\" \/>\n<meta property=\"og:title\" content=\"TIGHT FLIP DOBLE MASTURBADOR VAGINA\/BOCA - Tienda Er\u00f3tica\" \/>\n<meta property=\"og:description\" content=\"TIGHT FLIP FUCKER PUSSY\/MOUTH El TIGHT FLIP FUCKER PUSSY\/MOUTH ofrece el doble de diversi\u00f3n \u00edntima, \u00a1por el precio de uno!\" \/>\n<meta property=\"og:url\" content=\"https:\/\/demoweb.info\/sexshop001\/producto\/tight-flip-doble-masturbador-vagina-boca\/\" \/>\n<meta property=\"og:site_name\" content=\"Tienda Er\u00f3tica\" \/>\n<meta property=\"article:modified_time\" content=\"2022-01-22T09:14:04+00:00\" \/>\n<meta property=\"og:image\" content=\"https:\/\/demoweb.info\/sexshop001\/wp-content\/uploads\/2022\/01\/TIGHT-FLIP-DOBLE-MASTURBADOR-VAGINABOCA.jpg\" \/>\n\t<meta property=\"og:image:width\" content=\"550\" \/>\n\t<meta property=\"og:image:height\" content=\"550\" \/>\n\t<meta property=\"og:image:type\" content=\"image\/jpeg\" \/>\n<meta name=\"twitter:card\" content=\"summary_large_image\" \/>\n<meta name=\"twitter:label1\" content=\"Tiempo de lectura\" \/>\n\t<meta name=\"twitter:data1\" content=\"1 minuto\" \/>\n<script type=\"application\/ld+json\" class=\"yoast-schema-graph\">{\"@context\":\"https:\/\/schema.org\",\"@graph\":[{\"@type\":\"WebPage\",\"@id\":\"https:\/\/demoweb.info\/sexshop001\/producto\/tight-flip-doble-masturbador-vagina-boca\/\",\"url\":\"https:\/\/demoweb.info\/sexshop001\/producto\/tight-flip-doble-masturbador-vagina-boca\/\",\"name\":\"TIGHT FLIP DOBLE MASTURBADOR VAGINA\/BOCA - Tienda Er\u00f3tica\",\"isPartOf\":{\"@id\":\"https:\/\/demoweb.info\/sexshop001\/#website\"},\"datePublished\":\"2022-01-22T09:14:03+00:00\",\"dateModified\":\"2022-01-22T09:14:04+00:00\",\"breadcrumb\":{\"@id\":\"https:\/\/demoweb.info\/sexshop001\/producto\/tight-flip-doble-masturbador-vagina-boca\/#breadcrumb\"},\"inLanguage\":\"es\",\"potentialAction\":[{\"@type\":\"ReadAction\",\"target\":[\"https:\/\/demoweb.info\/sexshop001\/producto\/tight-flip-doble-masturbador-vagina-boca\/\"]}]},{\"@type\":\"BreadcrumbList\",\"@id\":\"https:\/\/demoweb.info\/sexshop001\/producto\/tight-flip-doble-masturbador-vagina-boca\/#breadcrumb\",\"itemListElement\":[{\"@type\":\"ListItem\",\"position\":1,\"name\":\"Portada\",\"item\":\"https:\/\/demoweb.info\/sexshop001\/\"},{\"@type\":\"ListItem\",\"position\":2,\"name\":\"Tienda\",\"item\":\"https:\/\/demoweb.info\/sexshop001\/tienda\/\"},{\"@type\":\"ListItem\",\"position\":3,\"name\":\"TIGHT FLIP DOBLE MASTURBADOR VAGINA\/BOCA\"}]},{\"@type\":\"WebSite\",\"@id\":\"https:\/\/demoweb.info\/sexshop001\/#website\",\"url\":\"https:\/\/demoweb.info\/sexshop001\/\",\"name\":\"Tienda Er\u00f3tica\",\"description\":\"DEMOWEB SL\",\"potentialAction\":[{\"@type\":\"SearchAction\",\"target\":{\"@type\":\"EntryPoint\",\"urlTemplate\":\"https:\/\/demoweb.info\/sexshop001\/?s={search_term_string}\"},\"query-input\":\"required name=search_term_string\"}],\"inLanguage\":\"es\"}]}<\/script>\n<!-- \/ Yoast SEO plugin. -->","yoast_head_json":{"title":"TIGHT FLIP DOBLE MASTURBADOR VAGINA\/BOCA - Tienda Er\u00f3tica","robots":{"index":"noindex","follow":"follow","max-snippet":"max-snippet:-1","max-image-preview":"max-image-preview:large","max-video-preview":"max-video-preview:-1"},"og_locale":"es_ES","og_type":"article","og_title":"TIGHT FLIP DOBLE MASTURBADOR VAGINA\/BOCA - Tienda Er\u00f3tica","og_description":"TIGHT FLIP FUCKER PUSSY\/MOUTH El TIGHT FLIP FUCKER PUSSY\/MOUTH ofrece el doble de diversi\u00f3n \u00edntima, \u00a1por el precio de uno!","og_url":"https:\/\/demoweb.info\/sexshop001\/producto\/tight-flip-doble-masturbador-vagina-boca\/","og_site_name":"Tienda Er\u00f3tica","article_modified_time":"2022-01-22T09:14:04+00:00","og_image":[{"width":550,"height":550,"url":"https:\/\/demoweb.info\/sexshop001\/wp-content\/uploads\/2022\/01\/TIGHT-FLIP-DOBLE-MASTURBADOR-VAGINABOCA.jpg","type":"image\/jpeg"}],"twitter_card":"summary_large_image","twitter_misc":{"Tiempo de lectura":"1 minuto"},"schema":{"@context":"https:\/\/schema.org","@graph":[{"@type":"WebPage","@id":"https:\/\/demoweb.info\/sexshop001\/producto\/tight-flip-doble-masturbador-vagina-boca\/","url":"https:\/\/demoweb.info\/sexshop001\/producto\/tight-flip-doble-masturbador-vagina-boca\/","name":"TIGHT FLIP DOBLE MASTURBADOR VAGINA\/BOCA - Tienda Er\u00f3tica","isPartOf":{"@id":"https:\/\/demoweb.info\/sexshop001\/#website"},"datePublished":"2022-01-22T09:14:03+00:00","dateModified":"2022-01-22T09:14:04+00:00","breadcrumb":{"@id":"https:\/\/demoweb.info\/sexshop001\/producto\/tight-flip-doble-masturbador-vagina-boca\/#breadcrumb"},"inLanguage":"es","potentialAction":[{"@type":"ReadAction","target":["https:\/\/demoweb.info\/sexshop001\/producto\/tight-flip-doble-masturbador-vagina-boca\/"]}]},{"@type":"BreadcrumbList","@id":"https:\/\/demoweb.info\/sexshop001\/producto\/tight-flip-doble-masturbador-vagina-boca\/#breadcrumb","itemListElement":[{"@type":"ListItem","position":1,"name":"Portada","item":"https:\/\/demoweb.info\/sexshop001\/"},{"@type":"ListItem","position":2,"name":"Tienda","item":"https:\/\/demoweb.info\/sexshop001\/tienda\/"},{"@type":"ListItem","position":3,"name":"TIGHT FLIP DOBLE MASTURBADOR VAGINA\/BOCA"}]},{"@type":"WebSite","@id":"https:\/\/demoweb.info\/sexshop001\/#website","url":"https:\/\/demoweb.info\/sexshop001\/","name":"Tienda Er\u00f3tica","description":"DEMOWEB SL","potentialAction":[{"@type":"SearchAction","target":{"@type":"EntryPoint","urlTemplate":"https:\/\/demoweb.info\/sexshop001\/?s={search_term_string}"},"query-input":"required name=search_term_string"}],"inLanguage":"es"}]}},"_links":{"self":[{"href":"https:\/\/demoweb.info\/sexshop001\/wp-json\/wp\/v3\/product\/13502","targetHints":{"allow":["GET"]}}],"collection":[{"href":"https:\/\/demoweb.info\/sexshop001\/wp-json\/wp\/v3\/product"}],"about":[{"href":"https:\/\/demoweb.info\/sexshop001\/wp-json\/wp\/v2\/types\/product"}],"replies":[{"embeddable":true,"href":"https:\/\/demoweb.info\/sexshop001\/wp-json\/wp\/v2\/comments?post=13502"}],"wp:featuredmedia":[{"embeddable":true,"href":"https:\/\/demoweb.info\/sexshop001\/wp-json\/wp\/v2\/media\/13503"}],"wp:attachment":[{"href":"https:\/\/demoweb.info\/sexshop001\/wp-json\/wp\/v2\/media?parent=13502"}],"wp:term":[{"taxonomy":"product_cat","embeddable":true,"href":"https:\/\/demoweb.info\/sexshop001\/wp-json\/wp\/v2\/product_cat?post=13502"},{"taxonomy":"product_tag","embeddable":true,"href":"https:\/\/demoweb.info\/sexshop001\/wp-json\/wp\/v2\/product_tag?post=13502"}],"curies":[{"name":"wp","href":"https:\/\/api.w.org\/{rel}","templated":true}]}}