{"id":13452,"date":"2022-01-22T10:13:38","date_gmt":"2022-01-22T09:13:38","guid":{"rendered":"https:\/\/demoweb.info\/sexshop001\/producto\/body-and-soul-desire-negro\/"},"modified":"2022-01-22T10:13:43","modified_gmt":"2022-01-22T09:13:43","slug":"body-and-soul-desire-negro","status":"publish","type":"product","link":"https:\/\/demoweb.info\/sexshop001\/producto\/body-and-soul-desire-negro\/","title":{"rendered":"BODY AND SOUL DESIRE NEGRO"},"content":{"rendered":"<p><strong>BODY AND SOUL DESIRE BLACK,<\/strong> es un novedoso <strong>vibrador femenino<\/strong>, con un dise\u00f1o moderno, llamativo y sensual, fabricado con materiales de gran calidad, no t\u00f3xico e higi\u00e9nico de TPR, libre de phalatos.<\/p>\n<p>Incorpora un vibrador con 10 velocidades.<\/p>\n<p>Se trata de un discreto <strong>estimulador<\/strong>, cl\u00edtoris, labios vaginales, as\u00ed como de otras zonas er\u00f3genas.<\/p>\n<p><strong>Es resistente al agua<\/strong>, por lo que podr\u00e1s usarlo tambi\u00e9n en la ducha.<\/p>\n<p>Es discreto, potente y silencioso.<\/p>\n<p>Con este exclusivo juguete conseguir\u00e1s experimentar placeres que ni siquiera has so\u00f1ado nunca, es realmente incre\u00edble.<\/p>\n<p>Msntenga 3 segundos pulsado para desactivar.<br \/>\nFunciona con 2 pilas <strong>AAA <\/strong>que puedes encontrar en la secci\u00f3n <strong>Pilas<\/strong>.<\/p>\n<p>Medidas insertable: 13 cm x 2 cm<\/p>\n","protected":false},"excerpt":{"rendered":"<p>BODY AND SOUL DESIRE BLACK, es un novedoso vibrador femenino, con un dise\u00f1o moderno, llamativo y sensual, fabricado con materiales<\/p>\n","protected":false},"featured_media":13453,"comment_status":"open","ping_status":"open","template":"","meta":[],"product_cat":[639],"product_tag":[740,660],"class_list":["post-13452","product","type-product","status-publish","has-post-thumbnail","hentry","product_cat-punto-g","product_tag-body-and-soul","product_tag-calexotics"],"bundled_by":[],"bundle_stock_status":"instock","bundle_stock_quantity":1,"bundle_virtual":false,"bundle_layout":"","bundle_add_to_cart_form_location":"","bundle_editable_in_cart":false,"bundle_sold_individually_context":"","bundle_item_grouping":"","bundle_min_size":"","bundle_max_size":"","bundled_items":[],"yoast_head":"<!-- This site is optimized with the Yoast SEO plugin v20.6 - https:\/\/yoast.com\/wordpress\/plugins\/seo\/ -->\n<title>BODY AND SOUL DESIRE NEGRO - Tienda Er\u00f3tica<\/title>\n<meta name=\"robots\" content=\"noindex, follow, max-snippet:-1, max-image-preview:large, max-video-preview:-1\" \/>\n<meta property=\"og:locale\" content=\"es_ES\" \/>\n<meta property=\"og:type\" content=\"article\" \/>\n<meta property=\"og:title\" content=\"BODY AND SOUL DESIRE NEGRO - Tienda Er\u00f3tica\" \/>\n<meta property=\"og:description\" content=\"BODY AND SOUL DESIRE BLACK, es un novedoso vibrador femenino, con un dise\u00f1o moderno, llamativo y sensual, fabricado con materiales\" \/>\n<meta property=\"og:url\" content=\"https:\/\/demoweb.info\/sexshop001\/producto\/body-and-soul-desire-negro\/\" \/>\n<meta property=\"og:site_name\" content=\"Tienda Er\u00f3tica\" \/>\n<meta property=\"article:modified_time\" content=\"2022-01-22T09:13:43+00:00\" \/>\n<meta property=\"og:image\" content=\"https:\/\/demoweb.info\/sexshop001\/wp-content\/uploads\/2022\/01\/BODY-AND-SOUL-DESIRE-NEGRO.jpg\" \/>\n\t<meta property=\"og:image:width\" content=\"550\" \/>\n\t<meta property=\"og:image:height\" content=\"550\" \/>\n\t<meta property=\"og:image:type\" content=\"image\/jpeg\" \/>\n<meta name=\"twitter:card\" content=\"summary_large_image\" \/>\n<meta name=\"twitter:label1\" content=\"Tiempo de lectura\" \/>\n\t<meta name=\"twitter:data1\" content=\"1 minuto\" \/>\n<script type=\"application\/ld+json\" class=\"yoast-schema-graph\">{\"@context\":\"https:\/\/schema.org\",\"@graph\":[{\"@type\":\"WebPage\",\"@id\":\"https:\/\/demoweb.info\/sexshop001\/producto\/body-and-soul-desire-negro\/\",\"url\":\"https:\/\/demoweb.info\/sexshop001\/producto\/body-and-soul-desire-negro\/\",\"name\":\"BODY AND SOUL DESIRE NEGRO - Tienda Er\u00f3tica\",\"isPartOf\":{\"@id\":\"https:\/\/demoweb.info\/sexshop001\/#website\"},\"datePublished\":\"2022-01-22T09:13:38+00:00\",\"dateModified\":\"2022-01-22T09:13:43+00:00\",\"breadcrumb\":{\"@id\":\"https:\/\/demoweb.info\/sexshop001\/producto\/body-and-soul-desire-negro\/#breadcrumb\"},\"inLanguage\":\"es\",\"potentialAction\":[{\"@type\":\"ReadAction\",\"target\":[\"https:\/\/demoweb.info\/sexshop001\/producto\/body-and-soul-desire-negro\/\"]}]},{\"@type\":\"BreadcrumbList\",\"@id\":\"https:\/\/demoweb.info\/sexshop001\/producto\/body-and-soul-desire-negro\/#breadcrumb\",\"itemListElement\":[{\"@type\":\"ListItem\",\"position\":1,\"name\":\"Portada\",\"item\":\"https:\/\/demoweb.info\/sexshop001\/\"},{\"@type\":\"ListItem\",\"position\":2,\"name\":\"Tienda\",\"item\":\"https:\/\/demoweb.info\/sexshop001\/tienda\/\"},{\"@type\":\"ListItem\",\"position\":3,\"name\":\"BODY AND SOUL DESIRE NEGRO\"}]},{\"@type\":\"WebSite\",\"@id\":\"https:\/\/demoweb.info\/sexshop001\/#website\",\"url\":\"https:\/\/demoweb.info\/sexshop001\/\",\"name\":\"Tienda Er\u00f3tica\",\"description\":\"DEMOWEB SL\",\"potentialAction\":[{\"@type\":\"SearchAction\",\"target\":{\"@type\":\"EntryPoint\",\"urlTemplate\":\"https:\/\/demoweb.info\/sexshop001\/?s={search_term_string}\"},\"query-input\":\"required name=search_term_string\"}],\"inLanguage\":\"es\"}]}<\/script>\n<!-- \/ Yoast SEO plugin. -->","yoast_head_json":{"title":"BODY AND SOUL DESIRE NEGRO - Tienda Er\u00f3tica","robots":{"index":"noindex","follow":"follow","max-snippet":"max-snippet:-1","max-image-preview":"max-image-preview:large","max-video-preview":"max-video-preview:-1"},"og_locale":"es_ES","og_type":"article","og_title":"BODY AND SOUL DESIRE NEGRO - Tienda Er\u00f3tica","og_description":"BODY AND SOUL DESIRE BLACK, es un novedoso vibrador femenino, con un dise\u00f1o moderno, llamativo y sensual, fabricado con materiales","og_url":"https:\/\/demoweb.info\/sexshop001\/producto\/body-and-soul-desire-negro\/","og_site_name":"Tienda Er\u00f3tica","article_modified_time":"2022-01-22T09:13:43+00:00","og_image":[{"width":550,"height":550,"url":"https:\/\/demoweb.info\/sexshop001\/wp-content\/uploads\/2022\/01\/BODY-AND-SOUL-DESIRE-NEGRO.jpg","type":"image\/jpeg"}],"twitter_card":"summary_large_image","twitter_misc":{"Tiempo de lectura":"1 minuto"},"schema":{"@context":"https:\/\/schema.org","@graph":[{"@type":"WebPage","@id":"https:\/\/demoweb.info\/sexshop001\/producto\/body-and-soul-desire-negro\/","url":"https:\/\/demoweb.info\/sexshop001\/producto\/body-and-soul-desire-negro\/","name":"BODY AND SOUL DESIRE NEGRO - Tienda Er\u00f3tica","isPartOf":{"@id":"https:\/\/demoweb.info\/sexshop001\/#website"},"datePublished":"2022-01-22T09:13:38+00:00","dateModified":"2022-01-22T09:13:43+00:00","breadcrumb":{"@id":"https:\/\/demoweb.info\/sexshop001\/producto\/body-and-soul-desire-negro\/#breadcrumb"},"inLanguage":"es","potentialAction":[{"@type":"ReadAction","target":["https:\/\/demoweb.info\/sexshop001\/producto\/body-and-soul-desire-negro\/"]}]},{"@type":"BreadcrumbList","@id":"https:\/\/demoweb.info\/sexshop001\/producto\/body-and-soul-desire-negro\/#breadcrumb","itemListElement":[{"@type":"ListItem","position":1,"name":"Portada","item":"https:\/\/demoweb.info\/sexshop001\/"},{"@type":"ListItem","position":2,"name":"Tienda","item":"https:\/\/demoweb.info\/sexshop001\/tienda\/"},{"@type":"ListItem","position":3,"name":"BODY AND SOUL DESIRE NEGRO"}]},{"@type":"WebSite","@id":"https:\/\/demoweb.info\/sexshop001\/#website","url":"https:\/\/demoweb.info\/sexshop001\/","name":"Tienda Er\u00f3tica","description":"DEMOWEB SL","potentialAction":[{"@type":"SearchAction","target":{"@type":"EntryPoint","urlTemplate":"https:\/\/demoweb.info\/sexshop001\/?s={search_term_string}"},"query-input":"required name=search_term_string"}],"inLanguage":"es"}]}},"_links":{"self":[{"href":"https:\/\/demoweb.info\/sexshop001\/wp-json\/wp\/v3\/product\/13452","targetHints":{"allow":["GET"]}}],"collection":[{"href":"https:\/\/demoweb.info\/sexshop001\/wp-json\/wp\/v3\/product"}],"about":[{"href":"https:\/\/demoweb.info\/sexshop001\/wp-json\/wp\/v2\/types\/product"}],"replies":[{"embeddable":true,"href":"https:\/\/demoweb.info\/sexshop001\/wp-json\/wp\/v2\/comments?post=13452"}],"wp:featuredmedia":[{"embeddable":true,"href":"https:\/\/demoweb.info\/sexshop001\/wp-json\/wp\/v2\/media\/13453"}],"wp:attachment":[{"href":"https:\/\/demoweb.info\/sexshop001\/wp-json\/wp\/v2\/media?parent=13452"}],"wp:term":[{"taxonomy":"product_cat","embeddable":true,"href":"https:\/\/demoweb.info\/sexshop001\/wp-json\/wp\/v2\/product_cat?post=13452"},{"taxonomy":"product_tag","embeddable":true,"href":"https:\/\/demoweb.info\/sexshop001\/wp-json\/wp\/v2\/product_tag?post=13452"}],"curies":[{"name":"wp","href":"https:\/\/api.w.org\/{rel}","templated":true}]}}