{"id":13328,"date":"2022-01-22T10:12:34","date_gmt":"2022-01-22T09:12:34","guid":{"rendered":"https:\/\/demoweb.info\/sexshop001\/producto\/posh-teasers-dedal-remolinos\/"},"modified":"2022-01-22T10:12:48","modified_gmt":"2022-01-22T09:12:48","slug":"posh-teasers-dedal-remolinos","status":"publish","type":"product","link":"https:\/\/demoweb.info\/sexshop001\/producto\/posh-teasers-dedal-remolinos\/","title":{"rendered":"POSH TEASERS DEDAL REMOLINOS"},"content":{"rendered":"<p><strong>POSH FINGER TEASERS SWIRLS<\/strong><\/p>\n<p>Con estos 4 bonitos dedales podr\u00e1s deslizar en tu dedo para obtener una estimulaci\u00f3n sobre tu cl\u00edtoris o para masajear la zona que m\u00e1s desees.<\/p>\n<p>&#8211; Materia de Silicona y respeta tu cuerpo.<br \/>\n&#8211; Textura suave.<br \/>\n&#8211; <strong>4<\/strong> diferentes <strong>dedales<\/strong> en diferentes colores: azul, morado, naranja y rosa.<\/p>\n","protected":false},"excerpt":{"rendered":"<p>POSH FINGER TEASERS SWIRLS Con estos 4 bonitos dedales podr\u00e1s deslizar en tu dedo para obtener una estimulaci\u00f3n sobre tu<\/p>\n","protected":false},"featured_media":13329,"comment_status":"open","ping_status":"open","template":"","meta":[],"product_cat":[552],"product_tag":[660,738],"class_list":["post-13328","product","type-product","status-publish","has-post-thumbnail","hentry","product_cat-dedales","product_tag-calexotics","product_tag-posh"],"bundled_by":[],"bundle_stock_status":"outofstock","bundle_stock_quantity":0,"bundle_virtual":false,"bundle_layout":"","bundle_add_to_cart_form_location":"","bundle_editable_in_cart":false,"bundle_sold_individually_context":"","bundle_item_grouping":"","bundle_min_size":"","bundle_max_size":"","bundled_items":[],"yoast_head":"<!-- This site is optimized with the Yoast SEO plugin v20.6 - https:\/\/yoast.com\/wordpress\/plugins\/seo\/ -->\n<title>POSH TEASERS DEDAL REMOLINOS - Tienda Er\u00f3tica<\/title>\n<meta name=\"robots\" content=\"noindex, follow, max-snippet:-1, max-image-preview:large, max-video-preview:-1\" \/>\n<meta property=\"og:locale\" content=\"es_ES\" \/>\n<meta property=\"og:type\" content=\"article\" \/>\n<meta property=\"og:title\" content=\"POSH TEASERS DEDAL REMOLINOS - Tienda Er\u00f3tica\" \/>\n<meta property=\"og:description\" content=\"POSH FINGER TEASERS SWIRLS Con estos 4 bonitos dedales podr\u00e1s deslizar en tu dedo para obtener una estimulaci\u00f3n sobre tu\" \/>\n<meta property=\"og:url\" content=\"https:\/\/demoweb.info\/sexshop001\/producto\/posh-teasers-dedal-remolinos\/\" \/>\n<meta property=\"og:site_name\" content=\"Tienda Er\u00f3tica\" \/>\n<meta property=\"article:modified_time\" content=\"2022-01-22T09:12:48+00:00\" \/>\n<meta property=\"og:image\" content=\"https:\/\/demoweb.info\/sexshop001\/wp-content\/uploads\/2022\/01\/POSH-TEASERS-DEDAL-REMOLINOS.jpg\" \/>\n\t<meta property=\"og:image:width\" content=\"550\" \/>\n\t<meta property=\"og:image:height\" content=\"550\" \/>\n\t<meta property=\"og:image:type\" content=\"image\/jpeg\" \/>\n<meta name=\"twitter:card\" content=\"summary_large_image\" \/>\n<script type=\"application\/ld+json\" class=\"yoast-schema-graph\">{\"@context\":\"https:\/\/schema.org\",\"@graph\":[{\"@type\":\"WebPage\",\"@id\":\"https:\/\/demoweb.info\/sexshop001\/producto\/posh-teasers-dedal-remolinos\/\",\"url\":\"https:\/\/demoweb.info\/sexshop001\/producto\/posh-teasers-dedal-remolinos\/\",\"name\":\"POSH TEASERS DEDAL REMOLINOS - Tienda Er\u00f3tica\",\"isPartOf\":{\"@id\":\"https:\/\/demoweb.info\/sexshop001\/#website\"},\"datePublished\":\"2022-01-22T09:12:34+00:00\",\"dateModified\":\"2022-01-22T09:12:48+00:00\",\"breadcrumb\":{\"@id\":\"https:\/\/demoweb.info\/sexshop001\/producto\/posh-teasers-dedal-remolinos\/#breadcrumb\"},\"inLanguage\":\"es\",\"potentialAction\":[{\"@type\":\"ReadAction\",\"target\":[\"https:\/\/demoweb.info\/sexshop001\/producto\/posh-teasers-dedal-remolinos\/\"]}]},{\"@type\":\"BreadcrumbList\",\"@id\":\"https:\/\/demoweb.info\/sexshop001\/producto\/posh-teasers-dedal-remolinos\/#breadcrumb\",\"itemListElement\":[{\"@type\":\"ListItem\",\"position\":1,\"name\":\"Portada\",\"item\":\"https:\/\/demoweb.info\/sexshop001\/\"},{\"@type\":\"ListItem\",\"position\":2,\"name\":\"Tienda\",\"item\":\"https:\/\/demoweb.info\/sexshop001\/tienda\/\"},{\"@type\":\"ListItem\",\"position\":3,\"name\":\"POSH TEASERS DEDAL REMOLINOS\"}]},{\"@type\":\"WebSite\",\"@id\":\"https:\/\/demoweb.info\/sexshop001\/#website\",\"url\":\"https:\/\/demoweb.info\/sexshop001\/\",\"name\":\"Tienda Er\u00f3tica\",\"description\":\"DEMOWEB SL\",\"potentialAction\":[{\"@type\":\"SearchAction\",\"target\":{\"@type\":\"EntryPoint\",\"urlTemplate\":\"https:\/\/demoweb.info\/sexshop001\/?s={search_term_string}\"},\"query-input\":\"required name=search_term_string\"}],\"inLanguage\":\"es\"}]}<\/script>\n<!-- \/ Yoast SEO plugin. -->","yoast_head_json":{"title":"POSH TEASERS DEDAL REMOLINOS - Tienda Er\u00f3tica","robots":{"index":"noindex","follow":"follow","max-snippet":"max-snippet:-1","max-image-preview":"max-image-preview:large","max-video-preview":"max-video-preview:-1"},"og_locale":"es_ES","og_type":"article","og_title":"POSH TEASERS DEDAL REMOLINOS - Tienda Er\u00f3tica","og_description":"POSH FINGER TEASERS SWIRLS Con estos 4 bonitos dedales podr\u00e1s deslizar en tu dedo para obtener una estimulaci\u00f3n sobre tu","og_url":"https:\/\/demoweb.info\/sexshop001\/producto\/posh-teasers-dedal-remolinos\/","og_site_name":"Tienda Er\u00f3tica","article_modified_time":"2022-01-22T09:12:48+00:00","og_image":[{"width":550,"height":550,"url":"https:\/\/demoweb.info\/sexshop001\/wp-content\/uploads\/2022\/01\/POSH-TEASERS-DEDAL-REMOLINOS.jpg","type":"image\/jpeg"}],"twitter_card":"summary_large_image","schema":{"@context":"https:\/\/schema.org","@graph":[{"@type":"WebPage","@id":"https:\/\/demoweb.info\/sexshop001\/producto\/posh-teasers-dedal-remolinos\/","url":"https:\/\/demoweb.info\/sexshop001\/producto\/posh-teasers-dedal-remolinos\/","name":"POSH TEASERS DEDAL REMOLINOS - Tienda Er\u00f3tica","isPartOf":{"@id":"https:\/\/demoweb.info\/sexshop001\/#website"},"datePublished":"2022-01-22T09:12:34+00:00","dateModified":"2022-01-22T09:12:48+00:00","breadcrumb":{"@id":"https:\/\/demoweb.info\/sexshop001\/producto\/posh-teasers-dedal-remolinos\/#breadcrumb"},"inLanguage":"es","potentialAction":[{"@type":"ReadAction","target":["https:\/\/demoweb.info\/sexshop001\/producto\/posh-teasers-dedal-remolinos\/"]}]},{"@type":"BreadcrumbList","@id":"https:\/\/demoweb.info\/sexshop001\/producto\/posh-teasers-dedal-remolinos\/#breadcrumb","itemListElement":[{"@type":"ListItem","position":1,"name":"Portada","item":"https:\/\/demoweb.info\/sexshop001\/"},{"@type":"ListItem","position":2,"name":"Tienda","item":"https:\/\/demoweb.info\/sexshop001\/tienda\/"},{"@type":"ListItem","position":3,"name":"POSH TEASERS DEDAL REMOLINOS"}]},{"@type":"WebSite","@id":"https:\/\/demoweb.info\/sexshop001\/#website","url":"https:\/\/demoweb.info\/sexshop001\/","name":"Tienda Er\u00f3tica","description":"DEMOWEB SL","potentialAction":[{"@type":"SearchAction","target":{"@type":"EntryPoint","urlTemplate":"https:\/\/demoweb.info\/sexshop001\/?s={search_term_string}"},"query-input":"required name=search_term_string"}],"inLanguage":"es"}]}},"_links":{"self":[{"href":"https:\/\/demoweb.info\/sexshop001\/wp-json\/wp\/v3\/product\/13328","targetHints":{"allow":["GET"]}}],"collection":[{"href":"https:\/\/demoweb.info\/sexshop001\/wp-json\/wp\/v3\/product"}],"about":[{"href":"https:\/\/demoweb.info\/sexshop001\/wp-json\/wp\/v2\/types\/product"}],"replies":[{"embeddable":true,"href":"https:\/\/demoweb.info\/sexshop001\/wp-json\/wp\/v2\/comments?post=13328"}],"wp:featuredmedia":[{"embeddable":true,"href":"https:\/\/demoweb.info\/sexshop001\/wp-json\/wp\/v2\/media\/13329"}],"wp:attachment":[{"href":"https:\/\/demoweb.info\/sexshop001\/wp-json\/wp\/v2\/media?parent=13328"}],"wp:term":[{"taxonomy":"product_cat","embeddable":true,"href":"https:\/\/demoweb.info\/sexshop001\/wp-json\/wp\/v2\/product_cat?post=13328"},{"taxonomy":"product_tag","embeddable":true,"href":"https:\/\/demoweb.info\/sexshop001\/wp-json\/wp\/v2\/product_tag?post=13328"}],"curies":[{"name":"wp","href":"https:\/\/api.w.org\/{rel}","templated":true}]}}