{"id":13316,"date":"2022-01-22T10:12:34","date_gmt":"2022-01-22T09:12:34","guid":{"rendered":"https:\/\/demoweb.info\/sexshop001\/producto\/joyballs-trend-red\/"},"modified":"2022-01-22T10:12:43","modified_gmt":"2022-01-22T09:12:43","slug":"joyballs-trend-red","status":"publish","type":"product","link":"https:\/\/demoweb.info\/sexshop001\/producto\/joyballs-trend-red\/","title":{"rendered":"JOYBALLS TREND RED"},"content":{"rendered":"<p><strong>JOYBALLS RED<\/strong><\/p>\n<p>Estimulaci\u00f3n suave y entrenamiento efectivo de los m\u00fasculos del suelo p\u00e9lvico mediante el innovador efecto trampolin.<\/p>\n<p>&#8211; Para un mayor placer durante las relacione sexuales.<br \/>\n&#8211; Como m\u00e9todo efectivo para la involuci\u00f3n uterina postparto.<br \/>\n&#8211; Para prevenir y colaborar con el tratamiento de la incontinencia.<br \/>\n&#8211; Efecto tranpol\u00edn, osciliaciones eficientes de la esfera inferior.<br \/>\n&#8211; Muy silenciosa.<br \/>\n&#8211; No irrita la mucosa y es saludable para la piel.<br \/>\n&#8211; Comprobado dermatol\u00f3gicamente y clinicamente.<br \/>\n&#8211; Impermeable y de f\u00e1cil limpieza.<br \/>\n&#8211; Adecuado para todo tipo de lubricante<br \/>\n&#8211; 5 a\u00f1os de garantia del material.<br \/>\n&#8211; contiene una bolsa de viaje<\/p>\n<p>La caja de <strong>JOYBALLS<\/strong> incluye las instrucciones.<\/p>\n<p>Peso: 83 gr<\/p>\n","protected":false},"excerpt":{"rendered":"<p>JOYBALLS RED Estimulaci\u00f3n suave y entrenamiento efectivo de los m\u00fasculos del suelo p\u00e9lvico mediante el innovador efecto trampolin. &#8211; Para<\/p>\n","protected":false},"featured_media":13317,"comment_status":"open","ping_status":"open","template":"","meta":[],"product_cat":[320],"product_tag":[726,725],"class_list":["post-13316","product","type-product","status-publish","has-post-thumbnail","hentry","product_cat-silicona-bolas-y-huevos","product_tag-joyballs","product_tag-joydivision"],"bundled_by":[],"bundle_stock_status":"instock","bundle_stock_quantity":3,"bundle_virtual":false,"bundle_layout":"","bundle_add_to_cart_form_location":"","bundle_editable_in_cart":false,"bundle_sold_individually_context":"","bundle_item_grouping":"","bundle_min_size":"","bundle_max_size":"","bundled_items":[],"yoast_head":"<!-- This site is optimized with the Yoast SEO plugin v20.6 - https:\/\/yoast.com\/wordpress\/plugins\/seo\/ -->\n<title>JOYBALLS TREND RED - Tienda Er\u00f3tica<\/title>\n<meta name=\"robots\" content=\"noindex, follow, max-snippet:-1, max-image-preview:large, max-video-preview:-1\" \/>\n<meta property=\"og:locale\" content=\"es_ES\" \/>\n<meta property=\"og:type\" content=\"article\" \/>\n<meta property=\"og:title\" content=\"JOYBALLS TREND RED - Tienda Er\u00f3tica\" \/>\n<meta property=\"og:description\" content=\"JOYBALLS RED Estimulaci\u00f3n suave y entrenamiento efectivo de los m\u00fasculos del suelo p\u00e9lvico mediante el innovador efecto trampolin. &#8211; Para\" \/>\n<meta property=\"og:url\" content=\"https:\/\/demoweb.info\/sexshop001\/producto\/joyballs-trend-red\/\" \/>\n<meta property=\"og:site_name\" content=\"Tienda Er\u00f3tica\" \/>\n<meta property=\"article:modified_time\" content=\"2022-01-22T09:12:43+00:00\" \/>\n<meta property=\"og:image\" content=\"https:\/\/demoweb.info\/sexshop001\/wp-content\/uploads\/2022\/01\/JOYBALLS-TREND-RED.jpg\" \/>\n\t<meta property=\"og:image:width\" content=\"550\" \/>\n\t<meta property=\"og:image:height\" content=\"550\" \/>\n\t<meta property=\"og:image:type\" content=\"image\/jpeg\" \/>\n<meta name=\"twitter:card\" content=\"summary_large_image\" \/>\n<meta name=\"twitter:label1\" content=\"Tiempo de lectura\" \/>\n\t<meta name=\"twitter:data1\" content=\"1 minuto\" \/>\n<script type=\"application\/ld+json\" class=\"yoast-schema-graph\">{\"@context\":\"https:\/\/schema.org\",\"@graph\":[{\"@type\":\"WebPage\",\"@id\":\"https:\/\/demoweb.info\/sexshop001\/producto\/joyballs-trend-red\/\",\"url\":\"https:\/\/demoweb.info\/sexshop001\/producto\/joyballs-trend-red\/\",\"name\":\"JOYBALLS TREND RED - Tienda Er\u00f3tica\",\"isPartOf\":{\"@id\":\"https:\/\/demoweb.info\/sexshop001\/#website\"},\"datePublished\":\"2022-01-22T09:12:34+00:00\",\"dateModified\":\"2022-01-22T09:12:43+00:00\",\"breadcrumb\":{\"@id\":\"https:\/\/demoweb.info\/sexshop001\/producto\/joyballs-trend-red\/#breadcrumb\"},\"inLanguage\":\"es\",\"potentialAction\":[{\"@type\":\"ReadAction\",\"target\":[\"https:\/\/demoweb.info\/sexshop001\/producto\/joyballs-trend-red\/\"]}]},{\"@type\":\"BreadcrumbList\",\"@id\":\"https:\/\/demoweb.info\/sexshop001\/producto\/joyballs-trend-red\/#breadcrumb\",\"itemListElement\":[{\"@type\":\"ListItem\",\"position\":1,\"name\":\"Portada\",\"item\":\"https:\/\/demoweb.info\/sexshop001\/\"},{\"@type\":\"ListItem\",\"position\":2,\"name\":\"Tienda\",\"item\":\"https:\/\/demoweb.info\/sexshop001\/tienda\/\"},{\"@type\":\"ListItem\",\"position\":3,\"name\":\"JOYBALLS TREND RED\"}]},{\"@type\":\"WebSite\",\"@id\":\"https:\/\/demoweb.info\/sexshop001\/#website\",\"url\":\"https:\/\/demoweb.info\/sexshop001\/\",\"name\":\"Tienda Er\u00f3tica\",\"description\":\"DEMOWEB SL\",\"potentialAction\":[{\"@type\":\"SearchAction\",\"target\":{\"@type\":\"EntryPoint\",\"urlTemplate\":\"https:\/\/demoweb.info\/sexshop001\/?s={search_term_string}\"},\"query-input\":\"required name=search_term_string\"}],\"inLanguage\":\"es\"}]}<\/script>\n<!-- \/ Yoast SEO plugin. -->","yoast_head_json":{"title":"JOYBALLS TREND RED - Tienda Er\u00f3tica","robots":{"index":"noindex","follow":"follow","max-snippet":"max-snippet:-1","max-image-preview":"max-image-preview:large","max-video-preview":"max-video-preview:-1"},"og_locale":"es_ES","og_type":"article","og_title":"JOYBALLS TREND RED - Tienda Er\u00f3tica","og_description":"JOYBALLS RED Estimulaci\u00f3n suave y entrenamiento efectivo de los m\u00fasculos del suelo p\u00e9lvico mediante el innovador efecto trampolin. &#8211; Para","og_url":"https:\/\/demoweb.info\/sexshop001\/producto\/joyballs-trend-red\/","og_site_name":"Tienda Er\u00f3tica","article_modified_time":"2022-01-22T09:12:43+00:00","og_image":[{"width":550,"height":550,"url":"https:\/\/demoweb.info\/sexshop001\/wp-content\/uploads\/2022\/01\/JOYBALLS-TREND-RED.jpg","type":"image\/jpeg"}],"twitter_card":"summary_large_image","twitter_misc":{"Tiempo de lectura":"1 minuto"},"schema":{"@context":"https:\/\/schema.org","@graph":[{"@type":"WebPage","@id":"https:\/\/demoweb.info\/sexshop001\/producto\/joyballs-trend-red\/","url":"https:\/\/demoweb.info\/sexshop001\/producto\/joyballs-trend-red\/","name":"JOYBALLS TREND RED - Tienda Er\u00f3tica","isPartOf":{"@id":"https:\/\/demoweb.info\/sexshop001\/#website"},"datePublished":"2022-01-22T09:12:34+00:00","dateModified":"2022-01-22T09:12:43+00:00","breadcrumb":{"@id":"https:\/\/demoweb.info\/sexshop001\/producto\/joyballs-trend-red\/#breadcrumb"},"inLanguage":"es","potentialAction":[{"@type":"ReadAction","target":["https:\/\/demoweb.info\/sexshop001\/producto\/joyballs-trend-red\/"]}]},{"@type":"BreadcrumbList","@id":"https:\/\/demoweb.info\/sexshop001\/producto\/joyballs-trend-red\/#breadcrumb","itemListElement":[{"@type":"ListItem","position":1,"name":"Portada","item":"https:\/\/demoweb.info\/sexshop001\/"},{"@type":"ListItem","position":2,"name":"Tienda","item":"https:\/\/demoweb.info\/sexshop001\/tienda\/"},{"@type":"ListItem","position":3,"name":"JOYBALLS TREND RED"}]},{"@type":"WebSite","@id":"https:\/\/demoweb.info\/sexshop001\/#website","url":"https:\/\/demoweb.info\/sexshop001\/","name":"Tienda Er\u00f3tica","description":"DEMOWEB SL","potentialAction":[{"@type":"SearchAction","target":{"@type":"EntryPoint","urlTemplate":"https:\/\/demoweb.info\/sexshop001\/?s={search_term_string}"},"query-input":"required name=search_term_string"}],"inLanguage":"es"}]}},"_links":{"self":[{"href":"https:\/\/demoweb.info\/sexshop001\/wp-json\/wp\/v3\/product\/13316","targetHints":{"allow":["GET"]}}],"collection":[{"href":"https:\/\/demoweb.info\/sexshop001\/wp-json\/wp\/v3\/product"}],"about":[{"href":"https:\/\/demoweb.info\/sexshop001\/wp-json\/wp\/v2\/types\/product"}],"replies":[{"embeddable":true,"href":"https:\/\/demoweb.info\/sexshop001\/wp-json\/wp\/v2\/comments?post=13316"}],"wp:featuredmedia":[{"embeddable":true,"href":"https:\/\/demoweb.info\/sexshop001\/wp-json\/wp\/v2\/media\/13317"}],"wp:attachment":[{"href":"https:\/\/demoweb.info\/sexshop001\/wp-json\/wp\/v2\/media?parent=13316"}],"wp:term":[{"taxonomy":"product_cat","embeddable":true,"href":"https:\/\/demoweb.info\/sexshop001\/wp-json\/wp\/v2\/product_cat?post=13316"},{"taxonomy":"product_tag","embeddable":true,"href":"https:\/\/demoweb.info\/sexshop001\/wp-json\/wp\/v2\/product_tag?post=13316"}],"curies":[{"name":"wp","href":"https:\/\/api.w.org\/{rel}","templated":true}]}}