{"id":13222,"date":"2022-01-22T10:11:50","date_gmt":"2022-01-22T09:11:50","guid":{"rendered":"https:\/\/demoweb.info\/sexshop001\/producto\/el-limite-del-deseo\/"},"modified":"2022-01-22T10:11:57","modified_gmt":"2022-01-22T09:11:57","slug":"el-limite-del-deseo","status":"publish","type":"product","link":"https:\/\/demoweb.info\/sexshop001\/producto\/el-limite-del-deseo\/","title":{"rendered":"EL LIMITE DEL DESEO"},"content":{"rendered":"<p><strong>EL L\u00cdMITE DEL DESEO. EVE BERLIN.<\/strong><\/p>\n<p>Como abogada Kara Crawford sabe c\u00f3mo guardar secretos, especialmente despu\u00e9s de que un ex la despreciara despu\u00e9s de que ella le confesar\u00e1 sus m\u00e1s ocultos deseos sexuales. Kara ya ha renunciado a encontrar a alguien capaz de satisfacerla en lo m\u00e1s \u00edntimo (su gusto por el bondage y los azotes) hasta que pasa una de las noches m\u00e1s maravillosas de su vida con alguien a quien siempre hab\u00eda admirado de lejos.<\/p>\n<p>El dominador sexual Dante de Matteo conoci\u00f3 a Kara en el instituto pero nunca se imagin\u00f3 que sus fantas\u00edas sexuales coincidieran plenamente con las de ella. Los dos amantes no esperan que lo suyo sea m\u00e1s que un affaire de una noche, pero cuando Dante empieza a trabajar en el bufete de Kara, tienen que lidiar a diario con las chispas que genera la qu\u00edmica sexual entre los dos.<\/p>\n<p>Mientras que un profundo deseo los acerca, el miedo puede acabar por separarlos para siempre, a no ser que aprendan a manejar el dolor y el placer que produce el amor.<\/p>\n<p>236 P\u00e1ginas.<\/p>\n<p>ISBN: 978-84-15729-39-6<\/p>\n<p>Tapa blanda con solapa 19 x 12,5 cm. Edici\u00f3n Debolsillo.<\/p>\n","protected":false},"excerpt":{"rendered":"<p>EL L\u00cdMITE DEL DESEO. EVE BERLIN. Como abogada Kara Crawford sabe c\u00f3mo guardar secretos, especialmente despu\u00e9s de que un ex<\/p>\n","protected":false},"featured_media":13223,"comment_status":"open","ping_status":"open","template":"","meta":[],"product_cat":[713],"product_tag":[415,721],"class_list":["post-13222","product","type-product","status-publish","has-post-thumbnail","hentry","product_cat-libros-lectura","product_tag-random-house","product_tag-rocabolsillo"],"bundled_by":[],"bundle_stock_status":"instock","bundle_stock_quantity":2,"bundle_virtual":false,"bundle_layout":"","bundle_add_to_cart_form_location":"","bundle_editable_in_cart":false,"bundle_sold_individually_context":"","bundle_item_grouping":"","bundle_min_size":"","bundle_max_size":"","bundled_items":[],"yoast_head":"<!-- This site is optimized with the Yoast SEO plugin v20.6 - https:\/\/yoast.com\/wordpress\/plugins\/seo\/ -->\n<title>EL LIMITE DEL DESEO - Tienda Er\u00f3tica<\/title>\n<meta name=\"robots\" content=\"noindex, follow, max-snippet:-1, max-image-preview:large, max-video-preview:-1\" \/>\n<meta property=\"og:locale\" content=\"es_ES\" \/>\n<meta property=\"og:type\" content=\"article\" \/>\n<meta property=\"og:title\" content=\"EL LIMITE DEL DESEO - Tienda Er\u00f3tica\" \/>\n<meta property=\"og:description\" content=\"EL L\u00cdMITE DEL DESEO. EVE BERLIN. Como abogada Kara Crawford sabe c\u00f3mo guardar secretos, especialmente despu\u00e9s de que un ex\" \/>\n<meta property=\"og:url\" content=\"https:\/\/demoweb.info\/sexshop001\/producto\/el-limite-del-deseo\/\" \/>\n<meta property=\"og:site_name\" content=\"Tienda Er\u00f3tica\" \/>\n<meta property=\"article:modified_time\" content=\"2022-01-22T09:11:57+00:00\" \/>\n<meta property=\"og:image\" content=\"https:\/\/demoweb.info\/sexshop001\/wp-content\/uploads\/2022\/01\/EL-LIMITE-DEL-DESEO.jpg\" \/>\n\t<meta property=\"og:image:width\" content=\"550\" \/>\n\t<meta property=\"og:image:height\" content=\"550\" \/>\n\t<meta property=\"og:image:type\" content=\"image\/jpeg\" \/>\n<meta name=\"twitter:card\" content=\"summary_large_image\" \/>\n<meta name=\"twitter:label1\" content=\"Tiempo de lectura\" \/>\n\t<meta name=\"twitter:data1\" content=\"1 minuto\" \/>\n<script type=\"application\/ld+json\" class=\"yoast-schema-graph\">{\"@context\":\"https:\/\/schema.org\",\"@graph\":[{\"@type\":\"WebPage\",\"@id\":\"https:\/\/demoweb.info\/sexshop001\/producto\/el-limite-del-deseo\/\",\"url\":\"https:\/\/demoweb.info\/sexshop001\/producto\/el-limite-del-deseo\/\",\"name\":\"EL LIMITE DEL DESEO - Tienda Er\u00f3tica\",\"isPartOf\":{\"@id\":\"https:\/\/demoweb.info\/sexshop001\/#website\"},\"datePublished\":\"2022-01-22T09:11:50+00:00\",\"dateModified\":\"2022-01-22T09:11:57+00:00\",\"breadcrumb\":{\"@id\":\"https:\/\/demoweb.info\/sexshop001\/producto\/el-limite-del-deseo\/#breadcrumb\"},\"inLanguage\":\"es\",\"potentialAction\":[{\"@type\":\"ReadAction\",\"target\":[\"https:\/\/demoweb.info\/sexshop001\/producto\/el-limite-del-deseo\/\"]}]},{\"@type\":\"BreadcrumbList\",\"@id\":\"https:\/\/demoweb.info\/sexshop001\/producto\/el-limite-del-deseo\/#breadcrumb\",\"itemListElement\":[{\"@type\":\"ListItem\",\"position\":1,\"name\":\"Portada\",\"item\":\"https:\/\/demoweb.info\/sexshop001\/\"},{\"@type\":\"ListItem\",\"position\":2,\"name\":\"Tienda\",\"item\":\"https:\/\/demoweb.info\/sexshop001\/tienda\/\"},{\"@type\":\"ListItem\",\"position\":3,\"name\":\"EL LIMITE DEL DESEO\"}]},{\"@type\":\"WebSite\",\"@id\":\"https:\/\/demoweb.info\/sexshop001\/#website\",\"url\":\"https:\/\/demoweb.info\/sexshop001\/\",\"name\":\"Tienda Er\u00f3tica\",\"description\":\"DEMOWEB SL\",\"potentialAction\":[{\"@type\":\"SearchAction\",\"target\":{\"@type\":\"EntryPoint\",\"urlTemplate\":\"https:\/\/demoweb.info\/sexshop001\/?s={search_term_string}\"},\"query-input\":\"required name=search_term_string\"}],\"inLanguage\":\"es\"}]}<\/script>\n<!-- \/ Yoast SEO plugin. -->","yoast_head_json":{"title":"EL LIMITE DEL DESEO - Tienda Er\u00f3tica","robots":{"index":"noindex","follow":"follow","max-snippet":"max-snippet:-1","max-image-preview":"max-image-preview:large","max-video-preview":"max-video-preview:-1"},"og_locale":"es_ES","og_type":"article","og_title":"EL LIMITE DEL DESEO - Tienda Er\u00f3tica","og_description":"EL L\u00cdMITE DEL DESEO. EVE BERLIN. Como abogada Kara Crawford sabe c\u00f3mo guardar secretos, especialmente despu\u00e9s de que un ex","og_url":"https:\/\/demoweb.info\/sexshop001\/producto\/el-limite-del-deseo\/","og_site_name":"Tienda Er\u00f3tica","article_modified_time":"2022-01-22T09:11:57+00:00","og_image":[{"width":550,"height":550,"url":"https:\/\/demoweb.info\/sexshop001\/wp-content\/uploads\/2022\/01\/EL-LIMITE-DEL-DESEO.jpg","type":"image\/jpeg"}],"twitter_card":"summary_large_image","twitter_misc":{"Tiempo de lectura":"1 minuto"},"schema":{"@context":"https:\/\/schema.org","@graph":[{"@type":"WebPage","@id":"https:\/\/demoweb.info\/sexshop001\/producto\/el-limite-del-deseo\/","url":"https:\/\/demoweb.info\/sexshop001\/producto\/el-limite-del-deseo\/","name":"EL LIMITE DEL DESEO - Tienda Er\u00f3tica","isPartOf":{"@id":"https:\/\/demoweb.info\/sexshop001\/#website"},"datePublished":"2022-01-22T09:11:50+00:00","dateModified":"2022-01-22T09:11:57+00:00","breadcrumb":{"@id":"https:\/\/demoweb.info\/sexshop001\/producto\/el-limite-del-deseo\/#breadcrumb"},"inLanguage":"es","potentialAction":[{"@type":"ReadAction","target":["https:\/\/demoweb.info\/sexshop001\/producto\/el-limite-del-deseo\/"]}]},{"@type":"BreadcrumbList","@id":"https:\/\/demoweb.info\/sexshop001\/producto\/el-limite-del-deseo\/#breadcrumb","itemListElement":[{"@type":"ListItem","position":1,"name":"Portada","item":"https:\/\/demoweb.info\/sexshop001\/"},{"@type":"ListItem","position":2,"name":"Tienda","item":"https:\/\/demoweb.info\/sexshop001\/tienda\/"},{"@type":"ListItem","position":3,"name":"EL LIMITE DEL DESEO"}]},{"@type":"WebSite","@id":"https:\/\/demoweb.info\/sexshop001\/#website","url":"https:\/\/demoweb.info\/sexshop001\/","name":"Tienda Er\u00f3tica","description":"DEMOWEB SL","potentialAction":[{"@type":"SearchAction","target":{"@type":"EntryPoint","urlTemplate":"https:\/\/demoweb.info\/sexshop001\/?s={search_term_string}"},"query-input":"required name=search_term_string"}],"inLanguage":"es"}]}},"_links":{"self":[{"href":"https:\/\/demoweb.info\/sexshop001\/wp-json\/wp\/v3\/product\/13222","targetHints":{"allow":["GET"]}}],"collection":[{"href":"https:\/\/demoweb.info\/sexshop001\/wp-json\/wp\/v3\/product"}],"about":[{"href":"https:\/\/demoweb.info\/sexshop001\/wp-json\/wp\/v2\/types\/product"}],"replies":[{"embeddable":true,"href":"https:\/\/demoweb.info\/sexshop001\/wp-json\/wp\/v2\/comments?post=13222"}],"wp:featuredmedia":[{"embeddable":true,"href":"https:\/\/demoweb.info\/sexshop001\/wp-json\/wp\/v2\/media\/13223"}],"wp:attachment":[{"href":"https:\/\/demoweb.info\/sexshop001\/wp-json\/wp\/v2\/media?parent=13222"}],"wp:term":[{"taxonomy":"product_cat","embeddable":true,"href":"https:\/\/demoweb.info\/sexshop001\/wp-json\/wp\/v2\/product_cat?post=13222"},{"taxonomy":"product_tag","embeddable":true,"href":"https:\/\/demoweb.info\/sexshop001\/wp-json\/wp\/v2\/product_tag?post=13222"}],"curies":[{"name":"wp","href":"https:\/\/api.w.org\/{rel}","templated":true}]}}