{"id":13220,"date":"2022-01-22T10:11:50","date_gmt":"2022-01-22T09:11:50","guid":{"rendered":"https:\/\/demoweb.info\/sexshop001\/producto\/el-limite-de-la-tentacion-2\/"},"modified":"2022-01-22T10:11:54","modified_gmt":"2022-01-22T09:11:54","slug":"el-limite-de-la-tentacion-2","status":"publish","type":"product","link":"https:\/\/demoweb.info\/sexshop001\/producto\/el-limite-de-la-tentacion-2\/","title":{"rendered":"EL LIMITE DE LA TENTACION"},"content":{"rendered":"<p><strong>EL L\u00cdMITE DE LA TENTACI\u00d3N. EVE BERLIN.<\/strong><\/p>\n<p>Mischa Kennon es una luchadora nata y pocas cosas la hacen sucumbir; esto es hasta que conoce al sexy Connor Galloway, un irland\u00e9s de ojos verdes con un aire autoritario que es irresistible. Mientras ejerce sus labores como dama de honor de su mejor amiga, Mischa se mete en una relaci\u00f3n poco seria con Connor. Y se ver\u00e1 sorprendida por el dominio que \u00e9l ejerce sobre ella y que le hace desear m\u00e1s y m\u00e1s batallas desenfrenadas antes de la rendici\u00f3n total.<\/p>\n<p>Todo parece un juego, hasta que Mischa empieza a darse cuenta de que Connor tambi\u00e9n podr\u00eda acabar por dominar su coraz\u00f3n.<\/p>\n<p>Si cede a su deseo, \u00bfser\u00e1 imposible de dominar o le abrir\u00e1 los ojos a un tipo de amor que jam\u00e1s pens\u00f3 posible?<\/p>\n<p>282 P\u00e1ginas.<\/p>\n<p>ISBN: 978-84-15729-40-2<\/p>\n<p>Tapa blanda con solapa 19 x 12,5 cm. Edici\u00f3n Debolsillo.<\/p>\n","protected":false},"excerpt":{"rendered":"<p>EL L\u00cdMITE DE LA TENTACI\u00d3N. EVE BERLIN. Mischa Kennon es una luchadora nata y pocas cosas la hacen sucumbir; esto<\/p>\n","protected":false},"featured_media":13221,"comment_status":"open","ping_status":"open","template":"","meta":[],"product_cat":[713],"product_tag":[415,721],"class_list":["post-13220","product","type-product","status-publish","has-post-thumbnail","hentry","product_cat-libros-lectura","product_tag-random-house","product_tag-rocabolsillo"],"bundled_by":[],"bundle_stock_status":"instock","bundle_stock_quantity":7,"bundle_virtual":false,"bundle_layout":"","bundle_add_to_cart_form_location":"","bundle_editable_in_cart":false,"bundle_sold_individually_context":"","bundle_item_grouping":"","bundle_min_size":"","bundle_max_size":"","bundled_items":[],"yoast_head":"<!-- This site is optimized with the Yoast SEO plugin v20.6 - https:\/\/yoast.com\/wordpress\/plugins\/seo\/ -->\n<title>EL LIMITE DE LA TENTACION - Tienda Er\u00f3tica<\/title>\n<meta name=\"robots\" content=\"noindex, follow, max-snippet:-1, max-image-preview:large, max-video-preview:-1\" \/>\n<meta property=\"og:locale\" content=\"es_ES\" \/>\n<meta property=\"og:type\" content=\"article\" \/>\n<meta property=\"og:title\" content=\"EL LIMITE DE LA TENTACION - Tienda Er\u00f3tica\" \/>\n<meta property=\"og:description\" content=\"EL L\u00cdMITE DE LA TENTACI\u00d3N. EVE BERLIN. Mischa Kennon es una luchadora nata y pocas cosas la hacen sucumbir; esto\" \/>\n<meta property=\"og:url\" content=\"https:\/\/demoweb.info\/sexshop001\/producto\/el-limite-de-la-tentacion-2\/\" \/>\n<meta property=\"og:site_name\" content=\"Tienda Er\u00f3tica\" \/>\n<meta property=\"article:modified_time\" content=\"2022-01-22T09:11:54+00:00\" \/>\n<meta property=\"og:image\" content=\"https:\/\/demoweb.info\/sexshop001\/wp-content\/uploads\/2022\/01\/EL-LIMITE-DE-LA-TENTACION-1.jpg\" \/>\n\t<meta property=\"og:image:width\" content=\"550\" \/>\n\t<meta property=\"og:image:height\" content=\"550\" \/>\n\t<meta property=\"og:image:type\" content=\"image\/jpeg\" \/>\n<meta name=\"twitter:card\" content=\"summary_large_image\" \/>\n<meta name=\"twitter:label1\" content=\"Tiempo de lectura\" \/>\n\t<meta name=\"twitter:data1\" content=\"1 minuto\" \/>\n<script type=\"application\/ld+json\" class=\"yoast-schema-graph\">{\"@context\":\"https:\/\/schema.org\",\"@graph\":[{\"@type\":\"WebPage\",\"@id\":\"https:\/\/demoweb.info\/sexshop001\/producto\/el-limite-de-la-tentacion-2\/\",\"url\":\"https:\/\/demoweb.info\/sexshop001\/producto\/el-limite-de-la-tentacion-2\/\",\"name\":\"EL LIMITE DE LA TENTACION - Tienda Er\u00f3tica\",\"isPartOf\":{\"@id\":\"https:\/\/demoweb.info\/sexshop001\/#website\"},\"datePublished\":\"2022-01-22T09:11:50+00:00\",\"dateModified\":\"2022-01-22T09:11:54+00:00\",\"breadcrumb\":{\"@id\":\"https:\/\/demoweb.info\/sexshop001\/producto\/el-limite-de-la-tentacion-2\/#breadcrumb\"},\"inLanguage\":\"es\",\"potentialAction\":[{\"@type\":\"ReadAction\",\"target\":[\"https:\/\/demoweb.info\/sexshop001\/producto\/el-limite-de-la-tentacion-2\/\"]}]},{\"@type\":\"BreadcrumbList\",\"@id\":\"https:\/\/demoweb.info\/sexshop001\/producto\/el-limite-de-la-tentacion-2\/#breadcrumb\",\"itemListElement\":[{\"@type\":\"ListItem\",\"position\":1,\"name\":\"Portada\",\"item\":\"https:\/\/demoweb.info\/sexshop001\/\"},{\"@type\":\"ListItem\",\"position\":2,\"name\":\"Tienda\",\"item\":\"https:\/\/demoweb.info\/sexshop001\/tienda\/\"},{\"@type\":\"ListItem\",\"position\":3,\"name\":\"EL LIMITE DE LA TENTACION\"}]},{\"@type\":\"WebSite\",\"@id\":\"https:\/\/demoweb.info\/sexshop001\/#website\",\"url\":\"https:\/\/demoweb.info\/sexshop001\/\",\"name\":\"Tienda Er\u00f3tica\",\"description\":\"DEMOWEB SL\",\"potentialAction\":[{\"@type\":\"SearchAction\",\"target\":{\"@type\":\"EntryPoint\",\"urlTemplate\":\"https:\/\/demoweb.info\/sexshop001\/?s={search_term_string}\"},\"query-input\":\"required name=search_term_string\"}],\"inLanguage\":\"es\"}]}<\/script>\n<!-- \/ Yoast SEO plugin. -->","yoast_head_json":{"title":"EL LIMITE DE LA TENTACION - Tienda Er\u00f3tica","robots":{"index":"noindex","follow":"follow","max-snippet":"max-snippet:-1","max-image-preview":"max-image-preview:large","max-video-preview":"max-video-preview:-1"},"og_locale":"es_ES","og_type":"article","og_title":"EL LIMITE DE LA TENTACION - Tienda Er\u00f3tica","og_description":"EL L\u00cdMITE DE LA TENTACI\u00d3N. EVE BERLIN. Mischa Kennon es una luchadora nata y pocas cosas la hacen sucumbir; esto","og_url":"https:\/\/demoweb.info\/sexshop001\/producto\/el-limite-de-la-tentacion-2\/","og_site_name":"Tienda Er\u00f3tica","article_modified_time":"2022-01-22T09:11:54+00:00","og_image":[{"width":550,"height":550,"url":"https:\/\/demoweb.info\/sexshop001\/wp-content\/uploads\/2022\/01\/EL-LIMITE-DE-LA-TENTACION-1.jpg","type":"image\/jpeg"}],"twitter_card":"summary_large_image","twitter_misc":{"Tiempo de lectura":"1 minuto"},"schema":{"@context":"https:\/\/schema.org","@graph":[{"@type":"WebPage","@id":"https:\/\/demoweb.info\/sexshop001\/producto\/el-limite-de-la-tentacion-2\/","url":"https:\/\/demoweb.info\/sexshop001\/producto\/el-limite-de-la-tentacion-2\/","name":"EL LIMITE DE LA TENTACION - Tienda Er\u00f3tica","isPartOf":{"@id":"https:\/\/demoweb.info\/sexshop001\/#website"},"datePublished":"2022-01-22T09:11:50+00:00","dateModified":"2022-01-22T09:11:54+00:00","breadcrumb":{"@id":"https:\/\/demoweb.info\/sexshop001\/producto\/el-limite-de-la-tentacion-2\/#breadcrumb"},"inLanguage":"es","potentialAction":[{"@type":"ReadAction","target":["https:\/\/demoweb.info\/sexshop001\/producto\/el-limite-de-la-tentacion-2\/"]}]},{"@type":"BreadcrumbList","@id":"https:\/\/demoweb.info\/sexshop001\/producto\/el-limite-de-la-tentacion-2\/#breadcrumb","itemListElement":[{"@type":"ListItem","position":1,"name":"Portada","item":"https:\/\/demoweb.info\/sexshop001\/"},{"@type":"ListItem","position":2,"name":"Tienda","item":"https:\/\/demoweb.info\/sexshop001\/tienda\/"},{"@type":"ListItem","position":3,"name":"EL LIMITE DE LA TENTACION"}]},{"@type":"WebSite","@id":"https:\/\/demoweb.info\/sexshop001\/#website","url":"https:\/\/demoweb.info\/sexshop001\/","name":"Tienda Er\u00f3tica","description":"DEMOWEB SL","potentialAction":[{"@type":"SearchAction","target":{"@type":"EntryPoint","urlTemplate":"https:\/\/demoweb.info\/sexshop001\/?s={search_term_string}"},"query-input":"required name=search_term_string"}],"inLanguage":"es"}]}},"_links":{"self":[{"href":"https:\/\/demoweb.info\/sexshop001\/wp-json\/wp\/v3\/product\/13220","targetHints":{"allow":["GET"]}}],"collection":[{"href":"https:\/\/demoweb.info\/sexshop001\/wp-json\/wp\/v3\/product"}],"about":[{"href":"https:\/\/demoweb.info\/sexshop001\/wp-json\/wp\/v2\/types\/product"}],"replies":[{"embeddable":true,"href":"https:\/\/demoweb.info\/sexshop001\/wp-json\/wp\/v2\/comments?post=13220"}],"wp:featuredmedia":[{"embeddable":true,"href":"https:\/\/demoweb.info\/sexshop001\/wp-json\/wp\/v2\/media\/13221"}],"wp:attachment":[{"href":"https:\/\/demoweb.info\/sexshop001\/wp-json\/wp\/v2\/media?parent=13220"}],"wp:term":[{"taxonomy":"product_cat","embeddable":true,"href":"https:\/\/demoweb.info\/sexshop001\/wp-json\/wp\/v2\/product_cat?post=13220"},{"taxonomy":"product_tag","embeddable":true,"href":"https:\/\/demoweb.info\/sexshop001\/wp-json\/wp\/v2\/product_tag?post=13220"}],"curies":[{"name":"wp","href":"https:\/\/api.w.org\/{rel}","templated":true}]}}