{"id":13153,"date":"2022-01-22T10:10:56","date_gmt":"2022-01-22T09:10:56","guid":{"rendered":"https:\/\/demoweb.info\/sexshop001\/producto\/ouch-arnes-con-cintas-ajustables-negro\/"},"modified":"2022-01-22T10:11:10","modified_gmt":"2022-01-22T09:11:10","slug":"ouch-arnes-con-cintas-ajustables-negro","status":"publish","type":"product","link":"https:\/\/demoweb.info\/sexshop001\/producto\/ouch-arnes-con-cintas-ajustables-negro\/","title":{"rendered":"OUCH ARNES CON CINTAS AJUSTABLES NEGRO"},"content":{"rendered":"<p><font size=&quot;1&quot;><b>OUCH STRAP-ON WITH ADJUSTABLE STRAPS BLACK<\/b>. <\/p>\n<p>Penetra profundamente en el cuerpo de su pareja con este consolador con cintur\u00f3n de <b>Ouch!<\/b>. Este moderno consolador se puede extraer del cintur\u00f3n. Las correas son ajustables y mantienen todo fuertemente en su lugar. De esta manera, todo el mundo puede disfrutar de las m\u00e1s traviesas fantas\u00edas. Utiliza este producto solo o en combinaci\u00f3n con otros productos de <b>Ouch!<\/b>. <br \/>\n<\/b><br \/>\n<br \/>\nMedidas insertables: 11 cm x 3 cm.<\/font><\/p>\n","protected":false},"excerpt":{"rendered":"<p>OUCH STRAP-ON WITH ADJUSTABLE STRAPS BLACK. Penetra profundamente en el cuerpo de su pareja con este consolador con cintur\u00f3n de<\/p>\n","protected":false},"featured_media":13154,"comment_status":"open","ping_status":"open","template":"","meta":[],"product_cat":[632],"product_tag":[307,302],"class_list":["post-13153","product","type-product","status-publish","has-post-thumbnail","hentry","product_cat-silicona-con-dildo","product_tag-ouch","product_tag-shots"],"bundled_by":[],"bundle_stock_status":"outofstock","bundle_stock_quantity":0,"bundle_virtual":false,"bundle_layout":"","bundle_add_to_cart_form_location":"","bundle_editable_in_cart":false,"bundle_sold_individually_context":"","bundle_item_grouping":"","bundle_min_size":"","bundle_max_size":"","bundled_items":[],"yoast_head":"<!-- This site is optimized with the Yoast SEO plugin v20.6 - https:\/\/yoast.com\/wordpress\/plugins\/seo\/ -->\n<title>OUCH ARNES CON CINTAS AJUSTABLES NEGRO - Tienda Er\u00f3tica<\/title>\n<meta name=\"robots\" content=\"noindex, follow, max-snippet:-1, max-image-preview:large, max-video-preview:-1\" \/>\n<meta property=\"og:locale\" content=\"es_ES\" \/>\n<meta property=\"og:type\" content=\"article\" \/>\n<meta property=\"og:title\" content=\"OUCH ARNES CON CINTAS AJUSTABLES NEGRO - Tienda Er\u00f3tica\" \/>\n<meta property=\"og:description\" content=\"OUCH STRAP-ON WITH ADJUSTABLE STRAPS BLACK. Penetra profundamente en el cuerpo de su pareja con este consolador con cintur\u00f3n de\" \/>\n<meta property=\"og:url\" content=\"https:\/\/demoweb.info\/sexshop001\/producto\/ouch-arnes-con-cintas-ajustables-negro\/\" \/>\n<meta property=\"og:site_name\" content=\"Tienda Er\u00f3tica\" \/>\n<meta property=\"article:modified_time\" content=\"2022-01-22T09:11:10+00:00\" \/>\n<meta property=\"og:image\" content=\"https:\/\/demoweb.info\/sexshop001\/wp-content\/uploads\/2022\/01\/OUCH-ARNES-CON-CINTAS-AJUSTABLES-NEGRO.jpg\" \/>\n\t<meta property=\"og:image:width\" content=\"550\" \/>\n\t<meta property=\"og:image:height\" content=\"550\" \/>\n\t<meta property=\"og:image:type\" content=\"image\/jpeg\" \/>\n<meta name=\"twitter:card\" content=\"summary_large_image\" \/>\n<script type=\"application\/ld+json\" class=\"yoast-schema-graph\">{\"@context\":\"https:\/\/schema.org\",\"@graph\":[{\"@type\":\"WebPage\",\"@id\":\"https:\/\/demoweb.info\/sexshop001\/producto\/ouch-arnes-con-cintas-ajustables-negro\/\",\"url\":\"https:\/\/demoweb.info\/sexshop001\/producto\/ouch-arnes-con-cintas-ajustables-negro\/\",\"name\":\"OUCH ARNES CON CINTAS AJUSTABLES NEGRO - Tienda Er\u00f3tica\",\"isPartOf\":{\"@id\":\"https:\/\/demoweb.info\/sexshop001\/#website\"},\"datePublished\":\"2022-01-22T09:10:56+00:00\",\"dateModified\":\"2022-01-22T09:11:10+00:00\",\"breadcrumb\":{\"@id\":\"https:\/\/demoweb.info\/sexshop001\/producto\/ouch-arnes-con-cintas-ajustables-negro\/#breadcrumb\"},\"inLanguage\":\"es\",\"potentialAction\":[{\"@type\":\"ReadAction\",\"target\":[\"https:\/\/demoweb.info\/sexshop001\/producto\/ouch-arnes-con-cintas-ajustables-negro\/\"]}]},{\"@type\":\"BreadcrumbList\",\"@id\":\"https:\/\/demoweb.info\/sexshop001\/producto\/ouch-arnes-con-cintas-ajustables-negro\/#breadcrumb\",\"itemListElement\":[{\"@type\":\"ListItem\",\"position\":1,\"name\":\"Portada\",\"item\":\"https:\/\/demoweb.info\/sexshop001\/\"},{\"@type\":\"ListItem\",\"position\":2,\"name\":\"Tienda\",\"item\":\"https:\/\/demoweb.info\/sexshop001\/tienda\/\"},{\"@type\":\"ListItem\",\"position\":3,\"name\":\"OUCH ARNES CON CINTAS AJUSTABLES NEGRO\"}]},{\"@type\":\"WebSite\",\"@id\":\"https:\/\/demoweb.info\/sexshop001\/#website\",\"url\":\"https:\/\/demoweb.info\/sexshop001\/\",\"name\":\"Tienda Er\u00f3tica\",\"description\":\"DEMOWEB SL\",\"potentialAction\":[{\"@type\":\"SearchAction\",\"target\":{\"@type\":\"EntryPoint\",\"urlTemplate\":\"https:\/\/demoweb.info\/sexshop001\/?s={search_term_string}\"},\"query-input\":\"required name=search_term_string\"}],\"inLanguage\":\"es\"}]}<\/script>\n<!-- \/ Yoast SEO plugin. -->","yoast_head_json":{"title":"OUCH ARNES CON CINTAS AJUSTABLES NEGRO - Tienda Er\u00f3tica","robots":{"index":"noindex","follow":"follow","max-snippet":"max-snippet:-1","max-image-preview":"max-image-preview:large","max-video-preview":"max-video-preview:-1"},"og_locale":"es_ES","og_type":"article","og_title":"OUCH ARNES CON CINTAS AJUSTABLES NEGRO - Tienda Er\u00f3tica","og_description":"OUCH STRAP-ON WITH ADJUSTABLE STRAPS BLACK. Penetra profundamente en el cuerpo de su pareja con este consolador con cintur\u00f3n de","og_url":"https:\/\/demoweb.info\/sexshop001\/producto\/ouch-arnes-con-cintas-ajustables-negro\/","og_site_name":"Tienda Er\u00f3tica","article_modified_time":"2022-01-22T09:11:10+00:00","og_image":[{"width":550,"height":550,"url":"https:\/\/demoweb.info\/sexshop001\/wp-content\/uploads\/2022\/01\/OUCH-ARNES-CON-CINTAS-AJUSTABLES-NEGRO.jpg","type":"image\/jpeg"}],"twitter_card":"summary_large_image","schema":{"@context":"https:\/\/schema.org","@graph":[{"@type":"WebPage","@id":"https:\/\/demoweb.info\/sexshop001\/producto\/ouch-arnes-con-cintas-ajustables-negro\/","url":"https:\/\/demoweb.info\/sexshop001\/producto\/ouch-arnes-con-cintas-ajustables-negro\/","name":"OUCH ARNES CON CINTAS AJUSTABLES NEGRO - Tienda Er\u00f3tica","isPartOf":{"@id":"https:\/\/demoweb.info\/sexshop001\/#website"},"datePublished":"2022-01-22T09:10:56+00:00","dateModified":"2022-01-22T09:11:10+00:00","breadcrumb":{"@id":"https:\/\/demoweb.info\/sexshop001\/producto\/ouch-arnes-con-cintas-ajustables-negro\/#breadcrumb"},"inLanguage":"es","potentialAction":[{"@type":"ReadAction","target":["https:\/\/demoweb.info\/sexshop001\/producto\/ouch-arnes-con-cintas-ajustables-negro\/"]}]},{"@type":"BreadcrumbList","@id":"https:\/\/demoweb.info\/sexshop001\/producto\/ouch-arnes-con-cintas-ajustables-negro\/#breadcrumb","itemListElement":[{"@type":"ListItem","position":1,"name":"Portada","item":"https:\/\/demoweb.info\/sexshop001\/"},{"@type":"ListItem","position":2,"name":"Tienda","item":"https:\/\/demoweb.info\/sexshop001\/tienda\/"},{"@type":"ListItem","position":3,"name":"OUCH ARNES CON CINTAS AJUSTABLES NEGRO"}]},{"@type":"WebSite","@id":"https:\/\/demoweb.info\/sexshop001\/#website","url":"https:\/\/demoweb.info\/sexshop001\/","name":"Tienda Er\u00f3tica","description":"DEMOWEB SL","potentialAction":[{"@type":"SearchAction","target":{"@type":"EntryPoint","urlTemplate":"https:\/\/demoweb.info\/sexshop001\/?s={search_term_string}"},"query-input":"required name=search_term_string"}],"inLanguage":"es"}]}},"_links":{"self":[{"href":"https:\/\/demoweb.info\/sexshop001\/wp-json\/wp\/v3\/product\/13153","targetHints":{"allow":["GET"]}}],"collection":[{"href":"https:\/\/demoweb.info\/sexshop001\/wp-json\/wp\/v3\/product"}],"about":[{"href":"https:\/\/demoweb.info\/sexshop001\/wp-json\/wp\/v2\/types\/product"}],"replies":[{"embeddable":true,"href":"https:\/\/demoweb.info\/sexshop001\/wp-json\/wp\/v2\/comments?post=13153"}],"wp:featuredmedia":[{"embeddable":true,"href":"https:\/\/demoweb.info\/sexshop001\/wp-json\/wp\/v2\/media\/13154"}],"wp:attachment":[{"href":"https:\/\/demoweb.info\/sexshop001\/wp-json\/wp\/v2\/media?parent=13153"}],"wp:term":[{"taxonomy":"product_cat","embeddable":true,"href":"https:\/\/demoweb.info\/sexshop001\/wp-json\/wp\/v2\/product_cat?post=13153"},{"taxonomy":"product_tag","embeddable":true,"href":"https:\/\/demoweb.info\/sexshop001\/wp-json\/wp\/v2\/product_tag?post=13153"}],"curies":[{"name":"wp","href":"https:\/\/api.w.org\/{rel}","templated":true}]}}