{"id":13052,"date":"2022-01-22T10:10:05","date_gmt":"2022-01-22T09:10:05","guid":{"rendered":"https:\/\/demoweb.info\/sexshop001\/producto\/lelo-tiani-3-masajeador-cereza\/"},"modified":"2022-01-22T10:10:20","modified_gmt":"2022-01-22T09:10:20","slug":"lelo-tiani-3-masajeador-cereza","status":"publish","type":"product","link":"https:\/\/demoweb.info\/sexshop001\/producto\/lelo-tiani-3-masajeador-cereza\/","title":{"rendered":"LELO TIANI 3 MASAJEADOR CEREZA"},"content":{"rendered":"<p><strong>LELO TIANI 3 REMOTE MASSAGER CERISE<\/strong><\/p>\n<p><strong>El m\u00e1s exclusivo masajeador para parejas para ser llevado por la mujer al hacer el amor. <\/strong><\/p>\n<p><strong>Tiani 3<\/strong> es la nueva y mejorada versi\u00f3n del original masajeador para parejas ganador del premio Red Dot Design Award, llevado por la mujer al hacer el amor. Su mejorada vibraci\u00f3n con el doble de potencia proporciona sensaciones dirigidas especialmente al cl\u00edtoris, mientras que su dise\u00f1o en suave silicona proporciona un placer incomparable y una comodidad suprema.<\/p>\n<p>Sumergible, recargable y con mando a distancia, Tiani\u2122 3 es el nuevo dise\u00f1o de LELO para compartir orgasmos m\u00faltiples con tu pareja.<\/p>\n<p>&#8211; El lujoso masajeador para parejas que se lleva al hacer el amor.<br \/>\n&#8211; Nuevo dise\u00f1o de silicona suave con un motor 100% m\u00e1s poderoso.<br \/>\n&#8211; Mando a distancia con tecnolog\u00eda SenseMotion\u2122.<br \/>\n&#8211; 8 modos de estimulaci\u00f3n (6 est\u00e1ndar y 2 creados con el mando a distancia).<br \/>\n&#8211; 100% sumergible y recargable.<br \/>\n&#8211; Garant\u00eda de 1 A\u00f1o y Garant\u00eda de calidad de 10 a\u00f1os.<\/p>\n<p>\nContenido:<\/p>\n<p>&#8211; Objeto de Placer <strong>Tiani 3<\/strong>.<br \/>\n&#8211; Mando a distancia.<br \/>\n&#8211; Cargador.<br \/>\n&#8211; 2 pilas AAA.<br \/>\n&#8211; Bolsita de sat\u00e9n.<br \/>\n&#8211; Garant\u00eda LELO de 1 a\u00f1o.<\/p>\n","protected":false},"excerpt":{"rendered":"<p>LELO TIANI 3 REMOTE MASSAGER CERISE El m\u00e1s exclusivo masajeador para parejas para ser llevado por la mujer al hacer<\/p>\n","protected":false},"featured_media":13053,"comment_status":"open","ping_status":"open","template":"","meta":[],"product_cat":[315],"product_tag":[406],"class_list":["post-13052","product","type-product","status-publish","has-post-thumbnail","hentry","product_cat-silicona-vibradores-juguetes-xxx","product_tag-lelo"],"bundled_by":[],"bundle_stock_status":"instock","bundle_stock_quantity":1,"bundle_virtual":false,"bundle_layout":"","bundle_add_to_cart_form_location":"","bundle_editable_in_cart":false,"bundle_sold_individually_context":"","bundle_item_grouping":"","bundle_min_size":"","bundle_max_size":"","bundled_items":[],"yoast_head":"<!-- This site is optimized with the Yoast SEO plugin v20.6 - https:\/\/yoast.com\/wordpress\/plugins\/seo\/ -->\n<title>LELO TIANI 3 MASAJEADOR CEREZA - Tienda Er\u00f3tica<\/title>\n<meta name=\"robots\" content=\"noindex, follow, max-snippet:-1, max-image-preview:large, max-video-preview:-1\" \/>\n<meta property=\"og:locale\" content=\"es_ES\" \/>\n<meta property=\"og:type\" content=\"article\" \/>\n<meta property=\"og:title\" content=\"LELO TIANI 3 MASAJEADOR CEREZA - Tienda Er\u00f3tica\" \/>\n<meta property=\"og:description\" content=\"LELO TIANI 3 REMOTE MASSAGER CERISE El m\u00e1s exclusivo masajeador para parejas para ser llevado por la mujer al hacer\" \/>\n<meta property=\"og:url\" content=\"https:\/\/demoweb.info\/sexshop001\/producto\/lelo-tiani-3-masajeador-cereza\/\" \/>\n<meta property=\"og:site_name\" content=\"Tienda Er\u00f3tica\" \/>\n<meta property=\"article:modified_time\" content=\"2022-01-22T09:10:20+00:00\" \/>\n<meta property=\"og:image\" content=\"https:\/\/demoweb.info\/sexshop001\/wp-content\/uploads\/2022\/01\/LELO-TIANI-3-MASAJEADOR-CEREZA.jpg\" \/>\n\t<meta property=\"og:image:width\" content=\"550\" \/>\n\t<meta property=\"og:image:height\" content=\"550\" \/>\n\t<meta property=\"og:image:type\" content=\"image\/jpeg\" \/>\n<meta name=\"twitter:card\" content=\"summary_large_image\" \/>\n<meta name=\"twitter:label1\" content=\"Tiempo de lectura\" \/>\n\t<meta name=\"twitter:data1\" content=\"1 minuto\" \/>\n<script type=\"application\/ld+json\" class=\"yoast-schema-graph\">{\"@context\":\"https:\/\/schema.org\",\"@graph\":[{\"@type\":\"WebPage\",\"@id\":\"https:\/\/demoweb.info\/sexshop001\/producto\/lelo-tiani-3-masajeador-cereza\/\",\"url\":\"https:\/\/demoweb.info\/sexshop001\/producto\/lelo-tiani-3-masajeador-cereza\/\",\"name\":\"LELO TIANI 3 MASAJEADOR CEREZA - Tienda Er\u00f3tica\",\"isPartOf\":{\"@id\":\"https:\/\/demoweb.info\/sexshop001\/#website\"},\"datePublished\":\"2022-01-22T09:10:05+00:00\",\"dateModified\":\"2022-01-22T09:10:20+00:00\",\"breadcrumb\":{\"@id\":\"https:\/\/demoweb.info\/sexshop001\/producto\/lelo-tiani-3-masajeador-cereza\/#breadcrumb\"},\"inLanguage\":\"es\",\"potentialAction\":[{\"@type\":\"ReadAction\",\"target\":[\"https:\/\/demoweb.info\/sexshop001\/producto\/lelo-tiani-3-masajeador-cereza\/\"]}]},{\"@type\":\"BreadcrumbList\",\"@id\":\"https:\/\/demoweb.info\/sexshop001\/producto\/lelo-tiani-3-masajeador-cereza\/#breadcrumb\",\"itemListElement\":[{\"@type\":\"ListItem\",\"position\":1,\"name\":\"Portada\",\"item\":\"https:\/\/demoweb.info\/sexshop001\/\"},{\"@type\":\"ListItem\",\"position\":2,\"name\":\"Tienda\",\"item\":\"https:\/\/demoweb.info\/sexshop001\/tienda\/\"},{\"@type\":\"ListItem\",\"position\":3,\"name\":\"LELO TIANI 3 MASAJEADOR CEREZA\"}]},{\"@type\":\"WebSite\",\"@id\":\"https:\/\/demoweb.info\/sexshop001\/#website\",\"url\":\"https:\/\/demoweb.info\/sexshop001\/\",\"name\":\"Tienda Er\u00f3tica\",\"description\":\"DEMOWEB SL\",\"potentialAction\":[{\"@type\":\"SearchAction\",\"target\":{\"@type\":\"EntryPoint\",\"urlTemplate\":\"https:\/\/demoweb.info\/sexshop001\/?s={search_term_string}\"},\"query-input\":\"required name=search_term_string\"}],\"inLanguage\":\"es\"}]}<\/script>\n<!-- \/ Yoast SEO plugin. -->","yoast_head_json":{"title":"LELO TIANI 3 MASAJEADOR CEREZA - Tienda Er\u00f3tica","robots":{"index":"noindex","follow":"follow","max-snippet":"max-snippet:-1","max-image-preview":"max-image-preview:large","max-video-preview":"max-video-preview:-1"},"og_locale":"es_ES","og_type":"article","og_title":"LELO TIANI 3 MASAJEADOR CEREZA - Tienda Er\u00f3tica","og_description":"LELO TIANI 3 REMOTE MASSAGER CERISE El m\u00e1s exclusivo masajeador para parejas para ser llevado por la mujer al hacer","og_url":"https:\/\/demoweb.info\/sexshop001\/producto\/lelo-tiani-3-masajeador-cereza\/","og_site_name":"Tienda Er\u00f3tica","article_modified_time":"2022-01-22T09:10:20+00:00","og_image":[{"width":550,"height":550,"url":"https:\/\/demoweb.info\/sexshop001\/wp-content\/uploads\/2022\/01\/LELO-TIANI-3-MASAJEADOR-CEREZA.jpg","type":"image\/jpeg"}],"twitter_card":"summary_large_image","twitter_misc":{"Tiempo de lectura":"1 minuto"},"schema":{"@context":"https:\/\/schema.org","@graph":[{"@type":"WebPage","@id":"https:\/\/demoweb.info\/sexshop001\/producto\/lelo-tiani-3-masajeador-cereza\/","url":"https:\/\/demoweb.info\/sexshop001\/producto\/lelo-tiani-3-masajeador-cereza\/","name":"LELO TIANI 3 MASAJEADOR CEREZA - Tienda Er\u00f3tica","isPartOf":{"@id":"https:\/\/demoweb.info\/sexshop001\/#website"},"datePublished":"2022-01-22T09:10:05+00:00","dateModified":"2022-01-22T09:10:20+00:00","breadcrumb":{"@id":"https:\/\/demoweb.info\/sexshop001\/producto\/lelo-tiani-3-masajeador-cereza\/#breadcrumb"},"inLanguage":"es","potentialAction":[{"@type":"ReadAction","target":["https:\/\/demoweb.info\/sexshop001\/producto\/lelo-tiani-3-masajeador-cereza\/"]}]},{"@type":"BreadcrumbList","@id":"https:\/\/demoweb.info\/sexshop001\/producto\/lelo-tiani-3-masajeador-cereza\/#breadcrumb","itemListElement":[{"@type":"ListItem","position":1,"name":"Portada","item":"https:\/\/demoweb.info\/sexshop001\/"},{"@type":"ListItem","position":2,"name":"Tienda","item":"https:\/\/demoweb.info\/sexshop001\/tienda\/"},{"@type":"ListItem","position":3,"name":"LELO TIANI 3 MASAJEADOR CEREZA"}]},{"@type":"WebSite","@id":"https:\/\/demoweb.info\/sexshop001\/#website","url":"https:\/\/demoweb.info\/sexshop001\/","name":"Tienda Er\u00f3tica","description":"DEMOWEB SL","potentialAction":[{"@type":"SearchAction","target":{"@type":"EntryPoint","urlTemplate":"https:\/\/demoweb.info\/sexshop001\/?s={search_term_string}"},"query-input":"required name=search_term_string"}],"inLanguage":"es"}]}},"_links":{"self":[{"href":"https:\/\/demoweb.info\/sexshop001\/wp-json\/wp\/v3\/product\/13052","targetHints":{"allow":["GET"]}}],"collection":[{"href":"https:\/\/demoweb.info\/sexshop001\/wp-json\/wp\/v3\/product"}],"about":[{"href":"https:\/\/demoweb.info\/sexshop001\/wp-json\/wp\/v2\/types\/product"}],"replies":[{"embeddable":true,"href":"https:\/\/demoweb.info\/sexshop001\/wp-json\/wp\/v2\/comments?post=13052"}],"wp:featuredmedia":[{"embeddable":true,"href":"https:\/\/demoweb.info\/sexshop001\/wp-json\/wp\/v2\/media\/13053"}],"wp:attachment":[{"href":"https:\/\/demoweb.info\/sexshop001\/wp-json\/wp\/v2\/media?parent=13052"}],"wp:term":[{"taxonomy":"product_cat","embeddable":true,"href":"https:\/\/demoweb.info\/sexshop001\/wp-json\/wp\/v2\/product_cat?post=13052"},{"taxonomy":"product_tag","embeddable":true,"href":"https:\/\/demoweb.info\/sexshop001\/wp-json\/wp\/v2\/product_tag?post=13052"}],"curies":[{"name":"wp","href":"https:\/\/api.w.org\/{rel}","templated":true}]}}