{"id":12986,"date":"2022-01-22T10:09:49","date_gmt":"2022-01-22T09:09:49","guid":{"rendered":"https:\/\/demoweb.info\/sexshop001\/producto\/revelation-vibrador-10-velocidades-negro\/"},"modified":"2022-01-22T10:09:52","modified_gmt":"2022-01-22T09:09:52","slug":"revelation-vibrador-10-velocidades-negro","status":"publish","type":"product","link":"https:\/\/demoweb.info\/sexshop001\/producto\/revelation-vibrador-10-velocidades-negro\/","title":{"rendered":"REVELATION VIBRADOR 10 VELOCIDADES NEGRO"},"content":{"rendered":"<p><font size=&quot;1&quot;><br \/>\n<b>REVELATION 10 SPEED VIBRATOR BLACK<\/b><\/p>\n<p>Este vibrador ser\u00e1 todo un descubrimiento. \u00a1Prep\u00e1rate para disfrutar de una experiencia soberbia con este juguete! Gracias a su forma simple y a los diez ritmos pulsantes, cuya velocidad tambi\u00e9n es regulable, experimentar\u00e1s el m\u00e1ximo placer, una y otra vez.<\/p>\n<p>El vibrador est\u00e1 elaborado con suave silicona y est\u00e1 provisto de dos orejitas en la parte superior que aseguran diversi\u00f3n adicional. Adem\u00e1s es impermeable, lo que significa que tambi\u00e9n podr\u00e1s experimentar la divina potencia de este juguete en el agua.<\/p>\n<p>Funciona con dos pilas <b>AAA<\/b> que van incluidas.<\/p>\n<p>Medidas insertables: 8,5 x 4,3 cm.<\/font><\/p>\n","protected":false},"excerpt":{"rendered":"<p>REVELATION 10 SPEED VIBRATOR BLACK Este vibrador ser\u00e1 todo un descubrimiento. \u00a1Prep\u00e1rate para disfrutar de una experiencia soberbia con este<\/p>\n","protected":false},"featured_media":12987,"comment_status":"open","ping_status":"open","template":"","meta":[],"product_cat":[370],"product_tag":[302,547],"class_list":["post-12986","product","type-product","status-publish","has-post-thumbnail","hentry","product_cat-clitoris","product_tag-shots","product_tag-shots-toys"],"bundled_by":[],"bundle_stock_status":"instock","bundle_stock_quantity":1,"bundle_virtual":false,"bundle_layout":"","bundle_add_to_cart_form_location":"","bundle_editable_in_cart":false,"bundle_sold_individually_context":"","bundle_item_grouping":"","bundle_min_size":"","bundle_max_size":"","bundled_items":[],"yoast_head":"<!-- This site is optimized with the Yoast SEO plugin v20.6 - https:\/\/yoast.com\/wordpress\/plugins\/seo\/ -->\n<title>REVELATION VIBRADOR 10 VELOCIDADES NEGRO - Tienda Er\u00f3tica<\/title>\n<meta name=\"robots\" content=\"noindex, follow, max-snippet:-1, max-image-preview:large, max-video-preview:-1\" \/>\n<meta property=\"og:locale\" content=\"es_ES\" \/>\n<meta property=\"og:type\" content=\"article\" \/>\n<meta property=\"og:title\" content=\"REVELATION VIBRADOR 10 VELOCIDADES NEGRO - Tienda Er\u00f3tica\" \/>\n<meta property=\"og:description\" content=\"REVELATION 10 SPEED VIBRATOR BLACK Este vibrador ser\u00e1 todo un descubrimiento. \u00a1Prep\u00e1rate para disfrutar de una experiencia soberbia con este\" \/>\n<meta property=\"og:url\" content=\"https:\/\/demoweb.info\/sexshop001\/producto\/revelation-vibrador-10-velocidades-negro\/\" \/>\n<meta property=\"og:site_name\" content=\"Tienda Er\u00f3tica\" \/>\n<meta property=\"article:modified_time\" content=\"2022-01-22T09:09:52+00:00\" \/>\n<meta property=\"og:image\" content=\"https:\/\/demoweb.info\/sexshop001\/wp-content\/uploads\/2022\/01\/REVELATION-VIBRADOR-10-VELOCIDADES-NEGRO.jpg\" \/>\n\t<meta property=\"og:image:width\" content=\"550\" \/>\n\t<meta property=\"og:image:height\" content=\"550\" \/>\n\t<meta property=\"og:image:type\" content=\"image\/jpeg\" \/>\n<meta name=\"twitter:card\" content=\"summary_large_image\" \/>\n<meta name=\"twitter:label1\" content=\"Tiempo de lectura\" \/>\n\t<meta name=\"twitter:data1\" content=\"1 minuto\" \/>\n<script type=\"application\/ld+json\" class=\"yoast-schema-graph\">{\"@context\":\"https:\/\/schema.org\",\"@graph\":[{\"@type\":\"WebPage\",\"@id\":\"https:\/\/demoweb.info\/sexshop001\/producto\/revelation-vibrador-10-velocidades-negro\/\",\"url\":\"https:\/\/demoweb.info\/sexshop001\/producto\/revelation-vibrador-10-velocidades-negro\/\",\"name\":\"REVELATION VIBRADOR 10 VELOCIDADES NEGRO - Tienda Er\u00f3tica\",\"isPartOf\":{\"@id\":\"https:\/\/demoweb.info\/sexshop001\/#website\"},\"datePublished\":\"2022-01-22T09:09:49+00:00\",\"dateModified\":\"2022-01-22T09:09:52+00:00\",\"breadcrumb\":{\"@id\":\"https:\/\/demoweb.info\/sexshop001\/producto\/revelation-vibrador-10-velocidades-negro\/#breadcrumb\"},\"inLanguage\":\"es\",\"potentialAction\":[{\"@type\":\"ReadAction\",\"target\":[\"https:\/\/demoweb.info\/sexshop001\/producto\/revelation-vibrador-10-velocidades-negro\/\"]}]},{\"@type\":\"BreadcrumbList\",\"@id\":\"https:\/\/demoweb.info\/sexshop001\/producto\/revelation-vibrador-10-velocidades-negro\/#breadcrumb\",\"itemListElement\":[{\"@type\":\"ListItem\",\"position\":1,\"name\":\"Portada\",\"item\":\"https:\/\/demoweb.info\/sexshop001\/\"},{\"@type\":\"ListItem\",\"position\":2,\"name\":\"Tienda\",\"item\":\"https:\/\/demoweb.info\/sexshop001\/tienda\/\"},{\"@type\":\"ListItem\",\"position\":3,\"name\":\"REVELATION VIBRADOR 10 VELOCIDADES NEGRO\"}]},{\"@type\":\"WebSite\",\"@id\":\"https:\/\/demoweb.info\/sexshop001\/#website\",\"url\":\"https:\/\/demoweb.info\/sexshop001\/\",\"name\":\"Tienda Er\u00f3tica\",\"description\":\"DEMOWEB SL\",\"potentialAction\":[{\"@type\":\"SearchAction\",\"target\":{\"@type\":\"EntryPoint\",\"urlTemplate\":\"https:\/\/demoweb.info\/sexshop001\/?s={search_term_string}\"},\"query-input\":\"required name=search_term_string\"}],\"inLanguage\":\"es\"}]}<\/script>\n<!-- \/ Yoast SEO plugin. -->","yoast_head_json":{"title":"REVELATION VIBRADOR 10 VELOCIDADES NEGRO - Tienda Er\u00f3tica","robots":{"index":"noindex","follow":"follow","max-snippet":"max-snippet:-1","max-image-preview":"max-image-preview:large","max-video-preview":"max-video-preview:-1"},"og_locale":"es_ES","og_type":"article","og_title":"REVELATION VIBRADOR 10 VELOCIDADES NEGRO - Tienda Er\u00f3tica","og_description":"REVELATION 10 SPEED VIBRATOR BLACK Este vibrador ser\u00e1 todo un descubrimiento. \u00a1Prep\u00e1rate para disfrutar de una experiencia soberbia con este","og_url":"https:\/\/demoweb.info\/sexshop001\/producto\/revelation-vibrador-10-velocidades-negro\/","og_site_name":"Tienda Er\u00f3tica","article_modified_time":"2022-01-22T09:09:52+00:00","og_image":[{"width":550,"height":550,"url":"https:\/\/demoweb.info\/sexshop001\/wp-content\/uploads\/2022\/01\/REVELATION-VIBRADOR-10-VELOCIDADES-NEGRO.jpg","type":"image\/jpeg"}],"twitter_card":"summary_large_image","twitter_misc":{"Tiempo de lectura":"1 minuto"},"schema":{"@context":"https:\/\/schema.org","@graph":[{"@type":"WebPage","@id":"https:\/\/demoweb.info\/sexshop001\/producto\/revelation-vibrador-10-velocidades-negro\/","url":"https:\/\/demoweb.info\/sexshop001\/producto\/revelation-vibrador-10-velocidades-negro\/","name":"REVELATION VIBRADOR 10 VELOCIDADES NEGRO - Tienda Er\u00f3tica","isPartOf":{"@id":"https:\/\/demoweb.info\/sexshop001\/#website"},"datePublished":"2022-01-22T09:09:49+00:00","dateModified":"2022-01-22T09:09:52+00:00","breadcrumb":{"@id":"https:\/\/demoweb.info\/sexshop001\/producto\/revelation-vibrador-10-velocidades-negro\/#breadcrumb"},"inLanguage":"es","potentialAction":[{"@type":"ReadAction","target":["https:\/\/demoweb.info\/sexshop001\/producto\/revelation-vibrador-10-velocidades-negro\/"]}]},{"@type":"BreadcrumbList","@id":"https:\/\/demoweb.info\/sexshop001\/producto\/revelation-vibrador-10-velocidades-negro\/#breadcrumb","itemListElement":[{"@type":"ListItem","position":1,"name":"Portada","item":"https:\/\/demoweb.info\/sexshop001\/"},{"@type":"ListItem","position":2,"name":"Tienda","item":"https:\/\/demoweb.info\/sexshop001\/tienda\/"},{"@type":"ListItem","position":3,"name":"REVELATION VIBRADOR 10 VELOCIDADES NEGRO"}]},{"@type":"WebSite","@id":"https:\/\/demoweb.info\/sexshop001\/#website","url":"https:\/\/demoweb.info\/sexshop001\/","name":"Tienda Er\u00f3tica","description":"DEMOWEB SL","potentialAction":[{"@type":"SearchAction","target":{"@type":"EntryPoint","urlTemplate":"https:\/\/demoweb.info\/sexshop001\/?s={search_term_string}"},"query-input":"required name=search_term_string"}],"inLanguage":"es"}]}},"_links":{"self":[{"href":"https:\/\/demoweb.info\/sexshop001\/wp-json\/wp\/v3\/product\/12986","targetHints":{"allow":["GET"]}}],"collection":[{"href":"https:\/\/demoweb.info\/sexshop001\/wp-json\/wp\/v3\/product"}],"about":[{"href":"https:\/\/demoweb.info\/sexshop001\/wp-json\/wp\/v2\/types\/product"}],"replies":[{"embeddable":true,"href":"https:\/\/demoweb.info\/sexshop001\/wp-json\/wp\/v2\/comments?post=12986"}],"wp:featuredmedia":[{"embeddable":true,"href":"https:\/\/demoweb.info\/sexshop001\/wp-json\/wp\/v2\/media\/12987"}],"wp:attachment":[{"href":"https:\/\/demoweb.info\/sexshop001\/wp-json\/wp\/v2\/media?parent=12986"}],"wp:term":[{"taxonomy":"product_cat","embeddable":true,"href":"https:\/\/demoweb.info\/sexshop001\/wp-json\/wp\/v2\/product_cat?post=12986"},{"taxonomy":"product_tag","embeddable":true,"href":"https:\/\/demoweb.info\/sexshop001\/wp-json\/wp\/v2\/product_tag?post=12986"}],"curies":[{"name":"wp","href":"https:\/\/api.w.org\/{rel}","templated":true}]}}