{"id":12982,"date":"2022-01-22T10:09:49","date_gmt":"2022-01-22T09:09:49","guid":{"rendered":"https:\/\/demoweb.info\/sexshop001\/producto\/extase-sensuel-aceite-de-masaje-calor-feromonas-fruta-de-la-pasion-30-ml\/"},"modified":"2022-01-22T10:09:51","modified_gmt":"2022-01-22T09:09:51","slug":"extase-sensuel-aceite-de-masaje-calor-feromonas-fruta-de-la-pasion-30-ml","status":"publish","type":"product","link":"https:\/\/demoweb.info\/sexshop001\/producto\/extase-sensuel-aceite-de-masaje-calor-feromonas-fruta-de-la-pasion-30-ml\/","title":{"rendered":"EXTASE SENSUEL ACEITE DE MASAJE CALOR FEROMONAS FRUTA DE LA PASION 30 ML"},"content":{"rendered":"<p><font size=&quot;1&quot;><b>EXTASE SENSUEL FEROMON HOT OIL ATTRACTION EFFECT PASSION FRUIT 30 ML<\/b><\/b> Aceite de masaje fruta de la pasi\u00f3n efecto calor con feromonas.<\/p>\n<p>La nueva gama de productos <b>Extase Sensuel <\/b>son afrodis\u00edacos naturales que<br \/>\ncontribuyen a crear un ambiente m\u00e1s adecuado para la relaci\u00f3n amorosa,<br \/>\ndespertando a\u00fan m\u00e1s la sensualidad y la atracci\u00f3n f\u00edsica mutua!<\/p>\n<p>Especialmente estimulando la mente y el cuerpo f\u00edsico, potenci\u00e1ndose los efectos<br \/>\nde atracci\u00f3n y magnetismo amorosos.<\/p>\n<p>Aceite de masaje efecto calor con feromonas. Penetra y absorbe r\u00e1pidamente,<br \/>\nnutriendo la piel, evitando dejar rastro sin manchar.<\/p>\n<p>Producto cosm\u00e9tico para uso externo.<\/p>\n<p>Ex\u00f3tico sabor a fruta de la pasi\u00f3n.<\/p>\n<p>Contenido de<br \/>\n30 ml.<\/font><\/p>\n","protected":false},"excerpt":{"rendered":"<p>EXTASE SENSUEL FEROMON HOT OIL ATTRACTION EFFECT PASSION FRUIT 30 ML Aceite de masaje fruta de la pasi\u00f3n efecto calor<\/p>\n","protected":false},"featured_media":12983,"comment_status":"open","ping_status":"open","template":"","meta":[],"product_cat":[636],"product_tag":[393],"class_list":["post-12982","product","type-product","status-publish","has-post-thumbnail","hentry","product_cat-efecto-calor-aceites","product_tag-extase-sensuel"],"bundled_by":[],"bundle_stock_status":"instock","bundle_stock_quantity":25,"bundle_virtual":false,"bundle_layout":"","bundle_add_to_cart_form_location":"","bundle_editable_in_cart":false,"bundle_sold_individually_context":"","bundle_item_grouping":"","bundle_min_size":"","bundle_max_size":"","bundled_items":[],"yoast_head":"<!-- This site is optimized with the Yoast SEO plugin v20.6 - https:\/\/yoast.com\/wordpress\/plugins\/seo\/ -->\n<title>EXTASE SENSUEL ACEITE DE MASAJE CALOR FEROMONAS FRUTA DE LA PASION 30 ML - Tienda Er\u00f3tica<\/title>\n<meta name=\"robots\" content=\"noindex, follow, max-snippet:-1, max-image-preview:large, max-video-preview:-1\" \/>\n<meta property=\"og:locale\" content=\"es_ES\" \/>\n<meta property=\"og:type\" content=\"article\" \/>\n<meta property=\"og:title\" content=\"EXTASE SENSUEL ACEITE DE MASAJE CALOR FEROMONAS FRUTA DE LA PASION 30 ML - Tienda Er\u00f3tica\" \/>\n<meta property=\"og:description\" content=\"EXTASE SENSUEL FEROMON HOT OIL ATTRACTION EFFECT PASSION FRUIT 30 ML Aceite de masaje fruta de la pasi\u00f3n efecto calor\" \/>\n<meta property=\"og:url\" content=\"https:\/\/demoweb.info\/sexshop001\/producto\/extase-sensuel-aceite-de-masaje-calor-feromonas-fruta-de-la-pasion-30-ml\/\" \/>\n<meta property=\"og:site_name\" content=\"Tienda Er\u00f3tica\" \/>\n<meta property=\"article:modified_time\" content=\"2022-01-22T09:09:51+00:00\" \/>\n<meta property=\"og:image\" content=\"https:\/\/demoweb.info\/sexshop001\/wp-content\/uploads\/2022\/01\/EXTASE-SENSUEL-ACEITE-DE-MASAJE-CALOR-FEROMONAS-FRUTA-DE-LA-PASION-30-ML.jpg\" \/>\n\t<meta property=\"og:image:width\" content=\"550\" \/>\n\t<meta property=\"og:image:height\" content=\"550\" \/>\n\t<meta property=\"og:image:type\" content=\"image\/jpeg\" \/>\n<meta name=\"twitter:card\" content=\"summary_large_image\" \/>\n<meta name=\"twitter:label1\" content=\"Tiempo de lectura\" \/>\n\t<meta name=\"twitter:data1\" content=\"1 minuto\" \/>\n<script type=\"application\/ld+json\" class=\"yoast-schema-graph\">{\"@context\":\"https:\/\/schema.org\",\"@graph\":[{\"@type\":\"WebPage\",\"@id\":\"https:\/\/demoweb.info\/sexshop001\/producto\/extase-sensuel-aceite-de-masaje-calor-feromonas-fruta-de-la-pasion-30-ml\/\",\"url\":\"https:\/\/demoweb.info\/sexshop001\/producto\/extase-sensuel-aceite-de-masaje-calor-feromonas-fruta-de-la-pasion-30-ml\/\",\"name\":\"EXTASE SENSUEL ACEITE DE MASAJE CALOR FEROMONAS FRUTA DE LA PASION 30 ML - Tienda Er\u00f3tica\",\"isPartOf\":{\"@id\":\"https:\/\/demoweb.info\/sexshop001\/#website\"},\"datePublished\":\"2022-01-22T09:09:49+00:00\",\"dateModified\":\"2022-01-22T09:09:51+00:00\",\"breadcrumb\":{\"@id\":\"https:\/\/demoweb.info\/sexshop001\/producto\/extase-sensuel-aceite-de-masaje-calor-feromonas-fruta-de-la-pasion-30-ml\/#breadcrumb\"},\"inLanguage\":\"es\",\"potentialAction\":[{\"@type\":\"ReadAction\",\"target\":[\"https:\/\/demoweb.info\/sexshop001\/producto\/extase-sensuel-aceite-de-masaje-calor-feromonas-fruta-de-la-pasion-30-ml\/\"]}]},{\"@type\":\"BreadcrumbList\",\"@id\":\"https:\/\/demoweb.info\/sexshop001\/producto\/extase-sensuel-aceite-de-masaje-calor-feromonas-fruta-de-la-pasion-30-ml\/#breadcrumb\",\"itemListElement\":[{\"@type\":\"ListItem\",\"position\":1,\"name\":\"Portada\",\"item\":\"https:\/\/demoweb.info\/sexshop001\/\"},{\"@type\":\"ListItem\",\"position\":2,\"name\":\"Tienda\",\"item\":\"https:\/\/demoweb.info\/sexshop001\/tienda\/\"},{\"@type\":\"ListItem\",\"position\":3,\"name\":\"EXTASE SENSUEL ACEITE DE MASAJE CALOR FEROMONAS FRUTA DE LA PASION 30 ML\"}]},{\"@type\":\"WebSite\",\"@id\":\"https:\/\/demoweb.info\/sexshop001\/#website\",\"url\":\"https:\/\/demoweb.info\/sexshop001\/\",\"name\":\"Tienda Er\u00f3tica\",\"description\":\"DEMOWEB SL\",\"potentialAction\":[{\"@type\":\"SearchAction\",\"target\":{\"@type\":\"EntryPoint\",\"urlTemplate\":\"https:\/\/demoweb.info\/sexshop001\/?s={search_term_string}\"},\"query-input\":\"required name=search_term_string\"}],\"inLanguage\":\"es\"}]}<\/script>\n<!-- \/ Yoast SEO plugin. -->","yoast_head_json":{"title":"EXTASE SENSUEL ACEITE DE MASAJE CALOR FEROMONAS FRUTA DE LA PASION 30 ML - Tienda Er\u00f3tica","robots":{"index":"noindex","follow":"follow","max-snippet":"max-snippet:-1","max-image-preview":"max-image-preview:large","max-video-preview":"max-video-preview:-1"},"og_locale":"es_ES","og_type":"article","og_title":"EXTASE SENSUEL ACEITE DE MASAJE CALOR FEROMONAS FRUTA DE LA PASION 30 ML - Tienda Er\u00f3tica","og_description":"EXTASE SENSUEL FEROMON HOT OIL ATTRACTION EFFECT PASSION FRUIT 30 ML Aceite de masaje fruta de la pasi\u00f3n efecto calor","og_url":"https:\/\/demoweb.info\/sexshop001\/producto\/extase-sensuel-aceite-de-masaje-calor-feromonas-fruta-de-la-pasion-30-ml\/","og_site_name":"Tienda Er\u00f3tica","article_modified_time":"2022-01-22T09:09:51+00:00","og_image":[{"width":550,"height":550,"url":"https:\/\/demoweb.info\/sexshop001\/wp-content\/uploads\/2022\/01\/EXTASE-SENSUEL-ACEITE-DE-MASAJE-CALOR-FEROMONAS-FRUTA-DE-LA-PASION-30-ML.jpg","type":"image\/jpeg"}],"twitter_card":"summary_large_image","twitter_misc":{"Tiempo de lectura":"1 minuto"},"schema":{"@context":"https:\/\/schema.org","@graph":[{"@type":"WebPage","@id":"https:\/\/demoweb.info\/sexshop001\/producto\/extase-sensuel-aceite-de-masaje-calor-feromonas-fruta-de-la-pasion-30-ml\/","url":"https:\/\/demoweb.info\/sexshop001\/producto\/extase-sensuel-aceite-de-masaje-calor-feromonas-fruta-de-la-pasion-30-ml\/","name":"EXTASE SENSUEL ACEITE DE MASAJE CALOR FEROMONAS FRUTA DE LA PASION 30 ML - Tienda Er\u00f3tica","isPartOf":{"@id":"https:\/\/demoweb.info\/sexshop001\/#website"},"datePublished":"2022-01-22T09:09:49+00:00","dateModified":"2022-01-22T09:09:51+00:00","breadcrumb":{"@id":"https:\/\/demoweb.info\/sexshop001\/producto\/extase-sensuel-aceite-de-masaje-calor-feromonas-fruta-de-la-pasion-30-ml\/#breadcrumb"},"inLanguage":"es","potentialAction":[{"@type":"ReadAction","target":["https:\/\/demoweb.info\/sexshop001\/producto\/extase-sensuel-aceite-de-masaje-calor-feromonas-fruta-de-la-pasion-30-ml\/"]}]},{"@type":"BreadcrumbList","@id":"https:\/\/demoweb.info\/sexshop001\/producto\/extase-sensuel-aceite-de-masaje-calor-feromonas-fruta-de-la-pasion-30-ml\/#breadcrumb","itemListElement":[{"@type":"ListItem","position":1,"name":"Portada","item":"https:\/\/demoweb.info\/sexshop001\/"},{"@type":"ListItem","position":2,"name":"Tienda","item":"https:\/\/demoweb.info\/sexshop001\/tienda\/"},{"@type":"ListItem","position":3,"name":"EXTASE SENSUEL ACEITE DE MASAJE CALOR FEROMONAS FRUTA DE LA PASION 30 ML"}]},{"@type":"WebSite","@id":"https:\/\/demoweb.info\/sexshop001\/#website","url":"https:\/\/demoweb.info\/sexshop001\/","name":"Tienda Er\u00f3tica","description":"DEMOWEB SL","potentialAction":[{"@type":"SearchAction","target":{"@type":"EntryPoint","urlTemplate":"https:\/\/demoweb.info\/sexshop001\/?s={search_term_string}"},"query-input":"required name=search_term_string"}],"inLanguage":"es"}]}},"_links":{"self":[{"href":"https:\/\/demoweb.info\/sexshop001\/wp-json\/wp\/v3\/product\/12982","targetHints":{"allow":["GET"]}}],"collection":[{"href":"https:\/\/demoweb.info\/sexshop001\/wp-json\/wp\/v3\/product"}],"about":[{"href":"https:\/\/demoweb.info\/sexshop001\/wp-json\/wp\/v2\/types\/product"}],"replies":[{"embeddable":true,"href":"https:\/\/demoweb.info\/sexshop001\/wp-json\/wp\/v2\/comments?post=12982"}],"wp:featuredmedia":[{"embeddable":true,"href":"https:\/\/demoweb.info\/sexshop001\/wp-json\/wp\/v2\/media\/12983"}],"wp:attachment":[{"href":"https:\/\/demoweb.info\/sexshop001\/wp-json\/wp\/v2\/media?parent=12982"}],"wp:term":[{"taxonomy":"product_cat","embeddable":true,"href":"https:\/\/demoweb.info\/sexshop001\/wp-json\/wp\/v2\/product_cat?post=12982"},{"taxonomy":"product_tag","embeddable":true,"href":"https:\/\/demoweb.info\/sexshop001\/wp-json\/wp\/v2\/product_tag?post=12982"}],"curies":[{"name":"wp","href":"https:\/\/api.w.org\/{rel}","templated":true}]}}