{"id":12894,"date":"2022-01-22T10:08:49","date_gmt":"2022-01-22T09:08:49","guid":{"rendered":"https:\/\/demoweb.info\/sexshop001\/producto\/sexo-gourmet\/"},"modified":"2022-01-22T10:09:15","modified_gmt":"2022-01-22T09:09:15","slug":"sexo-gourmet","status":"publish","type":"product","link":"https:\/\/demoweb.info\/sexshop001\/producto\/sexo-gourmet\/","title":{"rendered":"SEXO GOURMET"},"content":{"rendered":"<p><strong>SEXO GOURMET<\/strong>.<\/p>\n<p><strong>N\u00daRIA JORBA<\/strong>.<\/p>\n<p>\u00bfTe atrever\u00edas a preparar y disfrutar de sabrosos encuentros sexuales? \u00bfQuieres ser un fino sibarita de la sexualidad? Si es as\u00ed, este es tu libro.<\/p>\n<p>Abre tus sentidos y disfruta de sofisticados encuentros sexuales.<\/p>\n<p>El sexo es uno de los enigmas m\u00e1s complejos y ancestrales. Y, por si no fuera suficiente, la vida moderna ofrece cada vez m\u00e1s opciones de men\u00fa, m\u00e1s oportunidades para catarlas y m\u00e1s formas de degustaci\u00f3n. De la misma manera que ya no comemos para saciar el hambre, y queremos deleitarnos con el aroma de un buen vino en un ambiente distinto y relajado, deber\u00eda vivirse la sexualidad de una forma m\u00e1s creativa. A trav\u00e9s de la met\u00e1fora de la delicatessen gastron\u00f3mica, Sexo gourmet ofrece herramientas pr\u00e1cticas que mejorar\u00e1n la calidad de tus relaciones y te ense\u00f1ar\u00e1n a disfrutar con los seis sentidos: gusto, olfato, vista, tacto, o\u00eddo e imaginaci\u00f3n.<\/p>\n<p>Un libro para los que buscan encuentros fortuitos, los que tienen pareja estable, los matrimonios con hijos, los que viven una segunda juventud o los que simplemente sienten curiosidad&#8230; En definitiva&#8230; \u00a1T\u00da!<\/p>\n<p>152 P\u00e1ginas.<\/p>\n<p>ISBN: 978-84-903-2530-8<\/p>\n<p>Tapa blanda con solapa 19 x 12,5 cm. Edici\u00f3n Debolsillo.<\/p>\n","protected":false},"excerpt":{"rendered":"<p>SEXO GOURMET. N\u00daRIA JORBA. \u00bfTe atrever\u00edas a preparar y disfrutar de sabrosos encuentros sexuales? \u00bfQuieres ser un fino sibarita de<\/p>\n","protected":false},"featured_media":12895,"comment_status":"open","ping_status":"open","template":"","meta":[],"product_cat":[414],"product_tag":[416,415],"class_list":["post-12894","product","type-product","status-publish","has-post-thumbnail","hentry","product_cat-libros","product_tag-grijalbo","product_tag-random-house"],"bundled_by":[],"bundle_stock_status":"instock","bundle_stock_quantity":1,"bundle_virtual":false,"bundle_layout":"","bundle_add_to_cart_form_location":"","bundle_editable_in_cart":false,"bundle_sold_individually_context":"","bundle_item_grouping":"","bundle_min_size":"","bundle_max_size":"","bundled_items":[],"yoast_head":"<!-- This site is optimized with the Yoast SEO plugin v20.6 - https:\/\/yoast.com\/wordpress\/plugins\/seo\/ -->\n<title>SEXO GOURMET - Tienda Er\u00f3tica<\/title>\n<meta name=\"robots\" content=\"noindex, follow, max-snippet:-1, max-image-preview:large, max-video-preview:-1\" \/>\n<meta property=\"og:locale\" content=\"es_ES\" \/>\n<meta property=\"og:type\" content=\"article\" \/>\n<meta property=\"og:title\" content=\"SEXO GOURMET - Tienda Er\u00f3tica\" \/>\n<meta property=\"og:description\" content=\"SEXO GOURMET. N\u00daRIA JORBA. \u00bfTe atrever\u00edas a preparar y disfrutar de sabrosos encuentros sexuales? \u00bfQuieres ser un fino sibarita de\" \/>\n<meta property=\"og:url\" content=\"https:\/\/demoweb.info\/sexshop001\/producto\/sexo-gourmet\/\" \/>\n<meta property=\"og:site_name\" content=\"Tienda Er\u00f3tica\" \/>\n<meta property=\"article:modified_time\" content=\"2022-01-22T09:09:15+00:00\" \/>\n<meta property=\"og:image\" content=\"https:\/\/demoweb.info\/sexshop001\/wp-content\/uploads\/2022\/01\/SEXO-GOURMET.jpg\" \/>\n\t<meta property=\"og:image:width\" content=\"550\" \/>\n\t<meta property=\"og:image:height\" content=\"550\" \/>\n\t<meta property=\"og:image:type\" content=\"image\/jpeg\" \/>\n<meta name=\"twitter:card\" content=\"summary_large_image\" \/>\n<meta name=\"twitter:label1\" content=\"Tiempo de lectura\" \/>\n\t<meta name=\"twitter:data1\" content=\"1 minuto\" \/>\n<script type=\"application\/ld+json\" class=\"yoast-schema-graph\">{\"@context\":\"https:\/\/schema.org\",\"@graph\":[{\"@type\":\"WebPage\",\"@id\":\"https:\/\/demoweb.info\/sexshop001\/producto\/sexo-gourmet\/\",\"url\":\"https:\/\/demoweb.info\/sexshop001\/producto\/sexo-gourmet\/\",\"name\":\"SEXO GOURMET - Tienda Er\u00f3tica\",\"isPartOf\":{\"@id\":\"https:\/\/demoweb.info\/sexshop001\/#website\"},\"datePublished\":\"2022-01-22T09:08:49+00:00\",\"dateModified\":\"2022-01-22T09:09:15+00:00\",\"breadcrumb\":{\"@id\":\"https:\/\/demoweb.info\/sexshop001\/producto\/sexo-gourmet\/#breadcrumb\"},\"inLanguage\":\"es\",\"potentialAction\":[{\"@type\":\"ReadAction\",\"target\":[\"https:\/\/demoweb.info\/sexshop001\/producto\/sexo-gourmet\/\"]}]},{\"@type\":\"BreadcrumbList\",\"@id\":\"https:\/\/demoweb.info\/sexshop001\/producto\/sexo-gourmet\/#breadcrumb\",\"itemListElement\":[{\"@type\":\"ListItem\",\"position\":1,\"name\":\"Portada\",\"item\":\"https:\/\/demoweb.info\/sexshop001\/\"},{\"@type\":\"ListItem\",\"position\":2,\"name\":\"Tienda\",\"item\":\"https:\/\/demoweb.info\/sexshop001\/tienda\/\"},{\"@type\":\"ListItem\",\"position\":3,\"name\":\"SEXO GOURMET\"}]},{\"@type\":\"WebSite\",\"@id\":\"https:\/\/demoweb.info\/sexshop001\/#website\",\"url\":\"https:\/\/demoweb.info\/sexshop001\/\",\"name\":\"Tienda Er\u00f3tica\",\"description\":\"DEMOWEB SL\",\"potentialAction\":[{\"@type\":\"SearchAction\",\"target\":{\"@type\":\"EntryPoint\",\"urlTemplate\":\"https:\/\/demoweb.info\/sexshop001\/?s={search_term_string}\"},\"query-input\":\"required name=search_term_string\"}],\"inLanguage\":\"es\"}]}<\/script>\n<!-- \/ Yoast SEO plugin. -->","yoast_head_json":{"title":"SEXO GOURMET - Tienda Er\u00f3tica","robots":{"index":"noindex","follow":"follow","max-snippet":"max-snippet:-1","max-image-preview":"max-image-preview:large","max-video-preview":"max-video-preview:-1"},"og_locale":"es_ES","og_type":"article","og_title":"SEXO GOURMET - Tienda Er\u00f3tica","og_description":"SEXO GOURMET. N\u00daRIA JORBA. \u00bfTe atrever\u00edas a preparar y disfrutar de sabrosos encuentros sexuales? \u00bfQuieres ser un fino sibarita de","og_url":"https:\/\/demoweb.info\/sexshop001\/producto\/sexo-gourmet\/","og_site_name":"Tienda Er\u00f3tica","article_modified_time":"2022-01-22T09:09:15+00:00","og_image":[{"width":550,"height":550,"url":"https:\/\/demoweb.info\/sexshop001\/wp-content\/uploads\/2022\/01\/SEXO-GOURMET.jpg","type":"image\/jpeg"}],"twitter_card":"summary_large_image","twitter_misc":{"Tiempo de lectura":"1 minuto"},"schema":{"@context":"https:\/\/schema.org","@graph":[{"@type":"WebPage","@id":"https:\/\/demoweb.info\/sexshop001\/producto\/sexo-gourmet\/","url":"https:\/\/demoweb.info\/sexshop001\/producto\/sexo-gourmet\/","name":"SEXO GOURMET - Tienda Er\u00f3tica","isPartOf":{"@id":"https:\/\/demoweb.info\/sexshop001\/#website"},"datePublished":"2022-01-22T09:08:49+00:00","dateModified":"2022-01-22T09:09:15+00:00","breadcrumb":{"@id":"https:\/\/demoweb.info\/sexshop001\/producto\/sexo-gourmet\/#breadcrumb"},"inLanguage":"es","potentialAction":[{"@type":"ReadAction","target":["https:\/\/demoweb.info\/sexshop001\/producto\/sexo-gourmet\/"]}]},{"@type":"BreadcrumbList","@id":"https:\/\/demoweb.info\/sexshop001\/producto\/sexo-gourmet\/#breadcrumb","itemListElement":[{"@type":"ListItem","position":1,"name":"Portada","item":"https:\/\/demoweb.info\/sexshop001\/"},{"@type":"ListItem","position":2,"name":"Tienda","item":"https:\/\/demoweb.info\/sexshop001\/tienda\/"},{"@type":"ListItem","position":3,"name":"SEXO GOURMET"}]},{"@type":"WebSite","@id":"https:\/\/demoweb.info\/sexshop001\/#website","url":"https:\/\/demoweb.info\/sexshop001\/","name":"Tienda Er\u00f3tica","description":"DEMOWEB SL","potentialAction":[{"@type":"SearchAction","target":{"@type":"EntryPoint","urlTemplate":"https:\/\/demoweb.info\/sexshop001\/?s={search_term_string}"},"query-input":"required name=search_term_string"}],"inLanguage":"es"}]}},"_links":{"self":[{"href":"https:\/\/demoweb.info\/sexshop001\/wp-json\/wp\/v3\/product\/12894","targetHints":{"allow":["GET"]}}],"collection":[{"href":"https:\/\/demoweb.info\/sexshop001\/wp-json\/wp\/v3\/product"}],"about":[{"href":"https:\/\/demoweb.info\/sexshop001\/wp-json\/wp\/v2\/types\/product"}],"replies":[{"embeddable":true,"href":"https:\/\/demoweb.info\/sexshop001\/wp-json\/wp\/v2\/comments?post=12894"}],"wp:featuredmedia":[{"embeddable":true,"href":"https:\/\/demoweb.info\/sexshop001\/wp-json\/wp\/v2\/media\/12895"}],"wp:attachment":[{"href":"https:\/\/demoweb.info\/sexshop001\/wp-json\/wp\/v2\/media?parent=12894"}],"wp:term":[{"taxonomy":"product_cat","embeddable":true,"href":"https:\/\/demoweb.info\/sexshop001\/wp-json\/wp\/v2\/product_cat?post=12894"},{"taxonomy":"product_tag","embeddable":true,"href":"https:\/\/demoweb.info\/sexshop001\/wp-json\/wp\/v2\/product_tag?post=12894"}],"curies":[{"name":"wp","href":"https:\/\/api.w.org\/{rel}","templated":true}]}}