{"id":12888,"date":"2022-01-22T10:08:49","date_gmt":"2022-01-22T09:08:49","guid":{"rendered":"https:\/\/demoweb.info\/sexshop001\/producto\/wow-vibrador-rampante-rabbit-rocker\/"},"modified":"2022-01-22T10:09:13","modified_gmt":"2022-01-22T09:09:13","slug":"wow-vibrador-rampante-rabbit-rocker","status":"publish","type":"product","link":"https:\/\/demoweb.info\/sexshop001\/producto\/wow-vibrador-rampante-rabbit-rocker\/","title":{"rendered":"WOW VIBRADOR RAMPANTE RABBIT ROCKER"},"content":{"rendered":"<p align=&quot;justify&quot;><font size=&quot;1&quot;><b>WOW VIBE RABBIT ROCKER<\/b>.<\/p>\n<p>3 simples letras: <b>WOW<\/b>. Esa es la sensaci\u00f3n que se obtiene despu\u00e9s de experimentar nuestra nueva colecci\u00f3n de vibradores rampantes de alta gama. Elegante, de gama alta y inteligentemente dise\u00f1ado con incre\u00edble atenci\u00f3n a los peque\u00f1os detalles. Esta lujosa colecci\u00f3n de vibraciones te dejar\u00e1 sin aliento. Fabricados con elast\u00f3meros higi\u00e9nicos libres de ftalatos y alimentados por ultra silenciosos motores japoneses, el vibrador <b>WOW<\/b> va a cambiar tu percepci\u00f3n del placer.<\/p>\n<p>Con 7 patrones de vibraci\u00f3n, 7 velocidades de vibraci\u00f3n clitorial y  infinidad de combinaciones diferentes, este vibrador con estimulador de cl\u00edtoris te har\u00e1 vibrar tanto por dentro como por fuera. Los controles est\u00e1n separados para que puedas escoger la combinaci\u00f3n que m\u00e1s desees, el control de la diversi\u00f3n lo tienes en tus manos. Pruebalo en la ducha o en la ba\u00f1era y convierte la hora del ba\u00f1o en la hora de la diversi\u00f3n. Cuando hayas terminado, lo podr\u00e1s limpiar f\u00e1cilmente con agua tibia y el <b>Pipedream Toy Cleaner<\/b>.<\/p>\n<p>Medidas: 14,4 cm x 3,5 cm.<\/p>\n<p>Funciona con 2 pilas <b>AAA<\/b> que puedes encontrar en la secci\u00f3n <b>Pilas<\/b>.<\/font><\/p>\n","protected":false},"excerpt":{"rendered":"<p>WOW VIBE RABBIT ROCKER. 3 simples letras: WOW. Esa es la sensaci\u00f3n que se obtiene despu\u00e9s de experimentar nuestra nueva<\/p>\n","protected":false},"featured_media":12889,"comment_status":"open","ping_status":"open","template":"","meta":[],"product_cat":[434],"product_tag":[259,691],"class_list":["post-12888","product","type-product","status-publish","has-post-thumbnail","hentry","product_cat-doble-estimulacion-vibradores-juguetes-xxx","product_tag-pipedream","product_tag-wow"],"bundled_by":[],"bundle_stock_status":"instock","bundle_stock_quantity":1,"bundle_virtual":false,"bundle_layout":"","bundle_add_to_cart_form_location":"","bundle_editable_in_cart":false,"bundle_sold_individually_context":"","bundle_item_grouping":"","bundle_min_size":"","bundle_max_size":"","bundled_items":[],"yoast_head":"<!-- This site is optimized with the Yoast SEO plugin v20.6 - https:\/\/yoast.com\/wordpress\/plugins\/seo\/ -->\n<title>WOW VIBRADOR RAMPANTE RABBIT ROCKER - Tienda Er\u00f3tica<\/title>\n<meta name=\"robots\" content=\"noindex, follow, max-snippet:-1, max-image-preview:large, max-video-preview:-1\" \/>\n<meta property=\"og:locale\" content=\"es_ES\" \/>\n<meta property=\"og:type\" content=\"article\" \/>\n<meta property=\"og:title\" content=\"WOW VIBRADOR RAMPANTE RABBIT ROCKER - Tienda Er\u00f3tica\" \/>\n<meta property=\"og:description\" content=\"WOW VIBE RABBIT ROCKER. 3 simples letras: WOW. Esa es la sensaci\u00f3n que se obtiene despu\u00e9s de experimentar nuestra nueva\" \/>\n<meta property=\"og:url\" content=\"https:\/\/demoweb.info\/sexshop001\/producto\/wow-vibrador-rampante-rabbit-rocker\/\" \/>\n<meta property=\"og:site_name\" content=\"Tienda Er\u00f3tica\" \/>\n<meta property=\"article:modified_time\" content=\"2022-01-22T09:09:13+00:00\" \/>\n<meta property=\"og:image\" content=\"https:\/\/demoweb.info\/sexshop001\/wp-content\/uploads\/2022\/01\/WOW-VIBRADOR-RAMPANTE-RABBIT-ROCKER.jpg\" \/>\n\t<meta property=\"og:image:width\" content=\"550\" \/>\n\t<meta property=\"og:image:height\" content=\"550\" \/>\n\t<meta property=\"og:image:type\" content=\"image\/jpeg\" \/>\n<meta name=\"twitter:card\" content=\"summary_large_image\" \/>\n<meta name=\"twitter:label1\" content=\"Tiempo de lectura\" \/>\n\t<meta name=\"twitter:data1\" content=\"1 minuto\" \/>\n<script type=\"application\/ld+json\" class=\"yoast-schema-graph\">{\"@context\":\"https:\/\/schema.org\",\"@graph\":[{\"@type\":\"WebPage\",\"@id\":\"https:\/\/demoweb.info\/sexshop001\/producto\/wow-vibrador-rampante-rabbit-rocker\/\",\"url\":\"https:\/\/demoweb.info\/sexshop001\/producto\/wow-vibrador-rampante-rabbit-rocker\/\",\"name\":\"WOW VIBRADOR RAMPANTE RABBIT ROCKER - Tienda Er\u00f3tica\",\"isPartOf\":{\"@id\":\"https:\/\/demoweb.info\/sexshop001\/#website\"},\"datePublished\":\"2022-01-22T09:08:49+00:00\",\"dateModified\":\"2022-01-22T09:09:13+00:00\",\"breadcrumb\":{\"@id\":\"https:\/\/demoweb.info\/sexshop001\/producto\/wow-vibrador-rampante-rabbit-rocker\/#breadcrumb\"},\"inLanguage\":\"es\",\"potentialAction\":[{\"@type\":\"ReadAction\",\"target\":[\"https:\/\/demoweb.info\/sexshop001\/producto\/wow-vibrador-rampante-rabbit-rocker\/\"]}]},{\"@type\":\"BreadcrumbList\",\"@id\":\"https:\/\/demoweb.info\/sexshop001\/producto\/wow-vibrador-rampante-rabbit-rocker\/#breadcrumb\",\"itemListElement\":[{\"@type\":\"ListItem\",\"position\":1,\"name\":\"Portada\",\"item\":\"https:\/\/demoweb.info\/sexshop001\/\"},{\"@type\":\"ListItem\",\"position\":2,\"name\":\"Tienda\",\"item\":\"https:\/\/demoweb.info\/sexshop001\/tienda\/\"},{\"@type\":\"ListItem\",\"position\":3,\"name\":\"WOW VIBRADOR RAMPANTE RABBIT ROCKER\"}]},{\"@type\":\"WebSite\",\"@id\":\"https:\/\/demoweb.info\/sexshop001\/#website\",\"url\":\"https:\/\/demoweb.info\/sexshop001\/\",\"name\":\"Tienda Er\u00f3tica\",\"description\":\"DEMOWEB SL\",\"potentialAction\":[{\"@type\":\"SearchAction\",\"target\":{\"@type\":\"EntryPoint\",\"urlTemplate\":\"https:\/\/demoweb.info\/sexshop001\/?s={search_term_string}\"},\"query-input\":\"required name=search_term_string\"}],\"inLanguage\":\"es\"}]}<\/script>\n<!-- \/ Yoast SEO plugin. -->","yoast_head_json":{"title":"WOW VIBRADOR RAMPANTE RABBIT ROCKER - Tienda Er\u00f3tica","robots":{"index":"noindex","follow":"follow","max-snippet":"max-snippet:-1","max-image-preview":"max-image-preview:large","max-video-preview":"max-video-preview:-1"},"og_locale":"es_ES","og_type":"article","og_title":"WOW VIBRADOR RAMPANTE RABBIT ROCKER - Tienda Er\u00f3tica","og_description":"WOW VIBE RABBIT ROCKER. 3 simples letras: WOW. Esa es la sensaci\u00f3n que se obtiene despu\u00e9s de experimentar nuestra nueva","og_url":"https:\/\/demoweb.info\/sexshop001\/producto\/wow-vibrador-rampante-rabbit-rocker\/","og_site_name":"Tienda Er\u00f3tica","article_modified_time":"2022-01-22T09:09:13+00:00","og_image":[{"width":550,"height":550,"url":"https:\/\/demoweb.info\/sexshop001\/wp-content\/uploads\/2022\/01\/WOW-VIBRADOR-RAMPANTE-RABBIT-ROCKER.jpg","type":"image\/jpeg"}],"twitter_card":"summary_large_image","twitter_misc":{"Tiempo de lectura":"1 minuto"},"schema":{"@context":"https:\/\/schema.org","@graph":[{"@type":"WebPage","@id":"https:\/\/demoweb.info\/sexshop001\/producto\/wow-vibrador-rampante-rabbit-rocker\/","url":"https:\/\/demoweb.info\/sexshop001\/producto\/wow-vibrador-rampante-rabbit-rocker\/","name":"WOW VIBRADOR RAMPANTE RABBIT ROCKER - Tienda Er\u00f3tica","isPartOf":{"@id":"https:\/\/demoweb.info\/sexshop001\/#website"},"datePublished":"2022-01-22T09:08:49+00:00","dateModified":"2022-01-22T09:09:13+00:00","breadcrumb":{"@id":"https:\/\/demoweb.info\/sexshop001\/producto\/wow-vibrador-rampante-rabbit-rocker\/#breadcrumb"},"inLanguage":"es","potentialAction":[{"@type":"ReadAction","target":["https:\/\/demoweb.info\/sexshop001\/producto\/wow-vibrador-rampante-rabbit-rocker\/"]}]},{"@type":"BreadcrumbList","@id":"https:\/\/demoweb.info\/sexshop001\/producto\/wow-vibrador-rampante-rabbit-rocker\/#breadcrumb","itemListElement":[{"@type":"ListItem","position":1,"name":"Portada","item":"https:\/\/demoweb.info\/sexshop001\/"},{"@type":"ListItem","position":2,"name":"Tienda","item":"https:\/\/demoweb.info\/sexshop001\/tienda\/"},{"@type":"ListItem","position":3,"name":"WOW VIBRADOR RAMPANTE RABBIT ROCKER"}]},{"@type":"WebSite","@id":"https:\/\/demoweb.info\/sexshop001\/#website","url":"https:\/\/demoweb.info\/sexshop001\/","name":"Tienda Er\u00f3tica","description":"DEMOWEB SL","potentialAction":[{"@type":"SearchAction","target":{"@type":"EntryPoint","urlTemplate":"https:\/\/demoweb.info\/sexshop001\/?s={search_term_string}"},"query-input":"required name=search_term_string"}],"inLanguage":"es"}]}},"_links":{"self":[{"href":"https:\/\/demoweb.info\/sexshop001\/wp-json\/wp\/v3\/product\/12888","targetHints":{"allow":["GET"]}}],"collection":[{"href":"https:\/\/demoweb.info\/sexshop001\/wp-json\/wp\/v3\/product"}],"about":[{"href":"https:\/\/demoweb.info\/sexshop001\/wp-json\/wp\/v2\/types\/product"}],"replies":[{"embeddable":true,"href":"https:\/\/demoweb.info\/sexshop001\/wp-json\/wp\/v2\/comments?post=12888"}],"wp:featuredmedia":[{"embeddable":true,"href":"https:\/\/demoweb.info\/sexshop001\/wp-json\/wp\/v2\/media\/12889"}],"wp:attachment":[{"href":"https:\/\/demoweb.info\/sexshop001\/wp-json\/wp\/v2\/media?parent=12888"}],"wp:term":[{"taxonomy":"product_cat","embeddable":true,"href":"https:\/\/demoweb.info\/sexshop001\/wp-json\/wp\/v2\/product_cat?post=12888"},{"taxonomy":"product_tag","embeddable":true,"href":"https:\/\/demoweb.info\/sexshop001\/wp-json\/wp\/v2\/product_tag?post=12888"}],"curies":[{"name":"wp","href":"https:\/\/api.w.org\/{rel}","templated":true}]}}