{"id":12882,"date":"2022-01-22T10:08:49","date_gmt":"2022-01-22T09:08:49","guid":{"rendered":"https:\/\/demoweb.info\/sexshop001\/producto\/fleshlight-girls-mia-malkova-boss-level-signature-masturbador-ano\/"},"modified":"2022-01-22T10:09:10","modified_gmt":"2022-01-22T09:09:10","slug":"fleshlight-girls-mia-malkova-boss-level-signature-masturbador-ano","status":"publish","type":"product","link":"https:\/\/demoweb.info\/sexshop001\/producto\/fleshlight-girls-mia-malkova-boss-level-signature-masturbador-ano\/","title":{"rendered":"FLESHLIGHT GIRLS MIA MALKOVA BOSS LEVEL SIGNATURE &#8211; MASTURBADOR ANO"},"content":{"rendered":"<p><strong>FLESHLIGHT GIRLS MIA MALKOVA BOSS LEVEL SIGNATURE BUTT<\/strong><\/p>\n<p>Siente cada uno de los pliegues y las texturas y curvas \u00edntimas de la famosa actriz porno Mia Malkova <\/p>\n<p>Muy pocas chicas han pasado de ser dulces e inocentes aficionadas a convertirse en sensaciones porno a nivel mundial tan r\u00e1pido como lo ha logrado Mia Malkova. Algunos podr\u00edan subestimar a la se\u00f1orita Malkova y pensar que su \u00e9xito se debe solo gracias a su f\u00edsico, capaz de cautivar a todo tipo de p\u00fablico, pero sus verdaderos fans tienen claro que la belleza y sensualidad de esta mujer depende de muchos otros factores.<\/p>\n<p>De la misma manera, su Fleshlight personalizado est\u00e1 dise\u00f1ado enfocado a la calidad, la fiabilidad y la durabilidad. Este producto le ofrece lo mejor de Mia Malkova cada vez que decide jugar con \u00e9l, llev\u00e1ndole un paso m\u00e1s all\u00e1 y convirtiendo cada sesi\u00f3n en una fantas\u00eda que superar\u00e1 todas sus expectativas.<\/p>\n<p>H\u00e1gase con su Fleshlight de Mia Malkova, dele todo lo que necesita y disfrute despu\u00e9s de sus propias aventuras con los recuerdos frescos que a\u00fan permanecen en lo m\u00e1s profundo de su mente del tiempo pasado con esta preciosidad. \u00a1Su Fleshlight exclusivo es la clave para desbloquear un nivel completamente nuevo de diversi\u00f3n cada vez que usted tenga ganas de jugar!<\/p>\n<p>Por fuera, este masturbador masculino, tiene el dise\u00f1o exclusivo que solo Fleshlight tiene y que lo convierte en la marca de masturbadores masculinos n&ordm; 1 del mundo por su dise\u00f1o  <\/p>\n<p>Por dentro, las mangas est\u00e1n hechas de un material real\u00edstico, es como si fuera piel de verdad, adapt\u00e1ndose a la temperatura de tu cuerpo, lo que le porporcionar\u00e1 mucho mas realismo. Su dise\u00f1o es espectacular tanto por dentro como por fuera. Su manga es una r\u00e9plica exacta del ano de esta actriz, lo que lo convierte en un pieza de placer \u00fanica y super exclusiva. <\/p>\n<p>Con este masturbador obtendras la mejor experiencia de masturbaci\u00f3n para hombres. Es como si de un ano real se tratara<\/p>\n<p>Dispone de dos tapas, una principal, que cubre la parte exterior de la manga, y otra inferior con la que podr\u00e1s regular el nivel de presi\u00f3n y por tanto de masturbaci\u00f3n. <\/p>\n<ul>\n<li>Manga Mia malkova <\/li>\n<li>Estilo: Ano<\/li>\n<li>Sensaci\u00f3n Fleshlight: Boss level<\/li>\n<li>F\u00e1cil de usar y limpiar<\/li>\n<li>Material: Superskin<\/li>\n<li>Color: Carne<\/li>\n<li>SENSACI\u00d3N FLESHLIGHT: Boss Level <\/li>\n<\/ul>\n<p>La nueva textura de Mia Malkova, Boss Level, arrastrar\u00e1 su polla a un mundo de fantas\u00eda de curvas estrechas y espirales lujuriosas. Cada giro del estrecho culo de Mia est\u00e1 lleno de suaves bultos dise\u00f1ados para agregar sensuales sensaciones a cada embestida. Boss Level le brinda una aventura \u00e9pica con un final intenso a cualquier hombre que desee disfrutar del juego anal.<\/p>\n<p>Fleshlight\u00ae es l\u00edder mundial en la fabricacion de masturbadores masculinos utilizando moldes de personas reales, sus grandes calidades y cualidades han dado lugar a una marca pensada para el hombre  y su placer unica en el Mundo<\/p>\n","protected":false},"excerpt":{"rendered":"<p>FLESHLIGHT GIRLS MIA MALKOVA BOSS LEVEL SIGNATURE BUTT Siente cada uno de los pliegues y las texturas y curvas \u00edntimas<\/p>\n","protected":false},"featured_media":12883,"comment_status":"open","ping_status":"open","template":"","meta":[],"product_cat":[468],"product_tag":[576,690],"class_list":["post-12882","product","type-product","status-publish","has-post-thumbnail","hentry","product_cat-anos","product_tag-fleshlight","product_tag-fleshlight-girls"],"bundled_by":[],"bundle_stock_status":"instock","bundle_stock_quantity":1,"bundle_virtual":false,"bundle_layout":"","bundle_add_to_cart_form_location":"","bundle_editable_in_cart":false,"bundle_sold_individually_context":"","bundle_item_grouping":"","bundle_min_size":"","bundle_max_size":"","bundled_items":[],"yoast_head":"<!-- This site is optimized with the Yoast SEO plugin v20.6 - https:\/\/yoast.com\/wordpress\/plugins\/seo\/ -->\n<title>FLESHLIGHT GIRLS MIA MALKOVA BOSS LEVEL SIGNATURE - MASTURBADOR ANO - Tienda Er\u00f3tica<\/title>\n<meta name=\"robots\" content=\"noindex, follow, max-snippet:-1, max-image-preview:large, max-video-preview:-1\" \/>\n<meta property=\"og:locale\" content=\"es_ES\" \/>\n<meta property=\"og:type\" content=\"article\" \/>\n<meta property=\"og:title\" content=\"FLESHLIGHT GIRLS MIA MALKOVA BOSS LEVEL SIGNATURE - MASTURBADOR ANO - Tienda Er\u00f3tica\" \/>\n<meta property=\"og:description\" content=\"FLESHLIGHT GIRLS MIA MALKOVA BOSS LEVEL SIGNATURE BUTT Siente cada uno de los pliegues y las texturas y curvas \u00edntimas\" \/>\n<meta property=\"og:url\" content=\"https:\/\/demoweb.info\/sexshop001\/producto\/fleshlight-girls-mia-malkova-boss-level-signature-masturbador-ano\/\" \/>\n<meta property=\"og:site_name\" content=\"Tienda Er\u00f3tica\" \/>\n<meta property=\"article:modified_time\" content=\"2022-01-22T09:09:10+00:00\" \/>\n<meta property=\"og:image\" content=\"https:\/\/demoweb.info\/sexshop001\/wp-content\/uploads\/2022\/01\/FLESHLIGHT-GIRLS-MIA-MALKOVA-BOSS-LEVEL-SIGNATURE-MASTURBADOR-ANO.jpg\" \/>\n\t<meta property=\"og:image:width\" content=\"550\" \/>\n\t<meta property=\"og:image:height\" content=\"550\" \/>\n\t<meta property=\"og:image:type\" content=\"image\/jpeg\" \/>\n<meta name=\"twitter:card\" content=\"summary_large_image\" \/>\n<meta name=\"twitter:label1\" content=\"Tiempo de lectura\" \/>\n\t<meta name=\"twitter:data1\" content=\"3 minutos\" \/>\n<script type=\"application\/ld+json\" class=\"yoast-schema-graph\">{\"@context\":\"https:\/\/schema.org\",\"@graph\":[{\"@type\":\"WebPage\",\"@id\":\"https:\/\/demoweb.info\/sexshop001\/producto\/fleshlight-girls-mia-malkova-boss-level-signature-masturbador-ano\/\",\"url\":\"https:\/\/demoweb.info\/sexshop001\/producto\/fleshlight-girls-mia-malkova-boss-level-signature-masturbador-ano\/\",\"name\":\"FLESHLIGHT GIRLS MIA MALKOVA BOSS LEVEL SIGNATURE - MASTURBADOR ANO - Tienda Er\u00f3tica\",\"isPartOf\":{\"@id\":\"https:\/\/demoweb.info\/sexshop001\/#website\"},\"datePublished\":\"2022-01-22T09:08:49+00:00\",\"dateModified\":\"2022-01-22T09:09:10+00:00\",\"breadcrumb\":{\"@id\":\"https:\/\/demoweb.info\/sexshop001\/producto\/fleshlight-girls-mia-malkova-boss-level-signature-masturbador-ano\/#breadcrumb\"},\"inLanguage\":\"es\",\"potentialAction\":[{\"@type\":\"ReadAction\",\"target\":[\"https:\/\/demoweb.info\/sexshop001\/producto\/fleshlight-girls-mia-malkova-boss-level-signature-masturbador-ano\/\"]}]},{\"@type\":\"BreadcrumbList\",\"@id\":\"https:\/\/demoweb.info\/sexshop001\/producto\/fleshlight-girls-mia-malkova-boss-level-signature-masturbador-ano\/#breadcrumb\",\"itemListElement\":[{\"@type\":\"ListItem\",\"position\":1,\"name\":\"Portada\",\"item\":\"https:\/\/demoweb.info\/sexshop001\/\"},{\"@type\":\"ListItem\",\"position\":2,\"name\":\"Tienda\",\"item\":\"https:\/\/demoweb.info\/sexshop001\/tienda\/\"},{\"@type\":\"ListItem\",\"position\":3,\"name\":\"FLESHLIGHT GIRLS MIA MALKOVA BOSS LEVEL SIGNATURE &#8211; MASTURBADOR ANO\"}]},{\"@type\":\"WebSite\",\"@id\":\"https:\/\/demoweb.info\/sexshop001\/#website\",\"url\":\"https:\/\/demoweb.info\/sexshop001\/\",\"name\":\"Tienda Er\u00f3tica\",\"description\":\"DEMOWEB SL\",\"potentialAction\":[{\"@type\":\"SearchAction\",\"target\":{\"@type\":\"EntryPoint\",\"urlTemplate\":\"https:\/\/demoweb.info\/sexshop001\/?s={search_term_string}\"},\"query-input\":\"required name=search_term_string\"}],\"inLanguage\":\"es\"}]}<\/script>\n<!-- \/ Yoast SEO plugin. -->","yoast_head_json":{"title":"FLESHLIGHT GIRLS MIA MALKOVA BOSS LEVEL SIGNATURE - MASTURBADOR ANO - Tienda Er\u00f3tica","robots":{"index":"noindex","follow":"follow","max-snippet":"max-snippet:-1","max-image-preview":"max-image-preview:large","max-video-preview":"max-video-preview:-1"},"og_locale":"es_ES","og_type":"article","og_title":"FLESHLIGHT GIRLS MIA MALKOVA BOSS LEVEL SIGNATURE - MASTURBADOR ANO - Tienda Er\u00f3tica","og_description":"FLESHLIGHT GIRLS MIA MALKOVA BOSS LEVEL SIGNATURE BUTT Siente cada uno de los pliegues y las texturas y curvas \u00edntimas","og_url":"https:\/\/demoweb.info\/sexshop001\/producto\/fleshlight-girls-mia-malkova-boss-level-signature-masturbador-ano\/","og_site_name":"Tienda Er\u00f3tica","article_modified_time":"2022-01-22T09:09:10+00:00","og_image":[{"width":550,"height":550,"url":"https:\/\/demoweb.info\/sexshop001\/wp-content\/uploads\/2022\/01\/FLESHLIGHT-GIRLS-MIA-MALKOVA-BOSS-LEVEL-SIGNATURE-MASTURBADOR-ANO.jpg","type":"image\/jpeg"}],"twitter_card":"summary_large_image","twitter_misc":{"Tiempo de lectura":"3 minutos"},"schema":{"@context":"https:\/\/schema.org","@graph":[{"@type":"WebPage","@id":"https:\/\/demoweb.info\/sexshop001\/producto\/fleshlight-girls-mia-malkova-boss-level-signature-masturbador-ano\/","url":"https:\/\/demoweb.info\/sexshop001\/producto\/fleshlight-girls-mia-malkova-boss-level-signature-masturbador-ano\/","name":"FLESHLIGHT GIRLS MIA MALKOVA BOSS LEVEL SIGNATURE - MASTURBADOR ANO - Tienda Er\u00f3tica","isPartOf":{"@id":"https:\/\/demoweb.info\/sexshop001\/#website"},"datePublished":"2022-01-22T09:08:49+00:00","dateModified":"2022-01-22T09:09:10+00:00","breadcrumb":{"@id":"https:\/\/demoweb.info\/sexshop001\/producto\/fleshlight-girls-mia-malkova-boss-level-signature-masturbador-ano\/#breadcrumb"},"inLanguage":"es","potentialAction":[{"@type":"ReadAction","target":["https:\/\/demoweb.info\/sexshop001\/producto\/fleshlight-girls-mia-malkova-boss-level-signature-masturbador-ano\/"]}]},{"@type":"BreadcrumbList","@id":"https:\/\/demoweb.info\/sexshop001\/producto\/fleshlight-girls-mia-malkova-boss-level-signature-masturbador-ano\/#breadcrumb","itemListElement":[{"@type":"ListItem","position":1,"name":"Portada","item":"https:\/\/demoweb.info\/sexshop001\/"},{"@type":"ListItem","position":2,"name":"Tienda","item":"https:\/\/demoweb.info\/sexshop001\/tienda\/"},{"@type":"ListItem","position":3,"name":"FLESHLIGHT GIRLS MIA MALKOVA BOSS LEVEL SIGNATURE &#8211; MASTURBADOR ANO"}]},{"@type":"WebSite","@id":"https:\/\/demoweb.info\/sexshop001\/#website","url":"https:\/\/demoweb.info\/sexshop001\/","name":"Tienda Er\u00f3tica","description":"DEMOWEB SL","potentialAction":[{"@type":"SearchAction","target":{"@type":"EntryPoint","urlTemplate":"https:\/\/demoweb.info\/sexshop001\/?s={search_term_string}"},"query-input":"required name=search_term_string"}],"inLanguage":"es"}]}},"_links":{"self":[{"href":"https:\/\/demoweb.info\/sexshop001\/wp-json\/wp\/v3\/product\/12882","targetHints":{"allow":["GET"]}}],"collection":[{"href":"https:\/\/demoweb.info\/sexshop001\/wp-json\/wp\/v3\/product"}],"about":[{"href":"https:\/\/demoweb.info\/sexshop001\/wp-json\/wp\/v2\/types\/product"}],"replies":[{"embeddable":true,"href":"https:\/\/demoweb.info\/sexshop001\/wp-json\/wp\/v2\/comments?post=12882"}],"wp:featuredmedia":[{"embeddable":true,"href":"https:\/\/demoweb.info\/sexshop001\/wp-json\/wp\/v2\/media\/12883"}],"wp:attachment":[{"href":"https:\/\/demoweb.info\/sexshop001\/wp-json\/wp\/v2\/media?parent=12882"}],"wp:term":[{"taxonomy":"product_cat","embeddable":true,"href":"https:\/\/demoweb.info\/sexshop001\/wp-json\/wp\/v2\/product_cat?post=12882"},{"taxonomy":"product_tag","embeddable":true,"href":"https:\/\/demoweb.info\/sexshop001\/wp-json\/wp\/v2\/product_tag?post=12882"}],"curies":[{"name":"wp","href":"https:\/\/api.w.org\/{rel}","templated":true}]}}