{"id":12876,"date":"2022-01-22T10:08:49","date_gmt":"2022-01-22T09:08:49","guid":{"rendered":"https:\/\/demoweb.info\/sexshop001\/producto\/fleshlight-go-pink-lady-stamina-training-unit-masturbador-vagina\/"},"modified":"2022-01-22T10:09:08","modified_gmt":"2022-01-22T09:09:08","slug":"fleshlight-go-pink-lady-stamina-training-unit-masturbador-vagina","status":"publish","type":"product","link":"https:\/\/demoweb.info\/sexshop001\/producto\/fleshlight-go-pink-lady-stamina-training-unit-masturbador-vagina\/","title":{"rendered":"FLESHLIGHT GO PINK LADY STAMINA TRAINING UNIT &#8211; MASTURBADOR VAGINA"},"content":{"rendered":"<p><strong>FLESHLIGHT GO PINK LADY STAMINA TRAINING UNIT<\/strong><\/p>\n<p>La pr\u00e1ctica hace al maestro, sobre todo en la cama. Go Stamina Training Unit est\u00e1 especialmente dise\u00f1ado para reproducir las intensas sensaciones de la verdadera relaci\u00f3n sexual, ayudando a mejorar la resistencia, el rendimiento y las t\u00e9cnicas sexuales de los usuarios, as\u00ed como a aumentar e intensificar los orgasmos.<\/p>\n<p>Al igual que su equivalente a tama\u00f1o completo, Go Stamina Training Unit fue dise\u00f1ado para reproducir las intensas sensaciones de la relaci\u00f3n sexual, lo que puede ayudar a los usuarios a aumentar su resistencia sexual, a mejorar el rendimiento y las t\u00e9cnicas, y a aumentar e intensificar los orgasmos.<\/p>\n<p>Go Stamina Training Unit Lady te har\u00e1 disfrutar del mismo viaje salvaje pero en un tama\u00f1o m\u00e1s compacto, para que puedas entrenar donde quiera que vayas.<\/p>\n<p>Incluye:<\/p>\n<ul>\n<li>Exclusivo Estuche Gold<\/li>\n<li>Manga patentada SuperSkin<\/li>\n<li>Orificio Lady<\/li>\n<li>Instrucciones de uso y mantenimiento E-gu\u00eda GRATUITA para aumentar su resistencia<\/li>\n<\/ul>\n","protected":false},"excerpt":{"rendered":"<p>FLESHLIGHT GO PINK LADY STAMINA TRAINING UNIT La pr\u00e1ctica hace al maestro, sobre todo en la cama. Go Stamina Training<\/p>\n","protected":false},"featured_media":12877,"comment_status":"open","ping_status":"open","template":"","meta":[],"product_cat":[541],"product_tag":[576,689],"class_list":["post-12876","product","type-product","status-publish","has-post-thumbnail","hentry","product_cat-vaginas","product_tag-fleshlight","product_tag-fleshlight-go"],"bundled_by":[],"bundle_stock_status":"instock","bundle_stock_quantity":5,"bundle_virtual":false,"bundle_layout":"","bundle_add_to_cart_form_location":"","bundle_editable_in_cart":false,"bundle_sold_individually_context":"","bundle_item_grouping":"","bundle_min_size":"","bundle_max_size":"","bundled_items":[],"yoast_head":"<!-- This site is optimized with the Yoast SEO plugin v20.6 - https:\/\/yoast.com\/wordpress\/plugins\/seo\/ -->\n<title>FLESHLIGHT GO PINK LADY STAMINA TRAINING UNIT - MASTURBADOR VAGINA - Tienda Er\u00f3tica<\/title>\n<meta name=\"robots\" content=\"noindex, follow, max-snippet:-1, max-image-preview:large, max-video-preview:-1\" \/>\n<meta property=\"og:locale\" content=\"es_ES\" \/>\n<meta property=\"og:type\" content=\"article\" \/>\n<meta property=\"og:title\" content=\"FLESHLIGHT GO PINK LADY STAMINA TRAINING UNIT - MASTURBADOR VAGINA - Tienda Er\u00f3tica\" \/>\n<meta property=\"og:description\" content=\"FLESHLIGHT GO PINK LADY STAMINA TRAINING UNIT La pr\u00e1ctica hace al maestro, sobre todo en la cama. Go Stamina Training\" \/>\n<meta property=\"og:url\" content=\"https:\/\/demoweb.info\/sexshop001\/producto\/fleshlight-go-pink-lady-stamina-training-unit-masturbador-vagina\/\" \/>\n<meta property=\"og:site_name\" content=\"Tienda Er\u00f3tica\" \/>\n<meta property=\"article:modified_time\" content=\"2022-01-22T09:09:08+00:00\" \/>\n<meta property=\"og:image\" content=\"https:\/\/demoweb.info\/sexshop001\/wp-content\/uploads\/2022\/01\/FLESHLIGHT-GO-PINK-LADY-STAMINA-TRAINING-UNIT-MASTURBADOR-VAGINA.jpg\" \/>\n\t<meta property=\"og:image:width\" content=\"550\" \/>\n\t<meta property=\"og:image:height\" content=\"550\" \/>\n\t<meta property=\"og:image:type\" content=\"image\/jpeg\" \/>\n<meta name=\"twitter:card\" content=\"summary_large_image\" \/>\n<meta name=\"twitter:label1\" content=\"Tiempo de lectura\" \/>\n\t<meta name=\"twitter:data1\" content=\"1 minuto\" \/>\n<script type=\"application\/ld+json\" class=\"yoast-schema-graph\">{\"@context\":\"https:\/\/schema.org\",\"@graph\":[{\"@type\":\"WebPage\",\"@id\":\"https:\/\/demoweb.info\/sexshop001\/producto\/fleshlight-go-pink-lady-stamina-training-unit-masturbador-vagina\/\",\"url\":\"https:\/\/demoweb.info\/sexshop001\/producto\/fleshlight-go-pink-lady-stamina-training-unit-masturbador-vagina\/\",\"name\":\"FLESHLIGHT GO PINK LADY STAMINA TRAINING UNIT - MASTURBADOR VAGINA - Tienda Er\u00f3tica\",\"isPartOf\":{\"@id\":\"https:\/\/demoweb.info\/sexshop001\/#website\"},\"datePublished\":\"2022-01-22T09:08:49+00:00\",\"dateModified\":\"2022-01-22T09:09:08+00:00\",\"breadcrumb\":{\"@id\":\"https:\/\/demoweb.info\/sexshop001\/producto\/fleshlight-go-pink-lady-stamina-training-unit-masturbador-vagina\/#breadcrumb\"},\"inLanguage\":\"es\",\"potentialAction\":[{\"@type\":\"ReadAction\",\"target\":[\"https:\/\/demoweb.info\/sexshop001\/producto\/fleshlight-go-pink-lady-stamina-training-unit-masturbador-vagina\/\"]}]},{\"@type\":\"BreadcrumbList\",\"@id\":\"https:\/\/demoweb.info\/sexshop001\/producto\/fleshlight-go-pink-lady-stamina-training-unit-masturbador-vagina\/#breadcrumb\",\"itemListElement\":[{\"@type\":\"ListItem\",\"position\":1,\"name\":\"Portada\",\"item\":\"https:\/\/demoweb.info\/sexshop001\/\"},{\"@type\":\"ListItem\",\"position\":2,\"name\":\"Tienda\",\"item\":\"https:\/\/demoweb.info\/sexshop001\/tienda\/\"},{\"@type\":\"ListItem\",\"position\":3,\"name\":\"FLESHLIGHT GO PINK LADY STAMINA TRAINING UNIT &#8211; MASTURBADOR VAGINA\"}]},{\"@type\":\"WebSite\",\"@id\":\"https:\/\/demoweb.info\/sexshop001\/#website\",\"url\":\"https:\/\/demoweb.info\/sexshop001\/\",\"name\":\"Tienda Er\u00f3tica\",\"description\":\"DEMOWEB SL\",\"potentialAction\":[{\"@type\":\"SearchAction\",\"target\":{\"@type\":\"EntryPoint\",\"urlTemplate\":\"https:\/\/demoweb.info\/sexshop001\/?s={search_term_string}\"},\"query-input\":\"required name=search_term_string\"}],\"inLanguage\":\"es\"}]}<\/script>\n<!-- \/ Yoast SEO plugin. -->","yoast_head_json":{"title":"FLESHLIGHT GO PINK LADY STAMINA TRAINING UNIT - MASTURBADOR VAGINA - Tienda Er\u00f3tica","robots":{"index":"noindex","follow":"follow","max-snippet":"max-snippet:-1","max-image-preview":"max-image-preview:large","max-video-preview":"max-video-preview:-1"},"og_locale":"es_ES","og_type":"article","og_title":"FLESHLIGHT GO PINK LADY STAMINA TRAINING UNIT - MASTURBADOR VAGINA - Tienda Er\u00f3tica","og_description":"FLESHLIGHT GO PINK LADY STAMINA TRAINING UNIT La pr\u00e1ctica hace al maestro, sobre todo en la cama. Go Stamina Training","og_url":"https:\/\/demoweb.info\/sexshop001\/producto\/fleshlight-go-pink-lady-stamina-training-unit-masturbador-vagina\/","og_site_name":"Tienda Er\u00f3tica","article_modified_time":"2022-01-22T09:09:08+00:00","og_image":[{"width":550,"height":550,"url":"https:\/\/demoweb.info\/sexshop001\/wp-content\/uploads\/2022\/01\/FLESHLIGHT-GO-PINK-LADY-STAMINA-TRAINING-UNIT-MASTURBADOR-VAGINA.jpg","type":"image\/jpeg"}],"twitter_card":"summary_large_image","twitter_misc":{"Tiempo de lectura":"1 minuto"},"schema":{"@context":"https:\/\/schema.org","@graph":[{"@type":"WebPage","@id":"https:\/\/demoweb.info\/sexshop001\/producto\/fleshlight-go-pink-lady-stamina-training-unit-masturbador-vagina\/","url":"https:\/\/demoweb.info\/sexshop001\/producto\/fleshlight-go-pink-lady-stamina-training-unit-masturbador-vagina\/","name":"FLESHLIGHT GO PINK LADY STAMINA TRAINING UNIT - MASTURBADOR VAGINA - Tienda Er\u00f3tica","isPartOf":{"@id":"https:\/\/demoweb.info\/sexshop001\/#website"},"datePublished":"2022-01-22T09:08:49+00:00","dateModified":"2022-01-22T09:09:08+00:00","breadcrumb":{"@id":"https:\/\/demoweb.info\/sexshop001\/producto\/fleshlight-go-pink-lady-stamina-training-unit-masturbador-vagina\/#breadcrumb"},"inLanguage":"es","potentialAction":[{"@type":"ReadAction","target":["https:\/\/demoweb.info\/sexshop001\/producto\/fleshlight-go-pink-lady-stamina-training-unit-masturbador-vagina\/"]}]},{"@type":"BreadcrumbList","@id":"https:\/\/demoweb.info\/sexshop001\/producto\/fleshlight-go-pink-lady-stamina-training-unit-masturbador-vagina\/#breadcrumb","itemListElement":[{"@type":"ListItem","position":1,"name":"Portada","item":"https:\/\/demoweb.info\/sexshop001\/"},{"@type":"ListItem","position":2,"name":"Tienda","item":"https:\/\/demoweb.info\/sexshop001\/tienda\/"},{"@type":"ListItem","position":3,"name":"FLESHLIGHT GO PINK LADY STAMINA TRAINING UNIT &#8211; MASTURBADOR VAGINA"}]},{"@type":"WebSite","@id":"https:\/\/demoweb.info\/sexshop001\/#website","url":"https:\/\/demoweb.info\/sexshop001\/","name":"Tienda Er\u00f3tica","description":"DEMOWEB SL","potentialAction":[{"@type":"SearchAction","target":{"@type":"EntryPoint","urlTemplate":"https:\/\/demoweb.info\/sexshop001\/?s={search_term_string}"},"query-input":"required name=search_term_string"}],"inLanguage":"es"}]}},"_links":{"self":[{"href":"https:\/\/demoweb.info\/sexshop001\/wp-json\/wp\/v3\/product\/12876","targetHints":{"allow":["GET"]}}],"collection":[{"href":"https:\/\/demoweb.info\/sexshop001\/wp-json\/wp\/v3\/product"}],"about":[{"href":"https:\/\/demoweb.info\/sexshop001\/wp-json\/wp\/v2\/types\/product"}],"replies":[{"embeddable":true,"href":"https:\/\/demoweb.info\/sexshop001\/wp-json\/wp\/v2\/comments?post=12876"}],"wp:featuredmedia":[{"embeddable":true,"href":"https:\/\/demoweb.info\/sexshop001\/wp-json\/wp\/v2\/media\/12877"}],"wp:attachment":[{"href":"https:\/\/demoweb.info\/sexshop001\/wp-json\/wp\/v2\/media?parent=12876"}],"wp:term":[{"taxonomy":"product_cat","embeddable":true,"href":"https:\/\/demoweb.info\/sexshop001\/wp-json\/wp\/v2\/product_cat?post=12876"},{"taxonomy":"product_tag","embeddable":true,"href":"https:\/\/demoweb.info\/sexshop001\/wp-json\/wp\/v2\/product_tag?post=12876"}],"curies":[{"name":"wp","href":"https:\/\/api.w.org\/{rel}","templated":true}]}}