{"id":12862,"date":"2022-01-22T10:08:49","date_gmt":"2022-01-22T09:08:49","guid":{"rendered":"https:\/\/demoweb.info\/sexshop001\/producto\/sportsheets-fusta-edge-twisted\/"},"modified":"2022-01-22T10:09:03","modified_gmt":"2022-01-22T09:09:03","slug":"sportsheets-fusta-edge-twisted","status":"publish","type":"product","link":"https:\/\/demoweb.info\/sexshop001\/producto\/sportsheets-fusta-edge-twisted\/","title":{"rendered":"SPORTSHEETS &#8211; FUSTA EDGE TWISTED"},"content":{"rendered":"<p><strong>SPORTSHEETS &#8211; EDGE TWISTED<\/strong><\/p>\n<p>Cada l\u00e1mina de cuero se ha cortado en \u00e1ngulo para una punta con un mordisco.<\/p>\n<p>&#8211; El eje de cuero robusto y ergon\u00f3mico tiene una sensaci\u00f3n fascinante en la mano<br \/>\n&#8211; Ingredientes: 50% piel de vacuno, 30% list\u00f3n de vidrio RBS-E, 15% goma, 5% nailon<br \/>\n&#8211; Incluye: 1 L\u00e1tigo Twisted de 69,9 cm<\/p>\n","protected":false},"excerpt":{"rendered":"<p>SPORTSHEETS &#8211; EDGE TWISTED Cada l\u00e1mina de cuero se ha cortado en \u00e1ngulo para una punta con un mordisco. &#8211;<\/p>\n","protected":false},"featured_media":12863,"comment_status":"open","ping_status":"open","template":"","meta":[],"product_cat":[509],"product_tag":[626],"class_list":["post-12862","product","type-product","status-publish","has-post-thumbnail","hentry","product_cat-fustas","product_tag-sportsheets"],"bundled_by":[],"bundle_stock_status":"instock","bundle_stock_quantity":1,"bundle_virtual":false,"bundle_layout":"","bundle_add_to_cart_form_location":"","bundle_editable_in_cart":false,"bundle_sold_individually_context":"","bundle_item_grouping":"","bundle_min_size":"","bundle_max_size":"","bundled_items":[],"yoast_head":"<!-- This site is optimized with the Yoast SEO plugin v20.6 - https:\/\/yoast.com\/wordpress\/plugins\/seo\/ -->\n<title>SPORTSHEETS - FUSTA EDGE TWISTED - Tienda Er\u00f3tica<\/title>\n<meta name=\"robots\" content=\"noindex, follow, max-snippet:-1, max-image-preview:large, max-video-preview:-1\" \/>\n<meta property=\"og:locale\" content=\"es_ES\" \/>\n<meta property=\"og:type\" content=\"article\" \/>\n<meta property=\"og:title\" content=\"SPORTSHEETS - FUSTA EDGE TWISTED - Tienda Er\u00f3tica\" \/>\n<meta property=\"og:description\" content=\"SPORTSHEETS &#8211; EDGE TWISTED Cada l\u00e1mina de cuero se ha cortado en \u00e1ngulo para una punta con un mordisco. &#8211;\" \/>\n<meta property=\"og:url\" content=\"https:\/\/demoweb.info\/sexshop001\/producto\/sportsheets-fusta-edge-twisted\/\" \/>\n<meta property=\"og:site_name\" content=\"Tienda Er\u00f3tica\" \/>\n<meta property=\"article:modified_time\" content=\"2022-01-22T09:09:03+00:00\" \/>\n<meta property=\"og:image\" content=\"https:\/\/demoweb.info\/sexshop001\/wp-content\/uploads\/2022\/01\/SPORTSHEETS-FUSTA-EDGE-TWISTED.jpg\" \/>\n\t<meta property=\"og:image:width\" content=\"550\" \/>\n\t<meta property=\"og:image:height\" content=\"550\" \/>\n\t<meta property=\"og:image:type\" content=\"image\/jpeg\" \/>\n<meta name=\"twitter:card\" content=\"summary_large_image\" \/>\n<script type=\"application\/ld+json\" class=\"yoast-schema-graph\">{\"@context\":\"https:\/\/schema.org\",\"@graph\":[{\"@type\":\"WebPage\",\"@id\":\"https:\/\/demoweb.info\/sexshop001\/producto\/sportsheets-fusta-edge-twisted\/\",\"url\":\"https:\/\/demoweb.info\/sexshop001\/producto\/sportsheets-fusta-edge-twisted\/\",\"name\":\"SPORTSHEETS - FUSTA EDGE TWISTED - Tienda Er\u00f3tica\",\"isPartOf\":{\"@id\":\"https:\/\/demoweb.info\/sexshop001\/#website\"},\"datePublished\":\"2022-01-22T09:08:49+00:00\",\"dateModified\":\"2022-01-22T09:09:03+00:00\",\"breadcrumb\":{\"@id\":\"https:\/\/demoweb.info\/sexshop001\/producto\/sportsheets-fusta-edge-twisted\/#breadcrumb\"},\"inLanguage\":\"es\",\"potentialAction\":[{\"@type\":\"ReadAction\",\"target\":[\"https:\/\/demoweb.info\/sexshop001\/producto\/sportsheets-fusta-edge-twisted\/\"]}]},{\"@type\":\"BreadcrumbList\",\"@id\":\"https:\/\/demoweb.info\/sexshop001\/producto\/sportsheets-fusta-edge-twisted\/#breadcrumb\",\"itemListElement\":[{\"@type\":\"ListItem\",\"position\":1,\"name\":\"Portada\",\"item\":\"https:\/\/demoweb.info\/sexshop001\/\"},{\"@type\":\"ListItem\",\"position\":2,\"name\":\"Tienda\",\"item\":\"https:\/\/demoweb.info\/sexshop001\/tienda\/\"},{\"@type\":\"ListItem\",\"position\":3,\"name\":\"SPORTSHEETS &#8211; FUSTA EDGE TWISTED\"}]},{\"@type\":\"WebSite\",\"@id\":\"https:\/\/demoweb.info\/sexshop001\/#website\",\"url\":\"https:\/\/demoweb.info\/sexshop001\/\",\"name\":\"Tienda Er\u00f3tica\",\"description\":\"DEMOWEB SL\",\"potentialAction\":[{\"@type\":\"SearchAction\",\"target\":{\"@type\":\"EntryPoint\",\"urlTemplate\":\"https:\/\/demoweb.info\/sexshop001\/?s={search_term_string}\"},\"query-input\":\"required name=search_term_string\"}],\"inLanguage\":\"es\"}]}<\/script>\n<!-- \/ Yoast SEO plugin. -->","yoast_head_json":{"title":"SPORTSHEETS - FUSTA EDGE TWISTED - Tienda Er\u00f3tica","robots":{"index":"noindex","follow":"follow","max-snippet":"max-snippet:-1","max-image-preview":"max-image-preview:large","max-video-preview":"max-video-preview:-1"},"og_locale":"es_ES","og_type":"article","og_title":"SPORTSHEETS - FUSTA EDGE TWISTED - Tienda Er\u00f3tica","og_description":"SPORTSHEETS &#8211; EDGE TWISTED Cada l\u00e1mina de cuero se ha cortado en \u00e1ngulo para una punta con un mordisco. &#8211;","og_url":"https:\/\/demoweb.info\/sexshop001\/producto\/sportsheets-fusta-edge-twisted\/","og_site_name":"Tienda Er\u00f3tica","article_modified_time":"2022-01-22T09:09:03+00:00","og_image":[{"width":550,"height":550,"url":"https:\/\/demoweb.info\/sexshop001\/wp-content\/uploads\/2022\/01\/SPORTSHEETS-FUSTA-EDGE-TWISTED.jpg","type":"image\/jpeg"}],"twitter_card":"summary_large_image","schema":{"@context":"https:\/\/schema.org","@graph":[{"@type":"WebPage","@id":"https:\/\/demoweb.info\/sexshop001\/producto\/sportsheets-fusta-edge-twisted\/","url":"https:\/\/demoweb.info\/sexshop001\/producto\/sportsheets-fusta-edge-twisted\/","name":"SPORTSHEETS - FUSTA EDGE TWISTED - Tienda Er\u00f3tica","isPartOf":{"@id":"https:\/\/demoweb.info\/sexshop001\/#website"},"datePublished":"2022-01-22T09:08:49+00:00","dateModified":"2022-01-22T09:09:03+00:00","breadcrumb":{"@id":"https:\/\/demoweb.info\/sexshop001\/producto\/sportsheets-fusta-edge-twisted\/#breadcrumb"},"inLanguage":"es","potentialAction":[{"@type":"ReadAction","target":["https:\/\/demoweb.info\/sexshop001\/producto\/sportsheets-fusta-edge-twisted\/"]}]},{"@type":"BreadcrumbList","@id":"https:\/\/demoweb.info\/sexshop001\/producto\/sportsheets-fusta-edge-twisted\/#breadcrumb","itemListElement":[{"@type":"ListItem","position":1,"name":"Portada","item":"https:\/\/demoweb.info\/sexshop001\/"},{"@type":"ListItem","position":2,"name":"Tienda","item":"https:\/\/demoweb.info\/sexshop001\/tienda\/"},{"@type":"ListItem","position":3,"name":"SPORTSHEETS &#8211; FUSTA EDGE TWISTED"}]},{"@type":"WebSite","@id":"https:\/\/demoweb.info\/sexshop001\/#website","url":"https:\/\/demoweb.info\/sexshop001\/","name":"Tienda Er\u00f3tica","description":"DEMOWEB SL","potentialAction":[{"@type":"SearchAction","target":{"@type":"EntryPoint","urlTemplate":"https:\/\/demoweb.info\/sexshop001\/?s={search_term_string}"},"query-input":"required name=search_term_string"}],"inLanguage":"es"}]}},"_links":{"self":[{"href":"https:\/\/demoweb.info\/sexshop001\/wp-json\/wp\/v3\/product\/12862","targetHints":{"allow":["GET"]}}],"collection":[{"href":"https:\/\/demoweb.info\/sexshop001\/wp-json\/wp\/v3\/product"}],"about":[{"href":"https:\/\/demoweb.info\/sexshop001\/wp-json\/wp\/v2\/types\/product"}],"replies":[{"embeddable":true,"href":"https:\/\/demoweb.info\/sexshop001\/wp-json\/wp\/v2\/comments?post=12862"}],"wp:featuredmedia":[{"embeddable":true,"href":"https:\/\/demoweb.info\/sexshop001\/wp-json\/wp\/v2\/media\/12863"}],"wp:attachment":[{"href":"https:\/\/demoweb.info\/sexshop001\/wp-json\/wp\/v2\/media?parent=12862"}],"wp:term":[{"taxonomy":"product_cat","embeddable":true,"href":"https:\/\/demoweb.info\/sexshop001\/wp-json\/wp\/v2\/product_cat?post=12862"},{"taxonomy":"product_tag","embeddable":true,"href":"https:\/\/demoweb.info\/sexshop001\/wp-json\/wp\/v2\/product_tag?post=12862"}],"curies":[{"name":"wp","href":"https:\/\/api.w.org\/{rel}","templated":true}]}}