{"id":12854,"date":"2022-01-22T10:08:49","date_gmt":"2022-01-22T09:08:49","guid":{"rendered":"https:\/\/demoweb.info\/sexshop001\/producto\/la-gemmes-varita-pure-amethyst-100-natural\/"},"modified":"2022-01-22T10:08:59","modified_gmt":"2022-01-22T09:08:59","slug":"la-gemmes-varita-pure-amethyst-100-natural","status":"publish","type":"product","link":"https:\/\/demoweb.info\/sexshop001\/producto\/la-gemmes-varita-pure-amethyst-100-natural\/","title":{"rendered":"LA GEMMES &#8211; VARITA PURE AMETHYST 100% NATURAL"},"content":{"rendered":"<p><strong>LA GEMMES &#8211; WAND PURE AMETHYST<\/strong><\/p>\n<p>Con\u00e9ctate con tu propia energ\u00eda femenina, experimenta orgasmos intensos y descubre tu propia sexualidad de forma completamente natural con la varita La Gemmes.<\/p>\n<p>Use la varita como un consolador en la vagina (yoni) para masturbarse o como un masajeador en su cuerpo para experimentar los poderes curativos y calmantes de la piedra preciosa. Cuando use la varita como consolador, puede aplicar una peque\u00f1a cantidad de lubricante (natural) para una inserci\u00f3n m\u00e1s c\u00f3moda.<br \/>\nDebido a que el di\u00e1metro de la varilla difiere en ambos lados, puede elegir si prefiere insertar el lado grueso o el delgado.<\/p>\n<p>Las piedras preciosas son conocidas por sus propiedades energ\u00e9ticas curativas y cada piedra tiene su propia energ\u00eda que te pone m\u00e1s en contacto contigo mismo. Todas nuestras piedras son 100% naturales y est\u00e1n libres de productos qu\u00edmicos nocivos, siliconas y BPA. Son dadas por la madre tierra y est\u00e1n hechas a mano, por lo que cada piedra es \u00fanica en forma, tama\u00f1o y color, y las peque\u00f1as imperfecciones hacen que las piedras sean perfectas. Tenga cuidado al almacenar su cristal, se romper\u00e1 cuando se caiga.<\/p>\n<p>C\u00f3mo seleccionar tu piedra preciosa<br \/>\nPuede seleccionar un cristal adecuado seg\u00fan su intuici\u00f3n, a qu\u00e9 piedra se siente m\u00e1s atra\u00eddo. No puede tomar una decisi\u00f3n equivocada; la piedra que elijas es la piedra adecuada para ti en ese momento. Si no est\u00e1 seguro de qu\u00e9 piedra preciosa prefiere, tambi\u00e9n puede hacer una selecci\u00f3n basada en las propiedades energ\u00e9ticas de la piedra. Es posible que despu\u00e9s de usar una piedra durante un per\u00edodo determinado, sienta que prefiere una piedra diferente o que le gustar\u00eda alternarlas. Conf\u00ede en sus sentimientos y elija lo que se sienta bien en ese momento.<\/p>\n<p>Amatista<br \/>\nLa amatista es transparente con un color que va del lila al morado oscuro. La piedra libera el estr\u00e9s y ayuda al cuerpo a liberar la negatividad y las emociones negativas. La amatista estimula el chakra superior, lo que le permite avanzar en su crecimiento espiritual. Esto puede proporcionarle una idea y un rechazo de sus malos h\u00e1bitos. Con sus propiedades limpiadoras, la amatista puede aliviar los dolores de cabeza y reducir las migra\u00f1as y los trastornos del sue\u00f1o.<br \/>\nPurificante, protector, limpiador, promueve el crecimiento espiritual.<\/p>\n<p>Especificaciones:<br \/>\n&#8211; Tama\u00f1o: aproximadamente 17 x 4 x 2 cm<br \/>\n&#8211; Material: 100% amatista<br \/>\n&#8211; Producto 100% natural<br \/>\n&#8211; Hecho a mano<br \/>\n&#8211; Sin productos qu\u00edmicos, silicona o pl\u00e1stico<br \/>\n&#8211; No se requieren bater\u00edas<\/p>\n<p>Debido a la naturaleza org\u00e1nica de los cristales, los colores y tama\u00f1os pueden variar. Las varitas tendr\u00e1n imperfecciones menores debido a la naturaleza cruda de las piedras. Tenga cuidado al almacenar su cristal, puede romperse al caer.<\/p>\n","protected":false},"excerpt":{"rendered":"<p>LA GEMMES &#8211; WAND PURE AMETHYST Con\u00e9ctate con tu propia energ\u00eda femenina, experimenta orgasmos intensos y descubre tu propia sexualidad<\/p>\n","protected":false},"featured_media":12855,"comment_status":"open","ping_status":"open","template":"","meta":[],"product_cat":[355],"product_tag":[685],"class_list":["post-12854","product","type-product","status-publish","has-post-thumbnail","hentry","product_cat-ellas","product_tag-la-gemmes"],"bundled_by":[],"bundle_stock_status":"instock","bundle_stock_quantity":2,"bundle_virtual":false,"bundle_layout":"","bundle_add_to_cart_form_location":"","bundle_editable_in_cart":false,"bundle_sold_individually_context":"","bundle_item_grouping":"","bundle_min_size":"","bundle_max_size":"","bundled_items":[],"yoast_head":"<!-- This site is optimized with the Yoast SEO plugin v20.6 - https:\/\/yoast.com\/wordpress\/plugins\/seo\/ -->\n<title>LA GEMMES - VARITA PURE AMETHYST 100% NATURAL - Tienda Er\u00f3tica<\/title>\n<meta name=\"robots\" content=\"noindex, follow, max-snippet:-1, max-image-preview:large, max-video-preview:-1\" \/>\n<meta property=\"og:locale\" content=\"es_ES\" \/>\n<meta property=\"og:type\" content=\"article\" \/>\n<meta property=\"og:title\" content=\"LA GEMMES - VARITA PURE AMETHYST 100% NATURAL - Tienda Er\u00f3tica\" \/>\n<meta property=\"og:description\" content=\"LA GEMMES &#8211; WAND PURE AMETHYST Con\u00e9ctate con tu propia energ\u00eda femenina, experimenta orgasmos intensos y descubre tu propia sexualidad\" \/>\n<meta property=\"og:url\" content=\"https:\/\/demoweb.info\/sexshop001\/producto\/la-gemmes-varita-pure-amethyst-100-natural\/\" \/>\n<meta property=\"og:site_name\" content=\"Tienda Er\u00f3tica\" \/>\n<meta property=\"article:modified_time\" content=\"2022-01-22T09:08:59+00:00\" \/>\n<meta property=\"og:image\" content=\"https:\/\/demoweb.info\/sexshop001\/wp-content\/uploads\/2022\/01\/LA-GEMMES-VARITA-PURE-AMETHYST-100-NATURAL.jpg\" \/>\n\t<meta property=\"og:image:width\" content=\"550\" \/>\n\t<meta property=\"og:image:height\" content=\"550\" \/>\n\t<meta property=\"og:image:type\" content=\"image\/jpeg\" \/>\n<meta name=\"twitter:card\" content=\"summary_large_image\" \/>\n<meta name=\"twitter:label1\" content=\"Tiempo de lectura\" \/>\n\t<meta name=\"twitter:data1\" content=\"2 minutos\" \/>\n<script type=\"application\/ld+json\" class=\"yoast-schema-graph\">{\"@context\":\"https:\/\/schema.org\",\"@graph\":[{\"@type\":\"WebPage\",\"@id\":\"https:\/\/demoweb.info\/sexshop001\/producto\/la-gemmes-varita-pure-amethyst-100-natural\/\",\"url\":\"https:\/\/demoweb.info\/sexshop001\/producto\/la-gemmes-varita-pure-amethyst-100-natural\/\",\"name\":\"LA GEMMES - VARITA PURE AMETHYST 100% NATURAL - Tienda Er\u00f3tica\",\"isPartOf\":{\"@id\":\"https:\/\/demoweb.info\/sexshop001\/#website\"},\"datePublished\":\"2022-01-22T09:08:49+00:00\",\"dateModified\":\"2022-01-22T09:08:59+00:00\",\"breadcrumb\":{\"@id\":\"https:\/\/demoweb.info\/sexshop001\/producto\/la-gemmes-varita-pure-amethyst-100-natural\/#breadcrumb\"},\"inLanguage\":\"es\",\"potentialAction\":[{\"@type\":\"ReadAction\",\"target\":[\"https:\/\/demoweb.info\/sexshop001\/producto\/la-gemmes-varita-pure-amethyst-100-natural\/\"]}]},{\"@type\":\"BreadcrumbList\",\"@id\":\"https:\/\/demoweb.info\/sexshop001\/producto\/la-gemmes-varita-pure-amethyst-100-natural\/#breadcrumb\",\"itemListElement\":[{\"@type\":\"ListItem\",\"position\":1,\"name\":\"Portada\",\"item\":\"https:\/\/demoweb.info\/sexshop001\/\"},{\"@type\":\"ListItem\",\"position\":2,\"name\":\"Tienda\",\"item\":\"https:\/\/demoweb.info\/sexshop001\/tienda\/\"},{\"@type\":\"ListItem\",\"position\":3,\"name\":\"LA GEMMES &#8211; VARITA PURE AMETHYST 100% NATURAL\"}]},{\"@type\":\"WebSite\",\"@id\":\"https:\/\/demoweb.info\/sexshop001\/#website\",\"url\":\"https:\/\/demoweb.info\/sexshop001\/\",\"name\":\"Tienda Er\u00f3tica\",\"description\":\"DEMOWEB SL\",\"potentialAction\":[{\"@type\":\"SearchAction\",\"target\":{\"@type\":\"EntryPoint\",\"urlTemplate\":\"https:\/\/demoweb.info\/sexshop001\/?s={search_term_string}\"},\"query-input\":\"required name=search_term_string\"}],\"inLanguage\":\"es\"}]}<\/script>\n<!-- \/ Yoast SEO plugin. -->","yoast_head_json":{"title":"LA GEMMES - VARITA PURE AMETHYST 100% NATURAL - Tienda Er\u00f3tica","robots":{"index":"noindex","follow":"follow","max-snippet":"max-snippet:-1","max-image-preview":"max-image-preview:large","max-video-preview":"max-video-preview:-1"},"og_locale":"es_ES","og_type":"article","og_title":"LA GEMMES - VARITA PURE AMETHYST 100% NATURAL - Tienda Er\u00f3tica","og_description":"LA GEMMES &#8211; WAND PURE AMETHYST Con\u00e9ctate con tu propia energ\u00eda femenina, experimenta orgasmos intensos y descubre tu propia sexualidad","og_url":"https:\/\/demoweb.info\/sexshop001\/producto\/la-gemmes-varita-pure-amethyst-100-natural\/","og_site_name":"Tienda Er\u00f3tica","article_modified_time":"2022-01-22T09:08:59+00:00","og_image":[{"width":550,"height":550,"url":"https:\/\/demoweb.info\/sexshop001\/wp-content\/uploads\/2022\/01\/LA-GEMMES-VARITA-PURE-AMETHYST-100-NATURAL.jpg","type":"image\/jpeg"}],"twitter_card":"summary_large_image","twitter_misc":{"Tiempo de lectura":"2 minutos"},"schema":{"@context":"https:\/\/schema.org","@graph":[{"@type":"WebPage","@id":"https:\/\/demoweb.info\/sexshop001\/producto\/la-gemmes-varita-pure-amethyst-100-natural\/","url":"https:\/\/demoweb.info\/sexshop001\/producto\/la-gemmes-varita-pure-amethyst-100-natural\/","name":"LA GEMMES - VARITA PURE AMETHYST 100% NATURAL - Tienda Er\u00f3tica","isPartOf":{"@id":"https:\/\/demoweb.info\/sexshop001\/#website"},"datePublished":"2022-01-22T09:08:49+00:00","dateModified":"2022-01-22T09:08:59+00:00","breadcrumb":{"@id":"https:\/\/demoweb.info\/sexshop001\/producto\/la-gemmes-varita-pure-amethyst-100-natural\/#breadcrumb"},"inLanguage":"es","potentialAction":[{"@type":"ReadAction","target":["https:\/\/demoweb.info\/sexshop001\/producto\/la-gemmes-varita-pure-amethyst-100-natural\/"]}]},{"@type":"BreadcrumbList","@id":"https:\/\/demoweb.info\/sexshop001\/producto\/la-gemmes-varita-pure-amethyst-100-natural\/#breadcrumb","itemListElement":[{"@type":"ListItem","position":1,"name":"Portada","item":"https:\/\/demoweb.info\/sexshop001\/"},{"@type":"ListItem","position":2,"name":"Tienda","item":"https:\/\/demoweb.info\/sexshop001\/tienda\/"},{"@type":"ListItem","position":3,"name":"LA GEMMES &#8211; VARITA PURE AMETHYST 100% NATURAL"}]},{"@type":"WebSite","@id":"https:\/\/demoweb.info\/sexshop001\/#website","url":"https:\/\/demoweb.info\/sexshop001\/","name":"Tienda Er\u00f3tica","description":"DEMOWEB SL","potentialAction":[{"@type":"SearchAction","target":{"@type":"EntryPoint","urlTemplate":"https:\/\/demoweb.info\/sexshop001\/?s={search_term_string}"},"query-input":"required name=search_term_string"}],"inLanguage":"es"}]}},"_links":{"self":[{"href":"https:\/\/demoweb.info\/sexshop001\/wp-json\/wp\/v3\/product\/12854","targetHints":{"allow":["GET"]}}],"collection":[{"href":"https:\/\/demoweb.info\/sexshop001\/wp-json\/wp\/v3\/product"}],"about":[{"href":"https:\/\/demoweb.info\/sexshop001\/wp-json\/wp\/v2\/types\/product"}],"replies":[{"embeddable":true,"href":"https:\/\/demoweb.info\/sexshop001\/wp-json\/wp\/v2\/comments?post=12854"}],"wp:featuredmedia":[{"embeddable":true,"href":"https:\/\/demoweb.info\/sexshop001\/wp-json\/wp\/v2\/media\/12855"}],"wp:attachment":[{"href":"https:\/\/demoweb.info\/sexshop001\/wp-json\/wp\/v2\/media?parent=12854"}],"wp:term":[{"taxonomy":"product_cat","embeddable":true,"href":"https:\/\/demoweb.info\/sexshop001\/wp-json\/wp\/v2\/product_cat?post=12854"},{"taxonomy":"product_tag","embeddable":true,"href":"https:\/\/demoweb.info\/sexshop001\/wp-json\/wp\/v2\/product_tag?post=12854"}],"curies":[{"name":"wp","href":"https:\/\/api.w.org\/{rel}","templated":true}]}}