{"id":12842,"date":"2022-01-22T10:08:49","date_gmt":"2022-01-22T09:08:49","guid":{"rendered":"https:\/\/demoweb.info\/sexshop001\/producto\/anal-fantasy-kit-fantasia-deluxe\/"},"modified":"2022-01-22T10:08:55","modified_gmt":"2022-01-22T09:08:55","slug":"anal-fantasy-kit-fantasia-deluxe","status":"publish","type":"product","link":"https:\/\/demoweb.info\/sexshop001\/producto\/anal-fantasy-kit-fantasia-deluxe\/","title":{"rendered":"ANAL FANTASY KIT FANTASIA DELUXE"},"content":{"rendered":"<p><font size=&quot;1&quot;><b>ANAL FANTASY DELUXE FANTASY KIT.<\/b><\/p>\n<p>Si nunca has probado el juego anal, el <b>Deluxe Fantasy Kit<\/b> es justo lo que necesitas para explorar el maravilloso mundo de la estimulaci\u00f3n anal.<\/p>\n<p>La clave para el juego anal es tomar las cosas con calma! El intento de penetraci\u00f3n anal antes de que est\u00e9 debidamente excitada puede ser desagradable, as\u00ed que rel\u00e1jate con el fin de disfrutar de la experiencia.<\/p>\n<p>El <b>Deluxe Fantasy Kit<\/b> para principiantes ofrece seis accesorios \u00fanicos perfectos para tu primera vez anal. Incluye 2 juegos de bolas chinas, un dedal, un plug con base de ventosa, un estimulador de pr\u00f3stata y unas bolas chinas vibradoras. Introduce la estimulaci\u00f3n anal en tu rutina sexual y empieza a disfrutar de nuevos placeres!<\/p>\n<p>La limpieza es una obligaci\u00f3n despu\u00e9s de la diversi\u00f3n con el <b>Pipedream toy Cleaner<\/b> y agua tibia.<br \/>\n<BR><BR><br \/>\nAlcanzar el orgasmo mediante la estimulaci\u00f3n anal es incre\u00edblemente excitante gracias a la alta concentraci\u00f3n de terminaciones nerviosas y nuestra <b>Anal Fantasy Collection<\/b> que incluye juguetes que estimulan a cada uno de esos nervios. As\u00ed que perm\u00edtete entrar en un nuevo mundo del placer por la puerta trasera&#8230; las posibilidades son infinitas!<br \/>\n<\/font><\/p>\n","protected":false},"excerpt":{"rendered":"<p>ANAL FANTASY DELUXE FANTASY KIT. Si nunca has probado el juego anal, el Deluxe Fantasy Kit es justo lo que<\/p>\n","protected":false},"featured_media":12843,"comment_status":"open","ping_status":"open","template":"","meta":[],"product_cat":[684],"product_tag":[485,259],"class_list":["post-12842","product","type-product","status-publish","has-post-thumbnail","hentry","product_cat-san-valentin-regalos","product_tag-anal-fantasy-collection","product_tag-pipedream"],"bundled_by":[],"bundle_stock_status":"instock","bundle_stock_quantity":2,"bundle_virtual":false,"bundle_layout":"","bundle_add_to_cart_form_location":"","bundle_editable_in_cart":false,"bundle_sold_individually_context":"","bundle_item_grouping":"","bundle_min_size":"","bundle_max_size":"","bundled_items":[],"yoast_head":"<!-- This site is optimized with the Yoast SEO plugin v20.6 - https:\/\/yoast.com\/wordpress\/plugins\/seo\/ -->\n<title>ANAL FANTASY KIT FANTASIA DELUXE - Tienda Er\u00f3tica<\/title>\n<meta name=\"robots\" content=\"noindex, follow, max-snippet:-1, max-image-preview:large, max-video-preview:-1\" \/>\n<meta property=\"og:locale\" content=\"es_ES\" \/>\n<meta property=\"og:type\" content=\"article\" \/>\n<meta property=\"og:title\" content=\"ANAL FANTASY KIT FANTASIA DELUXE - Tienda Er\u00f3tica\" \/>\n<meta property=\"og:description\" content=\"ANAL FANTASY DELUXE FANTASY KIT. Si nunca has probado el juego anal, el Deluxe Fantasy Kit es justo lo que\" \/>\n<meta property=\"og:url\" content=\"https:\/\/demoweb.info\/sexshop001\/producto\/anal-fantasy-kit-fantasia-deluxe\/\" \/>\n<meta property=\"og:site_name\" content=\"Tienda Er\u00f3tica\" \/>\n<meta property=\"article:modified_time\" content=\"2022-01-22T09:08:55+00:00\" \/>\n<meta property=\"og:image\" content=\"https:\/\/demoweb.info\/sexshop001\/wp-content\/uploads\/2022\/01\/ANAL-FANTASY-KIT-FANTASIA-DELUXE.jpg\" \/>\n\t<meta property=\"og:image:width\" content=\"550\" \/>\n\t<meta property=\"og:image:height\" content=\"550\" \/>\n\t<meta property=\"og:image:type\" content=\"image\/jpeg\" \/>\n<meta name=\"twitter:card\" content=\"summary_large_image\" \/>\n<meta name=\"twitter:label1\" content=\"Tiempo de lectura\" \/>\n\t<meta name=\"twitter:data1\" content=\"1 minuto\" \/>\n<script type=\"application\/ld+json\" class=\"yoast-schema-graph\">{\"@context\":\"https:\/\/schema.org\",\"@graph\":[{\"@type\":\"WebPage\",\"@id\":\"https:\/\/demoweb.info\/sexshop001\/producto\/anal-fantasy-kit-fantasia-deluxe\/\",\"url\":\"https:\/\/demoweb.info\/sexshop001\/producto\/anal-fantasy-kit-fantasia-deluxe\/\",\"name\":\"ANAL FANTASY KIT FANTASIA DELUXE - Tienda Er\u00f3tica\",\"isPartOf\":{\"@id\":\"https:\/\/demoweb.info\/sexshop001\/#website\"},\"datePublished\":\"2022-01-22T09:08:49+00:00\",\"dateModified\":\"2022-01-22T09:08:55+00:00\",\"breadcrumb\":{\"@id\":\"https:\/\/demoweb.info\/sexshop001\/producto\/anal-fantasy-kit-fantasia-deluxe\/#breadcrumb\"},\"inLanguage\":\"es\",\"potentialAction\":[{\"@type\":\"ReadAction\",\"target\":[\"https:\/\/demoweb.info\/sexshop001\/producto\/anal-fantasy-kit-fantasia-deluxe\/\"]}]},{\"@type\":\"BreadcrumbList\",\"@id\":\"https:\/\/demoweb.info\/sexshop001\/producto\/anal-fantasy-kit-fantasia-deluxe\/#breadcrumb\",\"itemListElement\":[{\"@type\":\"ListItem\",\"position\":1,\"name\":\"Portada\",\"item\":\"https:\/\/demoweb.info\/sexshop001\/\"},{\"@type\":\"ListItem\",\"position\":2,\"name\":\"Tienda\",\"item\":\"https:\/\/demoweb.info\/sexshop001\/tienda\/\"},{\"@type\":\"ListItem\",\"position\":3,\"name\":\"ANAL FANTASY KIT FANTASIA DELUXE\"}]},{\"@type\":\"WebSite\",\"@id\":\"https:\/\/demoweb.info\/sexshop001\/#website\",\"url\":\"https:\/\/demoweb.info\/sexshop001\/\",\"name\":\"Tienda Er\u00f3tica\",\"description\":\"DEMOWEB SL\",\"potentialAction\":[{\"@type\":\"SearchAction\",\"target\":{\"@type\":\"EntryPoint\",\"urlTemplate\":\"https:\/\/demoweb.info\/sexshop001\/?s={search_term_string}\"},\"query-input\":\"required name=search_term_string\"}],\"inLanguage\":\"es\"}]}<\/script>\n<!-- \/ Yoast SEO plugin. -->","yoast_head_json":{"title":"ANAL FANTASY KIT FANTASIA DELUXE - Tienda Er\u00f3tica","robots":{"index":"noindex","follow":"follow","max-snippet":"max-snippet:-1","max-image-preview":"max-image-preview:large","max-video-preview":"max-video-preview:-1"},"og_locale":"es_ES","og_type":"article","og_title":"ANAL FANTASY KIT FANTASIA DELUXE - Tienda Er\u00f3tica","og_description":"ANAL FANTASY DELUXE FANTASY KIT. Si nunca has probado el juego anal, el Deluxe Fantasy Kit es justo lo que","og_url":"https:\/\/demoweb.info\/sexshop001\/producto\/anal-fantasy-kit-fantasia-deluxe\/","og_site_name":"Tienda Er\u00f3tica","article_modified_time":"2022-01-22T09:08:55+00:00","og_image":[{"width":550,"height":550,"url":"https:\/\/demoweb.info\/sexshop001\/wp-content\/uploads\/2022\/01\/ANAL-FANTASY-KIT-FANTASIA-DELUXE.jpg","type":"image\/jpeg"}],"twitter_card":"summary_large_image","twitter_misc":{"Tiempo de lectura":"1 minuto"},"schema":{"@context":"https:\/\/schema.org","@graph":[{"@type":"WebPage","@id":"https:\/\/demoweb.info\/sexshop001\/producto\/anal-fantasy-kit-fantasia-deluxe\/","url":"https:\/\/demoweb.info\/sexshop001\/producto\/anal-fantasy-kit-fantasia-deluxe\/","name":"ANAL FANTASY KIT FANTASIA DELUXE - Tienda Er\u00f3tica","isPartOf":{"@id":"https:\/\/demoweb.info\/sexshop001\/#website"},"datePublished":"2022-01-22T09:08:49+00:00","dateModified":"2022-01-22T09:08:55+00:00","breadcrumb":{"@id":"https:\/\/demoweb.info\/sexshop001\/producto\/anal-fantasy-kit-fantasia-deluxe\/#breadcrumb"},"inLanguage":"es","potentialAction":[{"@type":"ReadAction","target":["https:\/\/demoweb.info\/sexshop001\/producto\/anal-fantasy-kit-fantasia-deluxe\/"]}]},{"@type":"BreadcrumbList","@id":"https:\/\/demoweb.info\/sexshop001\/producto\/anal-fantasy-kit-fantasia-deluxe\/#breadcrumb","itemListElement":[{"@type":"ListItem","position":1,"name":"Portada","item":"https:\/\/demoweb.info\/sexshop001\/"},{"@type":"ListItem","position":2,"name":"Tienda","item":"https:\/\/demoweb.info\/sexshop001\/tienda\/"},{"@type":"ListItem","position":3,"name":"ANAL FANTASY KIT FANTASIA DELUXE"}]},{"@type":"WebSite","@id":"https:\/\/demoweb.info\/sexshop001\/#website","url":"https:\/\/demoweb.info\/sexshop001\/","name":"Tienda Er\u00f3tica","description":"DEMOWEB SL","potentialAction":[{"@type":"SearchAction","target":{"@type":"EntryPoint","urlTemplate":"https:\/\/demoweb.info\/sexshop001\/?s={search_term_string}"},"query-input":"required name=search_term_string"}],"inLanguage":"es"}]}},"_links":{"self":[{"href":"https:\/\/demoweb.info\/sexshop001\/wp-json\/wp\/v3\/product\/12842","targetHints":{"allow":["GET"]}}],"collection":[{"href":"https:\/\/demoweb.info\/sexshop001\/wp-json\/wp\/v3\/product"}],"about":[{"href":"https:\/\/demoweb.info\/sexshop001\/wp-json\/wp\/v2\/types\/product"}],"replies":[{"embeddable":true,"href":"https:\/\/demoweb.info\/sexshop001\/wp-json\/wp\/v2\/comments?post=12842"}],"wp:featuredmedia":[{"embeddable":true,"href":"https:\/\/demoweb.info\/sexshop001\/wp-json\/wp\/v2\/media\/12843"}],"wp:attachment":[{"href":"https:\/\/demoweb.info\/sexshop001\/wp-json\/wp\/v2\/media?parent=12842"}],"wp:term":[{"taxonomy":"product_cat","embeddable":true,"href":"https:\/\/demoweb.info\/sexshop001\/wp-json\/wp\/v2\/product_cat?post=12842"},{"taxonomy":"product_tag","embeddable":true,"href":"https:\/\/demoweb.info\/sexshop001\/wp-json\/wp\/v2\/product_tag?post=12842"}],"curies":[{"name":"wp","href":"https:\/\/api.w.org\/{rel}","templated":true}]}}