{"id":12822,"date":"2022-01-22T10:08:25","date_gmt":"2022-01-22T09:08:25","guid":{"rendered":"https:\/\/demoweb.info\/sexshop001\/producto\/anal-fantasy-plug-hinchable-silicona-2\/"},"modified":"2022-01-22T10:08:42","modified_gmt":"2022-01-22T09:08:42","slug":"anal-fantasy-plug-hinchable-silicona-2","status":"publish","type":"product","link":"https:\/\/demoweb.info\/sexshop001\/producto\/anal-fantasy-plug-hinchable-silicona-2\/","title":{"rendered":"ANAL FANTASY PLUG HINCHABLE SILICONA"},"content":{"rendered":"<p align=&quot;justify&quot;><font size=&quot;1&quot;><b>ANAL FANTASY INFLATABLE SILICONE PLUG<\/b>.<\/p>\n<p>Si nunca has probado el juego anal, el <b>Inflatable Silicone Plug<\/b> es justo lo que necesitas para explorar el maravilloso mundo de la estimulaci\u00f3n anal.<br \/>\n<BR><BR><br \/>\nEl <b>Inflatable Silicone Plug<\/b> cuenta con una punta c\u00f3nica para facilitar la inserci\u00f3n y puede ampliarse en tu interior hasta anchuras extremas! F\u00e1cilmente se infla con s\u00f3lo unos apretones de la bola de la bomba de estilo m\u00e9dica, llenando tu ano con la estimulaci\u00f3n voluminosa. \u00a1Introd\u00facelo en tu rutina sexual y empieza a disfrutar de placer a\u00fan m\u00e1s intenso!<\/p>\n<p>Fabricado con nuestra silicona <b>Elite\u2122<\/b> libre de ftalatos, hipoalerg\u00e9nica, se puede usar durante todo el d\u00eda para la diversi\u00f3n de larga duraci\u00f3n. La limpieza es una obligaci\u00f3n despu\u00e9s de la diversi\u00f3n con el <b>Pipedream toy Cleaner<\/b> y agua tibia.<br \/>\n<BR><BR><br \/>\nAlcanzar el orgasmo mediante la estimulaci\u00f3n anal es incre\u00edblemente excitante gracias a la alta concentraci\u00f3n de terminaciones nerviosas y nuestra <b>Anal Fantasy Collection<\/b> que incluye juguetes que estimulan a cada uno de esos nervios. As\u00ed que perm\u00edtete entrar en un nuevo mundo del placer por la puerta trasera&#8230; las posibilidades son infinitas!<\/p>\n<p>Longitud insertable: 10,9 cm. Di\u00e1metro m\u00e1ximo: 4,8 cm.<br \/>\n<\/font><\/p>\n","protected":false},"excerpt":{"rendered":"<p>ANAL FANTASY INFLATABLE SILICONE PLUG. Si nunca has probado el juego anal, el Inflatable Silicone Plug es justo lo que<\/p>\n","protected":false},"featured_media":12823,"comment_status":"open","ping_status":"open","template":"","meta":[],"product_cat":[280],"product_tag":[485,259],"class_list":["post-12822","product","type-product","status-publish","has-post-thumbnail","hentry","product_cat-hinchables","product_tag-anal-fantasy-collection","product_tag-pipedream"],"bundled_by":[],"bundle_stock_status":"instock","bundle_stock_quantity":6,"bundle_virtual":false,"bundle_layout":"","bundle_add_to_cart_form_location":"","bundle_editable_in_cart":false,"bundle_sold_individually_context":"","bundle_item_grouping":"","bundle_min_size":"","bundle_max_size":"","bundled_items":[],"yoast_head":"<!-- This site is optimized with the Yoast SEO plugin v20.6 - https:\/\/yoast.com\/wordpress\/plugins\/seo\/ -->\n<title>ANAL FANTASY PLUG HINCHABLE SILICONA - Tienda Er\u00f3tica<\/title>\n<meta name=\"robots\" content=\"noindex, follow, max-snippet:-1, max-image-preview:large, max-video-preview:-1\" \/>\n<meta property=\"og:locale\" content=\"es_ES\" \/>\n<meta property=\"og:type\" content=\"article\" \/>\n<meta property=\"og:title\" content=\"ANAL FANTASY PLUG HINCHABLE SILICONA - Tienda Er\u00f3tica\" \/>\n<meta property=\"og:description\" content=\"ANAL FANTASY INFLATABLE SILICONE PLUG. Si nunca has probado el juego anal, el Inflatable Silicone Plug es justo lo que\" \/>\n<meta property=\"og:url\" content=\"https:\/\/demoweb.info\/sexshop001\/producto\/anal-fantasy-plug-hinchable-silicona-2\/\" \/>\n<meta property=\"og:site_name\" content=\"Tienda Er\u00f3tica\" \/>\n<meta property=\"article:modified_time\" content=\"2022-01-22T09:08:42+00:00\" \/>\n<meta property=\"og:image\" content=\"https:\/\/demoweb.info\/sexshop001\/wp-content\/uploads\/2022\/01\/ANAL-FANTASY-PLUG-HINCHABLE-SILICONA-3.jpg\" \/>\n\t<meta property=\"og:image:width\" content=\"550\" \/>\n\t<meta property=\"og:image:height\" content=\"550\" \/>\n\t<meta property=\"og:image:type\" content=\"image\/jpeg\" \/>\n<meta name=\"twitter:card\" content=\"summary_large_image\" \/>\n<meta name=\"twitter:label1\" content=\"Tiempo de lectura\" \/>\n\t<meta name=\"twitter:data1\" content=\"1 minuto\" \/>\n<script type=\"application\/ld+json\" class=\"yoast-schema-graph\">{\"@context\":\"https:\/\/schema.org\",\"@graph\":[{\"@type\":\"WebPage\",\"@id\":\"https:\/\/demoweb.info\/sexshop001\/producto\/anal-fantasy-plug-hinchable-silicona-2\/\",\"url\":\"https:\/\/demoweb.info\/sexshop001\/producto\/anal-fantasy-plug-hinchable-silicona-2\/\",\"name\":\"ANAL FANTASY PLUG HINCHABLE SILICONA - Tienda Er\u00f3tica\",\"isPartOf\":{\"@id\":\"https:\/\/demoweb.info\/sexshop001\/#website\"},\"datePublished\":\"2022-01-22T09:08:25+00:00\",\"dateModified\":\"2022-01-22T09:08:42+00:00\",\"breadcrumb\":{\"@id\":\"https:\/\/demoweb.info\/sexshop001\/producto\/anal-fantasy-plug-hinchable-silicona-2\/#breadcrumb\"},\"inLanguage\":\"es\",\"potentialAction\":[{\"@type\":\"ReadAction\",\"target\":[\"https:\/\/demoweb.info\/sexshop001\/producto\/anal-fantasy-plug-hinchable-silicona-2\/\"]}]},{\"@type\":\"BreadcrumbList\",\"@id\":\"https:\/\/demoweb.info\/sexshop001\/producto\/anal-fantasy-plug-hinchable-silicona-2\/#breadcrumb\",\"itemListElement\":[{\"@type\":\"ListItem\",\"position\":1,\"name\":\"Portada\",\"item\":\"https:\/\/demoweb.info\/sexshop001\/\"},{\"@type\":\"ListItem\",\"position\":2,\"name\":\"Tienda\",\"item\":\"https:\/\/demoweb.info\/sexshop001\/tienda\/\"},{\"@type\":\"ListItem\",\"position\":3,\"name\":\"ANAL FANTASY PLUG HINCHABLE SILICONA\"}]},{\"@type\":\"WebSite\",\"@id\":\"https:\/\/demoweb.info\/sexshop001\/#website\",\"url\":\"https:\/\/demoweb.info\/sexshop001\/\",\"name\":\"Tienda Er\u00f3tica\",\"description\":\"DEMOWEB SL\",\"potentialAction\":[{\"@type\":\"SearchAction\",\"target\":{\"@type\":\"EntryPoint\",\"urlTemplate\":\"https:\/\/demoweb.info\/sexshop001\/?s={search_term_string}\"},\"query-input\":\"required name=search_term_string\"}],\"inLanguage\":\"es\"}]}<\/script>\n<!-- \/ Yoast SEO plugin. -->","yoast_head_json":{"title":"ANAL FANTASY PLUG HINCHABLE SILICONA - Tienda Er\u00f3tica","robots":{"index":"noindex","follow":"follow","max-snippet":"max-snippet:-1","max-image-preview":"max-image-preview:large","max-video-preview":"max-video-preview:-1"},"og_locale":"es_ES","og_type":"article","og_title":"ANAL FANTASY PLUG HINCHABLE SILICONA - Tienda Er\u00f3tica","og_description":"ANAL FANTASY INFLATABLE SILICONE PLUG. Si nunca has probado el juego anal, el Inflatable Silicone Plug es justo lo que","og_url":"https:\/\/demoweb.info\/sexshop001\/producto\/anal-fantasy-plug-hinchable-silicona-2\/","og_site_name":"Tienda Er\u00f3tica","article_modified_time":"2022-01-22T09:08:42+00:00","og_image":[{"width":550,"height":550,"url":"https:\/\/demoweb.info\/sexshop001\/wp-content\/uploads\/2022\/01\/ANAL-FANTASY-PLUG-HINCHABLE-SILICONA-3.jpg","type":"image\/jpeg"}],"twitter_card":"summary_large_image","twitter_misc":{"Tiempo de lectura":"1 minuto"},"schema":{"@context":"https:\/\/schema.org","@graph":[{"@type":"WebPage","@id":"https:\/\/demoweb.info\/sexshop001\/producto\/anal-fantasy-plug-hinchable-silicona-2\/","url":"https:\/\/demoweb.info\/sexshop001\/producto\/anal-fantasy-plug-hinchable-silicona-2\/","name":"ANAL FANTASY PLUG HINCHABLE SILICONA - Tienda Er\u00f3tica","isPartOf":{"@id":"https:\/\/demoweb.info\/sexshop001\/#website"},"datePublished":"2022-01-22T09:08:25+00:00","dateModified":"2022-01-22T09:08:42+00:00","breadcrumb":{"@id":"https:\/\/demoweb.info\/sexshop001\/producto\/anal-fantasy-plug-hinchable-silicona-2\/#breadcrumb"},"inLanguage":"es","potentialAction":[{"@type":"ReadAction","target":["https:\/\/demoweb.info\/sexshop001\/producto\/anal-fantasy-plug-hinchable-silicona-2\/"]}]},{"@type":"BreadcrumbList","@id":"https:\/\/demoweb.info\/sexshop001\/producto\/anal-fantasy-plug-hinchable-silicona-2\/#breadcrumb","itemListElement":[{"@type":"ListItem","position":1,"name":"Portada","item":"https:\/\/demoweb.info\/sexshop001\/"},{"@type":"ListItem","position":2,"name":"Tienda","item":"https:\/\/demoweb.info\/sexshop001\/tienda\/"},{"@type":"ListItem","position":3,"name":"ANAL FANTASY PLUG HINCHABLE SILICONA"}]},{"@type":"WebSite","@id":"https:\/\/demoweb.info\/sexshop001\/#website","url":"https:\/\/demoweb.info\/sexshop001\/","name":"Tienda Er\u00f3tica","description":"DEMOWEB SL","potentialAction":[{"@type":"SearchAction","target":{"@type":"EntryPoint","urlTemplate":"https:\/\/demoweb.info\/sexshop001\/?s={search_term_string}"},"query-input":"required name=search_term_string"}],"inLanguage":"es"}]}},"_links":{"self":[{"href":"https:\/\/demoweb.info\/sexshop001\/wp-json\/wp\/v3\/product\/12822","targetHints":{"allow":["GET"]}}],"collection":[{"href":"https:\/\/demoweb.info\/sexshop001\/wp-json\/wp\/v3\/product"}],"about":[{"href":"https:\/\/demoweb.info\/sexshop001\/wp-json\/wp\/v2\/types\/product"}],"replies":[{"embeddable":true,"href":"https:\/\/demoweb.info\/sexshop001\/wp-json\/wp\/v2\/comments?post=12822"}],"wp:featuredmedia":[{"embeddable":true,"href":"https:\/\/demoweb.info\/sexshop001\/wp-json\/wp\/v2\/media\/12823"}],"wp:attachment":[{"href":"https:\/\/demoweb.info\/sexshop001\/wp-json\/wp\/v2\/media?parent=12822"}],"wp:term":[{"taxonomy":"product_cat","embeddable":true,"href":"https:\/\/demoweb.info\/sexshop001\/wp-json\/wp\/v2\/product_cat?post=12822"},{"taxonomy":"product_tag","embeddable":true,"href":"https:\/\/demoweb.info\/sexshop001\/wp-json\/wp\/v2\/product_tag?post=12822"}],"curies":[{"name":"wp","href":"https:\/\/api.w.org\/{rel}","templated":true}]}}