{"id":12818,"date":"2022-01-22T10:08:25","date_gmt":"2022-01-22T09:08:25","guid":{"rendered":"https:\/\/demoweb.info\/sexshop001\/producto\/anal-fantasy-curva-vibradora\/"},"modified":"2022-01-22T10:08:41","modified_gmt":"2022-01-22T09:08:41","slug":"anal-fantasy-curva-vibradora","status":"publish","type":"product","link":"https:\/\/demoweb.info\/sexshop001\/producto\/anal-fantasy-curva-vibradora\/","title":{"rendered":"ANAL FANTASY CURVA VIBRADORA"},"content":{"rendered":"<p><strong>ANAL FANTASY VIBRATING CURVE<\/strong>.<\/p>\n<p>Si nunca has probado el juego anal, el <strong>Vibrating Curve<\/strong> es justo lo que necesitas para explorar el maravilloso mundo de la estimulaci\u00f3n anal.<\/p>\n<p>El <strong>Vibrating Curve<\/strong> cuenta con un eje curvado y punta redondeada para la estimulaci\u00f3n del Punto-P, mientras que el motor silencioso ofrece vibraciones alucinantes directamente a tu \u00e1rea m\u00e1s sensible. Para encender y apagar el vibrador, solamente debes girar el dial ubicado en la base, con el que podr\u00e1s controlar la intensidad de la vibraci\u00f3n. La limpieza es una obligaci\u00f3n despu\u00e9s de la diversi\u00f3n con el <strong>Pipedream toy Cleaner<\/strong> y agua tibia.<\/p>\n<p>Alcanzar el orgasmo mediante la estimulaci\u00f3n anal es incre\u00edblemente excitante gracias a la alta concentraci\u00f3n de terminaciones nerviosas y nuestra <strong>Anal Fantasy Collection<\/strong> que incluye juguetes que estimulan a cada uno de esos nervios. As\u00ed que perm\u00edtete entrar en un nuevo mundo del placer por la puerta trasera&#8230; las posibilidades son infinitas!<\/p>\n<p>Longitud insertable: 17,6 cm. Di\u00e1metro m\u00e1ximo: 2,8 cm.<\/p>\n<p>Incluye muestras diferentes a las ofertadas.<\/p>\n","protected":false},"excerpt":{"rendered":"<p>ANAL FANTASY VIBRATING CURVE. Si nunca has probado el juego anal, el Vibrating Curve es justo lo que necesitas para<\/p>\n","protected":false},"featured_media":12819,"comment_status":"open","ping_status":"open","template":"","meta":[],"product_cat":[439],"product_tag":[485,259],"class_list":["post-12818","product","type-product","status-publish","has-post-thumbnail","hentry","product_cat-punto-p-plugs","product_tag-anal-fantasy-collection","product_tag-pipedream"],"bundled_by":[],"bundle_stock_status":"instock","bundle_stock_quantity":7,"bundle_virtual":false,"bundle_layout":"","bundle_add_to_cart_form_location":"","bundle_editable_in_cart":false,"bundle_sold_individually_context":"","bundle_item_grouping":"","bundle_min_size":"","bundle_max_size":"","bundled_items":[],"yoast_head":"<!-- This site is optimized with the Yoast SEO plugin v20.6 - https:\/\/yoast.com\/wordpress\/plugins\/seo\/ -->\n<title>ANAL FANTASY CURVA VIBRADORA - Tienda Er\u00f3tica<\/title>\n<meta name=\"robots\" content=\"noindex, follow, max-snippet:-1, max-image-preview:large, max-video-preview:-1\" \/>\n<meta property=\"og:locale\" content=\"es_ES\" \/>\n<meta property=\"og:type\" content=\"article\" \/>\n<meta property=\"og:title\" content=\"ANAL FANTASY CURVA VIBRADORA - Tienda Er\u00f3tica\" \/>\n<meta property=\"og:description\" content=\"ANAL FANTASY VIBRATING CURVE. Si nunca has probado el juego anal, el Vibrating Curve es justo lo que necesitas para\" \/>\n<meta property=\"og:url\" content=\"https:\/\/demoweb.info\/sexshop001\/producto\/anal-fantasy-curva-vibradora\/\" \/>\n<meta property=\"og:site_name\" content=\"Tienda Er\u00f3tica\" \/>\n<meta property=\"article:modified_time\" content=\"2022-01-22T09:08:41+00:00\" \/>\n<meta property=\"og:image\" content=\"https:\/\/demoweb.info\/sexshop001\/wp-content\/uploads\/2022\/01\/ANAL-FANTASY-CURVA-VIBRADORA.jpg\" \/>\n\t<meta property=\"og:image:width\" content=\"550\" \/>\n\t<meta property=\"og:image:height\" content=\"550\" \/>\n\t<meta property=\"og:image:type\" content=\"image\/jpeg\" \/>\n<meta name=\"twitter:card\" content=\"summary_large_image\" \/>\n<meta name=\"twitter:label1\" content=\"Tiempo de lectura\" \/>\n\t<meta name=\"twitter:data1\" content=\"1 minuto\" \/>\n<script type=\"application\/ld+json\" class=\"yoast-schema-graph\">{\"@context\":\"https:\/\/schema.org\",\"@graph\":[{\"@type\":\"WebPage\",\"@id\":\"https:\/\/demoweb.info\/sexshop001\/producto\/anal-fantasy-curva-vibradora\/\",\"url\":\"https:\/\/demoweb.info\/sexshop001\/producto\/anal-fantasy-curva-vibradora\/\",\"name\":\"ANAL FANTASY CURVA VIBRADORA - Tienda Er\u00f3tica\",\"isPartOf\":{\"@id\":\"https:\/\/demoweb.info\/sexshop001\/#website\"},\"datePublished\":\"2022-01-22T09:08:25+00:00\",\"dateModified\":\"2022-01-22T09:08:41+00:00\",\"breadcrumb\":{\"@id\":\"https:\/\/demoweb.info\/sexshop001\/producto\/anal-fantasy-curva-vibradora\/#breadcrumb\"},\"inLanguage\":\"es\",\"potentialAction\":[{\"@type\":\"ReadAction\",\"target\":[\"https:\/\/demoweb.info\/sexshop001\/producto\/anal-fantasy-curva-vibradora\/\"]}]},{\"@type\":\"BreadcrumbList\",\"@id\":\"https:\/\/demoweb.info\/sexshop001\/producto\/anal-fantasy-curva-vibradora\/#breadcrumb\",\"itemListElement\":[{\"@type\":\"ListItem\",\"position\":1,\"name\":\"Portada\",\"item\":\"https:\/\/demoweb.info\/sexshop001\/\"},{\"@type\":\"ListItem\",\"position\":2,\"name\":\"Tienda\",\"item\":\"https:\/\/demoweb.info\/sexshop001\/tienda\/\"},{\"@type\":\"ListItem\",\"position\":3,\"name\":\"ANAL FANTASY CURVA VIBRADORA\"}]},{\"@type\":\"WebSite\",\"@id\":\"https:\/\/demoweb.info\/sexshop001\/#website\",\"url\":\"https:\/\/demoweb.info\/sexshop001\/\",\"name\":\"Tienda Er\u00f3tica\",\"description\":\"DEMOWEB SL\",\"potentialAction\":[{\"@type\":\"SearchAction\",\"target\":{\"@type\":\"EntryPoint\",\"urlTemplate\":\"https:\/\/demoweb.info\/sexshop001\/?s={search_term_string}\"},\"query-input\":\"required name=search_term_string\"}],\"inLanguage\":\"es\"}]}<\/script>\n<!-- \/ Yoast SEO plugin. -->","yoast_head_json":{"title":"ANAL FANTASY CURVA VIBRADORA - Tienda Er\u00f3tica","robots":{"index":"noindex","follow":"follow","max-snippet":"max-snippet:-1","max-image-preview":"max-image-preview:large","max-video-preview":"max-video-preview:-1"},"og_locale":"es_ES","og_type":"article","og_title":"ANAL FANTASY CURVA VIBRADORA - Tienda Er\u00f3tica","og_description":"ANAL FANTASY VIBRATING CURVE. Si nunca has probado el juego anal, el Vibrating Curve es justo lo que necesitas para","og_url":"https:\/\/demoweb.info\/sexshop001\/producto\/anal-fantasy-curva-vibradora\/","og_site_name":"Tienda Er\u00f3tica","article_modified_time":"2022-01-22T09:08:41+00:00","og_image":[{"width":550,"height":550,"url":"https:\/\/demoweb.info\/sexshop001\/wp-content\/uploads\/2022\/01\/ANAL-FANTASY-CURVA-VIBRADORA.jpg","type":"image\/jpeg"}],"twitter_card":"summary_large_image","twitter_misc":{"Tiempo de lectura":"1 minuto"},"schema":{"@context":"https:\/\/schema.org","@graph":[{"@type":"WebPage","@id":"https:\/\/demoweb.info\/sexshop001\/producto\/anal-fantasy-curva-vibradora\/","url":"https:\/\/demoweb.info\/sexshop001\/producto\/anal-fantasy-curva-vibradora\/","name":"ANAL FANTASY CURVA VIBRADORA - Tienda Er\u00f3tica","isPartOf":{"@id":"https:\/\/demoweb.info\/sexshop001\/#website"},"datePublished":"2022-01-22T09:08:25+00:00","dateModified":"2022-01-22T09:08:41+00:00","breadcrumb":{"@id":"https:\/\/demoweb.info\/sexshop001\/producto\/anal-fantasy-curva-vibradora\/#breadcrumb"},"inLanguage":"es","potentialAction":[{"@type":"ReadAction","target":["https:\/\/demoweb.info\/sexshop001\/producto\/anal-fantasy-curva-vibradora\/"]}]},{"@type":"BreadcrumbList","@id":"https:\/\/demoweb.info\/sexshop001\/producto\/anal-fantasy-curva-vibradora\/#breadcrumb","itemListElement":[{"@type":"ListItem","position":1,"name":"Portada","item":"https:\/\/demoweb.info\/sexshop001\/"},{"@type":"ListItem","position":2,"name":"Tienda","item":"https:\/\/demoweb.info\/sexshop001\/tienda\/"},{"@type":"ListItem","position":3,"name":"ANAL FANTASY CURVA VIBRADORA"}]},{"@type":"WebSite","@id":"https:\/\/demoweb.info\/sexshop001\/#website","url":"https:\/\/demoweb.info\/sexshop001\/","name":"Tienda Er\u00f3tica","description":"DEMOWEB SL","potentialAction":[{"@type":"SearchAction","target":{"@type":"EntryPoint","urlTemplate":"https:\/\/demoweb.info\/sexshop001\/?s={search_term_string}"},"query-input":"required name=search_term_string"}],"inLanguage":"es"}]}},"_links":{"self":[{"href":"https:\/\/demoweb.info\/sexshop001\/wp-json\/wp\/v3\/product\/12818","targetHints":{"allow":["GET"]}}],"collection":[{"href":"https:\/\/demoweb.info\/sexshop001\/wp-json\/wp\/v3\/product"}],"about":[{"href":"https:\/\/demoweb.info\/sexshop001\/wp-json\/wp\/v2\/types\/product"}],"replies":[{"embeddable":true,"href":"https:\/\/demoweb.info\/sexshop001\/wp-json\/wp\/v2\/comments?post=12818"}],"wp:featuredmedia":[{"embeddable":true,"href":"https:\/\/demoweb.info\/sexshop001\/wp-json\/wp\/v2\/media\/12819"}],"wp:attachment":[{"href":"https:\/\/demoweb.info\/sexshop001\/wp-json\/wp\/v2\/media?parent=12818"}],"wp:term":[{"taxonomy":"product_cat","embeddable":true,"href":"https:\/\/demoweb.info\/sexshop001\/wp-json\/wp\/v2\/product_cat?post=12818"},{"taxonomy":"product_tag","embeddable":true,"href":"https:\/\/demoweb.info\/sexshop001\/wp-json\/wp\/v2\/product_tag?post=12818"}],"curies":[{"name":"wp","href":"https:\/\/api.w.org\/{rel}","templated":true}]}}