{"id":12792,"date":"2022-01-22T10:08:25","date_gmt":"2022-01-22T09:08:25","guid":{"rendered":"https:\/\/demoweb.info\/sexshop001\/producto\/anal-fantasy-kit-aventura-anal\/"},"modified":"2022-01-22T10:08:31","modified_gmt":"2022-01-22T09:08:31","slug":"anal-fantasy-kit-aventura-anal","status":"publish","type":"product","link":"https:\/\/demoweb.info\/sexshop001\/producto\/anal-fantasy-kit-aventura-anal\/","title":{"rendered":"ANAL FANTASY KIT AVENTURA ANAL"},"content":{"rendered":"<p><font size=&quot;1&quot;><b>ANAL FANTASY ANAL ADVENTURE KIT.<\/b><\/p>\n<p>Si nunca has probado el juego anal, el <b>Anal Adventure<\/b> es justo lo que necesitas para explorar el maravilloso mundo de la estimulaci\u00f3n anal.<\/p>\n<p>La clave para el juego anal es tomar las cosas con calma! El intento de penetraci\u00f3n anal antes de que est\u00e9 debidamente excitada puede ser desagradable, as\u00ed que rel\u00e1jate con el fin de disfrutar de la experiencia.<\/p>\n<p>el <b>Anal Adventure<\/b> cuenta con tres cabezales \u00fanicos que simplemente se acopla al mini-vibrador. Cada accesorio cuenta con una punta c\u00f3nica para facilitar la entrada, mientras que el motor silencioso proporciona vibraciones alucinantes directamente a tu punto m\u00e1s sensible. S\u00f3lo tienes que girar la base del mini-vibrador para que empiece a funcionar.<\/p>\n<p>Fabricado con silicona <b>Elite\u2122<\/b> es libre de ftalatos, hipoalerg\u00e9nica, y se puede usar durante todo el d\u00eda para la diversi\u00f3n de larga duraci\u00f3n. La limpieza es una obligaci\u00f3n despu\u00e9s de la diversi\u00f3n con el <b>Pipedream toy Cleaner<\/b> y agua tibia.<br \/>\n<BR><BR><br \/>\nAlcanzar el orgasmo mediante la estimulaci\u00f3n anal es incre\u00edblemente excitante gracias a la alta concentraci\u00f3n de terminaciones nerviosas y nuestra <b>Anal Fantasy Collection<\/b> que incluye juguetes que estimulan a cada uno de esos nervios. As\u00ed que perm\u00edtete entrar en un nuevo mundo del placer por la puerta trasera&#8230; las posibilidades son infinitas!<\/p>\n<p>Longitud insertable: 7,5 cm. Di\u00e1metro m\u00e1ximo: 3,2 cm.<br \/>\n<\/font><\/p>\n","protected":false},"excerpt":{"rendered":"<p>ANAL FANTASY ANAL ADVENTURE KIT. Si nunca has probado el juego anal, el Anal Adventure es justo lo que necesitas<\/p>\n","protected":false},"featured_media":12793,"comment_status":"open","ping_status":"open","template":"","meta":[],"product_cat":[684],"product_tag":[485,259],"class_list":["post-12792","product","type-product","status-publish","has-post-thumbnail","hentry","product_cat-san-valentin-regalos","product_tag-anal-fantasy-collection","product_tag-pipedream"],"bundled_by":[],"bundle_stock_status":"instock","bundle_stock_quantity":3,"bundle_virtual":false,"bundle_layout":"","bundle_add_to_cart_form_location":"","bundle_editable_in_cart":false,"bundle_sold_individually_context":"","bundle_item_grouping":"","bundle_min_size":"","bundle_max_size":"","bundled_items":[],"yoast_head":"<!-- This site is optimized with the Yoast SEO plugin v20.6 - https:\/\/yoast.com\/wordpress\/plugins\/seo\/ -->\n<title>ANAL FANTASY KIT AVENTURA ANAL - Tienda Er\u00f3tica<\/title>\n<meta name=\"robots\" content=\"noindex, follow, max-snippet:-1, max-image-preview:large, max-video-preview:-1\" \/>\n<meta property=\"og:locale\" content=\"es_ES\" \/>\n<meta property=\"og:type\" content=\"article\" \/>\n<meta property=\"og:title\" content=\"ANAL FANTASY KIT AVENTURA ANAL - Tienda Er\u00f3tica\" \/>\n<meta property=\"og:description\" content=\"ANAL FANTASY ANAL ADVENTURE KIT. Si nunca has probado el juego anal, el Anal Adventure es justo lo que necesitas\" \/>\n<meta property=\"og:url\" content=\"https:\/\/demoweb.info\/sexshop001\/producto\/anal-fantasy-kit-aventura-anal\/\" \/>\n<meta property=\"og:site_name\" content=\"Tienda Er\u00f3tica\" \/>\n<meta property=\"article:modified_time\" content=\"2022-01-22T09:08:31+00:00\" \/>\n<meta property=\"og:image\" content=\"https:\/\/demoweb.info\/sexshop001\/wp-content\/uploads\/2022\/01\/ANAL-FANTASY-KIT-AVENTURA-ANAL.jpg\" \/>\n\t<meta property=\"og:image:width\" content=\"550\" \/>\n\t<meta property=\"og:image:height\" content=\"550\" \/>\n\t<meta property=\"og:image:type\" content=\"image\/jpeg\" \/>\n<meta name=\"twitter:card\" content=\"summary_large_image\" \/>\n<meta name=\"twitter:label1\" content=\"Tiempo de lectura\" \/>\n\t<meta name=\"twitter:data1\" content=\"1 minuto\" \/>\n<script type=\"application\/ld+json\" class=\"yoast-schema-graph\">{\"@context\":\"https:\/\/schema.org\",\"@graph\":[{\"@type\":\"WebPage\",\"@id\":\"https:\/\/demoweb.info\/sexshop001\/producto\/anal-fantasy-kit-aventura-anal\/\",\"url\":\"https:\/\/demoweb.info\/sexshop001\/producto\/anal-fantasy-kit-aventura-anal\/\",\"name\":\"ANAL FANTASY KIT AVENTURA ANAL - Tienda Er\u00f3tica\",\"isPartOf\":{\"@id\":\"https:\/\/demoweb.info\/sexshop001\/#website\"},\"datePublished\":\"2022-01-22T09:08:25+00:00\",\"dateModified\":\"2022-01-22T09:08:31+00:00\",\"breadcrumb\":{\"@id\":\"https:\/\/demoweb.info\/sexshop001\/producto\/anal-fantasy-kit-aventura-anal\/#breadcrumb\"},\"inLanguage\":\"es\",\"potentialAction\":[{\"@type\":\"ReadAction\",\"target\":[\"https:\/\/demoweb.info\/sexshop001\/producto\/anal-fantasy-kit-aventura-anal\/\"]}]},{\"@type\":\"BreadcrumbList\",\"@id\":\"https:\/\/demoweb.info\/sexshop001\/producto\/anal-fantasy-kit-aventura-anal\/#breadcrumb\",\"itemListElement\":[{\"@type\":\"ListItem\",\"position\":1,\"name\":\"Portada\",\"item\":\"https:\/\/demoweb.info\/sexshop001\/\"},{\"@type\":\"ListItem\",\"position\":2,\"name\":\"Tienda\",\"item\":\"https:\/\/demoweb.info\/sexshop001\/tienda\/\"},{\"@type\":\"ListItem\",\"position\":3,\"name\":\"ANAL FANTASY KIT AVENTURA ANAL\"}]},{\"@type\":\"WebSite\",\"@id\":\"https:\/\/demoweb.info\/sexshop001\/#website\",\"url\":\"https:\/\/demoweb.info\/sexshop001\/\",\"name\":\"Tienda Er\u00f3tica\",\"description\":\"DEMOWEB SL\",\"potentialAction\":[{\"@type\":\"SearchAction\",\"target\":{\"@type\":\"EntryPoint\",\"urlTemplate\":\"https:\/\/demoweb.info\/sexshop001\/?s={search_term_string}\"},\"query-input\":\"required name=search_term_string\"}],\"inLanguage\":\"es\"}]}<\/script>\n<!-- \/ Yoast SEO plugin. -->","yoast_head_json":{"title":"ANAL FANTASY KIT AVENTURA ANAL - Tienda Er\u00f3tica","robots":{"index":"noindex","follow":"follow","max-snippet":"max-snippet:-1","max-image-preview":"max-image-preview:large","max-video-preview":"max-video-preview:-1"},"og_locale":"es_ES","og_type":"article","og_title":"ANAL FANTASY KIT AVENTURA ANAL - Tienda Er\u00f3tica","og_description":"ANAL FANTASY ANAL ADVENTURE KIT. Si nunca has probado el juego anal, el Anal Adventure es justo lo que necesitas","og_url":"https:\/\/demoweb.info\/sexshop001\/producto\/anal-fantasy-kit-aventura-anal\/","og_site_name":"Tienda Er\u00f3tica","article_modified_time":"2022-01-22T09:08:31+00:00","og_image":[{"width":550,"height":550,"url":"https:\/\/demoweb.info\/sexshop001\/wp-content\/uploads\/2022\/01\/ANAL-FANTASY-KIT-AVENTURA-ANAL.jpg","type":"image\/jpeg"}],"twitter_card":"summary_large_image","twitter_misc":{"Tiempo de lectura":"1 minuto"},"schema":{"@context":"https:\/\/schema.org","@graph":[{"@type":"WebPage","@id":"https:\/\/demoweb.info\/sexshop001\/producto\/anal-fantasy-kit-aventura-anal\/","url":"https:\/\/demoweb.info\/sexshop001\/producto\/anal-fantasy-kit-aventura-anal\/","name":"ANAL FANTASY KIT AVENTURA ANAL - Tienda Er\u00f3tica","isPartOf":{"@id":"https:\/\/demoweb.info\/sexshop001\/#website"},"datePublished":"2022-01-22T09:08:25+00:00","dateModified":"2022-01-22T09:08:31+00:00","breadcrumb":{"@id":"https:\/\/demoweb.info\/sexshop001\/producto\/anal-fantasy-kit-aventura-anal\/#breadcrumb"},"inLanguage":"es","potentialAction":[{"@type":"ReadAction","target":["https:\/\/demoweb.info\/sexshop001\/producto\/anal-fantasy-kit-aventura-anal\/"]}]},{"@type":"BreadcrumbList","@id":"https:\/\/demoweb.info\/sexshop001\/producto\/anal-fantasy-kit-aventura-anal\/#breadcrumb","itemListElement":[{"@type":"ListItem","position":1,"name":"Portada","item":"https:\/\/demoweb.info\/sexshop001\/"},{"@type":"ListItem","position":2,"name":"Tienda","item":"https:\/\/demoweb.info\/sexshop001\/tienda\/"},{"@type":"ListItem","position":3,"name":"ANAL FANTASY KIT AVENTURA ANAL"}]},{"@type":"WebSite","@id":"https:\/\/demoweb.info\/sexshop001\/#website","url":"https:\/\/demoweb.info\/sexshop001\/","name":"Tienda Er\u00f3tica","description":"DEMOWEB SL","potentialAction":[{"@type":"SearchAction","target":{"@type":"EntryPoint","urlTemplate":"https:\/\/demoweb.info\/sexshop001\/?s={search_term_string}"},"query-input":"required name=search_term_string"}],"inLanguage":"es"}]}},"_links":{"self":[{"href":"https:\/\/demoweb.info\/sexshop001\/wp-json\/wp\/v3\/product\/12792","targetHints":{"allow":["GET"]}}],"collection":[{"href":"https:\/\/demoweb.info\/sexshop001\/wp-json\/wp\/v3\/product"}],"about":[{"href":"https:\/\/demoweb.info\/sexshop001\/wp-json\/wp\/v2\/types\/product"}],"replies":[{"embeddable":true,"href":"https:\/\/demoweb.info\/sexshop001\/wp-json\/wp\/v2\/comments?post=12792"}],"wp:featuredmedia":[{"embeddable":true,"href":"https:\/\/demoweb.info\/sexshop001\/wp-json\/wp\/v2\/media\/12793"}],"wp:attachment":[{"href":"https:\/\/demoweb.info\/sexshop001\/wp-json\/wp\/v2\/media?parent=12792"}],"wp:term":[{"taxonomy":"product_cat","embeddable":true,"href":"https:\/\/demoweb.info\/sexshop001\/wp-json\/wp\/v2\/product_cat?post=12792"},{"taxonomy":"product_tag","embeddable":true,"href":"https:\/\/demoweb.info\/sexshop001\/wp-json\/wp\/v2\/product_tag?post=12792"}],"curies":[{"name":"wp","href":"https:\/\/api.w.org\/{rel}","templated":true}]}}