{"id":12704,"date":"2022-01-22T10:07:41","date_gmt":"2022-01-22T09:07:41","guid":{"rendered":"https:\/\/demoweb.info\/sexshop001\/producto\/el-desvan-de-los-suenos\/"},"modified":"2022-01-22T10:07:54","modified_gmt":"2022-01-22T09:07:54","slug":"el-desvan-de-los-suenos","status":"publish","type":"product","link":"https:\/\/demoweb.info\/sexshop001\/producto\/el-desvan-de-los-suenos\/","title":{"rendered":"EL DESV\u00c1N DE LOS SUE\u00d1OS"},"content":{"rendered":"<p><strong>EL DESV\u00c1N DE LOS SUE\u00d1OS<\/strong><\/p>\n<p>Elena Montagud.<\/p>\n<p><strong>Una preciosa historia de amor ambientada en el Madrid actual. Una novela rebosante de ilusi\u00f3n, sue\u00f1os, sensualidad y pasi\u00f3n por los libros.<\/strong><\/p>\n<p>A sus treinta y dos a\u00f1os, una nueva vida se presenta ante los ojos de Tina. No solo estrena piso e independencia, sino tambien un empleo en El desv\u00e1n de los sue\u00f1os, una librer\u00eda de barrio y el lugar perfecto para ella.<\/p>\n<p>Pero en ocasiones, al peque\u00f1o y solitario comedor de su nuevo hogar llegan las voces de sus vecinos, sobre todo la de Diego, un joven ejecutivo a quien el destino ha puesto a cargo de un sobrino dif\u00edcil oblig\u00e1ndole a abandonar su vida anterior, pr\u00f3diga en viajes y tratos millonarios. Un d\u00eda, Diego conoce a Tina y enseguida comprende lo mucho que hac\u00eda que no ten\u00eda tan cerca a una mujer capaz de ilusionarlo de verdad.<\/p>\n<p>Tambien Tina siente una poderosa atracci\u00f3n hacia el, pero en su alma siguen abiertas a\u00fan las cicatrices de un ex marido manipulador y no est\u00e1 segura de querer lanzarse a algo tan fr\u00e1gil como el amor. \u00bfAcaso no es mejor protegerse, marcar distancia, convencerse de que las \u00fanicas historias rom\u00e1nticas que acaban bien son las de las novelas que vende en El desv\u00e1n de los sue\u00f1os?<\/p>\n<ul>\n<li>N&ordm; de p\u00e1ginas: 496<\/li>\n<li>Editorial: GRIJALBO<\/li>\n<li>Idioma: CASTELLANO<\/li>\n<li>Encuadernaci\u00f3n: Tapa blanda<\/li>\n<li>ISBN: 9788425360008<\/li>\n<li>A\u00f1o de edici\u00f3n: 2021<\/li>\n<li>Plaza de edici\u00f3n: ES<\/li>\n<li>Fecha de lanzamiento: 18\/03\/2021<\/li>\n<\/ul>\n","protected":false},"excerpt":{"rendered":"<p>EL DESV\u00c1N DE LOS SUE\u00d1OS Elena Montagud. Una preciosa historia de amor ambientada en el Madrid actual. Una novela rebosante<\/p>\n","protected":false},"featured_media":12705,"comment_status":"open","ping_status":"open","template":"","meta":[],"product_cat":[414],"product_tag":[416,415],"class_list":["post-12704","product","type-product","status-publish","has-post-thumbnail","hentry","product_cat-libros","product_tag-grijalbo","product_tag-random-house"],"bundled_by":[],"bundle_stock_status":"instock","bundle_stock_quantity":3,"bundle_virtual":false,"bundle_layout":"","bundle_add_to_cart_form_location":"","bundle_editable_in_cart":false,"bundle_sold_individually_context":"","bundle_item_grouping":"","bundle_min_size":"","bundle_max_size":"","bundled_items":[],"yoast_head":"<!-- This site is optimized with the Yoast SEO plugin v20.6 - https:\/\/yoast.com\/wordpress\/plugins\/seo\/ -->\n<title>EL DESV\u00c1N DE LOS SUE\u00d1OS - Tienda Er\u00f3tica<\/title>\n<meta name=\"robots\" content=\"noindex, follow, max-snippet:-1, max-image-preview:large, max-video-preview:-1\" \/>\n<meta property=\"og:locale\" content=\"es_ES\" \/>\n<meta property=\"og:type\" content=\"article\" \/>\n<meta property=\"og:title\" content=\"EL DESV\u00c1N DE LOS SUE\u00d1OS - Tienda Er\u00f3tica\" \/>\n<meta property=\"og:description\" content=\"EL DESV\u00c1N DE LOS SUE\u00d1OS Elena Montagud. Una preciosa historia de amor ambientada en el Madrid actual. Una novela rebosante\" \/>\n<meta property=\"og:url\" content=\"https:\/\/demoweb.info\/sexshop001\/producto\/el-desvan-de-los-suenos\/\" \/>\n<meta property=\"og:site_name\" content=\"Tienda Er\u00f3tica\" \/>\n<meta property=\"article:modified_time\" content=\"2022-01-22T09:07:54+00:00\" \/>\n<meta property=\"og:image\" content=\"https:\/\/demoweb.info\/sexshop001\/wp-content\/uploads\/2022\/01\/EL-DESVAN-DE-LOS-SUENOS.jpg\" \/>\n\t<meta property=\"og:image:width\" content=\"550\" \/>\n\t<meta property=\"og:image:height\" content=\"550\" \/>\n\t<meta property=\"og:image:type\" content=\"image\/jpeg\" \/>\n<meta name=\"twitter:card\" content=\"summary_large_image\" \/>\n<meta name=\"twitter:label1\" content=\"Tiempo de lectura\" \/>\n\t<meta name=\"twitter:data1\" content=\"1 minuto\" \/>\n<script type=\"application\/ld+json\" class=\"yoast-schema-graph\">{\"@context\":\"https:\/\/schema.org\",\"@graph\":[{\"@type\":\"WebPage\",\"@id\":\"https:\/\/demoweb.info\/sexshop001\/producto\/el-desvan-de-los-suenos\/\",\"url\":\"https:\/\/demoweb.info\/sexshop001\/producto\/el-desvan-de-los-suenos\/\",\"name\":\"EL DESV\u00c1N DE LOS SUE\u00d1OS - Tienda Er\u00f3tica\",\"isPartOf\":{\"@id\":\"https:\/\/demoweb.info\/sexshop001\/#website\"},\"datePublished\":\"2022-01-22T09:07:41+00:00\",\"dateModified\":\"2022-01-22T09:07:54+00:00\",\"breadcrumb\":{\"@id\":\"https:\/\/demoweb.info\/sexshop001\/producto\/el-desvan-de-los-suenos\/#breadcrumb\"},\"inLanguage\":\"es\",\"potentialAction\":[{\"@type\":\"ReadAction\",\"target\":[\"https:\/\/demoweb.info\/sexshop001\/producto\/el-desvan-de-los-suenos\/\"]}]},{\"@type\":\"BreadcrumbList\",\"@id\":\"https:\/\/demoweb.info\/sexshop001\/producto\/el-desvan-de-los-suenos\/#breadcrumb\",\"itemListElement\":[{\"@type\":\"ListItem\",\"position\":1,\"name\":\"Portada\",\"item\":\"https:\/\/demoweb.info\/sexshop001\/\"},{\"@type\":\"ListItem\",\"position\":2,\"name\":\"Tienda\",\"item\":\"https:\/\/demoweb.info\/sexshop001\/tienda\/\"},{\"@type\":\"ListItem\",\"position\":3,\"name\":\"EL DESV\u00c1N DE LOS SUE\u00d1OS\"}]},{\"@type\":\"WebSite\",\"@id\":\"https:\/\/demoweb.info\/sexshop001\/#website\",\"url\":\"https:\/\/demoweb.info\/sexshop001\/\",\"name\":\"Tienda Er\u00f3tica\",\"description\":\"DEMOWEB SL\",\"potentialAction\":[{\"@type\":\"SearchAction\",\"target\":{\"@type\":\"EntryPoint\",\"urlTemplate\":\"https:\/\/demoweb.info\/sexshop001\/?s={search_term_string}\"},\"query-input\":\"required name=search_term_string\"}],\"inLanguage\":\"es\"}]}<\/script>\n<!-- \/ Yoast SEO plugin. -->","yoast_head_json":{"title":"EL DESV\u00c1N DE LOS SUE\u00d1OS - Tienda Er\u00f3tica","robots":{"index":"noindex","follow":"follow","max-snippet":"max-snippet:-1","max-image-preview":"max-image-preview:large","max-video-preview":"max-video-preview:-1"},"og_locale":"es_ES","og_type":"article","og_title":"EL DESV\u00c1N DE LOS SUE\u00d1OS - Tienda Er\u00f3tica","og_description":"EL DESV\u00c1N DE LOS SUE\u00d1OS Elena Montagud. Una preciosa historia de amor ambientada en el Madrid actual. Una novela rebosante","og_url":"https:\/\/demoweb.info\/sexshop001\/producto\/el-desvan-de-los-suenos\/","og_site_name":"Tienda Er\u00f3tica","article_modified_time":"2022-01-22T09:07:54+00:00","og_image":[{"width":550,"height":550,"url":"https:\/\/demoweb.info\/sexshop001\/wp-content\/uploads\/2022\/01\/EL-DESVAN-DE-LOS-SUENOS.jpg","type":"image\/jpeg"}],"twitter_card":"summary_large_image","twitter_misc":{"Tiempo de lectura":"1 minuto"},"schema":{"@context":"https:\/\/schema.org","@graph":[{"@type":"WebPage","@id":"https:\/\/demoweb.info\/sexshop001\/producto\/el-desvan-de-los-suenos\/","url":"https:\/\/demoweb.info\/sexshop001\/producto\/el-desvan-de-los-suenos\/","name":"EL DESV\u00c1N DE LOS SUE\u00d1OS - Tienda Er\u00f3tica","isPartOf":{"@id":"https:\/\/demoweb.info\/sexshop001\/#website"},"datePublished":"2022-01-22T09:07:41+00:00","dateModified":"2022-01-22T09:07:54+00:00","breadcrumb":{"@id":"https:\/\/demoweb.info\/sexshop001\/producto\/el-desvan-de-los-suenos\/#breadcrumb"},"inLanguage":"es","potentialAction":[{"@type":"ReadAction","target":["https:\/\/demoweb.info\/sexshop001\/producto\/el-desvan-de-los-suenos\/"]}]},{"@type":"BreadcrumbList","@id":"https:\/\/demoweb.info\/sexshop001\/producto\/el-desvan-de-los-suenos\/#breadcrumb","itemListElement":[{"@type":"ListItem","position":1,"name":"Portada","item":"https:\/\/demoweb.info\/sexshop001\/"},{"@type":"ListItem","position":2,"name":"Tienda","item":"https:\/\/demoweb.info\/sexshop001\/tienda\/"},{"@type":"ListItem","position":3,"name":"EL DESV\u00c1N DE LOS SUE\u00d1OS"}]},{"@type":"WebSite","@id":"https:\/\/demoweb.info\/sexshop001\/#website","url":"https:\/\/demoweb.info\/sexshop001\/","name":"Tienda Er\u00f3tica","description":"DEMOWEB SL","potentialAction":[{"@type":"SearchAction","target":{"@type":"EntryPoint","urlTemplate":"https:\/\/demoweb.info\/sexshop001\/?s={search_term_string}"},"query-input":"required name=search_term_string"}],"inLanguage":"es"}]}},"_links":{"self":[{"href":"https:\/\/demoweb.info\/sexshop001\/wp-json\/wp\/v3\/product\/12704","targetHints":{"allow":["GET"]}}],"collection":[{"href":"https:\/\/demoweb.info\/sexshop001\/wp-json\/wp\/v3\/product"}],"about":[{"href":"https:\/\/demoweb.info\/sexshop001\/wp-json\/wp\/v2\/types\/product"}],"replies":[{"embeddable":true,"href":"https:\/\/demoweb.info\/sexshop001\/wp-json\/wp\/v2\/comments?post=12704"}],"wp:featuredmedia":[{"embeddable":true,"href":"https:\/\/demoweb.info\/sexshop001\/wp-json\/wp\/v2\/media\/12705"}],"wp:attachment":[{"href":"https:\/\/demoweb.info\/sexshop001\/wp-json\/wp\/v2\/media?parent=12704"}],"wp:term":[{"taxonomy":"product_cat","embeddable":true,"href":"https:\/\/demoweb.info\/sexshop001\/wp-json\/wp\/v2\/product_cat?post=12704"},{"taxonomy":"product_tag","embeddable":true,"href":"https:\/\/demoweb.info\/sexshop001\/wp-json\/wp\/v2\/product_tag?post=12704"}],"curies":[{"name":"wp","href":"https:\/\/api.w.org\/{rel}","templated":true}]}}