{"id":12696,"date":"2022-01-22T10:07:41","date_gmt":"2022-01-22T09:07:41","guid":{"rendered":"https:\/\/demoweb.info\/sexshop001\/producto\/tenga-air-cushion-cup\/"},"modified":"2022-01-22T10:07:51","modified_gmt":"2022-01-22T09:07:51","slug":"tenga-air-cushion-cup","status":"publish","type":"product","link":"https:\/\/demoweb.info\/sexshop001\/producto\/tenga-air-cushion-cup\/","title":{"rendered":"TENGA AIR CUSHION CUP"},"content":{"rendered":"<p><strong>TENGA AIR CUSHION CUP<\/strong><\/p>\n<p>Innovador masturbador masculino, que ha revolucionado los juguetes de placer para el hombre.<\/p>\n<p>Est\u00e9ticamente ha sido dise\u00f1ado con la apariencia de un estiloso producto cosm\u00e9tico, evitando la imitaci\u00f3n visual de \u00f3rgano sexual alguno.<\/p>\n<p>Estructuralmente la combinaci\u00f3n de materiales y formas ergon\u00f3micamente complejas hacen de TENGA el masturbador m\u00e1s innovador del mercado.<\/p>\n<p>Modelo para una dulcemente pegajosa experiencia de felaci\u00f3n.<\/p>\n<p>La dulcemente pegajosa experiencia de felaci\u00f3n, en esta versi\u00f3n con materiales m\u00e1s blandos, para los que desean un plus de suavidad. Una experiencia completamente real. Tambi\u00e9n su realista sonido aporta un est\u00edmulo.<\/p>\n<p>Producto prelubricado.<\/p>\n<p>Dise\u00f1ado para un solo uso.<\/p>\n<p>Atr\u00e9vete a descubrir el otro lado de la masturbaci\u00f3n.<\/p>\n","protected":false},"excerpt":{"rendered":"<p>TENGA AIR CUSHION CUP Innovador masturbador masculino, que ha revolucionado los juguetes de placer para el hombre. Est\u00e9ticamente ha sido<\/p>\n","protected":false},"featured_media":12697,"comment_status":"open","ping_status":"open","template":"","meta":[],"product_cat":[682],"product_tag":[681,584],"class_list":["post-12696","product","type-product","status-publish","has-post-thumbnail","hentry","product_cat-para-el-masturbadores","product_tag-cup","product_tag-tenga"],"bundled_by":[],"bundle_stock_status":"instock","bundle_stock_quantity":1,"bundle_virtual":false,"bundle_layout":"","bundle_add_to_cart_form_location":"","bundle_editable_in_cart":false,"bundle_sold_individually_context":"","bundle_item_grouping":"","bundle_min_size":"","bundle_max_size":"","bundled_items":[],"yoast_head":"<!-- This site is optimized with the Yoast SEO plugin v20.6 - https:\/\/yoast.com\/wordpress\/plugins\/seo\/ -->\n<title>TENGA AIR CUSHION CUP - Tienda Er\u00f3tica<\/title>\n<meta name=\"robots\" content=\"noindex, follow, max-snippet:-1, max-image-preview:large, max-video-preview:-1\" \/>\n<meta property=\"og:locale\" content=\"es_ES\" \/>\n<meta property=\"og:type\" content=\"article\" \/>\n<meta property=\"og:title\" content=\"TENGA AIR CUSHION CUP - Tienda Er\u00f3tica\" \/>\n<meta property=\"og:description\" content=\"TENGA AIR CUSHION CUP Innovador masturbador masculino, que ha revolucionado los juguetes de placer para el hombre. Est\u00e9ticamente ha sido\" \/>\n<meta property=\"og:url\" content=\"https:\/\/demoweb.info\/sexshop001\/producto\/tenga-air-cushion-cup\/\" \/>\n<meta property=\"og:site_name\" content=\"Tienda Er\u00f3tica\" \/>\n<meta property=\"article:modified_time\" content=\"2022-01-22T09:07:51+00:00\" \/>\n<meta property=\"og:image\" content=\"https:\/\/demoweb.info\/sexshop001\/wp-content\/uploads\/2022\/01\/TENGA-AIR-CUSHION-CUP.jpg\" \/>\n\t<meta property=\"og:image:width\" content=\"550\" \/>\n\t<meta property=\"og:image:height\" content=\"550\" \/>\n\t<meta property=\"og:image:type\" content=\"image\/jpeg\" \/>\n<meta name=\"twitter:card\" content=\"summary_large_image\" \/>\n<meta name=\"twitter:label1\" content=\"Tiempo de lectura\" \/>\n\t<meta name=\"twitter:data1\" content=\"1 minuto\" \/>\n<script type=\"application\/ld+json\" class=\"yoast-schema-graph\">{\"@context\":\"https:\/\/schema.org\",\"@graph\":[{\"@type\":\"WebPage\",\"@id\":\"https:\/\/demoweb.info\/sexshop001\/producto\/tenga-air-cushion-cup\/\",\"url\":\"https:\/\/demoweb.info\/sexshop001\/producto\/tenga-air-cushion-cup\/\",\"name\":\"TENGA AIR CUSHION CUP - Tienda Er\u00f3tica\",\"isPartOf\":{\"@id\":\"https:\/\/demoweb.info\/sexshop001\/#website\"},\"datePublished\":\"2022-01-22T09:07:41+00:00\",\"dateModified\":\"2022-01-22T09:07:51+00:00\",\"breadcrumb\":{\"@id\":\"https:\/\/demoweb.info\/sexshop001\/producto\/tenga-air-cushion-cup\/#breadcrumb\"},\"inLanguage\":\"es\",\"potentialAction\":[{\"@type\":\"ReadAction\",\"target\":[\"https:\/\/demoweb.info\/sexshop001\/producto\/tenga-air-cushion-cup\/\"]}]},{\"@type\":\"BreadcrumbList\",\"@id\":\"https:\/\/demoweb.info\/sexshop001\/producto\/tenga-air-cushion-cup\/#breadcrumb\",\"itemListElement\":[{\"@type\":\"ListItem\",\"position\":1,\"name\":\"Portada\",\"item\":\"https:\/\/demoweb.info\/sexshop001\/\"},{\"@type\":\"ListItem\",\"position\":2,\"name\":\"Tienda\",\"item\":\"https:\/\/demoweb.info\/sexshop001\/tienda\/\"},{\"@type\":\"ListItem\",\"position\":3,\"name\":\"TENGA AIR CUSHION CUP\"}]},{\"@type\":\"WebSite\",\"@id\":\"https:\/\/demoweb.info\/sexshop001\/#website\",\"url\":\"https:\/\/demoweb.info\/sexshop001\/\",\"name\":\"Tienda Er\u00f3tica\",\"description\":\"DEMOWEB SL\",\"potentialAction\":[{\"@type\":\"SearchAction\",\"target\":{\"@type\":\"EntryPoint\",\"urlTemplate\":\"https:\/\/demoweb.info\/sexshop001\/?s={search_term_string}\"},\"query-input\":\"required name=search_term_string\"}],\"inLanguage\":\"es\"}]}<\/script>\n<!-- \/ Yoast SEO plugin. -->","yoast_head_json":{"title":"TENGA AIR CUSHION CUP - Tienda Er\u00f3tica","robots":{"index":"noindex","follow":"follow","max-snippet":"max-snippet:-1","max-image-preview":"max-image-preview:large","max-video-preview":"max-video-preview:-1"},"og_locale":"es_ES","og_type":"article","og_title":"TENGA AIR CUSHION CUP - Tienda Er\u00f3tica","og_description":"TENGA AIR CUSHION CUP Innovador masturbador masculino, que ha revolucionado los juguetes de placer para el hombre. Est\u00e9ticamente ha sido","og_url":"https:\/\/demoweb.info\/sexshop001\/producto\/tenga-air-cushion-cup\/","og_site_name":"Tienda Er\u00f3tica","article_modified_time":"2022-01-22T09:07:51+00:00","og_image":[{"width":550,"height":550,"url":"https:\/\/demoweb.info\/sexshop001\/wp-content\/uploads\/2022\/01\/TENGA-AIR-CUSHION-CUP.jpg","type":"image\/jpeg"}],"twitter_card":"summary_large_image","twitter_misc":{"Tiempo de lectura":"1 minuto"},"schema":{"@context":"https:\/\/schema.org","@graph":[{"@type":"WebPage","@id":"https:\/\/demoweb.info\/sexshop001\/producto\/tenga-air-cushion-cup\/","url":"https:\/\/demoweb.info\/sexshop001\/producto\/tenga-air-cushion-cup\/","name":"TENGA AIR CUSHION CUP - Tienda Er\u00f3tica","isPartOf":{"@id":"https:\/\/demoweb.info\/sexshop001\/#website"},"datePublished":"2022-01-22T09:07:41+00:00","dateModified":"2022-01-22T09:07:51+00:00","breadcrumb":{"@id":"https:\/\/demoweb.info\/sexshop001\/producto\/tenga-air-cushion-cup\/#breadcrumb"},"inLanguage":"es","potentialAction":[{"@type":"ReadAction","target":["https:\/\/demoweb.info\/sexshop001\/producto\/tenga-air-cushion-cup\/"]}]},{"@type":"BreadcrumbList","@id":"https:\/\/demoweb.info\/sexshop001\/producto\/tenga-air-cushion-cup\/#breadcrumb","itemListElement":[{"@type":"ListItem","position":1,"name":"Portada","item":"https:\/\/demoweb.info\/sexshop001\/"},{"@type":"ListItem","position":2,"name":"Tienda","item":"https:\/\/demoweb.info\/sexshop001\/tienda\/"},{"@type":"ListItem","position":3,"name":"TENGA AIR CUSHION CUP"}]},{"@type":"WebSite","@id":"https:\/\/demoweb.info\/sexshop001\/#website","url":"https:\/\/demoweb.info\/sexshop001\/","name":"Tienda Er\u00f3tica","description":"DEMOWEB SL","potentialAction":[{"@type":"SearchAction","target":{"@type":"EntryPoint","urlTemplate":"https:\/\/demoweb.info\/sexshop001\/?s={search_term_string}"},"query-input":"required name=search_term_string"}],"inLanguage":"es"}]}},"_links":{"self":[{"href":"https:\/\/demoweb.info\/sexshop001\/wp-json\/wp\/v3\/product\/12696","targetHints":{"allow":["GET"]}}],"collection":[{"href":"https:\/\/demoweb.info\/sexshop001\/wp-json\/wp\/v3\/product"}],"about":[{"href":"https:\/\/demoweb.info\/sexshop001\/wp-json\/wp\/v2\/types\/product"}],"replies":[{"embeddable":true,"href":"https:\/\/demoweb.info\/sexshop001\/wp-json\/wp\/v2\/comments?post=12696"}],"wp:featuredmedia":[{"embeddable":true,"href":"https:\/\/demoweb.info\/sexshop001\/wp-json\/wp\/v2\/media\/12697"}],"wp:attachment":[{"href":"https:\/\/demoweb.info\/sexshop001\/wp-json\/wp\/v2\/media?parent=12696"}],"wp:term":[{"taxonomy":"product_cat","embeddable":true,"href":"https:\/\/demoweb.info\/sexshop001\/wp-json\/wp\/v2\/product_cat?post=12696"},{"taxonomy":"product_tag","embeddable":true,"href":"https:\/\/demoweb.info\/sexshop001\/wp-json\/wp\/v2\/product_tag?post=12696"}],"curies":[{"name":"wp","href":"https:\/\/api.w.org\/{rel}","templated":true}]}}