{"id":12676,"date":"2022-01-22T10:07:41","date_gmt":"2022-01-22T09:07:41","guid":{"rendered":"https:\/\/demoweb.info\/sexshop001\/producto\/tenga-original-vacuum-cup\/"},"modified":"2022-01-22T10:07:44","modified_gmt":"2022-01-22T09:07:44","slug":"tenga-original-vacuum-cup","status":"publish","type":"product","link":"https:\/\/demoweb.info\/sexshop001\/producto\/tenga-original-vacuum-cup\/","title":{"rendered":"TENGA ORIGINAL VACUUM CUP"},"content":{"rendered":"<p><strong>TENGA ORIGINAL VACUUM CUP<\/strong><\/p>\n<p>Es el innovador masturbador masculino, que ha revolucionado los juguetes de placer para el hombre.<\/p>\n<p>Est\u00e9ticamente ha sido dise\u00f1ado con la apariencia de un estiloso producto cosm\u00e9tico, evitando la imitaci\u00f3n visual de \u00f3rgano sexual alguno.<\/p>\n<p>Estructuralmente la combinaci\u00f3n de materiales y formas ergon\u00f3micamente complejas hacen de TENGA el masturbador m\u00e1s innovador del mercado.<\/p>\n<p>Modelo para experiencia de felaci\u00f3n profunda.<\/p>\n<p>Su forma de reloj de arena proporciona un ajuste sublime. Una v\u00e1lvula de vac\u00edo y una salida de aire en su extremo para regular el nivel de succi\u00f3n, producen una experiencia dulcemente pegajosa. Una experiencia de felaci\u00f3n completamente real. Adem\u00e1s su realista sonido aporta un plus de est\u00edmulo.<\/p>\n<p>Producto prelubricado.<\/p>\n<p>Dise\u00f1ado para un solo uso.<\/p>\n<p>Atr\u00e9vete a descubrir el otro lado de la masturbaci\u00f3n.<\/p>\n","protected":false},"excerpt":{"rendered":"<p>TENGA ORIGINAL VACUUM CUP Es el innovador masturbador masculino, que ha revolucionado los juguetes de placer para el hombre. Est\u00e9ticamente<\/p>\n","protected":false},"featured_media":12677,"comment_status":"open","ping_status":"open","template":"","meta":[],"product_cat":[542],"product_tag":[681,584],"class_list":["post-12676","product","type-product","status-publish","has-post-thumbnail","hentry","product_cat-clasicos","product_tag-cup","product_tag-tenga"],"bundled_by":[],"bundle_stock_status":"instock","bundle_stock_quantity":4,"bundle_virtual":false,"bundle_layout":"","bundle_add_to_cart_form_location":"","bundle_editable_in_cart":false,"bundle_sold_individually_context":"","bundle_item_grouping":"","bundle_min_size":"","bundle_max_size":"","bundled_items":[],"yoast_head":"<!-- This site is optimized with the Yoast SEO plugin v20.6 - https:\/\/yoast.com\/wordpress\/plugins\/seo\/ -->\n<title>TENGA ORIGINAL VACUUM CUP - Tienda Er\u00f3tica<\/title>\n<meta name=\"robots\" content=\"noindex, follow, max-snippet:-1, max-image-preview:large, max-video-preview:-1\" \/>\n<meta property=\"og:locale\" content=\"es_ES\" \/>\n<meta property=\"og:type\" content=\"article\" \/>\n<meta property=\"og:title\" content=\"TENGA ORIGINAL VACUUM CUP - Tienda Er\u00f3tica\" \/>\n<meta property=\"og:description\" content=\"TENGA ORIGINAL VACUUM CUP Es el innovador masturbador masculino, que ha revolucionado los juguetes de placer para el hombre. Est\u00e9ticamente\" \/>\n<meta property=\"og:url\" content=\"https:\/\/demoweb.info\/sexshop001\/producto\/tenga-original-vacuum-cup\/\" \/>\n<meta property=\"og:site_name\" content=\"Tienda Er\u00f3tica\" \/>\n<meta property=\"article:modified_time\" content=\"2022-01-22T09:07:44+00:00\" \/>\n<meta property=\"og:image\" content=\"https:\/\/demoweb.info\/sexshop001\/wp-content\/uploads\/2022\/01\/TENGA-ORIGINAL-VACUUM-CUP.jpg\" \/>\n\t<meta property=\"og:image:width\" content=\"550\" \/>\n\t<meta property=\"og:image:height\" content=\"550\" \/>\n\t<meta property=\"og:image:type\" content=\"image\/jpeg\" \/>\n<meta name=\"twitter:card\" content=\"summary_large_image\" \/>\n<meta name=\"twitter:label1\" content=\"Tiempo de lectura\" \/>\n\t<meta name=\"twitter:data1\" content=\"1 minuto\" \/>\n<script type=\"application\/ld+json\" class=\"yoast-schema-graph\">{\"@context\":\"https:\/\/schema.org\",\"@graph\":[{\"@type\":\"WebPage\",\"@id\":\"https:\/\/demoweb.info\/sexshop001\/producto\/tenga-original-vacuum-cup\/\",\"url\":\"https:\/\/demoweb.info\/sexshop001\/producto\/tenga-original-vacuum-cup\/\",\"name\":\"TENGA ORIGINAL VACUUM CUP - Tienda Er\u00f3tica\",\"isPartOf\":{\"@id\":\"https:\/\/demoweb.info\/sexshop001\/#website\"},\"datePublished\":\"2022-01-22T09:07:41+00:00\",\"dateModified\":\"2022-01-22T09:07:44+00:00\",\"breadcrumb\":{\"@id\":\"https:\/\/demoweb.info\/sexshop001\/producto\/tenga-original-vacuum-cup\/#breadcrumb\"},\"inLanguage\":\"es\",\"potentialAction\":[{\"@type\":\"ReadAction\",\"target\":[\"https:\/\/demoweb.info\/sexshop001\/producto\/tenga-original-vacuum-cup\/\"]}]},{\"@type\":\"BreadcrumbList\",\"@id\":\"https:\/\/demoweb.info\/sexshop001\/producto\/tenga-original-vacuum-cup\/#breadcrumb\",\"itemListElement\":[{\"@type\":\"ListItem\",\"position\":1,\"name\":\"Portada\",\"item\":\"https:\/\/demoweb.info\/sexshop001\/\"},{\"@type\":\"ListItem\",\"position\":2,\"name\":\"Tienda\",\"item\":\"https:\/\/demoweb.info\/sexshop001\/tienda\/\"},{\"@type\":\"ListItem\",\"position\":3,\"name\":\"TENGA ORIGINAL VACUUM CUP\"}]},{\"@type\":\"WebSite\",\"@id\":\"https:\/\/demoweb.info\/sexshop001\/#website\",\"url\":\"https:\/\/demoweb.info\/sexshop001\/\",\"name\":\"Tienda Er\u00f3tica\",\"description\":\"DEMOWEB SL\",\"potentialAction\":[{\"@type\":\"SearchAction\",\"target\":{\"@type\":\"EntryPoint\",\"urlTemplate\":\"https:\/\/demoweb.info\/sexshop001\/?s={search_term_string}\"},\"query-input\":\"required name=search_term_string\"}],\"inLanguage\":\"es\"}]}<\/script>\n<!-- \/ Yoast SEO plugin. -->","yoast_head_json":{"title":"TENGA ORIGINAL VACUUM CUP - Tienda Er\u00f3tica","robots":{"index":"noindex","follow":"follow","max-snippet":"max-snippet:-1","max-image-preview":"max-image-preview:large","max-video-preview":"max-video-preview:-1"},"og_locale":"es_ES","og_type":"article","og_title":"TENGA ORIGINAL VACUUM CUP - Tienda Er\u00f3tica","og_description":"TENGA ORIGINAL VACUUM CUP Es el innovador masturbador masculino, que ha revolucionado los juguetes de placer para el hombre. Est\u00e9ticamente","og_url":"https:\/\/demoweb.info\/sexshop001\/producto\/tenga-original-vacuum-cup\/","og_site_name":"Tienda Er\u00f3tica","article_modified_time":"2022-01-22T09:07:44+00:00","og_image":[{"width":550,"height":550,"url":"https:\/\/demoweb.info\/sexshop001\/wp-content\/uploads\/2022\/01\/TENGA-ORIGINAL-VACUUM-CUP.jpg","type":"image\/jpeg"}],"twitter_card":"summary_large_image","twitter_misc":{"Tiempo de lectura":"1 minuto"},"schema":{"@context":"https:\/\/schema.org","@graph":[{"@type":"WebPage","@id":"https:\/\/demoweb.info\/sexshop001\/producto\/tenga-original-vacuum-cup\/","url":"https:\/\/demoweb.info\/sexshop001\/producto\/tenga-original-vacuum-cup\/","name":"TENGA ORIGINAL VACUUM CUP - Tienda Er\u00f3tica","isPartOf":{"@id":"https:\/\/demoweb.info\/sexshop001\/#website"},"datePublished":"2022-01-22T09:07:41+00:00","dateModified":"2022-01-22T09:07:44+00:00","breadcrumb":{"@id":"https:\/\/demoweb.info\/sexshop001\/producto\/tenga-original-vacuum-cup\/#breadcrumb"},"inLanguage":"es","potentialAction":[{"@type":"ReadAction","target":["https:\/\/demoweb.info\/sexshop001\/producto\/tenga-original-vacuum-cup\/"]}]},{"@type":"BreadcrumbList","@id":"https:\/\/demoweb.info\/sexshop001\/producto\/tenga-original-vacuum-cup\/#breadcrumb","itemListElement":[{"@type":"ListItem","position":1,"name":"Portada","item":"https:\/\/demoweb.info\/sexshop001\/"},{"@type":"ListItem","position":2,"name":"Tienda","item":"https:\/\/demoweb.info\/sexshop001\/tienda\/"},{"@type":"ListItem","position":3,"name":"TENGA ORIGINAL VACUUM CUP"}]},{"@type":"WebSite","@id":"https:\/\/demoweb.info\/sexshop001\/#website","url":"https:\/\/demoweb.info\/sexshop001\/","name":"Tienda Er\u00f3tica","description":"DEMOWEB SL","potentialAction":[{"@type":"SearchAction","target":{"@type":"EntryPoint","urlTemplate":"https:\/\/demoweb.info\/sexshop001\/?s={search_term_string}"},"query-input":"required name=search_term_string"}],"inLanguage":"es"}]}},"_links":{"self":[{"href":"https:\/\/demoweb.info\/sexshop001\/wp-json\/wp\/v3\/product\/12676","targetHints":{"allow":["GET"]}}],"collection":[{"href":"https:\/\/demoweb.info\/sexshop001\/wp-json\/wp\/v3\/product"}],"about":[{"href":"https:\/\/demoweb.info\/sexshop001\/wp-json\/wp\/v2\/types\/product"}],"replies":[{"embeddable":true,"href":"https:\/\/demoweb.info\/sexshop001\/wp-json\/wp\/v2\/comments?post=12676"}],"wp:featuredmedia":[{"embeddable":true,"href":"https:\/\/demoweb.info\/sexshop001\/wp-json\/wp\/v2\/media\/12677"}],"wp:attachment":[{"href":"https:\/\/demoweb.info\/sexshop001\/wp-json\/wp\/v2\/media?parent=12676"}],"wp:term":[{"taxonomy":"product_cat","embeddable":true,"href":"https:\/\/demoweb.info\/sexshop001\/wp-json\/wp\/v2\/product_cat?post=12676"},{"taxonomy":"product_tag","embeddable":true,"href":"https:\/\/demoweb.info\/sexshop001\/wp-json\/wp\/v2\/product_tag?post=12676"}],"curies":[{"name":"wp","href":"https:\/\/api.w.org\/{rel}","templated":true}]}}